{"id":1702,"date":"2024-09-14T18:19:28","date_gmt":"2024-09-14T23:19:28","guid":{"rendered":"https:\/\/iai.int\/2o-programa-cientifico-inicial-isp-2\/"},"modified":"2025-06-15T22:04:32","modified_gmt":"2025-06-16T03:04:32","slug":"2o-programa-cientifico-inicial-isp-2","status":"publish","type":"page","link":"https:\/\/iai.int\/en\/2o-programa-cientifico-inicial-isp-2\/","title":{"rendered":"2nd Initial Science Program (ISP 2)"},"content":{"rendered":"\n<figure class=\"wp-block-table\"><table><thead><tr><th>ISP#<\/th><th>Title<\/th><th>Principal Investigator (PI)<\/th><th>IP Country<\/th><th>IP Institution<\/th><th>Participating countries<\/th><th>Budget (US$)<\/th><\/tr><\/thead><tbody><tr><td>2015<\/td><td>Capacity building in atmospheric chemistry for developing countries<\/td><td>EUGENE W. BIERLY ebierly_AT_agu.org<\/td><td>USA<\/td><td>American Geophysical Union<\/td><td>USA<\/td><td>26.000<\/td><\/tr><tr><td>2032<\/td><td>Desertification and ecosystem processes: overgrazing; transpiration in pastures and soil water balance.<\/td><td>JAMES F. REYNOLDS james.f.reynolds_AT_duke.edu<\/td><td>USA<\/td><td>Duke University<\/td><td>Argentina ,USA<\/td><td>85.000<\/td><\/tr><tr><td>2051<\/td><td>Effects of global change on biodiversity and interventions in the functioning of a key process.<\/td><td>OSVALDO E. SALA Osvaldo_Sala_AT_brown.edu<\/td><td>Argentina<\/td><td>University of Buenos Aires<\/td><td>Argentina , USA<\/td><td>90.000<\/td><\/tr><tr><td>2055<\/td><td>Climate variability and agriculture in Argentina and Uruguay: assessment of the effects of ENSO and prospects for its use in climate forecasting<\/td><td>RAUL HOFSTADTER iaiuy_AT_attmail.com<\/td><td>Uruguay<\/td><td>National Commission on Global Change<\/td><td>Argentina, USA, Uruguay<\/td><td>70.000<\/td><\/tr><tr><td>2078<\/td><td>Linkages between coastal productivity; benthic communities and biogeographic boundaries in Chile and California.<\/td><td>SERGIO A. NAVARRETE snavarre_AT_bio.puc.cl<\/td><td>Chile<\/td><td>Pontificia Universidad Cat\u00f3lica de Chile<\/td><td>Chile, USA<\/td><td>94.114<\/td><\/tr><tr><td>2082<\/td><td>Effects of UV-B radiation on salt marsh vegetation along a latitudinal gradient.<\/td><td>EVAMARIA W. KOCH koch_AT_hpl.umces.edu<\/td><td>USA<\/td><td>University of Maryland<\/td><td>Argentina, Brazil, USA<\/td><td>94.989<\/td><\/tr><tr><td>2085<\/td><td>Coastal emergences along the west coast of the Americas: Past; present and future.<\/td><td>ALEXANDER VAN GEEN avangeen_AT_ldeo.columbia.edu<\/td><td>USA<\/td><td>Columbia University<\/td><td>USA<\/td><td>117.000<\/td><\/tr><tr><td>2111<\/td><td>Precipitation in southeastern South America: influence of sea surface temperature. Predictability and variability<\/td><td>GABRIEL J. PISCIOTTANO gabrielp_AT_fing.edu.uy<\/td><td>Uruguay<\/td><td>University of the Republic<\/td><td>Argentina, Brazil, U.S.A., Uruguay<\/td><td>90.000<\/td><\/tr><tr><td>2112<\/td><td>Diagnosis; monitoring and prediction of cold waves (friaje) in the coffee growing areas of southeastern Brazil.<\/td><td>DIANA RAIGOZA draigoza_AT_cptec.inpe.br<\/td><td>Brazil<\/td><td>National Institute for Space Research<\/td><td>Argentina, Brazil, U.S.A., Peru<\/td><td>67.000<\/td><\/tr><tr><td>2124<\/td><td>Biophysical coupling in the pelagic ecosystem of the Southern California Current.<\/td><td>TIMOTHY M. BAUMGARTNER tbaumgar_AT_cicese.mx<\/td><td>Mexico<\/td><td>Ensenada Center for Scientific Research and Higher Education (Centro de Investigaci\u00f3n Cient\u00edfica y de Educaci\u00f3n Superior de Ensenada)<\/td><td>USA, Mexico<\/td><td>100.000<\/td><\/tr><tr><td>2135<\/td><td>A South American network for ultraviolet radiation measurement<\/td><td>MARIA VERNET mvernet_AT_ucsd.edu<\/td><td>USA<\/td><td>Scripps Institution of Oceanography<\/td><td>Argentina, Chile, USA<\/td><td>115.000<\/td><\/tr><\/tbody><\/table><\/figure>\n","protected":false},"excerpt":{"rendered":"<p>ISP# Title Principal Investigator (PI) IP Country IP Institution Participating countries Budget (US$) 2015 Capacity building in atmospheric chemistry for developing countries EUGENE W. BIERLY ebierly_AT_agu.org USA American Geophysical Union USA 26.000 2032 Desertification and ecosystem processes: overgrazing; transpiration in pastures and soil water balance. JAMES F. REYNOLDS james.f.reynolds_AT_duke.edu USA Duke University Argentina ,USA 85.000 [&hellip;]<\/p>\n","protected":false},"author":1,"featured_media":7719,"parent":0,"menu_order":0,"comment_status":"closed","ping_status":"closed","template":"elementor_theme","meta":{"_acf_changed":false,"_uag_custom_page_level_css":"","footnotes":""},"class_list":["post-1702","page","type-page","status-publish","has-post-thumbnail","hentry"],"acf":[],"yoast_head":"<!-- This site is optimized with the Yoast SEO plugin v27.3 - https:\/\/yoast.com\/product\/yoast-seo-wordpress\/ -->\n<title>2nd Initial Science Program (ISP 2) - IAI - Inter-American Institute for Global Change Research<\/title>\n<meta name=\"robots\" content=\"index, follow, max-snippet:-1, max-image-preview:large, max-video-preview:-1\" \/>\n<link rel=\"canonical\" href=\"https:\/\/iai.int\/en\/2o-programa-cientifico-inicial-isp-2\/\" \/>\n<meta property=\"og:locale\" content=\"en_US\" \/>\n<meta property=\"og:type\" content=\"article\" \/>\n<meta property=\"og:title\" content=\"2nd Initial Science Program (ISP 2) - IAI - Inter-American Institute for Global Change Research\" \/>\n<meta property=\"og:description\" content=\"ISP# Title Principal Investigator (PI) IP Country IP Institution Participating countries Budget (US$) 2015 Capacity building in atmospheric chemistry for developing countries EUGENE W. BIERLY ebierly_AT_agu.org USA American Geophysical Union USA 26.000 2032 Desertification and ecosystem processes: overgrazing; transpiration in pastures and soil water balance. JAMES F. REYNOLDS james.f.reynolds_AT_duke.edu USA Duke University Argentina ,USA 85.000 [&hellip;]\" \/>\n<meta property=\"og:url\" content=\"https:\/\/iai.int\/en\/2o-programa-cientifico-inicial-isp-2\/\" \/>\n<meta property=\"og:site_name\" content=\"IAI - Inter-American Institute for Global Change Research\" \/>\n<meta property=\"article:modified_time\" content=\"2025-06-16T03:04:32+00:00\" \/>\n<meta property=\"og:image\" content=\"https:\/\/iai.int\/wp-content\/uploads\/2025\/09\/PROYECTOS-14.png\" \/>\n\t<meta property=\"og:image:width\" content=\"1600\" \/>\n\t<meta property=\"og:image:height\" content=\"498\" \/>\n\t<meta property=\"og:image:type\" content=\"image\/png\" \/>\n<meta name=\"twitter:card\" content=\"summary_large_image\" \/>\n<meta name=\"twitter:label1\" content=\"Est. reading time\" \/>\n\t<meta name=\"twitter:data1\" content=\"1 minute\" \/>\n<script type=\"application\/ld+json\" class=\"yoast-schema-graph\">{\"@context\":\"https:\\\/\\\/schema.org\",\"@graph\":[{\"@type\":\"WebPage\",\"@id\":\"https:\\\/\\\/iai.int\\\/en\\\/2o-programa-cientifico-inicial-isp-2\\\/\",\"url\":\"https:\\\/\\\/iai.int\\\/en\\\/2o-programa-cientifico-inicial-isp-2\\\/\",\"name\":\"2nd Initial Science Program (ISP 2) - IAI - Inter-American Institute for Global Change Research\",\"isPartOf\":{\"@id\":\"https:\\\/\\\/iai.int\\\/en\\\/#website\"},\"primaryImageOfPage\":{\"@id\":\"https:\\\/\\\/iai.int\\\/en\\\/2o-programa-cientifico-inicial-isp-2\\\/#primaryimage\"},\"image\":{\"@id\":\"https:\\\/\\\/iai.int\\\/en\\\/2o-programa-cientifico-inicial-isp-2\\\/#primaryimage\"},\"thumbnailUrl\":\"https:\\\/\\\/iai.int\\\/wp-content\\\/uploads\\\/2025\\\/09\\\/PROYECTOS-14.png\",\"datePublished\":\"2024-09-14T23:19:28+00:00\",\"dateModified\":\"2025-06-16T03:04:32+00:00\",\"breadcrumb\":{\"@id\":\"https:\\\/\\\/iai.int\\\/en\\\/2o-programa-cientifico-inicial-isp-2\\\/#breadcrumb\"},\"inLanguage\":\"en-US\",\"potentialAction\":[{\"@type\":\"ReadAction\",\"target\":[\"https:\\\/\\\/iai.int\\\/en\\\/2o-programa-cientifico-inicial-isp-2\\\/\"]}]},{\"@type\":\"ImageObject\",\"inLanguage\":\"en-US\",\"@id\":\"https:\\\/\\\/iai.int\\\/en\\\/2o-programa-cientifico-inicial-isp-2\\\/#primaryimage\",\"url\":\"https:\\\/\\\/iai.int\\\/wp-content\\\/uploads\\\/2025\\\/09\\\/PROYECTOS-14.png\",\"contentUrl\":\"https:\\\/\\\/iai.int\\\/wp-content\\\/uploads\\\/2025\\\/09\\\/PROYECTOS-14.png\",\"width\":1600,\"height\":498},{\"@type\":\"BreadcrumbList\",\"@id\":\"https:\\\/\\\/iai.int\\\/en\\\/2o-programa-cientifico-inicial-isp-2\\\/#breadcrumb\",\"itemListElement\":[{\"@type\":\"ListItem\",\"position\":1,\"name\":\"Portada\",\"item\":\"https:\\\/\\\/iai.int\\\/en\\\/\"},{\"@type\":\"ListItem\",\"position\":2,\"name\":\"2nd Initial Science Program (ISP 2)\"}]},{\"@type\":\"WebSite\",\"@id\":\"https:\\\/\\\/iai.int\\\/en\\\/#website\",\"url\":\"https:\\\/\\\/iai.int\\\/en\\\/\",\"name\":\"IAI - Inter-American Institute for Global Change Research\",\"description\":\"\",\"publisher\":{\"@id\":\"https:\\\/\\\/iai.int\\\/en\\\/#organization\"},\"potentialAction\":[{\"@type\":\"SearchAction\",\"target\":{\"@type\":\"EntryPoint\",\"urlTemplate\":\"https:\\\/\\\/iai.int\\\/en\\\/?s={search_term_string}\"},\"query-input\":{\"@type\":\"PropertyValueSpecification\",\"valueRequired\":true,\"valueName\":\"search_term_string\"}}],\"inLanguage\":\"en-US\"},{\"@type\":\"Organization\",\"@id\":\"https:\\\/\\\/iai.int\\\/en\\\/#organization\",\"name\":\"IAI - Inter-American Institute for Global Change Research\",\"url\":\"https:\\\/\\\/iai.int\\\/en\\\/\",\"logo\":{\"@type\":\"ImageObject\",\"inLanguage\":\"en-US\",\"@id\":\"https:\\\/\\\/iai.int\\\/en\\\/#\\\/schema\\\/logo\\\/image\\\/\",\"url\":\"https:\\\/\\\/iai.int\\\/wp-content\\\/uploads\\\/2025\\\/11\\\/IAI-logo-English-scaled.png\",\"contentUrl\":\"https:\\\/\\\/iai.int\\\/wp-content\\\/uploads\\\/2025\\\/11\\\/IAI-logo-English-scaled.png\",\"width\":2560,\"height\":985,\"caption\":\"IAI - Inter-American Institute for Global Change Research\"},\"image\":{\"@id\":\"https:\\\/\\\/iai.int\\\/en\\\/#\\\/schema\\\/logo\\\/image\\\/\"}}]}<\/script>\n<!-- \/ Yoast SEO plugin. -->","yoast_head_json":{"title":"2nd Initial Science Program (ISP 2) - IAI - Inter-American Institute for Global Change Research","robots":{"index":"index","follow":"follow","max-snippet":"max-snippet:-1","max-image-preview":"max-image-preview:large","max-video-preview":"max-video-preview:-1"},"canonical":"https:\/\/iai.int\/en\/2o-programa-cientifico-inicial-isp-2\/","og_locale":"en_US","og_type":"article","og_title":"2nd Initial Science Program (ISP 2) - IAI - Inter-American Institute for Global Change Research","og_description":"ISP# Title Principal Investigator (PI) IP Country IP Institution Participating countries Budget (US$) 2015 Capacity building in atmospheric chemistry for developing countries EUGENE W. BIERLY ebierly_AT_agu.org USA American Geophysical Union USA 26.000 2032 Desertification and ecosystem processes: overgrazing; transpiration in pastures and soil water balance. JAMES F. REYNOLDS james.f.reynolds_AT_duke.edu USA Duke University Argentina ,USA 85.000 [&hellip;]","og_url":"https:\/\/iai.int\/en\/2o-programa-cientifico-inicial-isp-2\/","og_site_name":"IAI - Inter-American Institute for Global Change Research","article_modified_time":"2025-06-16T03:04:32+00:00","og_image":[{"width":1600,"height":498,"url":"https:\/\/iai.int\/wp-content\/uploads\/2025\/09\/PROYECTOS-14.png","type":"image\/png"}],"twitter_card":"summary_large_image","twitter_misc":{"Est. reading time":"1 minute"},"schema":{"@context":"https:\/\/schema.org","@graph":[{"@type":"WebPage","@id":"https:\/\/iai.int\/en\/2o-programa-cientifico-inicial-isp-2\/","url":"https:\/\/iai.int\/en\/2o-programa-cientifico-inicial-isp-2\/","name":"2nd Initial Science Program (ISP 2) - IAI - Inter-American Institute for Global Change Research","isPartOf":{"@id":"https:\/\/iai.int\/en\/#website"},"primaryImageOfPage":{"@id":"https:\/\/iai.int\/en\/2o-programa-cientifico-inicial-isp-2\/#primaryimage"},"image":{"@id":"https:\/\/iai.int\/en\/2o-programa-cientifico-inicial-isp-2\/#primaryimage"},"thumbnailUrl":"https:\/\/iai.int\/wp-content\/uploads\/2025\/09\/PROYECTOS-14.png","datePublished":"2024-09-14T23:19:28+00:00","dateModified":"2025-06-16T03:04:32+00:00","breadcrumb":{"@id":"https:\/\/iai.int\/en\/2o-programa-cientifico-inicial-isp-2\/#breadcrumb"},"inLanguage":"en-US","potentialAction":[{"@type":"ReadAction","target":["https:\/\/iai.int\/en\/2o-programa-cientifico-inicial-isp-2\/"]}]},{"@type":"ImageObject","inLanguage":"en-US","@id":"https:\/\/iai.int\/en\/2o-programa-cientifico-inicial-isp-2\/#primaryimage","url":"https:\/\/iai.int\/wp-content\/uploads\/2025\/09\/PROYECTOS-14.png","contentUrl":"https:\/\/iai.int\/wp-content\/uploads\/2025\/09\/PROYECTOS-14.png","width":1600,"height":498},{"@type":"BreadcrumbList","@id":"https:\/\/iai.int\/en\/2o-programa-cientifico-inicial-isp-2\/#breadcrumb","itemListElement":[{"@type":"ListItem","position":1,"name":"Portada","item":"https:\/\/iai.int\/en\/"},{"@type":"ListItem","position":2,"name":"2nd Initial Science Program (ISP 2)"}]},{"@type":"WebSite","@id":"https:\/\/iai.int\/en\/#website","url":"https:\/\/iai.int\/en\/","name":"IAI - Inter-American Institute for Global Change Research","description":"","publisher":{"@id":"https:\/\/iai.int\/en\/#organization"},"potentialAction":[{"@type":"SearchAction","target":{"@type":"EntryPoint","urlTemplate":"https:\/\/iai.int\/en\/?s={search_term_string}"},"query-input":{"@type":"PropertyValueSpecification","valueRequired":true,"valueName":"search_term_string"}}],"inLanguage":"en-US"},{"@type":"Organization","@id":"https:\/\/iai.int\/en\/#organization","name":"IAI - Inter-American Institute for Global Change Research","url":"https:\/\/iai.int\/en\/","logo":{"@type":"ImageObject","inLanguage":"en-US","@id":"https:\/\/iai.int\/en\/#\/schema\/logo\/image\/","url":"https:\/\/iai.int\/wp-content\/uploads\/2025\/11\/IAI-logo-English-scaled.png","contentUrl":"https:\/\/iai.int\/wp-content\/uploads\/2025\/11\/IAI-logo-English-scaled.png","width":2560,"height":985,"caption":"IAI - Inter-American Institute for Global Change Research"},"image":{"@id":"https:\/\/iai.int\/en\/#\/schema\/logo\/image\/"}}]}},"uagb_featured_image_src":{"full":["https:\/\/iai.int\/wp-content\/uploads\/2025\/09\/PROYECTOS-14.png",1600,498,false],"thumbnail":["https:\/\/iai.int\/wp-content\/uploads\/2025\/09\/PROYECTOS-14-150x150.png",150,150,true],"medium":["https:\/\/iai.int\/wp-content\/uploads\/2025\/09\/PROYECTOS-14-300x93.png",300,93,true],"medium_large":["https:\/\/iai.int\/wp-content\/uploads\/2025\/09\/PROYECTOS-14-768x239.png",768,239,true],"large":["https:\/\/iai.int\/wp-content\/uploads\/2025\/09\/PROYECTOS-14-1024x319.png",800,249,true],"1536x1536":["https:\/\/iai.int\/wp-content\/uploads\/2025\/09\/PROYECTOS-14-1536x478.png",1536,478,true],"2048x2048":["https:\/\/iai.int\/wp-content\/uploads\/2025\/09\/PROYECTOS-14.png",1600,498,false]},"uagb_author_info":{"display_name":"admin","author_link":"https:\/\/iai.int\/en\/author\/admin\/"},"uagb_comment_info":0,"uagb_excerpt":"ISP# Title Principal Investigator (PI) IP Country IP Institution Participating countries Budget (US$) 2015 Capacity building in atmospheric chemistry for developing countries EUGENE W. BIERLY ebierly_AT_agu.org USA American Geophysical Union USA 26.000 2032 Desertification and ecosystem processes: overgrazing; transpiration in pastures and soil water balance. JAMES F. REYNOLDS james.f.reynolds_AT_duke.edu USA Duke University Argentina ,USA 85.000&hellip;","_links":{"self":[{"href":"https:\/\/iai.int\/en\/wp-json\/wp\/v2\/pages\/1702","targetHints":{"allow":["GET"]}}],"collection":[{"href":"https:\/\/iai.int\/en\/wp-json\/wp\/v2\/pages"}],"about":[{"href":"https:\/\/iai.int\/en\/wp-json\/wp\/v2\/types\/page"}],"author":[{"embeddable":true,"href":"https:\/\/iai.int\/en\/wp-json\/wp\/v2\/users\/1"}],"replies":[{"embeddable":true,"href":"https:\/\/iai.int\/en\/wp-json\/wp\/v2\/comments?post=1702"}],"version-history":[{"count":3,"href":"https:\/\/iai.int\/en\/wp-json\/wp\/v2\/pages\/1702\/revisions"}],"predecessor-version":[{"id":6149,"href":"https:\/\/iai.int\/en\/wp-json\/wp\/v2\/pages\/1702\/revisions\/6149"}],"wp:featuredmedia":[{"embeddable":true,"href":"https:\/\/iai.int\/en\/wp-json\/wp\/v2\/media\/7719"}],"wp:attachment":[{"href":"https:\/\/iai.int\/en\/wp-json\/wp\/v2\/media?parent=1702"}],"curies":[{"name":"wp","href":"https:\/\/api.w.org\/{rel}","templated":true}]}}