{"id":1700,"date":"2024-09-14T18:23:38","date_gmt":"2024-09-14T23:23:38","guid":{"rendered":"https:\/\/iai.int\/programa-para-expandir-las-capacidades-cientificas-en-las-americas-pesca\/"},"modified":"2025-11-04T16:12:11","modified_gmt":"2025-11-04T21:12:11","slug":"programa-para-expandir-las-capacidades-cientificas-en-las-americas-pesca","status":"publish","type":"page","link":"https:\/\/iai.int\/en\/programa-para-expandir-las-capacidades-cientificas-en-las-americas-pesca\/","title":{"rendered":"Program to Expand Scientific Capacity in the Americas (PESCA)"},"content":{"rendered":"\n<figure class=\"wp-block-table\"><table><thead><tr><th>P#<\/th><th>Title<\/th><th>Principal Investigator (PI)\t<\/th><th>PI Country\t<\/th><th>PI Institution\t<\/th><th>Participating Countries\t<\/th><th>Budget (US$)<\/th><\/tr><\/thead><tbody><tr><td>005<\/td><td>Analysis and understanding of climate variability in the Caribbean islands<\/td><td>VICTOR O. MAGA\u00d1A RUEDA<\/td><td>M\u00e9xico<\/td><td>Universidad Nacional Aut\u00f3noma de M\u00e9xico<\/td><td>Jamaica\u2028, M\u00e9xico<\/td><td>22.000<\/td><\/tr><tr><td>006<\/td><td>Predicting ENSO effects on sugar cane yields using a wheather-generator and mechanistic crop modeling\t<\/td><td>ANGEL UTSET SUASTEGUI <\/td><td>Cuba<\/td><td>Universidad de la Habana<\/td><td>Cuba\u2028, Ecuador, \u2028Jamaica<\/td><td>24.600<\/td><\/tr><tr><td>010<\/td><td>Impact of forestry on Uruguayan grasslands: changes in landuse patterns and ecosystem functioning\t<\/td><td>JOSE M. PARUELO <\/td><td>Argentina<\/td><td>Universidad de Buenos Aires<\/td><td>Argentina\u2028, Uruguay<\/td><td>25.900<\/td><\/tr><tr><td>011<\/td><td>Downscaling activities and their applications on studies of climate variability and change in South America. Case study: the Amazon basin\t<\/td><td>CARLOS A. NOBRE <\/td><td>Brasil<\/td><td>Instituto Nacional de Pesquisas Espaciais<\/td><td>Brasil, \u2028Venezuela<\/td><td>15.000<\/td><\/tr><tr><td>012<\/td><td>An inventory of ENSO and non-ENSO related disasters in Chile: A La Red-Chile Project\t<\/td><td>EDUARDO FRANCO TEMPLE <\/td><td>Per\u00fa<\/td><td>Intermediate Technology Development Group<\/td><td>Chile, \u2028Per\u00fa<\/td><td>30.000<\/td><\/tr><tr><td>013<\/td><td>Effects of global changes on the diversity of vegetation and soil microbiota of tropical islands and continental ecosystems<\/td><td>JUAN F. SILVA ARMAS<\/td><td>Venezuela<\/td><td>Universidad de los Andes<\/td><td>Cuba, \u2028Venezuela<\/td><td>28.000<\/td><\/tr><tr><td>015<\/td><td>When oceans conspire: Examining the effect of concurrent SST anomalies in the Tropical Atlantic and Pacific on Caribbean rainfall\t<\/td><td>MARIA DEL PILAR CORNEJO DE GRUNAUER <\/td><td>Ecuador<\/td><td>Escuela Superior Polit\u00e9cnica del Litoral<\/td><td>Ecuador\u2028, Jamaica, \u2028Panam\u00e1<\/td><td>25.000<\/td><\/tr><tr><td>017<\/td><td>Characterization of stratosphere and upper troposphere aerosols over Central and South America\t<\/td><td>PABLO O. CANZIANI <\/td><td>Argentina<\/td><td>Universidad de Buenos Aires<\/td><td>Argentina\u2028, Cuba<\/td><td>29.923<\/td><\/tr><tr><td>018<\/td><td>Dendrochronological studies of El Ni\u00f1o events and other climatic variations in tropical South America\t<\/td><td>BRIAN H. LUCKMAN <\/td><td>Canad\u00e1<\/td><td>University of Western Ontario<\/td><td>Canad\u00e1\u2028, Per\u00fa<\/td><td>26.600<\/td><\/tr><tr><td>019<\/td><td>Mercury in Andean Amazon River Catchments-MAARC Project\t<\/td><td>MICHAEL E. MCCLAIN <\/td><td>EE.UU.<\/td><td>Florida International University<\/td><td>Canad\u00e1, \u2028Ecuador, EE.UU.<\/td><td>30.000<\/td><\/tr><tr><td>020<\/td><td>Applying high-resolution numerical models to simulate local and regional atmospheric circulation in some regions of the Caribbean\t<\/td><td>VICTOR O. MAGA\u00d1A RUEDA <\/td><td>M\u00e9xico<\/td><td>Universidad Nacional Aut\u00f3noma de M\u00e9xico<\/td><td>Cuba\u2028, M\u00e9xico<\/td><td>16.500<\/td><\/tr><\/tbody><\/table><\/figure>\n","protected":false},"excerpt":{"rendered":"<p>P# Title Principal Investigator (PI) PI Country PI Institution Participating Countries Budget (US$) 005 Analysis and understanding of climate variability in the Caribbean islands VICTOR O. MAGA\u00d1A RUEDA M\u00e9xico Universidad Nacional Aut\u00f3noma de M\u00e9xico Jamaica\u2028, M\u00e9xico 22.000 006 Predicting ENSO effects on sugar cane yields using a wheather-generator and mechanistic crop modeling ANGEL UTSET SUASTEGUI [&hellip;]<\/p>\n","protected":false},"author":1,"featured_media":7714,"parent":0,"menu_order":0,"comment_status":"closed","ping_status":"closed","template":"elementor_theme","meta":{"_acf_changed":false,"_uag_custom_page_level_css":"","footnotes":""},"class_list":["post-1700","page","type-page","status-publish","has-post-thumbnail","hentry"],"acf":[],"yoast_head":"<!-- This site is optimized with the Yoast SEO plugin v27.3 - https:\/\/yoast.com\/product\/yoast-seo-wordpress\/ -->\n<title>Program to Expand Scientific Capacity in the Americas (PESCA) - IAI - Inter-American Institute for Global Change Research<\/title>\n<meta name=\"robots\" content=\"index, follow, max-snippet:-1, max-image-preview:large, max-video-preview:-1\" \/>\n<link rel=\"canonical\" href=\"https:\/\/iai.int\/en\/programa-para-expandir-las-capacidades-cientificas-en-las-americas-pesca\/\" \/>\n<meta property=\"og:locale\" content=\"en_US\" \/>\n<meta property=\"og:type\" content=\"article\" \/>\n<meta property=\"og:title\" content=\"Program to Expand Scientific Capacity in the Americas (PESCA) - IAI - Inter-American Institute for Global Change Research\" \/>\n<meta property=\"og:description\" content=\"P# Title Principal Investigator (PI) PI Country PI Institution Participating Countries Budget (US$) 005 Analysis and understanding of climate variability in the Caribbean islands VICTOR O. MAGA\u00d1A RUEDA M\u00e9xico Universidad Nacional Aut\u00f3noma de M\u00e9xico Jamaica\u2028, M\u00e9xico 22.000 006 Predicting ENSO effects on sugar cane yields using a wheather-generator and mechanistic crop modeling ANGEL UTSET SUASTEGUI [&hellip;]\" \/>\n<meta property=\"og:url\" content=\"https:\/\/iai.int\/en\/programa-para-expandir-las-capacidades-cientificas-en-las-americas-pesca\/\" \/>\n<meta property=\"og:site_name\" content=\"IAI - Inter-American Institute for Global Change Research\" \/>\n<meta property=\"article:modified_time\" content=\"2025-11-04T21:12:11+00:00\" \/>\n<meta property=\"og:image\" content=\"https:\/\/iai.int\/wp-content\/uploads\/2025\/09\/PROYECTOS-12.png\" \/>\n\t<meta property=\"og:image:width\" content=\"1600\" \/>\n\t<meta property=\"og:image:height\" content=\"498\" \/>\n\t<meta property=\"og:image:type\" content=\"image\/png\" \/>\n<meta name=\"twitter:card\" content=\"summary_large_image\" \/>\n<meta name=\"twitter:label1\" content=\"Est. reading time\" \/>\n\t<meta name=\"twitter:data1\" content=\"1 minute\" \/>\n<script type=\"application\/ld+json\" class=\"yoast-schema-graph\">{\"@context\":\"https:\\\/\\\/schema.org\",\"@graph\":[{\"@type\":\"WebPage\",\"@id\":\"https:\\\/\\\/iai.int\\\/en\\\/programa-para-expandir-las-capacidades-cientificas-en-las-americas-pesca\\\/\",\"url\":\"https:\\\/\\\/iai.int\\\/en\\\/programa-para-expandir-las-capacidades-cientificas-en-las-americas-pesca\\\/\",\"name\":\"Program to Expand Scientific Capacity in the Americas (PESCA) - IAI - Inter-American Institute for Global Change Research\",\"isPartOf\":{\"@id\":\"https:\\\/\\\/iai.int\\\/en\\\/#website\"},\"primaryImageOfPage\":{\"@id\":\"https:\\\/\\\/iai.int\\\/en\\\/programa-para-expandir-las-capacidades-cientificas-en-las-americas-pesca\\\/#primaryimage\"},\"image\":{\"@id\":\"https:\\\/\\\/iai.int\\\/en\\\/programa-para-expandir-las-capacidades-cientificas-en-las-americas-pesca\\\/#primaryimage\"},\"thumbnailUrl\":\"https:\\\/\\\/iai.int\\\/wp-content\\\/uploads\\\/2025\\\/09\\\/PROYECTOS-12.png\",\"datePublished\":\"2024-09-14T23:23:38+00:00\",\"dateModified\":\"2025-11-04T21:12:11+00:00\",\"breadcrumb\":{\"@id\":\"https:\\\/\\\/iai.int\\\/en\\\/programa-para-expandir-las-capacidades-cientificas-en-las-americas-pesca\\\/#breadcrumb\"},\"inLanguage\":\"en-US\",\"potentialAction\":[{\"@type\":\"ReadAction\",\"target\":[\"https:\\\/\\\/iai.int\\\/en\\\/programa-para-expandir-las-capacidades-cientificas-en-las-americas-pesca\\\/\"]}]},{\"@type\":\"ImageObject\",\"inLanguage\":\"en-US\",\"@id\":\"https:\\\/\\\/iai.int\\\/en\\\/programa-para-expandir-las-capacidades-cientificas-en-las-americas-pesca\\\/#primaryimage\",\"url\":\"https:\\\/\\\/iai.int\\\/wp-content\\\/uploads\\\/2025\\\/09\\\/PROYECTOS-12.png\",\"contentUrl\":\"https:\\\/\\\/iai.int\\\/wp-content\\\/uploads\\\/2025\\\/09\\\/PROYECTOS-12.png\",\"width\":1600,\"height\":498},{\"@type\":\"BreadcrumbList\",\"@id\":\"https:\\\/\\\/iai.int\\\/en\\\/programa-para-expandir-las-capacidades-cientificas-en-las-americas-pesca\\\/#breadcrumb\",\"itemListElement\":[{\"@type\":\"ListItem\",\"position\":1,\"name\":\"Portada\",\"item\":\"https:\\\/\\\/iai.int\\\/en\\\/\"},{\"@type\":\"ListItem\",\"position\":2,\"name\":\"Program to Expand Scientific Capacity in the Americas (PESCA)\"}]},{\"@type\":\"WebSite\",\"@id\":\"https:\\\/\\\/iai.int\\\/en\\\/#website\",\"url\":\"https:\\\/\\\/iai.int\\\/en\\\/\",\"name\":\"IAI - Inter-American Institute for Global Change Research\",\"description\":\"\",\"publisher\":{\"@id\":\"https:\\\/\\\/iai.int\\\/en\\\/#organization\"},\"potentialAction\":[{\"@type\":\"SearchAction\",\"target\":{\"@type\":\"EntryPoint\",\"urlTemplate\":\"https:\\\/\\\/iai.int\\\/en\\\/?s={search_term_string}\"},\"query-input\":{\"@type\":\"PropertyValueSpecification\",\"valueRequired\":true,\"valueName\":\"search_term_string\"}}],\"inLanguage\":\"en-US\"},{\"@type\":\"Organization\",\"@id\":\"https:\\\/\\\/iai.int\\\/en\\\/#organization\",\"name\":\"IAI - Inter-American Institute for Global Change Research\",\"url\":\"https:\\\/\\\/iai.int\\\/en\\\/\",\"logo\":{\"@type\":\"ImageObject\",\"inLanguage\":\"en-US\",\"@id\":\"https:\\\/\\\/iai.int\\\/en\\\/#\\\/schema\\\/logo\\\/image\\\/\",\"url\":\"https:\\\/\\\/iai.int\\\/wp-content\\\/uploads\\\/2025\\\/11\\\/IAI-logo-English-scaled.png\",\"contentUrl\":\"https:\\\/\\\/iai.int\\\/wp-content\\\/uploads\\\/2025\\\/11\\\/IAI-logo-English-scaled.png\",\"width\":2560,\"height\":985,\"caption\":\"IAI - Inter-American Institute for Global Change Research\"},\"image\":{\"@id\":\"https:\\\/\\\/iai.int\\\/en\\\/#\\\/schema\\\/logo\\\/image\\\/\"}}]}<\/script>\n<!-- \/ Yoast SEO plugin. -->","yoast_head_json":{"title":"Program to Expand Scientific Capacity in the Americas (PESCA) - IAI - Inter-American Institute for Global Change Research","robots":{"index":"index","follow":"follow","max-snippet":"max-snippet:-1","max-image-preview":"max-image-preview:large","max-video-preview":"max-video-preview:-1"},"canonical":"https:\/\/iai.int\/en\/programa-para-expandir-las-capacidades-cientificas-en-las-americas-pesca\/","og_locale":"en_US","og_type":"article","og_title":"Program to Expand Scientific Capacity in the Americas (PESCA) - IAI - Inter-American Institute for Global Change Research","og_description":"P# Title Principal Investigator (PI) PI Country PI Institution Participating Countries Budget (US$) 005 Analysis and understanding of climate variability in the Caribbean islands VICTOR O. MAGA\u00d1A RUEDA M\u00e9xico Universidad Nacional Aut\u00f3noma de M\u00e9xico Jamaica\u2028, M\u00e9xico 22.000 006 Predicting ENSO effects on sugar cane yields using a wheather-generator and mechanistic crop modeling ANGEL UTSET SUASTEGUI [&hellip;]","og_url":"https:\/\/iai.int\/en\/programa-para-expandir-las-capacidades-cientificas-en-las-americas-pesca\/","og_site_name":"IAI - Inter-American Institute for Global Change Research","article_modified_time":"2025-11-04T21:12:11+00:00","og_image":[{"width":1600,"height":498,"url":"https:\/\/iai.int\/wp-content\/uploads\/2025\/09\/PROYECTOS-12.png","type":"image\/png"}],"twitter_card":"summary_large_image","twitter_misc":{"Est. reading time":"1 minute"},"schema":{"@context":"https:\/\/schema.org","@graph":[{"@type":"WebPage","@id":"https:\/\/iai.int\/en\/programa-para-expandir-las-capacidades-cientificas-en-las-americas-pesca\/","url":"https:\/\/iai.int\/en\/programa-para-expandir-las-capacidades-cientificas-en-las-americas-pesca\/","name":"Program to Expand Scientific Capacity in the Americas (PESCA) - IAI - Inter-American Institute for Global Change Research","isPartOf":{"@id":"https:\/\/iai.int\/en\/#website"},"primaryImageOfPage":{"@id":"https:\/\/iai.int\/en\/programa-para-expandir-las-capacidades-cientificas-en-las-americas-pesca\/#primaryimage"},"image":{"@id":"https:\/\/iai.int\/en\/programa-para-expandir-las-capacidades-cientificas-en-las-americas-pesca\/#primaryimage"},"thumbnailUrl":"https:\/\/iai.int\/wp-content\/uploads\/2025\/09\/PROYECTOS-12.png","datePublished":"2024-09-14T23:23:38+00:00","dateModified":"2025-11-04T21:12:11+00:00","breadcrumb":{"@id":"https:\/\/iai.int\/en\/programa-para-expandir-las-capacidades-cientificas-en-las-americas-pesca\/#breadcrumb"},"inLanguage":"en-US","potentialAction":[{"@type":"ReadAction","target":["https:\/\/iai.int\/en\/programa-para-expandir-las-capacidades-cientificas-en-las-americas-pesca\/"]}]},{"@type":"ImageObject","inLanguage":"en-US","@id":"https:\/\/iai.int\/en\/programa-para-expandir-las-capacidades-cientificas-en-las-americas-pesca\/#primaryimage","url":"https:\/\/iai.int\/wp-content\/uploads\/2025\/09\/PROYECTOS-12.png","contentUrl":"https:\/\/iai.int\/wp-content\/uploads\/2025\/09\/PROYECTOS-12.png","width":1600,"height":498},{"@type":"BreadcrumbList","@id":"https:\/\/iai.int\/en\/programa-para-expandir-las-capacidades-cientificas-en-las-americas-pesca\/#breadcrumb","itemListElement":[{"@type":"ListItem","position":1,"name":"Portada","item":"https:\/\/iai.int\/en\/"},{"@type":"ListItem","position":2,"name":"Program to Expand Scientific Capacity in the Americas (PESCA)"}]},{"@type":"WebSite","@id":"https:\/\/iai.int\/en\/#website","url":"https:\/\/iai.int\/en\/","name":"IAI - Inter-American Institute for Global Change Research","description":"","publisher":{"@id":"https:\/\/iai.int\/en\/#organization"},"potentialAction":[{"@type":"SearchAction","target":{"@type":"EntryPoint","urlTemplate":"https:\/\/iai.int\/en\/?s={search_term_string}"},"query-input":{"@type":"PropertyValueSpecification","valueRequired":true,"valueName":"search_term_string"}}],"inLanguage":"en-US"},{"@type":"Organization","@id":"https:\/\/iai.int\/en\/#organization","name":"IAI - Inter-American Institute for Global Change Research","url":"https:\/\/iai.int\/en\/","logo":{"@type":"ImageObject","inLanguage":"en-US","@id":"https:\/\/iai.int\/en\/#\/schema\/logo\/image\/","url":"https:\/\/iai.int\/wp-content\/uploads\/2025\/11\/IAI-logo-English-scaled.png","contentUrl":"https:\/\/iai.int\/wp-content\/uploads\/2025\/11\/IAI-logo-English-scaled.png","width":2560,"height":985,"caption":"IAI - Inter-American Institute for Global Change Research"},"image":{"@id":"https:\/\/iai.int\/en\/#\/schema\/logo\/image\/"}}]}},"uagb_featured_image_src":{"full":["https:\/\/iai.int\/wp-content\/uploads\/2025\/09\/PROYECTOS-12.png",1600,498,false],"thumbnail":["https:\/\/iai.int\/wp-content\/uploads\/2025\/09\/PROYECTOS-12-150x150.png",150,150,true],"medium":["https:\/\/iai.int\/wp-content\/uploads\/2025\/09\/PROYECTOS-12-300x93.png",300,93,true],"medium_large":["https:\/\/iai.int\/wp-content\/uploads\/2025\/09\/PROYECTOS-12-768x239.png",768,239,true],"large":["https:\/\/iai.int\/wp-content\/uploads\/2025\/09\/PROYECTOS-12-1024x319.png",800,249,true],"1536x1536":["https:\/\/iai.int\/wp-content\/uploads\/2025\/09\/PROYECTOS-12-1536x478.png",1536,478,true],"2048x2048":["https:\/\/iai.int\/wp-content\/uploads\/2025\/09\/PROYECTOS-12.png",1600,498,false]},"uagb_author_info":{"display_name":"admin","author_link":"https:\/\/iai.int\/en\/author\/admin\/"},"uagb_comment_info":0,"uagb_excerpt":"P# Title Principal Investigator (PI) PI Country PI Institution Participating Countries Budget (US$) 005 Analysis and understanding of climate variability in the Caribbean islands VICTOR O. MAGA\u00d1A RUEDA M\u00e9xico Universidad Nacional Aut\u00f3noma de M\u00e9xico Jamaica\u2028, M\u00e9xico 22.000 006 Predicting ENSO effects on sugar cane yields using a wheather-generator and mechanistic crop modeling ANGEL UTSET SUASTEGUI&hellip;","_links":{"self":[{"href":"https:\/\/iai.int\/en\/wp-json\/wp\/v2\/pages\/1700","targetHints":{"allow":["GET"]}}],"collection":[{"href":"https:\/\/iai.int\/en\/wp-json\/wp\/v2\/pages"}],"about":[{"href":"https:\/\/iai.int\/en\/wp-json\/wp\/v2\/types\/page"}],"author":[{"embeddable":true,"href":"https:\/\/iai.int\/en\/wp-json\/wp\/v2\/users\/1"}],"replies":[{"embeddable":true,"href":"https:\/\/iai.int\/en\/wp-json\/wp\/v2\/comments?post=1700"}],"version-history":[{"count":3,"href":"https:\/\/iai.int\/en\/wp-json\/wp\/v2\/pages\/1700\/revisions"}],"predecessor-version":[{"id":10646,"href":"https:\/\/iai.int\/en\/wp-json\/wp\/v2\/pages\/1700\/revisions\/10646"}],"wp:featuredmedia":[{"embeddable":true,"href":"https:\/\/iai.int\/en\/wp-json\/wp\/v2\/media\/7714"}],"wp:attachment":[{"href":"https:\/\/iai.int\/en\/wp-json\/wp\/v2\/media?parent=1700"}],"curies":[{"name":"wp","href":"https:\/\/api.w.org\/{rel}","templated":true}]}}