{"id":1696,"date":"2024-09-14T18:45:19","date_gmt":"2024-09-14T23:45:19","guid":{"rendered":"https:\/\/iai.int\/una-evaluacion-de-las-necesidades-institucionales-y-de-investigacion-para-hacer-frente-a-los-efectos-del-cambio-climatico-en-la-biodiversidad-de-los-andes-2008-2010\/"},"modified":"2026-01-22T17:39:12","modified_gmt":"2026-01-22T22:39:12","slug":"una-evaluacion-de-las-necesidades-institucionales-y-de-investigacion-para-hacer-frente-a-los-efectos-del-cambio-climatico-en-la-biodiversidad-de-los-andes-2008-2010","status":"publish","type":"page","link":"https:\/\/iai.int\/en\/una-evaluacion-de-las-necesidades-institucionales-y-de-investigacion-para-hacer-frente-a-los-efectos-del-cambio-climatico-en-la-biodiversidad-de-los-andes-2008-2010\/","title":{"rendered":"Una evaluaci\u00f3n de las necesidades institucionales y de investigaci\u00f3n para hacer frente a los efectos del cambio clim\u00e1tico en la biodiversidad de los Andes (2008-2010)"},"content":{"rendered":"\n<p>enero 2008 \u2013 octubre 2010<br>Financiado por John D. and Catherine T. MacArthur Foundation<br>Subsidio: USD 450.000<\/p>\n\n\n\n<h3 class=\"wp-block-heading\">Prop\u00f3sito y naturaleza del proyecto<\/h3>\n\n\n\n<p>El IAI realiz\u00f3 una evaluaci\u00f3n de los conocimientos cient\u00edficos, las capacidades de investigaci\u00f3n y las oportunidades y limitaciones institucionales en relaci\u00f3n con los impactos del cambio clim\u00e1tico en la biodiversidad de los Andes tropicales de Bolivia, Colombia, Ecuador y Per\u00fa.<\/p>\n\n\n\n<p>Como resultado del proyecto de evaluaci\u00f3n dirigido por el IAI, se elaboraron varias publicaciones, que se basan en consultas con numerosos profesionales e instituciones de la regi\u00f3n andina y representan la opini\u00f3n consensuada de los cient\u00edficos y actores sociales que participaron en el proceso.<\/p>\n\n\n\n<h3 class=\"wp-block-heading\">Publicaciones<\/h3>\n\n\n\n<p><a href=\"https:\/\/iai.int\/admin\/site\/sites\/default\/files\/uploads\/2014\/06\/sintesis_cientifica.pdf\" target=\"_blank\" rel=\"noreferrer noopener\"><strong>Efectos del cambio clim\u00e1tico en la biodiversidad de los Andes tropicales: el estado del conocimiento cient\u00edfico. Resumen para tomadores de decisiones y responsables de la formulaci\u00f3n de pol\u00edticas p\u00fablicas<\/strong><\/a>&nbsp;(en espa\u00f1ol)<\/p>\n\n\n\n<p><a href=\"https:\/\/iai.int\/admin\/site\/sites\/default\/files\/uploads\/2014\/06\/sintesis_institucional.pdf\" target=\"_blank\" rel=\"noreferrer noopener\"><strong>S\u00edntesis institucional regional de la evaluaci\u00f3n sobre cambio clim\u00e1tico y biodiversidad<\/strong><\/a>&nbsp;(en espa\u00f1ol)<\/p>\n\n\n\n<p>Documento de Estrategia 1:&nbsp;<a href=\"https:\/\/iai.int\/admin\/site\/sites\/default\/files\/uploads\/2014\/06\/DE1.pdf\" target=\"_blank\" rel=\"noreferrer noopener\"><strong>Indicadores: puentes entre la ciencia y la toma de decisiones en conservaci\u00f3n de la biodiversidad ante el cambio clim\u00e1tico<\/strong><\/a>&nbsp;(en espa\u00f1ol)<\/p>\n\n\n\n<p>Documento de Estrategia 2:&nbsp;<a href=\"https:\/\/iai.int\/admin\/site\/sites\/default\/files\/uploads\/2014\/06\/DE2.pdf\" target=\"_blank\" rel=\"noreferrer noopener\"><strong>Hacia una mejor gesti\u00f3n de la informaci\u00f3n sobre cambio clim\u00e1tico y conservaci\u00f3n de la biodiversidad<\/strong><\/a>&nbsp;(en espa\u00f1ol)<\/p>\n\n\n\n<p>Documento de Estrategia 3:&nbsp;<a href=\"https:\/\/iai.int\/admin\/site\/sites\/default\/files\/uploads\/2014\/06\/DE3.pdf\" target=\"_blank\" rel=\"noreferrer noopener\"><strong>Los desaf\u00edos de la investigaci\u00f3n interdisciplinaria en biodiversidad y cambio clim\u00e1tico<\/strong><\/a>&nbsp;(en espa\u00f1ol)<\/p>\n\n\n\n<p>Documento de Estrategia 4:&nbsp;<a href=\"https:\/\/iai.int\/admin\/site\/sites\/default\/files\/uploads\/2014\/06\/DE4.pdf\" target=\"_blank\" rel=\"noreferrer noopener\"><strong>Enfoque ecosist\u00e9mico y pol\u00edticas p\u00fablicas: aportes para la conservaci\u00f3n de la biodiversidad y la adaptaci\u00f3n al cambio clim\u00e1tico en Latinoam\u00e9rica<\/strong><\/a>&nbsp;(en espa\u00f1ol)<\/p>\n\n\n\n<p>Documento de Estrategia 5:&nbsp;<a href=\"https:\/\/iai.int\/admin\/site\/sites\/default\/files\/uploads\/2014\/06\/DE5.pdf\" target=\"_blank\" rel=\"noreferrer noopener\"><strong>\u00bfQu\u00e9 hacer con la informaci\u00f3n sobre biodiversidad en los pa\u00edses andinos?<\/strong><\/a>&nbsp;(en espa\u00f1ol)<\/p>\n\n\n\n<p>Adem\u00e1s, con los resultados e informaci\u00f3n compilada durante el proyecto, se edit\u00f3 el siguiente libro:<br><a href=\"https:\/\/iai.int\/es\/cambio-climatico-y-biodiversidad-en-los-andes-tropicales\/\" data-type=\"page\" data-id=\"964\"><strong>Cambio clim\u00e1tico y biodiversidad en los Andes tropicales<\/strong><\/a><\/p>\n\n\n\n<p><\/p>\n","protected":false},"excerpt":{"rendered":"<p>enero 2008 \u2013 octubre 2010Financiado por John D. and Catherine T. MacArthur FoundationSubsidio: USD 450.000 Prop\u00f3sito y naturaleza del proyecto El IAI realiz\u00f3 una evaluaci\u00f3n de los conocimientos cient\u00edficos, las capacidades de investigaci\u00f3n y las oportunidades y limitaciones institucionales en relaci\u00f3n con los impactos del cambio clim\u00e1tico en la biodiversidad de los Andes tropicales de [&hellip;]<\/p>\n","protected":false},"author":1,"featured_media":14144,"parent":0,"menu_order":0,"comment_status":"closed","ping_status":"closed","template":"","meta":{"_acf_changed":false,"_uag_custom_page_level_css":"","footnotes":""},"class_list":["post-1696","page","type-page","status-publish","has-post-thumbnail","hentry"],"acf":[],"yoast_head":"<!-- This site is optimized with the Yoast SEO plugin v27.3 - https:\/\/yoast.com\/product\/yoast-seo-wordpress\/ -->\n<title>Una evaluaci\u00f3n de las necesidades institucionales y de investigaci\u00f3n para hacer frente a los efectos del cambio clim\u00e1tico en la biodiversidad de los Andes (2008-2010) - IAI - Inter-American Institute for Global Change Research<\/title>\n<meta name=\"robots\" content=\"index, follow, max-snippet:-1, max-image-preview:large, max-video-preview:-1\" \/>\n<link rel=\"canonical\" href=\"https:\/\/iai.int\/en\/una-evaluacion-de-las-necesidades-institucionales-y-de-investigacion-para-hacer-frente-a-los-efectos-del-cambio-climatico-en-la-biodiversidad-de-los-andes-2008-2010\/\" \/>\n<meta property=\"og:locale\" content=\"en_US\" \/>\n<meta property=\"og:type\" content=\"article\" \/>\n<meta property=\"og:title\" content=\"Una evaluaci\u00f3n de las necesidades institucionales y de investigaci\u00f3n para hacer frente a los efectos del cambio clim\u00e1tico en la biodiversidad de los Andes (2008-2010) - IAI - Inter-American Institute for Global Change Research\" \/>\n<meta property=\"og:description\" content=\"enero 2008 \u2013 octubre 2010Financiado por John D. and Catherine T. MacArthur FoundationSubsidio: USD 450.000 Prop\u00f3sito y naturaleza del proyecto El IAI realiz\u00f3 una evaluaci\u00f3n de los conocimientos cient\u00edficos, las capacidades de investigaci\u00f3n y las oportunidades y limitaciones institucionales en relaci\u00f3n con los impactos del cambio clim\u00e1tico en la biodiversidad de los Andes tropicales de [&hellip;]\" \/>\n<meta property=\"og:url\" content=\"https:\/\/iai.int\/en\/una-evaluacion-de-las-necesidades-institucionales-y-de-investigacion-para-hacer-frente-a-los-efectos-del-cambio-climatico-en-la-biodiversidad-de-los-andes-2008-2010\/\" \/>\n<meta property=\"og:site_name\" content=\"IAI - Inter-American Institute for Global Change Research\" \/>\n<meta property=\"article:modified_time\" content=\"2026-01-22T22:39:12+00:00\" \/>\n<meta property=\"og:image\" content=\"https:\/\/iai.int\/wp-content\/uploads\/2026\/01\/banners-otros-3-1.png\" \/>\n\t<meta property=\"og:image:width\" content=\"1772\" \/>\n\t<meta property=\"og:image:height\" content=\"551\" \/>\n\t<meta property=\"og:image:type\" content=\"image\/png\" \/>\n<meta name=\"twitter:card\" content=\"summary_large_image\" \/>\n<meta name=\"twitter:label1\" content=\"Est. reading time\" \/>\n\t<meta name=\"twitter:data1\" content=\"2 minutes\" \/>\n<script type=\"application\/ld+json\" class=\"yoast-schema-graph\">{\"@context\":\"https:\\\/\\\/schema.org\",\"@graph\":[{\"@type\":\"WebPage\",\"@id\":\"https:\\\/\\\/iai.int\\\/en\\\/una-evaluacion-de-las-necesidades-institucionales-y-de-investigacion-para-hacer-frente-a-los-efectos-del-cambio-climatico-en-la-biodiversidad-de-los-andes-2008-2010\\\/\",\"url\":\"https:\\\/\\\/iai.int\\\/en\\\/una-evaluacion-de-las-necesidades-institucionales-y-de-investigacion-para-hacer-frente-a-los-efectos-del-cambio-climatico-en-la-biodiversidad-de-los-andes-2008-2010\\\/\",\"name\":\"Una evaluaci\u00f3n de las necesidades institucionales y de investigaci\u00f3n para hacer frente a los efectos del cambio clim\u00e1tico en la biodiversidad de los Andes (2008-2010) - IAI - Inter-American Institute for Global Change Research\",\"isPartOf\":{\"@id\":\"https:\\\/\\\/iai.int\\\/en\\\/#website\"},\"primaryImageOfPage\":{\"@id\":\"https:\\\/\\\/iai.int\\\/en\\\/una-evaluacion-de-las-necesidades-institucionales-y-de-investigacion-para-hacer-frente-a-los-efectos-del-cambio-climatico-en-la-biodiversidad-de-los-andes-2008-2010\\\/#primaryimage\"},\"image\":{\"@id\":\"https:\\\/\\\/iai.int\\\/en\\\/una-evaluacion-de-las-necesidades-institucionales-y-de-investigacion-para-hacer-frente-a-los-efectos-del-cambio-climatico-en-la-biodiversidad-de-los-andes-2008-2010\\\/#primaryimage\"},\"thumbnailUrl\":\"https:\\\/\\\/iai.int\\\/wp-content\\\/uploads\\\/2026\\\/01\\\/banners-otros-3-1.png\",\"datePublished\":\"2024-09-14T23:45:19+00:00\",\"dateModified\":\"2026-01-22T22:39:12+00:00\",\"breadcrumb\":{\"@id\":\"https:\\\/\\\/iai.int\\\/en\\\/una-evaluacion-de-las-necesidades-institucionales-y-de-investigacion-para-hacer-frente-a-los-efectos-del-cambio-climatico-en-la-biodiversidad-de-los-andes-2008-2010\\\/#breadcrumb\"},\"inLanguage\":\"en-US\",\"potentialAction\":[{\"@type\":\"ReadAction\",\"target\":[\"https:\\\/\\\/iai.int\\\/en\\\/una-evaluacion-de-las-necesidades-institucionales-y-de-investigacion-para-hacer-frente-a-los-efectos-del-cambio-climatico-en-la-biodiversidad-de-los-andes-2008-2010\\\/\"]}]},{\"@type\":\"ImageObject\",\"inLanguage\":\"en-US\",\"@id\":\"https:\\\/\\\/iai.int\\\/en\\\/una-evaluacion-de-las-necesidades-institucionales-y-de-investigacion-para-hacer-frente-a-los-efectos-del-cambio-climatico-en-la-biodiversidad-de-los-andes-2008-2010\\\/#primaryimage\",\"url\":\"https:\\\/\\\/iai.int\\\/wp-content\\\/uploads\\\/2026\\\/01\\\/banners-otros-3-1.png\",\"contentUrl\":\"https:\\\/\\\/iai.int\\\/wp-content\\\/uploads\\\/2026\\\/01\\\/banners-otros-3-1.png\",\"width\":1772,\"height\":551},{\"@type\":\"BreadcrumbList\",\"@id\":\"https:\\\/\\\/iai.int\\\/en\\\/una-evaluacion-de-las-necesidades-institucionales-y-de-investigacion-para-hacer-frente-a-los-efectos-del-cambio-climatico-en-la-biodiversidad-de-los-andes-2008-2010\\\/#breadcrumb\",\"itemListElement\":[{\"@type\":\"ListItem\",\"position\":1,\"name\":\"Portada\",\"item\":\"https:\\\/\\\/iai.int\\\/en\\\/\"},{\"@type\":\"ListItem\",\"position\":2,\"name\":\"Una evaluaci\u00f3n de las necesidades institucionales y de investigaci\u00f3n para hacer frente a los efectos del cambio clim\u00e1tico en la biodiversidad de los Andes (2008-2010)\"}]},{\"@type\":\"WebSite\",\"@id\":\"https:\\\/\\\/iai.int\\\/en\\\/#website\",\"url\":\"https:\\\/\\\/iai.int\\\/en\\\/\",\"name\":\"IAI - Inter-American Institute for Global Change Research\",\"description\":\"\",\"publisher\":{\"@id\":\"https:\\\/\\\/iai.int\\\/en\\\/#organization\"},\"potentialAction\":[{\"@type\":\"SearchAction\",\"target\":{\"@type\":\"EntryPoint\",\"urlTemplate\":\"https:\\\/\\\/iai.int\\\/en\\\/?s={search_term_string}\"},\"query-input\":{\"@type\":\"PropertyValueSpecification\",\"valueRequired\":true,\"valueName\":\"search_term_string\"}}],\"inLanguage\":\"en-US\"},{\"@type\":\"Organization\",\"@id\":\"https:\\\/\\\/iai.int\\\/en\\\/#organization\",\"name\":\"IAI - Inter-American Institute for Global Change Research\",\"url\":\"https:\\\/\\\/iai.int\\\/en\\\/\",\"logo\":{\"@type\":\"ImageObject\",\"inLanguage\":\"en-US\",\"@id\":\"https:\\\/\\\/iai.int\\\/en\\\/#\\\/schema\\\/logo\\\/image\\\/\",\"url\":\"https:\\\/\\\/iai.int\\\/wp-content\\\/uploads\\\/2025\\\/11\\\/IAI-logo-English-scaled.png\",\"contentUrl\":\"https:\\\/\\\/iai.int\\\/wp-content\\\/uploads\\\/2025\\\/11\\\/IAI-logo-English-scaled.png\",\"width\":2560,\"height\":985,\"caption\":\"IAI - Inter-American Institute for Global Change Research\"},\"image\":{\"@id\":\"https:\\\/\\\/iai.int\\\/en\\\/#\\\/schema\\\/logo\\\/image\\\/\"}}]}<\/script>\n<!-- \/ Yoast SEO plugin. -->","yoast_head_json":{"title":"Una evaluaci\u00f3n de las necesidades institucionales y de investigaci\u00f3n para hacer frente a los efectos del cambio clim\u00e1tico en la biodiversidad de los Andes (2008-2010) - IAI - Inter-American Institute for Global Change Research","robots":{"index":"index","follow":"follow","max-snippet":"max-snippet:-1","max-image-preview":"max-image-preview:large","max-video-preview":"max-video-preview:-1"},"canonical":"https:\/\/iai.int\/en\/una-evaluacion-de-las-necesidades-institucionales-y-de-investigacion-para-hacer-frente-a-los-efectos-del-cambio-climatico-en-la-biodiversidad-de-los-andes-2008-2010\/","og_locale":"en_US","og_type":"article","og_title":"Una evaluaci\u00f3n de las necesidades institucionales y de investigaci\u00f3n para hacer frente a los efectos del cambio clim\u00e1tico en la biodiversidad de los Andes (2008-2010) - IAI - Inter-American Institute for Global Change Research","og_description":"enero 2008 \u2013 octubre 2010Financiado por John D. and Catherine T. MacArthur FoundationSubsidio: USD 450.000 Prop\u00f3sito y naturaleza del proyecto El IAI realiz\u00f3 una evaluaci\u00f3n de los conocimientos cient\u00edficos, las capacidades de investigaci\u00f3n y las oportunidades y limitaciones institucionales en relaci\u00f3n con los impactos del cambio clim\u00e1tico en la biodiversidad de los Andes tropicales de [&hellip;]","og_url":"https:\/\/iai.int\/en\/una-evaluacion-de-las-necesidades-institucionales-y-de-investigacion-para-hacer-frente-a-los-efectos-del-cambio-climatico-en-la-biodiversidad-de-los-andes-2008-2010\/","og_site_name":"IAI - Inter-American Institute for Global Change Research","article_modified_time":"2026-01-22T22:39:12+00:00","og_image":[{"width":1772,"height":551,"url":"https:\/\/iai.int\/wp-content\/uploads\/2026\/01\/banners-otros-3-1.png","type":"image\/png"}],"twitter_card":"summary_large_image","twitter_misc":{"Est. reading time":"2 minutes"},"schema":{"@context":"https:\/\/schema.org","@graph":[{"@type":"WebPage","@id":"https:\/\/iai.int\/en\/una-evaluacion-de-las-necesidades-institucionales-y-de-investigacion-para-hacer-frente-a-los-efectos-del-cambio-climatico-en-la-biodiversidad-de-los-andes-2008-2010\/","url":"https:\/\/iai.int\/en\/una-evaluacion-de-las-necesidades-institucionales-y-de-investigacion-para-hacer-frente-a-los-efectos-del-cambio-climatico-en-la-biodiversidad-de-los-andes-2008-2010\/","name":"Una evaluaci\u00f3n de las necesidades institucionales y de investigaci\u00f3n para hacer frente a los efectos del cambio clim\u00e1tico en la biodiversidad de los Andes (2008-2010) - IAI - Inter-American Institute for Global Change Research","isPartOf":{"@id":"https:\/\/iai.int\/en\/#website"},"primaryImageOfPage":{"@id":"https:\/\/iai.int\/en\/una-evaluacion-de-las-necesidades-institucionales-y-de-investigacion-para-hacer-frente-a-los-efectos-del-cambio-climatico-en-la-biodiversidad-de-los-andes-2008-2010\/#primaryimage"},"image":{"@id":"https:\/\/iai.int\/en\/una-evaluacion-de-las-necesidades-institucionales-y-de-investigacion-para-hacer-frente-a-los-efectos-del-cambio-climatico-en-la-biodiversidad-de-los-andes-2008-2010\/#primaryimage"},"thumbnailUrl":"https:\/\/iai.int\/wp-content\/uploads\/2026\/01\/banners-otros-3-1.png","datePublished":"2024-09-14T23:45:19+00:00","dateModified":"2026-01-22T22:39:12+00:00","breadcrumb":{"@id":"https:\/\/iai.int\/en\/una-evaluacion-de-las-necesidades-institucionales-y-de-investigacion-para-hacer-frente-a-los-efectos-del-cambio-climatico-en-la-biodiversidad-de-los-andes-2008-2010\/#breadcrumb"},"inLanguage":"en-US","potentialAction":[{"@type":"ReadAction","target":["https:\/\/iai.int\/en\/una-evaluacion-de-las-necesidades-institucionales-y-de-investigacion-para-hacer-frente-a-los-efectos-del-cambio-climatico-en-la-biodiversidad-de-los-andes-2008-2010\/"]}]},{"@type":"ImageObject","inLanguage":"en-US","@id":"https:\/\/iai.int\/en\/una-evaluacion-de-las-necesidades-institucionales-y-de-investigacion-para-hacer-frente-a-los-efectos-del-cambio-climatico-en-la-biodiversidad-de-los-andes-2008-2010\/#primaryimage","url":"https:\/\/iai.int\/wp-content\/uploads\/2026\/01\/banners-otros-3-1.png","contentUrl":"https:\/\/iai.int\/wp-content\/uploads\/2026\/01\/banners-otros-3-1.png","width":1772,"height":551},{"@type":"BreadcrumbList","@id":"https:\/\/iai.int\/en\/una-evaluacion-de-las-necesidades-institucionales-y-de-investigacion-para-hacer-frente-a-los-efectos-del-cambio-climatico-en-la-biodiversidad-de-los-andes-2008-2010\/#breadcrumb","itemListElement":[{"@type":"ListItem","position":1,"name":"Portada","item":"https:\/\/iai.int\/en\/"},{"@type":"ListItem","position":2,"name":"Una evaluaci\u00f3n de las necesidades institucionales y de investigaci\u00f3n para hacer frente a los efectos del cambio clim\u00e1tico en la biodiversidad de los Andes (2008-2010)"}]},{"@type":"WebSite","@id":"https:\/\/iai.int\/en\/#website","url":"https:\/\/iai.int\/en\/","name":"IAI - Inter-American Institute for Global Change Research","description":"","publisher":{"@id":"https:\/\/iai.int\/en\/#organization"},"potentialAction":[{"@type":"SearchAction","target":{"@type":"EntryPoint","urlTemplate":"https:\/\/iai.int\/en\/?s={search_term_string}"},"query-input":{"@type":"PropertyValueSpecification","valueRequired":true,"valueName":"search_term_string"}}],"inLanguage":"en-US"},{"@type":"Organization","@id":"https:\/\/iai.int\/en\/#organization","name":"IAI - Inter-American Institute for Global Change Research","url":"https:\/\/iai.int\/en\/","logo":{"@type":"ImageObject","inLanguage":"en-US","@id":"https:\/\/iai.int\/en\/#\/schema\/logo\/image\/","url":"https:\/\/iai.int\/wp-content\/uploads\/2025\/11\/IAI-logo-English-scaled.png","contentUrl":"https:\/\/iai.int\/wp-content\/uploads\/2025\/11\/IAI-logo-English-scaled.png","width":2560,"height":985,"caption":"IAI - Inter-American Institute for Global Change Research"},"image":{"@id":"https:\/\/iai.int\/en\/#\/schema\/logo\/image\/"}}]}},"uagb_featured_image_src":{"full":["https:\/\/iai.int\/wp-content\/uploads\/2026\/01\/banners-otros-3-1.png",1772,551,false],"thumbnail":["https:\/\/iai.int\/wp-content\/uploads\/2026\/01\/banners-otros-3-1-150x150.png",150,150,true],"medium":["https:\/\/iai.int\/wp-content\/uploads\/2026\/01\/banners-otros-3-1-300x93.png",300,93,true],"medium_large":["https:\/\/iai.int\/wp-content\/uploads\/2026\/01\/banners-otros-3-1-768x239.png",768,239,true],"large":["https:\/\/iai.int\/wp-content\/uploads\/2026\/01\/banners-otros-3-1-1024x318.png",800,248,true],"1536x1536":["https:\/\/iai.int\/wp-content\/uploads\/2026\/01\/banners-otros-3-1-1536x478.png",1536,478,true],"2048x2048":["https:\/\/iai.int\/wp-content\/uploads\/2026\/01\/banners-otros-3-1.png",1772,551,false]},"uagb_author_info":{"display_name":"admin","author_link":"https:\/\/iai.int\/en\/author\/admin\/"},"uagb_comment_info":0,"uagb_excerpt":"enero 2008 \u2013 octubre 2010Financiado por John D. and Catherine T. MacArthur FoundationSubsidio: USD 450.000 Prop\u00f3sito y naturaleza del proyecto El IAI realiz\u00f3 una evaluaci\u00f3n de los conocimientos cient\u00edficos, las capacidades de investigaci\u00f3n y las oportunidades y limitaciones institucionales en relaci\u00f3n con los impactos del cambio clim\u00e1tico en la biodiversidad de los Andes tropicales de&hellip;","_links":{"self":[{"href":"https:\/\/iai.int\/en\/wp-json\/wp\/v2\/pages\/1696","targetHints":{"allow":["GET"]}}],"collection":[{"href":"https:\/\/iai.int\/en\/wp-json\/wp\/v2\/pages"}],"about":[{"href":"https:\/\/iai.int\/en\/wp-json\/wp\/v2\/types\/page"}],"author":[{"embeddable":true,"href":"https:\/\/iai.int\/en\/wp-json\/wp\/v2\/users\/1"}],"replies":[{"embeddable":true,"href":"https:\/\/iai.int\/en\/wp-json\/wp\/v2\/comments?post=1696"}],"version-history":[{"count":1,"href":"https:\/\/iai.int\/en\/wp-json\/wp\/v2\/pages\/1696\/revisions"}],"predecessor-version":[{"id":14145,"href":"https:\/\/iai.int\/en\/wp-json\/wp\/v2\/pages\/1696\/revisions\/14145"}],"wp:featuredmedia":[{"embeddable":true,"href":"https:\/\/iai.int\/en\/wp-json\/wp\/v2\/media\/14144"}],"wp:attachment":[{"href":"https:\/\/iai.int\/en\/wp-json\/wp\/v2\/media?parent=1696"}],"curies":[{"name":"wp","href":"https:\/\/api.w.org\/{rel}","templated":true}]}}