{"id":1691,"date":"2024-09-14T19:49:04","date_gmt":"2024-09-14T22:49:04","guid":{"rendered":"https:\/\/iai.int\/curso-panamericano-de-resiliencia-para-sistemas-de-salud\/"},"modified":"2025-07-29T22:06:12","modified_gmt":"2025-07-30T03:06:12","slug":"curso-panamericano-de-resiliencia-para-sistemas-de-salud","status":"publish","type":"page","link":"https:\/\/iai.int\/en\/curso-panamericano-de-resiliencia-para-sistemas-de-salud\/","title":{"rendered":"Pan American Climate Resilient Health Systems"},"content":{"rendered":"\n<p><a href=\"https:\/\/iai.int\/en\/post\/detail\/Systemes-de-sante-panamericains-resilients-face-au-climat\"><strong>Acc\u00e9der \u00e0 la version fran\u00e7aise<\/strong><\/a><\/p>\n\n<figure class=\"wp-block-image\"><img decoding=\"async\" src=\"https:\/\/iai.int\/administrador\/assets\/images\/ckfinder\/files\/pan.png\" alt=\"\"\/><\/figure>\n\n<p>Introduction<\/p>\n\n<p>Health systems, including hospitals, are on the frontlines of climate change, bearing the costs of increasing disease burdens and more frequent extreme weather events while simultaneously inadvertently contributing to negative environmental and climate-related impacts.<br\/><br\/><\/p>\n\n<p>The goal of this course is to equip federal, regional, and local health systems planners, hospital administrators, long-term care\/community care professionals, emergency planners, sustainability officers, public health officials, health practitioners, and others with the knowledge and tools needed to prepare for climate change. This includes how to apply best practices to assess health system vulnerabilities and adaptation options, measure and monitor the climate resilience and environmental sustainability of health systems, and undertake health system greening, all while integrating health equity and undertaking broad stakeholder engagement.<br\/><br\/><\/p>\n\n<p>Health Canada, the Pan American Health Organization, the Inter-American Institute for Global Change Research (IAI)  and the Global Consortium on Climate and Health Education have co-organized this course, with input from Ministries of Health and Environment and civil-society climate and health practice communities throughout the Americas.<br\/><\/p>\n\n<figure class=\"wp-block-image\"><img decoding=\"async\" src=\"https:\/\/iai.int\/administrador\/assets\/images\/ckfinder\/files\/screen_shot_2022-12-13_at_1_08_57_pm.png\" alt=\"\"\/><\/figure>\n\n<p><p style=\"font-weight: 300;\"><b>Course Objectives<\/b><\/p><\/p>\n\n<p>Upon completion of this course, participants will be able to:<\/p>\n\n<ul class=\"wp-block-list\">\n<li>Articulate to key partners and the public the unique challenges health systems and health care facilities (including mental healthcare) face in a changing climate<br\/><\/li>\n\n\n\n<li>Apply methodology and frameworks for assessing vulnerability and adaptation for health systems in any context <br\/><\/li>\n\n\n\n<li>Apply approaches for measuring and monitoring the environmental sustainability of health systems and opportunities to green health systems<br\/><\/li>\n\n\n\n<li>Apply a health equity lens into efforts to address health system decarbonization and build climate resilience<br\/><\/li>\n\n\n\n<li>Develop an initial plan to prepare their health system organization moving forward for specific climate impacts of the region and to communicate and engage with key partners on this issue.<br\/><\/li>\n<\/ul>\n\n<p><p style=\"font-weight: 300;\"><b>Course Structure<\/b><\/p><\/p>\n\n<p>The course will consist of bi-weekly (Tuesday and Thursday) live-virtual 90-minute sessions, offered in English, Spanish and French through live interpretation. Each session will consist of 40 minutes of \u201ctheory\/foundation\u201d followed by 1-2 case studies, presenting health authority actions across the Americas. There will be a live question and answer which will be monitored by the program team and questions will be consolidated and addressed to expert lecturers. Resources such as frameworks and suggested readings will be provided to all course participants following each session. Video recordings will be available following each session for asychronous view. <br\/><br\/><\/p>\n\n<h3 class=\"wp-block-heading\"><strong>Session Topics:<\/strong><\/h3>\n\n<p><p style=\"font-weight: 300;\"><b>1) Healthcare systems in a changing climate<\/b><\/p><\/p>\n\n<p><p style=\"font-weight: 300;\"><b>FEATURING:<\/b><\/p><\/p>\n\n<ul class=\"wp-block-list\">\n<li>Carolyn Tateishi, Directora, Oficina de Cambio Clim\u00e1tico e Innovaci\u00f3n, Ministerio de Sanidad de Canad\u00e1<\/li>\n\n\n\n<li>Marcos Regis da Silva, PhD, Director Ejecutivo del Instituto Interamericano para la Investigaci\u00f3n del Cambio Global (IAI)<\/li>\n\n\n\n<li>Daniel Buss, PhD, Jefe de Unidad, Cambio Clim\u00e1tico y Determinantes Ambientales de la Salud. Organizaci\u00f3n Panamericana de la Salud (OPS)<\/li>\n\n\n\n<li>Cecilia Sorensen, MD, Directora, GCCHE<\/li>\n\n\n\n<li>Michael J. Dowling, Consejero Delegado de Northwell Health<\/li>\n\n\n\n<li>Ministerio de Sanidad de Bahamas<\/li>\n\n\n\n<li>Avriel Rose Diaz, PhD, Director Ejecutivo de Walking Palms Global Health<\/li>\n\n\n\n<li>Courtney Howard, MD, M\u00e9dico de Urgencias<\/li>\n<\/ul>\n\n<p><p style=\"font-weight: 300;\"><b>SESSION MATERIALS:<\/b><\/p><\/p>\n\n<p><a href=\"https:\/\/youtu.be\/BF2s6MrwbYU\">VIDEO RECORDING<\/a><\/p>\n\n<p><p style=\"font-weight: 300;\"><a href=\"https:\/\/iai.int\/administrador\/assets\/images\/ckfinder\/files\/gcche_ResilienceCourse_Ses1_2LOs.pdf\">Session 1 &amp; 2 Learning Objectives and Resources<\/a><\/p><\/p>\n\n<p><span style=\"font-weight: 300;\"><a href=\"https:\/\/iai.int\/administrador\/assets\/images\/ckfinder\/files\/Resilience%20Course%20Session%201%20Slides%20.pdf\">Slide Decks<\/a><\/span><\/p>\n\n<p><p style=\"font-weight: 300;\"><b>2) Assessing risks to human health and health systems from climate change\u00a0<\/b><\/p><\/p>\n\n<p><p style=\"font-weight: 300;\"><b>FEATURING:<\/b><\/p><\/p>\n\n<ul class=\"wp-block-list\">\n<li>Kristie L Ebi, PhD, Profesora, Centro de Salud y Medio Ambiente Mundial, Universidad de Washington<\/li>\n\n\n\n<li>Anahi Membribe, consultora externa OPS Proyecto Readiness Argentina para la provincia de Neuqu\u00e9n<\/li>\n\n\n\n<li>Mercy Borbor-C\u00f3rdova, PhD,\u00a0 Escuela Superior Polit\u00e9cnica del Litoral, Guayaquil, Ecuador<\/li>\n\n\n\n<li>Matt Wolff, Director del Programa de Clima y Salud, Departamento de Salud P\u00fablica de San Francisco Programa de Clima y Salud<\/li>\n<\/ul>\n\n<p><p style=\"font-weight: 300;\"><b>SESSION MATERIALS:<\/b><\/p><\/p>\n\n<p><a href=\"https:\/\/youtu.be\/aPK9EWWngi8\">VIDEO RECORDING<\/a><\/p>\n\n<p><a href=\"https:\/\/iai.int\/administrador\/assets\/images\/ckfinder\/files\/gcche_ResilienceCourse_Ses1_2LOs(1).pdf\">Session 1 &amp; 2 Learning Objectives and Resources<\/a><\/p>\n\n<p><a href=\"https:\/\/iai.int\/administrador\/assets\/images\/ckfinder\/files\/Resilience%20Course%20Session%202%20Slides%20(April%206).pdf\">Slide Decks<\/a><\/p>\n\n<p><p style=\"font-weight: 300;\"><b>3) A special focus on health facilities: Assessing risks and opportunities for adaptation and resilience building<\/b><\/p><\/p>\n\n<p><p style=\"font-weight: 300;\"><b>FEATURING:<\/b><\/p><\/p>\n\n<ul class=\"wp-block-list\">\n<li>Diarmid Campbell-Lendrum, Jefe de la Unidad de Cambio Clim\u00e1tico y Salud, Sede de la OMS<\/li>\n\n\n\n<li>Vital Ribeiro, Presidente del Consejo del Proyecto Hospitales Saludables de la ong y Arquitecto de la Divisi\u00f3n de Medio Ambiente de la Secretar\u00eda de Salud del Estado de S\u00e3o Paulo<\/li>\n\n\n\n<li>Judith Harvey, PhD, Consultora T\u00e9cnica, OPS Proyecto de Instalaciones Sanitarias Inteligentes en el Caribe<\/li>\n<\/ul>\n\n<p><p style=\"font-weight: 300;\"><b>SESSION MATERIALS:<\/b><\/p><\/p>\n\n<p><a href=\"https:\/\/youtu.be\/9OPhQxU4r_4\">VIDEO RECORDING<\/a><\/p>\n\n<p><a href=\"https:\/\/iai.int\/administrador\/assets\/images\/ckfinder\/files\/gcche_ResilienceCourse_Ses3_4LOs.pdf\">Session 3 &amp; 4 Learning Objectives and Resources<\/a><\/p>\n\n<p><a href=\"https:\/\/iai.int\/administrador\/assets\/images\/ckfinder\/files\/Resilience%20Course%20Session%203%20Slides%20(April%2011).pdf\">Session 3 Slide Decks<\/a><\/p>\n\n<p><p style=\"font-weight: 300;\"><b>4) The health adaptation process: Key actors, activities, and partnerships<\/b><\/p><\/p>\n\n<p><p style=\"font-weight: 300;\"><b>FEATURING:<\/b><\/p><\/p>\n\n<ul class=\"wp-block-list\">\n<li>Daniel Buss, PhD, Jefe de Unidad, Cambio Clim\u00e1tico y Determinantes Ambientales de la Salud. Organizaci\u00f3n Panamericana de la Salud (OPS)<\/li>\n\n\n\n<li>Carmen Ciganda, PhD, Ministerio de Salud P\u00fablica de Uruguay<\/li>\n\n\n\n<li>Craig Brown, PhD, Salud Costera de Vancouver<\/li>\n\n\n\n<li>Ahnivar Peralta, Especialista en Desarrollo de Proyectos del Centro Comunitario Caribe\u00f1o sobre el Cambio Clim\u00e1tico (CCCCC)<\/li>\n<\/ul>\n\n<p><p style=\"font-weight: 300;\"><b>SESSION MATERIALS:<\/b><\/p><\/p>\n\n<p><a href=\"https:\/\/youtu.be\/T1ttg4QSIBM\">VIDEO RECORDING<\/a><\/p>\n\n<p><a href=\"https:\/\/iai.int\/administrador\/assets\/images\/ckfinder\/files\/gcche_ResilienceCourse_Ses3_4LOs(1).pdf\">Session 3 &amp; 4 Learning Objectives and Resources<\/a><\/p>\n\n<p><a href=\"https:\/\/iai.int\/administrador\/assets\/images\/ckfinder\/files\/Resilience%20Course%20Session%204%20Slides%20(April%2013).pdf\">Session 4 Slide Decks<\/a><\/p>\n\n<p><p style=\"font-weight: 300;\"><b>5) Integrating health equity into efforts to address climate change\u00a0<\/b><\/p><\/p>\n\n<p><p style=\"font-weight: 300;\"><b>FEATURING:<\/b><\/p><\/p>\n\n<ul class=\"wp-block-list\">\n<li>Carlos Faerron Guzm\u00e1n, MD, Alianza para la Salud Planetaria de la Facultad de Salud P\u00fablica T.H. Chan de la Universidad de Harvard<\/li>\n\n\n\n<li>Vivian Camacho, PhD, Directora General del Ministerio de Salud, Bolivia<\/li>\n\n\n\n<li>John M. Balbus, MD, Director Interino, Departamento de Salud y Servicios Humanos de los Estados Unidos, Oficina de Cambio Clim\u00e1tico y Equidad en Salud<\/li>\n\n\n\n<li>B\u00e1ltica Cabieses, PhD, Profesora de epidemiolog\u00eda social, Instituto de Ciencias e Innovaci\u00f3n en Medicina (ICIM) de la Universidad del Desarrollo y Cl\u00ednica Alemana<\/li>\n<\/ul>\n\n<p><p style=\"font-weight: 300;\"><b>SESSION MATERIALS:<\/b><\/p><\/p>\n\n<p><a href=\"https:\/\/youtu.be\/MdWLzgLHaPI\">VIDEO RECORDING<\/a><\/p>\n\n<p><a href=\"https:\/\/iai.int\/administrador\/assets\/images\/ckfinder\/files\/gcche_ResilienceCourse_Ses5_6LOs.pdf\">Session 5 &amp; 6 Learning Objectives and Resources<\/a><\/p>\n\n<p><a href=\"https:\/\/iai.int\/administrador\/assets\/images\/ckfinder\/files\/Resilience%20Course%20Session%205%20Slides%20(April%2018).pdf\">Session 5 Slide Decks<\/a><\/p>\n\n<p><p style=\"font-weight: 300;\"><b>6) Estimating the costs of the health and health system impacts of climate change\u00a0<\/b><\/p><\/p>\n\n<p><p style=\"font-weight: 300;\"><b>FEATURING:<\/b><\/p><\/p>\n\n<ul class=\"wp-block-list\">\n<li>Andrea Bassi, Instituto Internacional de Desarrollo Sostenible<\/li>\n\n\n\n<li>Montira Pongsiri, PhD, Asesora Principal, Cambio Clim\u00e1tico y Salud<\/li>\n\n\n\n<li>Diego Moreno Heredia, Ministerio de Salud y Protecci\u00f3n Social de Colombia &#8211; Cambio Clim\u00e1tico y Salud<\/li>\n\n\n\n<li>Marcus Sarofim, PhD, Cient\u00edfico Medioambiental Senior, Divisi\u00f3n de Cambio Clim\u00e1tico de la EPA de EE.UU.<\/li>\n<\/ul>\n\n<p><p style=\"font-weight: 300;\"><b>SESSION MATERIALS:<\/b><\/p><\/p>\n\n<p><a href=\"https:\/\/youtu.be\/bF5vWhSu4MU\">VIDEO RECORDING<\/a><\/p>\n\n<p><a href=\"https:\/\/iai.int\/administrador\/assets\/images\/ckfinder\/files\/gcche_ResilienceCourse_Ses5_6LOs(1).pdf\">Session 5 &amp; 6 Learning Objectives and Resources<\/a><\/p>\n\n<p><strong><a href=\"https:\/\/iai.int\/administrador\/assets\/images\/ckfinder\/files\/Resilience%20Course%20Session%206%20Slides%20(April%2020).pdf\">Session 6 Slide Decks<\/a><\/strong><\/p>\n\n<p><p style=\"font-weight: 300;\"><b>7) Opportunities and guidance for lowering the carbon footprint of health systems\u00a0<\/b><\/p><\/p>\n\n<p><p style=\"font-weight: 300;\"><b>FEATURING:<\/b><\/p><\/p>\n\n<ul class=\"wp-block-list\">\n<li>James Hospedales, MD, Fundador, EarthMedic\/EarthNurse<\/li>\n\n\n\n<li>Fiona Miller, PhD, Profesora, HSR &#8211; L\u00edder de \u00c9nfasis en Pol\u00edtica Sanitaria<\/li>\n\n\n\n<li>Elizabeth Schenk, PhD, RN, Directora Ejecutiva de Administraci\u00f3n Ambiental, Providence, Estados Unidos<\/li>\n\n\n\n<li>Diana Picon Manyari, Directora Internacional de Clima, Salud sin Da\u00f1o<\/li>\n<\/ul>\n\n<p><p style=\"font-weight: 300;\"><b>SESSION MATERIALS:<\/b><\/p><\/p>\n\n<p><a href=\"https:\/\/youtu.be\/HTa96MP2r8k\">VIDEO RECORDING<\/a><\/p>\n\n<p><a href=\"https:\/\/iai.int\/administrador\/assets\/images\/ckfinder\/files\/gcche_ResilienceCourse_Ses7_8LOs.pdf\">Session 7 &amp; 8 Learning Objectives and Resources<\/a><\/p>\n\n<p><a href=\"https:\/\/iai.int\/administrador\/assets\/images\/ckfinder\/files\/Resilience%20Course%20Session%207%20Slides%20(April%2025).pdf\">Session 7 Slide Decks<\/a><\/p>\n\n<p><p style=\"font-weight: 300;\"><b>8) Measuring, monitoring, and evaluating climate resilient health systems<\/b><\/p><\/p>\n\n<p><p style=\"font-weight: 300;\"><b>FEATURING:<\/b><\/p><\/p>\n\n<ul class=\"wp-block-list\">\n<li>Peter Berry, PhD, Analista Principal de Pol\u00edticas y Asesor Cient\u00edfico al Director, Ministerio de Sanidad de Canad\u00e1<\/li>\n\n\n\n<li>Stella Hartinger, PhD, Universidad Cayetano Heredia, Unidad de Investigaci\u00f3n en Desarrollo Integral, Ambiente y Salud<\/li>\n\n\n\n<li>Anwar Mendez, MPH, Organizaci\u00f3n Panamericana de la Salud<\/li>\n<\/ul>\n\n<p><p style=\"font-weight: 300;\"><b>SESSION MATERIALS:<\/b><\/p><\/p>\n\n<p><a href=\"https:\/\/youtu.be\/FNGg5ClmKI8\">VIDEO RECORDING<\/a><\/p>\n\n<p><a href=\"https:\/\/iai.int\/administrador\/assets\/images\/ckfinder\/files\/gcche_ResilienceCourse_Ses7_8LOs(1).pdf\">Session 7 &amp; 8 Learning Objectives and Resources<\/a><\/p>\n\n<p><a href=\"https:\/\/iai.int\/administrador\/assets\/images\/ckfinder\/files\/Resilience%20Course%20Session%208%20Slides%20(April%2027).pdf\">Session 8 Slide Decks<\/a><\/p>\n\n<p><p style=\"font-weight: 300;\"><b>9) Effectively communicating climate change risks to health<\/b><\/p><\/p>\n\n<p><p style=\"font-weight: 300;\"><b>FEATURING:<\/b><\/p><\/p>\n\n<ul class=\"wp-block-list\">\n<li>Andrea Peve, Ministra de Salud de Neuqu\u00e9n<\/li>\n\n\n\n<li>Edward Maibach, PhD, Director del Centro de Comunicaci\u00f3n del Cambio Clim\u00e1tico de la Universidad de George Mason<\/li>\n\n\n\n<li>Roberta Stout, Asamblea de las Primeras Naciones<\/li>\n\n\n\n<li>Donna Atkinson, Centro Nacional de Colaboraci\u00f3n para la Salud Ind\u00edgena<\/li>\n\n\n\n<li>Carolina Portaluppi-Castro, Universidad Casa Grande, consultora PNUD<\/li>\n<\/ul>\n\n<p><p style=\"font-weight: 300;\"><b>SESSION MATERIALS:<\/b><\/p><\/p>\n\n<p><a href=\"https:\/\/youtu.be\/zhl8E8dqzbk\">VIDEO RECORDING<\/a><\/p>\n\n<p><a href=\"https:\/\/iai.int\/administrador\/assets\/images\/ckfinder\/files\/gcche_ResilienceCourse_Ses9LOs.pdf\">Session 9 Learning Objectives and Resources<\/a><\/p>\n\n<p><a href=\"https:\/\/iai.int\/administrador\/assets\/images\/ckfinder\/files\/Resilience%20Course%20Session%209%20Slides%20(May%202).pdf\">Session 9 Slide Decks<\/a><\/p>\n\n<figure class=\"wp-block-image\"><img decoding=\"async\" src=\"https:\/\/iai.int\/administrador\/assets\/images\/ckfinder\/files\/logos.png\" alt=\"\"\/><\/figure>\n","protected":false},"excerpt":{"rendered":"<p>Acc\u00e9der \u00e0 la version fran\u00e7aise Introduction Health systems, including hospitals, are on the frontlines of climate change, bearing the costs of increasing disease burdens and more frequent extreme weather events while simultaneously inadvertently contributing to negative environmental and climate-related impacts. The goal of this course is to equip federal, regional, and local health systems planners, [&hellip;]<\/p>\n","protected":false},"author":1,"featured_media":0,"parent":0,"menu_order":0,"comment_status":"closed","ping_status":"closed","template":"","meta":{"_acf_changed":false,"_uag_custom_page_level_css":"","footnotes":""},"class_list":["post-1691","page","type-page","status-publish","hentry"],"acf":[],"yoast_head":"<!-- This site is optimized with the Yoast SEO plugin v27.3 - https:\/\/yoast.com\/product\/yoast-seo-wordpress\/ -->\n<title>Pan American Climate Resilient Health Systems - IAI - Inter-American Institute for Global Change Research<\/title>\n<meta name=\"robots\" content=\"index, follow, max-snippet:-1, max-image-preview:large, max-video-preview:-1\" \/>\n<link rel=\"canonical\" href=\"https:\/\/iai.int\/en\/curso-panamericano-de-resiliencia-para-sistemas-de-salud\/\" \/>\n<meta property=\"og:locale\" content=\"en_US\" \/>\n<meta property=\"og:type\" content=\"article\" \/>\n<meta property=\"og:title\" content=\"Pan American Climate Resilient Health Systems - IAI - Inter-American Institute for Global Change Research\" \/>\n<meta property=\"og:description\" content=\"Acc\u00e9der \u00e0 la version fran\u00e7aise Introduction Health systems, including hospitals, are on the frontlines of climate change, bearing the costs of increasing disease burdens and more frequent extreme weather events while simultaneously inadvertently contributing to negative environmental and climate-related impacts. The goal of this course is to equip federal, regional, and local health systems planners, [&hellip;]\" \/>\n<meta property=\"og:url\" content=\"https:\/\/iai.int\/en\/curso-panamericano-de-resiliencia-para-sistemas-de-salud\/\" \/>\n<meta property=\"og:site_name\" content=\"IAI - Inter-American Institute for Global Change Research\" \/>\n<meta property=\"article:modified_time\" content=\"2025-07-30T03:06:12+00:00\" \/>\n<meta property=\"og:image\" content=\"https:\/\/iai.int\/administrador\/assets\/images\/ckfinder\/files\/pan.png\" \/>\n<meta name=\"twitter:card\" content=\"summary_large_image\" \/>\n<meta name=\"twitter:label1\" content=\"Est. reading time\" \/>\n\t<meta name=\"twitter:data1\" content=\"6 minutes\" \/>\n<script type=\"application\/ld+json\" class=\"yoast-schema-graph\">{\"@context\":\"https:\\\/\\\/schema.org\",\"@graph\":[{\"@type\":\"WebPage\",\"@id\":\"https:\\\/\\\/iai.int\\\/en\\\/curso-panamericano-de-resiliencia-para-sistemas-de-salud\\\/\",\"url\":\"https:\\\/\\\/iai.int\\\/en\\\/curso-panamericano-de-resiliencia-para-sistemas-de-salud\\\/\",\"name\":\"Pan American Climate Resilient Health Systems - IAI - Inter-American Institute for Global Change Research\",\"isPartOf\":{\"@id\":\"https:\\\/\\\/iai.int\\\/en\\\/#website\"},\"primaryImageOfPage\":{\"@id\":\"https:\\\/\\\/iai.int\\\/en\\\/curso-panamericano-de-resiliencia-para-sistemas-de-salud\\\/#primaryimage\"},\"image\":{\"@id\":\"https:\\\/\\\/iai.int\\\/en\\\/curso-panamericano-de-resiliencia-para-sistemas-de-salud\\\/#primaryimage\"},\"thumbnailUrl\":\"https:\\\/\\\/iai.int\\\/administrador\\\/assets\\\/images\\\/ckfinder\\\/files\\\/pan.png\",\"datePublished\":\"2024-09-14T22:49:04+00:00\",\"dateModified\":\"2025-07-30T03:06:12+00:00\",\"breadcrumb\":{\"@id\":\"https:\\\/\\\/iai.int\\\/en\\\/curso-panamericano-de-resiliencia-para-sistemas-de-salud\\\/#breadcrumb\"},\"inLanguage\":\"en-US\",\"potentialAction\":[{\"@type\":\"ReadAction\",\"target\":[\"https:\\\/\\\/iai.int\\\/en\\\/curso-panamericano-de-resiliencia-para-sistemas-de-salud\\\/\"]}]},{\"@type\":\"ImageObject\",\"inLanguage\":\"en-US\",\"@id\":\"https:\\\/\\\/iai.int\\\/en\\\/curso-panamericano-de-resiliencia-para-sistemas-de-salud\\\/#primaryimage\",\"url\":\"https:\\\/\\\/iai.int\\\/administrador\\\/assets\\\/images\\\/ckfinder\\\/files\\\/pan.png\",\"contentUrl\":\"https:\\\/\\\/iai.int\\\/administrador\\\/assets\\\/images\\\/ckfinder\\\/files\\\/pan.png\"},{\"@type\":\"BreadcrumbList\",\"@id\":\"https:\\\/\\\/iai.int\\\/en\\\/curso-panamericano-de-resiliencia-para-sistemas-de-salud\\\/#breadcrumb\",\"itemListElement\":[{\"@type\":\"ListItem\",\"position\":1,\"name\":\"Portada\",\"item\":\"https:\\\/\\\/iai.int\\\/en\\\/\"},{\"@type\":\"ListItem\",\"position\":2,\"name\":\"Pan American Climate Resilient Health Systems\"}]},{\"@type\":\"WebSite\",\"@id\":\"https:\\\/\\\/iai.int\\\/en\\\/#website\",\"url\":\"https:\\\/\\\/iai.int\\\/en\\\/\",\"name\":\"IAI - Inter-American Institute for Global Change Research\",\"description\":\"\",\"publisher\":{\"@id\":\"https:\\\/\\\/iai.int\\\/en\\\/#organization\"},\"potentialAction\":[{\"@type\":\"SearchAction\",\"target\":{\"@type\":\"EntryPoint\",\"urlTemplate\":\"https:\\\/\\\/iai.int\\\/en\\\/?s={search_term_string}\"},\"query-input\":{\"@type\":\"PropertyValueSpecification\",\"valueRequired\":true,\"valueName\":\"search_term_string\"}}],\"inLanguage\":\"en-US\"},{\"@type\":\"Organization\",\"@id\":\"https:\\\/\\\/iai.int\\\/en\\\/#organization\",\"name\":\"IAI - Inter-American Institute for Global Change Research\",\"url\":\"https:\\\/\\\/iai.int\\\/en\\\/\",\"logo\":{\"@type\":\"ImageObject\",\"inLanguage\":\"en-US\",\"@id\":\"https:\\\/\\\/iai.int\\\/en\\\/#\\\/schema\\\/logo\\\/image\\\/\",\"url\":\"https:\\\/\\\/iai.int\\\/wp-content\\\/uploads\\\/2025\\\/11\\\/IAI-logo-English-scaled.png\",\"contentUrl\":\"https:\\\/\\\/iai.int\\\/wp-content\\\/uploads\\\/2025\\\/11\\\/IAI-logo-English-scaled.png\",\"width\":2560,\"height\":985,\"caption\":\"IAI - Inter-American Institute for Global Change Research\"},\"image\":{\"@id\":\"https:\\\/\\\/iai.int\\\/en\\\/#\\\/schema\\\/logo\\\/image\\\/\"}}]}<\/script>\n<!-- \/ Yoast SEO plugin. -->","yoast_head_json":{"title":"Pan American Climate Resilient Health Systems - IAI - Inter-American Institute for Global Change Research","robots":{"index":"index","follow":"follow","max-snippet":"max-snippet:-1","max-image-preview":"max-image-preview:large","max-video-preview":"max-video-preview:-1"},"canonical":"https:\/\/iai.int\/en\/curso-panamericano-de-resiliencia-para-sistemas-de-salud\/","og_locale":"en_US","og_type":"article","og_title":"Pan American Climate Resilient Health Systems - IAI - Inter-American Institute for Global Change Research","og_description":"Acc\u00e9der \u00e0 la version fran\u00e7aise Introduction Health systems, including hospitals, are on the frontlines of climate change, bearing the costs of increasing disease burdens and more frequent extreme weather events while simultaneously inadvertently contributing to negative environmental and climate-related impacts. The goal of this course is to equip federal, regional, and local health systems planners, [&hellip;]","og_url":"https:\/\/iai.int\/en\/curso-panamericano-de-resiliencia-para-sistemas-de-salud\/","og_site_name":"IAI - Inter-American Institute for Global Change Research","article_modified_time":"2025-07-30T03:06:12+00:00","og_image":[{"url":"https:\/\/iai.int\/administrador\/assets\/images\/ckfinder\/files\/pan.png","type":"","width":"","height":""}],"twitter_card":"summary_large_image","twitter_misc":{"Est. reading time":"6 minutes"},"schema":{"@context":"https:\/\/schema.org","@graph":[{"@type":"WebPage","@id":"https:\/\/iai.int\/en\/curso-panamericano-de-resiliencia-para-sistemas-de-salud\/","url":"https:\/\/iai.int\/en\/curso-panamericano-de-resiliencia-para-sistemas-de-salud\/","name":"Pan American Climate Resilient Health Systems - IAI - Inter-American Institute for Global Change Research","isPartOf":{"@id":"https:\/\/iai.int\/en\/#website"},"primaryImageOfPage":{"@id":"https:\/\/iai.int\/en\/curso-panamericano-de-resiliencia-para-sistemas-de-salud\/#primaryimage"},"image":{"@id":"https:\/\/iai.int\/en\/curso-panamericano-de-resiliencia-para-sistemas-de-salud\/#primaryimage"},"thumbnailUrl":"https:\/\/iai.int\/administrador\/assets\/images\/ckfinder\/files\/pan.png","datePublished":"2024-09-14T22:49:04+00:00","dateModified":"2025-07-30T03:06:12+00:00","breadcrumb":{"@id":"https:\/\/iai.int\/en\/curso-panamericano-de-resiliencia-para-sistemas-de-salud\/#breadcrumb"},"inLanguage":"en-US","potentialAction":[{"@type":"ReadAction","target":["https:\/\/iai.int\/en\/curso-panamericano-de-resiliencia-para-sistemas-de-salud\/"]}]},{"@type":"ImageObject","inLanguage":"en-US","@id":"https:\/\/iai.int\/en\/curso-panamericano-de-resiliencia-para-sistemas-de-salud\/#primaryimage","url":"https:\/\/iai.int\/administrador\/assets\/images\/ckfinder\/files\/pan.png","contentUrl":"https:\/\/iai.int\/administrador\/assets\/images\/ckfinder\/files\/pan.png"},{"@type":"BreadcrumbList","@id":"https:\/\/iai.int\/en\/curso-panamericano-de-resiliencia-para-sistemas-de-salud\/#breadcrumb","itemListElement":[{"@type":"ListItem","position":1,"name":"Portada","item":"https:\/\/iai.int\/en\/"},{"@type":"ListItem","position":2,"name":"Pan American Climate Resilient Health Systems"}]},{"@type":"WebSite","@id":"https:\/\/iai.int\/en\/#website","url":"https:\/\/iai.int\/en\/","name":"IAI - Inter-American Institute for Global Change Research","description":"","publisher":{"@id":"https:\/\/iai.int\/en\/#organization"},"potentialAction":[{"@type":"SearchAction","target":{"@type":"EntryPoint","urlTemplate":"https:\/\/iai.int\/en\/?s={search_term_string}"},"query-input":{"@type":"PropertyValueSpecification","valueRequired":true,"valueName":"search_term_string"}}],"inLanguage":"en-US"},{"@type":"Organization","@id":"https:\/\/iai.int\/en\/#organization","name":"IAI - Inter-American Institute for Global Change Research","url":"https:\/\/iai.int\/en\/","logo":{"@type":"ImageObject","inLanguage":"en-US","@id":"https:\/\/iai.int\/en\/#\/schema\/logo\/image\/","url":"https:\/\/iai.int\/wp-content\/uploads\/2025\/11\/IAI-logo-English-scaled.png","contentUrl":"https:\/\/iai.int\/wp-content\/uploads\/2025\/11\/IAI-logo-English-scaled.png","width":2560,"height":985,"caption":"IAI - Inter-American Institute for Global Change Research"},"image":{"@id":"https:\/\/iai.int\/en\/#\/schema\/logo\/image\/"}}]}},"uagb_featured_image_src":{"full":false,"thumbnail":false,"medium":false,"medium_large":false,"large":false,"1536x1536":false,"2048x2048":false},"uagb_author_info":{"display_name":"admin","author_link":"https:\/\/iai.int\/en\/author\/admin\/"},"uagb_comment_info":0,"uagb_excerpt":"Acc\u00e9der \u00e0 la version fran\u00e7aise Introduction Health systems, including hospitals, are on the frontlines of climate change, bearing the costs of increasing disease burdens and more frequent extreme weather events while simultaneously inadvertently contributing to negative environmental and climate-related impacts. The goal of this course is to equip federal, regional, and local health systems planners,&hellip;","_links":{"self":[{"href":"https:\/\/iai.int\/en\/wp-json\/wp\/v2\/pages\/1691","targetHints":{"allow":["GET"]}}],"collection":[{"href":"https:\/\/iai.int\/en\/wp-json\/wp\/v2\/pages"}],"about":[{"href":"https:\/\/iai.int\/en\/wp-json\/wp\/v2\/types\/page"}],"author":[{"embeddable":true,"href":"https:\/\/iai.int\/en\/wp-json\/wp\/v2\/users\/1"}],"replies":[{"embeddable":true,"href":"https:\/\/iai.int\/en\/wp-json\/wp\/v2\/comments?post=1691"}],"version-history":[{"count":2,"href":"https:\/\/iai.int\/en\/wp-json\/wp\/v2\/pages\/1691\/revisions"}],"predecessor-version":[{"id":6348,"href":"https:\/\/iai.int\/en\/wp-json\/wp\/v2\/pages\/1691\/revisions\/6348"}],"wp:attachment":[{"href":"https:\/\/iai.int\/en\/wp-json\/wp\/v2\/media?parent=1691"}],"curies":[{"name":"wp","href":"https:\/\/api.w.org\/{rel}","templated":true}]}}