{"id":1689,"date":"2024-09-14T19:51:52","date_gmt":"2024-09-14T22:51:52","guid":{"rendered":"https:\/\/iai.int\/curso-respuesta-al-cambio-climatico-para-la-salud-en-latinoamerica\/"},"modified":"2025-07-29T22:10:46","modified_gmt":"2025-07-30T03:10:46","slug":"curso-respuesta-al-cambio-climatico-para-la-salud-en-latinoamerica","status":"publish","type":"page","link":"https:\/\/iai.int\/en\/curso-respuesta-al-cambio-climatico-para-la-salud-en-latinoamerica\/","title":{"rendered":"CLIMATE AND HEALTH RESPONDER COURSE FOR LATIN AMERICA"},"content":{"rendered":"\n<p>The Climate and Health Responder Course for Latin America is a self-paced, open and free course with a certificate organized by the Inter-American Institute for Global Change Research (IAI), the Pan American Health Organization (PAHO), and the Global Consortium on Climate and Health Education (GCCHE) based at Columbia University (USA). <br\/><br\/><\/p>\n\n<figure class=\"wp-block-image\"><img decoding=\"async\" src=\"https:\/\/iai.int\/administrador\/assets\/images\/ckfinder\/files\/gcche_latinam_forest.jpg\" alt=\"\"\/><\/figure>\n\n<p>The course aims to engage the public health research and academic communities to facilitate climate and health research used to inform health and policy decisions. This course serves as an introduction to the cutting-edge of climate and health research, explores case studies of successful implementation, and opportunities for engagement. <br\/><br\/><\/p>\n\n<p>Climate change is the biggest global health threat of the 21st century, and tackling climate change is one of our greatest opportunities for building and strengthening public health systems. To meet the emerging health needs imposed by climate change, both academic and research communities are urgently needed to further our understanding of the health impacts of climate change and adaptation options including: monitoring, projections, early-warning systems, and epidemiological surveillance of health outcomes. Simultaneously, close cooperation is needed with policy makers and health decision makers to ensure new knowledge can be translated into practice. <br\/><br\/><\/p>\n\n<figure class=\"wp-block-image\"><img decoding=\"async\" src=\"https:\/\/iai.int\/administrador\/assets\/images\/ckfinder\/files\/gcche_latinam_glacier.jpg\" alt=\"\"\/><\/figure>\n\n<h3 class=\"wp-block-heading\">TARGET AUDIENCE: <\/h3>\n\n<p>Academics, health researchers, environmental researchers, health professionals, health leaders, climate leaders, students and funders.<br\/><br\/><\/p>\n\n<h3 class=\"wp-block-heading\">COURSE STRUCTURE:<\/h3>\n\n<p>The course consists of didactic sessions with international experts supported by slides.<br\/><br\/><\/p>\n\n<h3 class=\"wp-block-heading\">COURSE OBJECTIVES:<\/h3>\n\n<p>Equip public health researchers with a knowledge base regarding the impacts of climate change on health<br\/><\/p>\n\n<p>Enable researchers to understand current methodologies and approaches used to establish connections between climate change and health impacts, assess attribution, access meteorological and climate data collection, develop monitoring systems and projections, undertake epidemiological surveillance, develop early warning systems, and create mechanisms to monitor and evaluate climate change interventions.<br\/><\/p>\n\n<p>Enable participants to engage in research that informs health policy action and implementation<br\/><\/p>\n\n<h3 class=\"wp-block-heading\">SESSION TOPICS: <\/h3>\n\n<figure class=\"wp-block-image\"><img decoding=\"async\" src=\"https:\/\/iai.int\/administrador\/assets\/images\/ckfinder\/files\/5456456.png\" alt=\"\"\/><\/figure>\n\n<p><p style=\"font-weight: 300;\"><b>Session 1 &#8211; Climate Change and Health<\/b><\/p><\/p>\n\n<p>Dr. Gilma Mantilla, Pontificia Universidad Javeriana<\/p>\n\n<p><a href=\"https:\/\/youtu.be\/PCdvMM7jKu8\">Video Recording<\/a>\u00a0 |\u00a0 <a href=\"https:\/\/iai.int\/administrador\/assets\/images\/ckfinder\/files\/SESSION%201%20-%20SLIDE%20DECK.pdf\">Slide Deck<\/a>\u00a0 | <a href=\"https:\/\/iai.int\/administrador\/assets\/images\/ckfinder\/files\/SESSION%201%20-%20RECOMMENDED%20READING.pdf\">Recommended Reading<\/a><\/p>\n\n<p><p style=\"font-weight: 300;\"><b>Session 2 &#8211; Climate Vulnerability and Risk<\/b><\/p><\/p>\n\n<p>Dr. Mercy Borbor-C\u00f3rdova, Escuela Superior Polit\u00e9cnica del Litoral<\/p>\n\n<p><a href=\"https:\/\/youtu.be\/bh-je_g-5IU\">Video Recording<\/a> |\u00a0 <a href=\"https:\/\/iai.int\/administrador\/assets\/images\/ckfinder\/files\/SESSION%202%20-%20SLIDE%20DECK.pdf\">Slide Deck <\/a>\u00a0| <a href=\"https:\/\/iai.int\/administrador\/assets\/images\/ckfinder\/files\/SESSION%202%20-%20RECOMMENDED%20READING.pdf\">Recommended Reading<\/a><\/p>\n\n<p><p style=\"font-weight: 300;\"><b>Session 3 &#8211; Degraded Air Quality and Wildfires<\/b><\/p><\/p>\n\n<p>Dr. Liana Anderson, Centro de Monitoramento e Alerta de Desastres Naturais, Brazil<\/p>\n\n<p>Dr. Luis Jorge Hern\u00e1ndez Fl\u00f3rez,\u00a0 Facultad de Medicina\u00a0 Universidad de los Andes<\/p>\n\n<p><p style=\"font-weight: 300;\"><a href=\"https:\/\/youtu.be\/7HfynLFHifQ\"><b>Video Recording<\/b><\/a> <b>|\u00a0 <\/b><a href=\"https:\/\/iai.int\/administrador\/assets\/images\/ckfinder\/files\/SESSION%203%20-%20SLIDE%20DECK.pdf\"><b>Slide Deck<\/b><\/a><b>\u00a0 |\u00a0 <\/b><a href=\"https:\/\/iai.int\/administrador\/assets\/images\/ckfinder\/files\/SESSION%203%20-%20CASE%20STUDY.pdf\"><b>Case Study<\/b><\/a><b>\u00a0 | <\/b><a href=\"https:\/\/iai.int\/administrador\/assets\/images\/ckfinder\/files\/SESSION%203%20-%20RECOMMENDED%20READING.pdf\"><b>Recommended Reading<\/b><\/a><\/p><\/p>\n\n<p><p style=\"font-weight: 300;\"><b>Session 4 -Temperature Extremes and Climate Change<\/b><\/p><\/p>\n\n<p>Dr. Ram\u00f3n Garc\u00eda Trabanino, Consejo del Instituto de Educaci\u00f3n Continua de la SLANH<\/p>\n\n<p>Esp. Francisco Chesini, Ministerio de Salud de la Naci\u00f3n\u00a0<\/p>\n\n<p><p style=\"font-weight: 300;\"><a href=\"https:\/\/youtu.be\/sA-nH_ZK8wU\"><b>Video Recording<\/b><\/a> <b>\u00a0|\u00a0 <\/b><a href=\"https:\/\/iai.int\/administrador\/assets\/images\/ckfinder\/files\/SESSION%204%20-%20SLIDE%20DECK.pdf\"><b>Slide Deck\u00a0 <\/b><\/a><b>| <\/b><a href=\"https:\/\/iai.int\/administrador\/assets\/images\/ckfinder\/files\/SESSION%204%20-%20CASE%20STUDY.pdf\"><b>\u00a0Case Study<\/b><\/a><b>\u00a0 | <\/b><a href=\"https:\/\/iai.int\/administrador\/assets\/images\/ckfinder\/files\/SESSION%204%20-%20RECOMMENDED%20READING.pdf\"><b>Recommended Reading<\/b><\/a><\/p><\/p>\n\n<p><p style=\"font-weight: 300;\"><b>Session 5 &#8211; El ni\u00f1o\/La ni\u00f1a Effects\/extra-tropical cyclones<\/b><\/p><\/p>\n\n<p>Dr. Juan Jos\u00e9 Nieto, Centro Internacional para la Investigaci\u00f3n del Fen\u00f3meno de El Ni\u00f1o<\/p>\n\n<p>Dr. Carolina Portaluppi-Castro,\u00a0 Universidad Casa Grande, consultora PNUD<\/p>\n\n<p><p style=\"font-weight: 300;\"><a href=\"https:\/\/youtu.be\/Q4XahpTw-Bs\"><b>Video Recording<\/b><\/a> <b>\u00a0|\u00a0 <\/b><a href=\"https:\/\/iai.int\/administrador\/assets\/images\/ckfinder\/files\/SESSION%205%20-%20SLIDE%20DECK.pdf\"><b>Slide Deck <\/b><\/a><b>\u00a0| <\/b><a href=\"https:\/\/iai.int\/administrador\/assets\/images\/ckfinder\/files\/SESSION%205%20-%20CASE%20STUDY.pdf\"><b>\u00a0Case Study<\/b><\/a><b>\u00a0 | <\/b><a href=\"https:\/\/iai.int\/administrador\/assets\/images\/ckfinder\/files\/SESSION%205%20-%20RECOMMENDED%20READING.pdf\"><b>Recommended Reading<\/b><\/a><\/p><\/p>\n\n<p><p style=\"font-weight: 300;\"><b>Session 6 &#8211; Food and Water Safety and Security\u00a0<\/b><\/p><\/p>\n\n<p>Dr. Walter E. Baethgen, International Research Institute, The Earth Institute at Columbia University<\/p>\n\n<p>Dr. Vivian Camacho, Ministerio de Salud, Bolivia<\/p>\n\n<p><p style=\"font-weight: 300;\"><a href=\"https:\/\/youtu.be\/h562NJNCSyQ\"><b>Video Recording<\/b><\/a> <b>\u00a0|\u00a0 <\/b><a href=\"https:\/\/iai.int\/administrador\/assets\/images\/ckfinder\/files\/SESSION%206%20-%20SLIDE%20DECK.pdf\"><b>Slide Deck<\/b><\/a><b>\u00a0 |\u00a0 <\/b><a href=\"https:\/\/iai.int\/administrador\/assets\/images\/ckfinder\/files\/SESSION%206%20-%20CASE%20STUDY.pdf\"><b>Case Study <\/b><\/a><b>\u00a0|<\/b><a href=\"https:\/\/iai.int\/administrador\/assets\/images\/ckfinder\/files\/SESSION%206%20-%20RECOMMENDED%20READINGS.pdf\"><b> Recommended Reading<\/b><\/a><\/p><\/p>\n\n<p><p style=\"font-weight: 300;\"><b>Session 7 &#8211; Vector-borne and Zoonotic Diseases<\/b><\/p><\/p>\n\n<p>Dr. Elizabet Lilia Estallo, Instituto de Investigaciones Biol\u00f3gicas y Tecnol\u00f3gicas\u00a0<\/p>\n\n<p>Dr. Mar\u00eda Soledad L\u00f3pez, Centro de Estudios de Variabilidad y Cambio Clim\u00e1tico (FICH)<\/p>\n\n<p><p style=\"font-weight: 300;\"><a href=\"https:\/\/youtu.be\/SYFgfRLnOTo\"><b>Video Recording<\/b><\/a><b>\u00a0 |\u00a0 <\/b><a href=\"https:\/\/iai.int\/administrador\/assets\/images\/ckfinder\/files\/SESSION%207%20-%20SLIDE%20DECK.pdf\"><b>Slide Deck<\/b><\/a><b>\u00a0 |\u00a0 <\/b><a href=\"https:\/\/iai.int\/administrador\/assets\/images\/ckfinder\/files\/SESSION%207%20-%20CASE%20STUDY.pdf\"><b>Case Study<\/b><\/a><b>\u00a0 | <\/b><a href=\"https:\/\/iai.int\/administrador\/assets\/images\/ckfinder\/files\/SESSION%207%20-%20RECOMMENDED%20READING.pdf\"><b>Recommended Reading<\/b><\/a><\/p><\/p>\n\n<p><p style=\"font-weight: 300;\"><b>Session 8 &#8211; Data Collection and Surveillance<\/b><\/p><\/p>\n\n<p>Dr. Rachel Lowe, London School of Hygiene &amp; Tropical Medicine<\/p>\n\n<p>Dr. Christovam Barcellos, Fundaci\u00f3n Oswaldo Cruz (Fiocruz) Brazil<\/p>\n\n<p><p style=\"font-weight: 300;\"><a href=\"https:\/\/youtu.be\/jY9PjOR-9RQ\"><b>Video Recording<\/b><\/a><b>\u00a0 |\u00a0 <\/b><a href=\"https:\/\/iai.int\/administrador\/assets\/images\/ckfinder\/files\/SESSION%208%20-%20SLIDE%20DECK.pdf\"><b>Slide Deck<\/b><\/a><b>\u00a0 | <\/b><a href=\"https:\/\/iai.int\/administrador\/assets\/images\/ckfinder\/files\/SESSION%208%20-%20CASE%20STUDY.pdf\"><b>\u00a0Case Study<\/b><\/a><b>\u00a0 | <\/b><a href=\"https:\/\/iai.int\/administrador\/assets\/images\/ckfinder\/files\/SESSION%208%20-%20RECOMMENDED%20READINGS.pdf\"><b>Recommended Reading<\/b><\/a><\/p><\/p>\n\n<p><p style=\"font-weight: 300;\"><b>Session 9 &#8211; Climate Adaptation and Mitigation (Co-Benefits)<\/b><\/p><\/p>\n\n<p>Dr. Carmen Ciganda, Ministerio de Salud P\u00fablica de Uruguay<\/p>\n\n<p>Dr. David Rojas-Rueda, Colorado State University Environmental and Radiological Health Sciences<\/p>\n\n<p><p style=\"font-weight: 300;\"><a href=\"https:\/\/youtu.be\/Iwk3E6g4PsQ\"><b>Video Recording<\/b><\/a><b>\u00a0 |\u00a0 <\/b><a href=\"https:\/\/iai.int\/administrador\/assets\/images\/ckfinder\/files\/SESSION%209%20-%20SLIDE%20DECK.pdf\"><b>Slide Deck <\/b><\/a><b>\u00a0|\u00a0 <\/b><a href=\"https:\/\/iai.int\/administrador\/assets\/images\/ckfinder\/files\/SESSION%209%20-%20CASE%20STUDY.pdf\"><b>Case Study <\/b><\/a><b>\u00a0| <\/b><a href=\"https:\/\/iai.int\/administrador\/assets\/images\/ckfinder\/files\/SESSION%209%20-%20RECOMMENDED%20READINGS.pdf\"><b>Recommended Reading<\/b><\/a><\/p><\/p>\n\n<p><p style=\"font-weight: 300;\"><b>Session 10 &#8211; Regional Climate Change Guidance (public policy)<\/b><\/p><\/p>\n\n<p>Dr. Daniel Buss, Organizaci\u00f3n Panamericana de la Salud<\/p>\n\n<p>Dr. Stella Hartinger, Universidad Peruana Cayetano Heredia Unidad de Desarrollo Integral, Ambiente y Salud<\/p>\n\n<p><p style=\"font-weight: 300;\"><a href=\"https:\/\/youtu.be\/QmJzEs8-UFw\"><b>Video Recording<\/b><\/a> <b>\u00a0|\u00a0 <\/b><a href=\"https:\/\/iai.int\/administrador\/assets\/images\/ckfinder\/files\/SESSION%2010%20-%20SLIDE%20DECK.pdf\"><b>Slide Deck <\/b><\/a><b>\u00a0|\u00a0 <\/b><a href=\"https:\/\/iai.int\/administrador\/assets\/images\/ckfinder\/files\/SESSION%2010%20-%20CASE%20STUDY.pdf\"><b>Case Study<\/b><\/a><b>\u00a0 | <\/b><a href=\"https:\/\/iai.int\/administrador\/assets\/images\/ckfinder\/files\/SESSION%2010%20-%20RECOMMENDED%20READINGS.pdf\"><b>Recommended Reading<\/b><\/a><\/p><\/p>\n\n<figure class=\"wp-block-image\"><img decoding=\"async\" src=\"https:\/\/iai.int\/administrador\/assets\/images\/ckfinder\/files\/gcche_latinamlogosnew.png\" alt=\"\"\/><\/figure>\n","protected":false},"excerpt":{"rendered":"<p>The Climate and Health Responder Course for Latin America is a self-paced, open and free course with a certificate organized by the Inter-American Institute for Global Change Research (IAI), the Pan American Health Organization (PAHO), and the Global Consortium on Climate and Health Education (GCCHE) based at Columbia University (USA). The course aims to engage [&hellip;]<\/p>\n","protected":false},"author":1,"featured_media":0,"parent":0,"menu_order":0,"comment_status":"closed","ping_status":"closed","template":"","meta":{"_acf_changed":false,"_uag_custom_page_level_css":"","footnotes":""},"class_list":["post-1689","page","type-page","status-publish","hentry"],"acf":[],"yoast_head":"<!-- This site is optimized with the Yoast SEO plugin v27.3 - https:\/\/yoast.com\/product\/yoast-seo-wordpress\/ -->\n<title>CLIMATE AND HEALTH RESPONDER COURSE FOR LATIN AMERICA - IAI - Inter-American Institute for Global Change Research<\/title>\n<meta name=\"robots\" content=\"index, follow, max-snippet:-1, max-image-preview:large, max-video-preview:-1\" \/>\n<link rel=\"canonical\" href=\"https:\/\/iai.int\/en\/curso-respuesta-al-cambio-climatico-para-la-salud-en-latinoamerica\/\" \/>\n<meta property=\"og:locale\" content=\"en_US\" \/>\n<meta property=\"og:type\" content=\"article\" \/>\n<meta property=\"og:title\" content=\"CLIMATE AND HEALTH RESPONDER COURSE FOR LATIN AMERICA - IAI - Inter-American Institute for Global Change Research\" \/>\n<meta property=\"og:description\" content=\"The Climate and Health Responder Course for Latin America is a self-paced, open and free course with a certificate organized by the Inter-American Institute for Global Change Research (IAI), the Pan American Health Organization (PAHO), and the Global Consortium on Climate and Health Education (GCCHE) based at Columbia University (USA). The course aims to engage [&hellip;]\" \/>\n<meta property=\"og:url\" content=\"https:\/\/iai.int\/en\/curso-respuesta-al-cambio-climatico-para-la-salud-en-latinoamerica\/\" \/>\n<meta property=\"og:site_name\" content=\"IAI - Inter-American Institute for Global Change Research\" \/>\n<meta property=\"article:modified_time\" content=\"2025-07-30T03:10:46+00:00\" \/>\n<meta property=\"og:image\" content=\"https:\/\/iai.int\/administrador\/assets\/images\/ckfinder\/files\/gcche_latinam_forest.jpg\" \/>\n<meta name=\"twitter:card\" content=\"summary_large_image\" \/>\n<meta name=\"twitter:label1\" content=\"Est. reading time\" \/>\n\t<meta name=\"twitter:data1\" content=\"3 minutes\" \/>\n<script type=\"application\/ld+json\" class=\"yoast-schema-graph\">{\"@context\":\"https:\\\/\\\/schema.org\",\"@graph\":[{\"@type\":\"WebPage\",\"@id\":\"https:\\\/\\\/iai.int\\\/en\\\/curso-respuesta-al-cambio-climatico-para-la-salud-en-latinoamerica\\\/\",\"url\":\"https:\\\/\\\/iai.int\\\/en\\\/curso-respuesta-al-cambio-climatico-para-la-salud-en-latinoamerica\\\/\",\"name\":\"CLIMATE AND HEALTH RESPONDER COURSE FOR LATIN AMERICA - IAI - Inter-American Institute for Global Change Research\",\"isPartOf\":{\"@id\":\"https:\\\/\\\/iai.int\\\/en\\\/#website\"},\"primaryImageOfPage\":{\"@id\":\"https:\\\/\\\/iai.int\\\/en\\\/curso-respuesta-al-cambio-climatico-para-la-salud-en-latinoamerica\\\/#primaryimage\"},\"image\":{\"@id\":\"https:\\\/\\\/iai.int\\\/en\\\/curso-respuesta-al-cambio-climatico-para-la-salud-en-latinoamerica\\\/#primaryimage\"},\"thumbnailUrl\":\"https:\\\/\\\/iai.int\\\/administrador\\\/assets\\\/images\\\/ckfinder\\\/files\\\/gcche_latinam_forest.jpg\",\"datePublished\":\"2024-09-14T22:51:52+00:00\",\"dateModified\":\"2025-07-30T03:10:46+00:00\",\"breadcrumb\":{\"@id\":\"https:\\\/\\\/iai.int\\\/en\\\/curso-respuesta-al-cambio-climatico-para-la-salud-en-latinoamerica\\\/#breadcrumb\"},\"inLanguage\":\"en-US\",\"potentialAction\":[{\"@type\":\"ReadAction\",\"target\":[\"https:\\\/\\\/iai.int\\\/en\\\/curso-respuesta-al-cambio-climatico-para-la-salud-en-latinoamerica\\\/\"]}]},{\"@type\":\"ImageObject\",\"inLanguage\":\"en-US\",\"@id\":\"https:\\\/\\\/iai.int\\\/en\\\/curso-respuesta-al-cambio-climatico-para-la-salud-en-latinoamerica\\\/#primaryimage\",\"url\":\"https:\\\/\\\/iai.int\\\/administrador\\\/assets\\\/images\\\/ckfinder\\\/files\\\/gcche_latinam_forest.jpg\",\"contentUrl\":\"https:\\\/\\\/iai.int\\\/administrador\\\/assets\\\/images\\\/ckfinder\\\/files\\\/gcche_latinam_forest.jpg\"},{\"@type\":\"BreadcrumbList\",\"@id\":\"https:\\\/\\\/iai.int\\\/en\\\/curso-respuesta-al-cambio-climatico-para-la-salud-en-latinoamerica\\\/#breadcrumb\",\"itemListElement\":[{\"@type\":\"ListItem\",\"position\":1,\"name\":\"Portada\",\"item\":\"https:\\\/\\\/iai.int\\\/en\\\/\"},{\"@type\":\"ListItem\",\"position\":2,\"name\":\"CLIMATE AND HEALTH RESPONDER COURSE FOR LATIN AMERICA\"}]},{\"@type\":\"WebSite\",\"@id\":\"https:\\\/\\\/iai.int\\\/en\\\/#website\",\"url\":\"https:\\\/\\\/iai.int\\\/en\\\/\",\"name\":\"IAI - Inter-American Institute for Global Change Research\",\"description\":\"\",\"publisher\":{\"@id\":\"https:\\\/\\\/iai.int\\\/en\\\/#organization\"},\"potentialAction\":[{\"@type\":\"SearchAction\",\"target\":{\"@type\":\"EntryPoint\",\"urlTemplate\":\"https:\\\/\\\/iai.int\\\/en\\\/?s={search_term_string}\"},\"query-input\":{\"@type\":\"PropertyValueSpecification\",\"valueRequired\":true,\"valueName\":\"search_term_string\"}}],\"inLanguage\":\"en-US\"},{\"@type\":\"Organization\",\"@id\":\"https:\\\/\\\/iai.int\\\/en\\\/#organization\",\"name\":\"IAI - Inter-American Institute for Global Change Research\",\"url\":\"https:\\\/\\\/iai.int\\\/en\\\/\",\"logo\":{\"@type\":\"ImageObject\",\"inLanguage\":\"en-US\",\"@id\":\"https:\\\/\\\/iai.int\\\/en\\\/#\\\/schema\\\/logo\\\/image\\\/\",\"url\":\"https:\\\/\\\/iai.int\\\/wp-content\\\/uploads\\\/2025\\\/11\\\/IAI-logo-English-scaled.png\",\"contentUrl\":\"https:\\\/\\\/iai.int\\\/wp-content\\\/uploads\\\/2025\\\/11\\\/IAI-logo-English-scaled.png\",\"width\":2560,\"height\":985,\"caption\":\"IAI - Inter-American Institute for Global Change Research\"},\"image\":{\"@id\":\"https:\\\/\\\/iai.int\\\/en\\\/#\\\/schema\\\/logo\\\/image\\\/\"}}]}<\/script>\n<!-- \/ Yoast SEO plugin. -->","yoast_head_json":{"title":"CLIMATE AND HEALTH RESPONDER COURSE FOR LATIN AMERICA - IAI - Inter-American Institute for Global Change Research","robots":{"index":"index","follow":"follow","max-snippet":"max-snippet:-1","max-image-preview":"max-image-preview:large","max-video-preview":"max-video-preview:-1"},"canonical":"https:\/\/iai.int\/en\/curso-respuesta-al-cambio-climatico-para-la-salud-en-latinoamerica\/","og_locale":"en_US","og_type":"article","og_title":"CLIMATE AND HEALTH RESPONDER COURSE FOR LATIN AMERICA - IAI - Inter-American Institute for Global Change Research","og_description":"The Climate and Health Responder Course for Latin America is a self-paced, open and free course with a certificate organized by the Inter-American Institute for Global Change Research (IAI), the Pan American Health Organization (PAHO), and the Global Consortium on Climate and Health Education (GCCHE) based at Columbia University (USA). The course aims to engage [&hellip;]","og_url":"https:\/\/iai.int\/en\/curso-respuesta-al-cambio-climatico-para-la-salud-en-latinoamerica\/","og_site_name":"IAI - Inter-American Institute for Global Change Research","article_modified_time":"2025-07-30T03:10:46+00:00","og_image":[{"url":"https:\/\/iai.int\/administrador\/assets\/images\/ckfinder\/files\/gcche_latinam_forest.jpg","type":"","width":"","height":""}],"twitter_card":"summary_large_image","twitter_misc":{"Est. reading time":"3 minutes"},"schema":{"@context":"https:\/\/schema.org","@graph":[{"@type":"WebPage","@id":"https:\/\/iai.int\/en\/curso-respuesta-al-cambio-climatico-para-la-salud-en-latinoamerica\/","url":"https:\/\/iai.int\/en\/curso-respuesta-al-cambio-climatico-para-la-salud-en-latinoamerica\/","name":"CLIMATE AND HEALTH RESPONDER COURSE FOR LATIN AMERICA - IAI - Inter-American Institute for Global Change Research","isPartOf":{"@id":"https:\/\/iai.int\/en\/#website"},"primaryImageOfPage":{"@id":"https:\/\/iai.int\/en\/curso-respuesta-al-cambio-climatico-para-la-salud-en-latinoamerica\/#primaryimage"},"image":{"@id":"https:\/\/iai.int\/en\/curso-respuesta-al-cambio-climatico-para-la-salud-en-latinoamerica\/#primaryimage"},"thumbnailUrl":"https:\/\/iai.int\/administrador\/assets\/images\/ckfinder\/files\/gcche_latinam_forest.jpg","datePublished":"2024-09-14T22:51:52+00:00","dateModified":"2025-07-30T03:10:46+00:00","breadcrumb":{"@id":"https:\/\/iai.int\/en\/curso-respuesta-al-cambio-climatico-para-la-salud-en-latinoamerica\/#breadcrumb"},"inLanguage":"en-US","potentialAction":[{"@type":"ReadAction","target":["https:\/\/iai.int\/en\/curso-respuesta-al-cambio-climatico-para-la-salud-en-latinoamerica\/"]}]},{"@type":"ImageObject","inLanguage":"en-US","@id":"https:\/\/iai.int\/en\/curso-respuesta-al-cambio-climatico-para-la-salud-en-latinoamerica\/#primaryimage","url":"https:\/\/iai.int\/administrador\/assets\/images\/ckfinder\/files\/gcche_latinam_forest.jpg","contentUrl":"https:\/\/iai.int\/administrador\/assets\/images\/ckfinder\/files\/gcche_latinam_forest.jpg"},{"@type":"BreadcrumbList","@id":"https:\/\/iai.int\/en\/curso-respuesta-al-cambio-climatico-para-la-salud-en-latinoamerica\/#breadcrumb","itemListElement":[{"@type":"ListItem","position":1,"name":"Portada","item":"https:\/\/iai.int\/en\/"},{"@type":"ListItem","position":2,"name":"CLIMATE AND HEALTH RESPONDER COURSE FOR LATIN AMERICA"}]},{"@type":"WebSite","@id":"https:\/\/iai.int\/en\/#website","url":"https:\/\/iai.int\/en\/","name":"IAI - Inter-American Institute for Global Change Research","description":"","publisher":{"@id":"https:\/\/iai.int\/en\/#organization"},"potentialAction":[{"@type":"SearchAction","target":{"@type":"EntryPoint","urlTemplate":"https:\/\/iai.int\/en\/?s={search_term_string}"},"query-input":{"@type":"PropertyValueSpecification","valueRequired":true,"valueName":"search_term_string"}}],"inLanguage":"en-US"},{"@type":"Organization","@id":"https:\/\/iai.int\/en\/#organization","name":"IAI - Inter-American Institute for Global Change Research","url":"https:\/\/iai.int\/en\/","logo":{"@type":"ImageObject","inLanguage":"en-US","@id":"https:\/\/iai.int\/en\/#\/schema\/logo\/image\/","url":"https:\/\/iai.int\/wp-content\/uploads\/2025\/11\/IAI-logo-English-scaled.png","contentUrl":"https:\/\/iai.int\/wp-content\/uploads\/2025\/11\/IAI-logo-English-scaled.png","width":2560,"height":985,"caption":"IAI - Inter-American Institute for Global Change Research"},"image":{"@id":"https:\/\/iai.int\/en\/#\/schema\/logo\/image\/"}}]}},"uagb_featured_image_src":{"full":false,"thumbnail":false,"medium":false,"medium_large":false,"large":false,"1536x1536":false,"2048x2048":false},"uagb_author_info":{"display_name":"admin","author_link":"https:\/\/iai.int\/en\/author\/admin\/"},"uagb_comment_info":0,"uagb_excerpt":"The Climate and Health Responder Course for Latin America is a self-paced, open and free course with a certificate organized by the Inter-American Institute for Global Change Research (IAI), the Pan American Health Organization (PAHO), and the Global Consortium on Climate and Health Education (GCCHE) based at Columbia University (USA). The course aims to engage&hellip;","_links":{"self":[{"href":"https:\/\/iai.int\/en\/wp-json\/wp\/v2\/pages\/1689","targetHints":{"allow":["GET"]}}],"collection":[{"href":"https:\/\/iai.int\/en\/wp-json\/wp\/v2\/pages"}],"about":[{"href":"https:\/\/iai.int\/en\/wp-json\/wp\/v2\/types\/page"}],"author":[{"embeddable":true,"href":"https:\/\/iai.int\/en\/wp-json\/wp\/v2\/users\/1"}],"replies":[{"embeddable":true,"href":"https:\/\/iai.int\/en\/wp-json\/wp\/v2\/comments?post=1689"}],"version-history":[{"count":2,"href":"https:\/\/iai.int\/en\/wp-json\/wp\/v2\/pages\/1689\/revisions"}],"predecessor-version":[{"id":6350,"href":"https:\/\/iai.int\/en\/wp-json\/wp\/v2\/pages\/1689\/revisions\/6350"}],"wp:attachment":[{"href":"https:\/\/iai.int\/en\/wp-json\/wp\/v2\/media?parent=1689"}],"curies":[{"name":"wp","href":"https:\/\/api.w.org\/{rel}","templated":true}]}}