{"id":1686,"date":"2024-09-16T11:32:36","date_gmt":"2024-09-16T16:32:36","guid":{"rendered":"https:\/\/iai.int\/respuesta-en-clima-y-ambiente-para-la-salud-en-las-americas-del-conocimiento-y-la-formacion-transdisciplinarios-a-las-politicas-publicas\/"},"modified":"2025-09-28T12:47:12","modified_gmt":"2025-09-28T17:47:12","slug":"respuesta-en-clima-y-ambiente-para-la-salud-en-las-americas-del-conocimiento-y-la-formacion-transdisciplinarios-a-las-politicas-publicas","status":"publish","type":"page","link":"https:\/\/iai.int\/en\/respuesta-en-clima-y-ambiente-para-la-salud-en-las-americas-del-conocimiento-y-la-formacion-transdisciplinarios-a-las-politicas-publicas\/","title":{"rendered":"Climate, Environment and Health for the Americas &#8211; Mobilizing transdisciplinary knowledge and training for policy action"},"content":{"rendered":"\n<p>Climate, environment and health response in the Americas<\/p>\n\n\n\n<figure class=\"wp-block-table\"><table><tbody><tr><td>ID<\/td><td>Title<\/td><td>Principal Investigator (PI)<\/td><td>Participant countries<\/td><td>Budget (USD)<\/td><td>Co-funding offered (USD)<\/td><\/tr><tr><td>SG-01<\/td><td><a href=\"https:\/\/iai.int\/es\/sg-01\/\" data-type=\"page\" data-id=\"987\">Multidimensional vulnerability to dengue and diarrhea<\/a><\/td><td>Bertha Luz Pineda Restrepo<\/td><td>Peru, USA, Costa Rica<\/td><td>15.000<\/td><td>22,250<\/td><\/tr><tr><td>SG-02<\/td><td><a href=\"https:\/\/iai.int\/es\/sg-02\/\" data-type=\"page\" data-id=\"992\">Institutional health capacity in the face of climate change<\/a><\/td><td>Gustavo Adolfo Estrada<\/td><td>Guatemala, Argentina<\/td><td>30.000<\/td><td>13,200<\/td><\/tr><tr><td>SG-03<\/td><td><a href=\"https:\/\/iai.int\/es\/sg-03\/\" data-type=\"page\" data-id=\"995\">Salmonella Water Quality Satellite<\/a><\/td><td>Rayana Palharini<\/td><td>Chile<\/td><td>15.000<\/td><td>6,000<\/td><\/tr><tr><td>SG-04<\/td><td><a href=\"https:\/\/iai.int\/es\/sg-04\/\" data-type=\"page\" data-id=\"1000\">Extreme heat in Mexico City<\/a><\/td><td>Leticia G\u00f3mez Mendoza<\/td><td>M\u00e9xico<\/td><td>15,000<\/td><td>4,736<\/td><\/tr><tr><td>SG-06<\/td><td><a href=\"https:\/\/iai.int\/en\/sg-06\/\" data-type=\"page\" data-id=\"7752\">Ayllu resilience mechanism to face the effects of climate change<\/a><\/td><td>Noemi Tirado Bustillos<\/td><td>Bolivia<\/td><td>15,000<\/td><td>35,327<\/td><\/tr><tr><td>SG-07<\/td><td><a href=\"https:\/\/iai.int\/es\/sg-07\/\" data-type=\"page\" data-id=\"1004\">Heat waves and older people in Buenos Aires<\/a><\/td><td>Ana Torlaschi<\/td><td>Argentina<\/td><td>15,000<\/td><td>26,500<\/td><\/tr><tr><td>SG-08<\/td><td><a href=\"https:\/\/iai.int\/es\/sg-08\/\" data-type=\"page\" data-id=\"1007\">Women in the Agroecology Network of Uruguay<\/a><\/td><td>Soledad Ni\u00f3n Celio<\/td><td>Uruguay, Argentina<\/td><td>14,950<\/td><td>26,393<\/td><\/tr><tr><td>SG-09<\/td><td><a href=\"https:\/\/iai.int\/es\/sg-09\/\" data-type=\"page\" data-id=\"1010\">Risk Reduction Planning Hotel Sector<\/a><\/td><td>Kalim Shah<\/td><td>USA, Guyana, Jamaica, Trinidad and Tobago<\/td><td>15,000<\/td><td>16,303<\/td><\/tr><tr><td>SG-11<\/td><td><a href=\"https:\/\/iai.int\/es\/sg-11\/\" data-type=\"page\" data-id=\"1013\">Climate, Environment and Health data platform<\/a><\/td><td>Sonia Mu\u00f1oz<\/td><td>Argentina, Brasil, Chile, Uruguay<\/td><td>59,930<\/td><td>20,800<\/td><\/tr><tr><td>SG-12A<\/td><td><a href=\"https:\/\/iai.int\/es\/sg-12a\/\" data-type=\"page\" data-id=\"1016\">Community strategies for dengue<\/a><\/td><td>Doriam Camacho&nbsp;<\/td><td>Argentina, Colombia y USA<\/td><td>15,000<\/td><td>13,200<\/td><\/tr><tr><td>SG-12B<\/td><td><a href=\"https:\/\/iai.int\/en\/sg-12b\/\" data-type=\"page\" data-id=\"7735\">Community strategies for dengue<\/a><\/td><td>Elizabet Estallo<\/td><td>Argentina, Colombia y USA<\/td><td>15,000<\/td><td>\u2013<\/td><\/tr><\/tbody><\/table><\/figure>\n\n\n\n<p><a href=\"https:\/\/iai.int\/es\/respuesta-en-clima-y-ambiente-para-la-salud-en-las-americas-iniciativa-de-financiamiento-para-la-formacion-e-investigacion\/\" data-type=\"page\" data-id=\"1019\">Haga clic aqu\u00ed para obtener m\u00e1s informaci\u00f3n sobre esta iniciativa de financiaci\u00f3n.<\/a><\/p>\n\n\n\n<p><\/p>\n","protected":false},"excerpt":{"rendered":"<p>Climate, environment and health response in the Americas ID Title Principal Investigator (PI) Participant countries Budget (USD) Co-funding offered (USD) SG-01 Multidimensional vulnerability to dengue and diarrhea Bertha Luz Pineda Restrepo Peru, USA, Costa Rica 15.000 22,250 SG-02 Institutional health capacity in the face of climate change Gustavo Adolfo Estrada Guatemala, Argentina 30.000 13,200 SG-03 [&hellip;]<\/p>\n","protected":false},"author":1,"featured_media":7692,"parent":0,"menu_order":0,"comment_status":"closed","ping_status":"closed","template":"","meta":{"_acf_changed":false,"_uag_custom_page_level_css":"","footnotes":""},"class_list":["post-1686","page","type-page","status-publish","has-post-thumbnail","hentry"],"acf":[],"yoast_head":"<!-- This site is optimized with the Yoast SEO plugin v27.3 - https:\/\/yoast.com\/product\/yoast-seo-wordpress\/ -->\n<title>Climate, Environment and Health for the Americas - Mobilizing transdisciplinary knowledge and training for policy action - IAI - Inter-American Institute for Global Change Research<\/title>\n<meta name=\"robots\" content=\"index, follow, max-snippet:-1, max-image-preview:large, max-video-preview:-1\" \/>\n<link rel=\"canonical\" href=\"https:\/\/iai.int\/en\/respuesta-en-clima-y-ambiente-para-la-salud-en-las-americas-del-conocimiento-y-la-formacion-transdisciplinarios-a-las-politicas-publicas\/\" \/>\n<meta property=\"og:locale\" content=\"en_US\" \/>\n<meta property=\"og:type\" content=\"article\" \/>\n<meta property=\"og:title\" content=\"Climate, Environment and Health for the Americas - Mobilizing transdisciplinary knowledge and training for policy action - IAI - Inter-American Institute for Global Change Research\" \/>\n<meta property=\"og:description\" content=\"Climate, environment and health response in the Americas ID Title Principal Investigator (PI) Participant countries Budget (USD) Co-funding offered (USD) SG-01 Multidimensional vulnerability to dengue and diarrhea Bertha Luz Pineda Restrepo Peru, USA, Costa Rica 15.000 22,250 SG-02 Institutional health capacity in the face of climate change Gustavo Adolfo Estrada Guatemala, Argentina 30.000 13,200 SG-03 [&hellip;]\" \/>\n<meta property=\"og:url\" content=\"https:\/\/iai.int\/en\/respuesta-en-clima-y-ambiente-para-la-salud-en-las-americas-del-conocimiento-y-la-formacion-transdisciplinarios-a-las-politicas-publicas\/\" \/>\n<meta property=\"og:site_name\" content=\"IAI - Inter-American Institute for Global Change Research\" \/>\n<meta property=\"article:modified_time\" content=\"2025-09-28T17:47:12+00:00\" \/>\n<meta property=\"og:image\" content=\"https:\/\/iai.int\/wp-content\/uploads\/2025\/09\/PROYECTOS.png\" \/>\n\t<meta property=\"og:image:width\" content=\"1600\" \/>\n\t<meta property=\"og:image:height\" content=\"498\" \/>\n\t<meta property=\"og:image:type\" content=\"image\/png\" \/>\n<meta name=\"twitter:card\" content=\"summary_large_image\" \/>\n<meta name=\"twitter:label1\" content=\"Est. reading time\" \/>\n\t<meta name=\"twitter:data1\" content=\"1 minute\" \/>\n<script type=\"application\/ld+json\" class=\"yoast-schema-graph\">{\"@context\":\"https:\\\/\\\/schema.org\",\"@graph\":[{\"@type\":\"WebPage\",\"@id\":\"https:\\\/\\\/iai.int\\\/en\\\/respuesta-en-clima-y-ambiente-para-la-salud-en-las-americas-del-conocimiento-y-la-formacion-transdisciplinarios-a-las-politicas-publicas\\\/\",\"url\":\"https:\\\/\\\/iai.int\\\/en\\\/respuesta-en-clima-y-ambiente-para-la-salud-en-las-americas-del-conocimiento-y-la-formacion-transdisciplinarios-a-las-politicas-publicas\\\/\",\"name\":\"Climate, Environment and Health for the Americas - Mobilizing transdisciplinary knowledge and training for policy action - IAI - Inter-American Institute for Global Change Research\",\"isPartOf\":{\"@id\":\"https:\\\/\\\/iai.int\\\/en\\\/#website\"},\"primaryImageOfPage\":{\"@id\":\"https:\\\/\\\/iai.int\\\/en\\\/respuesta-en-clima-y-ambiente-para-la-salud-en-las-americas-del-conocimiento-y-la-formacion-transdisciplinarios-a-las-politicas-publicas\\\/#primaryimage\"},\"image\":{\"@id\":\"https:\\\/\\\/iai.int\\\/en\\\/respuesta-en-clima-y-ambiente-para-la-salud-en-las-americas-del-conocimiento-y-la-formacion-transdisciplinarios-a-las-politicas-publicas\\\/#primaryimage\"},\"thumbnailUrl\":\"https:\\\/\\\/iai.int\\\/wp-content\\\/uploads\\\/2025\\\/09\\\/PROYECTOS.png\",\"datePublished\":\"2024-09-16T16:32:36+00:00\",\"dateModified\":\"2025-09-28T17:47:12+00:00\",\"breadcrumb\":{\"@id\":\"https:\\\/\\\/iai.int\\\/en\\\/respuesta-en-clima-y-ambiente-para-la-salud-en-las-americas-del-conocimiento-y-la-formacion-transdisciplinarios-a-las-politicas-publicas\\\/#breadcrumb\"},\"inLanguage\":\"en-US\",\"potentialAction\":[{\"@type\":\"ReadAction\",\"target\":[\"https:\\\/\\\/iai.int\\\/en\\\/respuesta-en-clima-y-ambiente-para-la-salud-en-las-americas-del-conocimiento-y-la-formacion-transdisciplinarios-a-las-politicas-publicas\\\/\"]}]},{\"@type\":\"ImageObject\",\"inLanguage\":\"en-US\",\"@id\":\"https:\\\/\\\/iai.int\\\/en\\\/respuesta-en-clima-y-ambiente-para-la-salud-en-las-americas-del-conocimiento-y-la-formacion-transdisciplinarios-a-las-politicas-publicas\\\/#primaryimage\",\"url\":\"https:\\\/\\\/iai.int\\\/wp-content\\\/uploads\\\/2025\\\/09\\\/PROYECTOS.png\",\"contentUrl\":\"https:\\\/\\\/iai.int\\\/wp-content\\\/uploads\\\/2025\\\/09\\\/PROYECTOS.png\",\"width\":1600,\"height\":498},{\"@type\":\"BreadcrumbList\",\"@id\":\"https:\\\/\\\/iai.int\\\/en\\\/respuesta-en-clima-y-ambiente-para-la-salud-en-las-americas-del-conocimiento-y-la-formacion-transdisciplinarios-a-las-politicas-publicas\\\/#breadcrumb\",\"itemListElement\":[{\"@type\":\"ListItem\",\"position\":1,\"name\":\"Portada\",\"item\":\"https:\\\/\\\/iai.int\\\/en\\\/\"},{\"@type\":\"ListItem\",\"position\":2,\"name\":\"Climate, Environment and Health for the Americas &#8211; Mobilizing transdisciplinary knowledge and training for policy action\"}]},{\"@type\":\"WebSite\",\"@id\":\"https:\\\/\\\/iai.int\\\/en\\\/#website\",\"url\":\"https:\\\/\\\/iai.int\\\/en\\\/\",\"name\":\"IAI - Inter-American Institute for Global Change Research\",\"description\":\"\",\"publisher\":{\"@id\":\"https:\\\/\\\/iai.int\\\/en\\\/#organization\"},\"potentialAction\":[{\"@type\":\"SearchAction\",\"target\":{\"@type\":\"EntryPoint\",\"urlTemplate\":\"https:\\\/\\\/iai.int\\\/en\\\/?s={search_term_string}\"},\"query-input\":{\"@type\":\"PropertyValueSpecification\",\"valueRequired\":true,\"valueName\":\"search_term_string\"}}],\"inLanguage\":\"en-US\"},{\"@type\":\"Organization\",\"@id\":\"https:\\\/\\\/iai.int\\\/en\\\/#organization\",\"name\":\"IAI - Inter-American Institute for Global Change Research\",\"url\":\"https:\\\/\\\/iai.int\\\/en\\\/\",\"logo\":{\"@type\":\"ImageObject\",\"inLanguage\":\"en-US\",\"@id\":\"https:\\\/\\\/iai.int\\\/en\\\/#\\\/schema\\\/logo\\\/image\\\/\",\"url\":\"https:\\\/\\\/iai.int\\\/wp-content\\\/uploads\\\/2025\\\/11\\\/IAI-logo-English-scaled.png\",\"contentUrl\":\"https:\\\/\\\/iai.int\\\/wp-content\\\/uploads\\\/2025\\\/11\\\/IAI-logo-English-scaled.png\",\"width\":2560,\"height\":985,\"caption\":\"IAI - Inter-American Institute for Global Change Research\"},\"image\":{\"@id\":\"https:\\\/\\\/iai.int\\\/en\\\/#\\\/schema\\\/logo\\\/image\\\/\"}}]}<\/script>\n<!-- \/ Yoast SEO plugin. -->","yoast_head_json":{"title":"Climate, Environment and Health for the Americas - Mobilizing transdisciplinary knowledge and training for policy action - IAI - Inter-American Institute for Global Change Research","robots":{"index":"index","follow":"follow","max-snippet":"max-snippet:-1","max-image-preview":"max-image-preview:large","max-video-preview":"max-video-preview:-1"},"canonical":"https:\/\/iai.int\/en\/respuesta-en-clima-y-ambiente-para-la-salud-en-las-americas-del-conocimiento-y-la-formacion-transdisciplinarios-a-las-politicas-publicas\/","og_locale":"en_US","og_type":"article","og_title":"Climate, Environment and Health for the Americas - Mobilizing transdisciplinary knowledge and training for policy action - IAI - Inter-American Institute for Global Change Research","og_description":"Climate, environment and health response in the Americas ID Title Principal Investigator (PI) Participant countries Budget (USD) Co-funding offered (USD) SG-01 Multidimensional vulnerability to dengue and diarrhea Bertha Luz Pineda Restrepo Peru, USA, Costa Rica 15.000 22,250 SG-02 Institutional health capacity in the face of climate change Gustavo Adolfo Estrada Guatemala, Argentina 30.000 13,200 SG-03 [&hellip;]","og_url":"https:\/\/iai.int\/en\/respuesta-en-clima-y-ambiente-para-la-salud-en-las-americas-del-conocimiento-y-la-formacion-transdisciplinarios-a-las-politicas-publicas\/","og_site_name":"IAI - Inter-American Institute for Global Change Research","article_modified_time":"2025-09-28T17:47:12+00:00","og_image":[{"width":1600,"height":498,"url":"https:\/\/iai.int\/wp-content\/uploads\/2025\/09\/PROYECTOS.png","type":"image\/png"}],"twitter_card":"summary_large_image","twitter_misc":{"Est. reading time":"1 minute"},"schema":{"@context":"https:\/\/schema.org","@graph":[{"@type":"WebPage","@id":"https:\/\/iai.int\/en\/respuesta-en-clima-y-ambiente-para-la-salud-en-las-americas-del-conocimiento-y-la-formacion-transdisciplinarios-a-las-politicas-publicas\/","url":"https:\/\/iai.int\/en\/respuesta-en-clima-y-ambiente-para-la-salud-en-las-americas-del-conocimiento-y-la-formacion-transdisciplinarios-a-las-politicas-publicas\/","name":"Climate, Environment and Health for the Americas - Mobilizing transdisciplinary knowledge and training for policy action - IAI - Inter-American Institute for Global Change Research","isPartOf":{"@id":"https:\/\/iai.int\/en\/#website"},"primaryImageOfPage":{"@id":"https:\/\/iai.int\/en\/respuesta-en-clima-y-ambiente-para-la-salud-en-las-americas-del-conocimiento-y-la-formacion-transdisciplinarios-a-las-politicas-publicas\/#primaryimage"},"image":{"@id":"https:\/\/iai.int\/en\/respuesta-en-clima-y-ambiente-para-la-salud-en-las-americas-del-conocimiento-y-la-formacion-transdisciplinarios-a-las-politicas-publicas\/#primaryimage"},"thumbnailUrl":"https:\/\/iai.int\/wp-content\/uploads\/2025\/09\/PROYECTOS.png","datePublished":"2024-09-16T16:32:36+00:00","dateModified":"2025-09-28T17:47:12+00:00","breadcrumb":{"@id":"https:\/\/iai.int\/en\/respuesta-en-clima-y-ambiente-para-la-salud-en-las-americas-del-conocimiento-y-la-formacion-transdisciplinarios-a-las-politicas-publicas\/#breadcrumb"},"inLanguage":"en-US","potentialAction":[{"@type":"ReadAction","target":["https:\/\/iai.int\/en\/respuesta-en-clima-y-ambiente-para-la-salud-en-las-americas-del-conocimiento-y-la-formacion-transdisciplinarios-a-las-politicas-publicas\/"]}]},{"@type":"ImageObject","inLanguage":"en-US","@id":"https:\/\/iai.int\/en\/respuesta-en-clima-y-ambiente-para-la-salud-en-las-americas-del-conocimiento-y-la-formacion-transdisciplinarios-a-las-politicas-publicas\/#primaryimage","url":"https:\/\/iai.int\/wp-content\/uploads\/2025\/09\/PROYECTOS.png","contentUrl":"https:\/\/iai.int\/wp-content\/uploads\/2025\/09\/PROYECTOS.png","width":1600,"height":498},{"@type":"BreadcrumbList","@id":"https:\/\/iai.int\/en\/respuesta-en-clima-y-ambiente-para-la-salud-en-las-americas-del-conocimiento-y-la-formacion-transdisciplinarios-a-las-politicas-publicas\/#breadcrumb","itemListElement":[{"@type":"ListItem","position":1,"name":"Portada","item":"https:\/\/iai.int\/en\/"},{"@type":"ListItem","position":2,"name":"Climate, Environment and Health for the Americas &#8211; Mobilizing transdisciplinary knowledge and training for policy action"}]},{"@type":"WebSite","@id":"https:\/\/iai.int\/en\/#website","url":"https:\/\/iai.int\/en\/","name":"IAI - Inter-American Institute for Global Change Research","description":"","publisher":{"@id":"https:\/\/iai.int\/en\/#organization"},"potentialAction":[{"@type":"SearchAction","target":{"@type":"EntryPoint","urlTemplate":"https:\/\/iai.int\/en\/?s={search_term_string}"},"query-input":{"@type":"PropertyValueSpecification","valueRequired":true,"valueName":"search_term_string"}}],"inLanguage":"en-US"},{"@type":"Organization","@id":"https:\/\/iai.int\/en\/#organization","name":"IAI - Inter-American Institute for Global Change Research","url":"https:\/\/iai.int\/en\/","logo":{"@type":"ImageObject","inLanguage":"en-US","@id":"https:\/\/iai.int\/en\/#\/schema\/logo\/image\/","url":"https:\/\/iai.int\/wp-content\/uploads\/2025\/11\/IAI-logo-English-scaled.png","contentUrl":"https:\/\/iai.int\/wp-content\/uploads\/2025\/11\/IAI-logo-English-scaled.png","width":2560,"height":985,"caption":"IAI - Inter-American Institute for Global Change Research"},"image":{"@id":"https:\/\/iai.int\/en\/#\/schema\/logo\/image\/"}}]}},"uagb_featured_image_src":{"full":["https:\/\/iai.int\/wp-content\/uploads\/2025\/09\/PROYECTOS.png",1600,498,false],"thumbnail":["https:\/\/iai.int\/wp-content\/uploads\/2025\/09\/PROYECTOS-150x150.png",150,150,true],"medium":["https:\/\/iai.int\/wp-content\/uploads\/2025\/09\/PROYECTOS-300x93.png",300,93,true],"medium_large":["https:\/\/iai.int\/wp-content\/uploads\/2025\/09\/PROYECTOS-768x239.png",768,239,true],"large":["https:\/\/iai.int\/wp-content\/uploads\/2025\/09\/PROYECTOS-1024x319.png",800,249,true],"1536x1536":["https:\/\/iai.int\/wp-content\/uploads\/2025\/09\/PROYECTOS-1536x478.png",1536,478,true],"2048x2048":["https:\/\/iai.int\/wp-content\/uploads\/2025\/09\/PROYECTOS.png",1600,498,false]},"uagb_author_info":{"display_name":"admin","author_link":"https:\/\/iai.int\/en\/author\/admin\/"},"uagb_comment_info":0,"uagb_excerpt":"Climate, environment and health response in the Americas ID Title Principal Investigator (PI) Participant countries Budget (USD) Co-funding offered (USD) SG-01 Multidimensional vulnerability to dengue and diarrhea Bertha Luz Pineda Restrepo Peru, USA, Costa Rica 15.000 22,250 SG-02 Institutional health capacity in the face of climate change Gustavo Adolfo Estrada Guatemala, Argentina 30.000 13,200 SG-03&hellip;","_links":{"self":[{"href":"https:\/\/iai.int\/en\/wp-json\/wp\/v2\/pages\/1686","targetHints":{"allow":["GET"]}}],"collection":[{"href":"https:\/\/iai.int\/en\/wp-json\/wp\/v2\/pages"}],"about":[{"href":"https:\/\/iai.int\/en\/wp-json\/wp\/v2\/types\/page"}],"author":[{"embeddable":true,"href":"https:\/\/iai.int\/en\/wp-json\/wp\/v2\/users\/1"}],"replies":[{"embeddable":true,"href":"https:\/\/iai.int\/en\/wp-json\/wp\/v2\/comments?post=1686"}],"version-history":[{"count":9,"href":"https:\/\/iai.int\/en\/wp-json\/wp\/v2\/pages\/1686\/revisions"}],"predecessor-version":[{"id":7759,"href":"https:\/\/iai.int\/en\/wp-json\/wp\/v2\/pages\/1686\/revisions\/7759"}],"wp:featuredmedia":[{"embeddable":true,"href":"https:\/\/iai.int\/en\/wp-json\/wp\/v2\/media\/7692"}],"wp:attachment":[{"href":"https:\/\/iai.int\/en\/wp-json\/wp\/v2\/media?parent=1686"}],"curies":[{"name":"wp","href":"https:\/\/api.w.org\/{rel}","templated":true}]}}