{"id":1682,"date":"2024-09-16T12:51:53","date_gmt":"2024-09-16T15:51:53","guid":{"rendered":"https:\/\/iai.int\/saemc-emisiones-mega-ciudades-y-clima-de-america-del-sur-crn-2017\/"},"modified":"2024-09-16T12:51:53","modified_gmt":"2024-09-16T15:51:53","slug":"saemc-emisiones-mega-ciudades-y-clima-de-america-del-sur-crn-2017","status":"publish","type":"page","link":"https:\/\/iai.int\/en\/saemc-emisiones-mega-ciudades-y-clima-de-america-del-sur-crn-2017\/","title":{"rendered":"SAEMC: Emisiones, mega-ciudades y clima de Am\u00e9rica del Sur (CRN 2017)"},"content":{"rendered":"\n<p><img fetchpriority=\"high\" decoding=\"async\" alt=\"CRN2017-larga\" height=\"142\" src=\"https:\/\/iai.int\/admin\/site\/sites\/default\/files\/uploads\/2014\/03\/CRN2017-larga.jpg\" width=\"690\"><br><em>1 Los grandes centros urbanos de Am\u00e9rica Central y del Sur contin\u00faan creciendo y plantean serios problemas ambientales y de salud<br>2 Las emisiones del tr\u00e1nsito son contribuciones sustanciales a la carga de contaminantes en todas las megaciudades. SAEMC ha desarrollado y compilado inventarios consistentes de emisiones que constituyen la base de las evaluaciones de la calidad del aire y el pron\u00f3stico de la qu\u00edmica atmosf\u00e9rica en distintas escalas<br>3 El modo operativo del C-CATT-BRAMS puede capturar evetos de transporte en mesoescala. En esta caso, el modelo captura la pluma de humo advectada sobre Buenos Aires en oto\u00f1o de 2008. (foto de la derecha: http:\/\/earthobservatory.nasa.gov\/NaturalHazards\/Archive\/Apr2008\/Argentina_AMO_<br>2008107_lrg.jpg)<\/em><\/p>\n\n\n\n<h3 class=\"wp-block-heading\">Informaci\u00f3n de proyecto<\/h3>\n\n\n\n<p><strong>Investigador principal:<\/strong><\/p>\n\n\n\n<p><em>Laura Gallarado<\/em>&nbsp;(<a href=\"mailto:laura@dgf.uchile.cl\">laura@dgf.uchile.cl<\/a>)<br>Centro de Modelamiento Matem\u00e1tico (UMI), Universidad de Chile<\/p>\n\n\n\n<p><strong>Sitio web del proyecto:<\/strong><\/p>\n\n\n\n<p><a href=\"http:\/\/saemc.cmm.uchile.cl\/\" target=\"_blank\" rel=\"noreferrer noopener\">http:\/\/saemc.cmm.uchile.cl<\/a><\/p>\n\n\n\n<p><strong>Papers publicados:<\/strong><\/p>\n\n\n\n<p><a href=\"http:\/\/www.citeulike.org\/user\/IAI\/tag\/crn2017\" target=\"_blank\" rel=\"noreferrer noopener\">http:\/\/www.citeulike.org\/user\/IAI\/tag\/crn2017<\/a><\/p>\n\n\n\n<p><br><br><a href=\"https:\/\/iai.int\/es\/meetings\/detail\/crn2017#summary\">Resumen ejecutivo<\/a>&nbsp;<a href=\"https:\/\/iai.int\/es\/meetings\/detail\/crn2017#medios\">Extensi\u00f3n<\/a>&nbsp;<a href=\"https:\/\/iai.int\/es\/meetings\/detail\/crn2017#investigadores\">Investigadores<\/a>&nbsp;<a href=\"https:\/\/iai.int\/es\/meetings\/detail\/crn2017#students\">Estudiantes<\/a><\/p>\n\n\n\n<h3 class=\"wp-block-heading\" id=\"summary\">Resumen ejecutivo<\/h3>\n\n\n\n<p>El deterioro de la calidad del aire en las megaciudades de Am\u00e9rica del Sur est\u00e1 llamando cada vez m\u00e1s la atenci\u00f3n de los tomadores de decisiones locales, los cient\u00edficos y el p\u00fablico. SAEMC ofrece escenarios de cambio clim\u00e1tico pasado, presente y futuro en escala regional, con \u00e9nfasis en la evoluci\u00f3n de la calidad del aire en las megaciudades sudamericanas, y en la implementaci\u00f3n de herramientas de pron\u00f3stico de la qu\u00edmica atmosf\u00e9rica coordinadas regionalmente.<br>&nbsp;<\/p>\n\n\n\n<p><strong>Objetivos<\/strong><\/p>\n\n\n\n<p>Establecer la base de los pron\u00f3sticos operativos de la qu\u00edmica de la atm\u00f3sfera para megaciudades sudamericanas<br>Ofrecer escenarios regionales precisos de emisiones y cambio clim\u00e1tico para Am\u00e9rica del Sur, con \u00e9nfasis en los impactos de las megaciudades y en ellas<br>Fortalecer y ampliar una red activa de investigaci\u00f3n y desarrollo de capacidades en temas de modelado del sistema terrestre en las Am\u00e9ricas<\/p>\n\n\n\n<p><strong>Primeros resultados<\/strong><\/p>\n\n\n\n<p>Se ha compilado bases de datos on-line de emisiones para Bogot\u00e1, Buenos Aires, Lima, Medell\u00edn, Santiago y S\u00e3o Paulo que se utilizar\u00e1n para elaborar escenarios automatizados de emisiones; hasta ahora, disponibles para Medell\u00edn (http:\/\/modemed.upb.edu.co\/).<br>Se han compilado los factores que afectan las emisiones locales, lo que ayuda a las autoridades ambientales a gestionar la contaminaci\u00f3n del aire. Se han elaborado mapas de urbanizaci\u00f3n para las principales ciudades brasile\u00f1as a partir de im\u00e1genes satelitales. Se est\u00e1n preparando los inventarios de emisiones del tr\u00e1nsito y aerosoles, incluyendo part\u00edculas de carbono negro, para Buenos Aires, S\u00e3o Paulo y Bogot\u00e1.<br>El Servicio Meteorol\u00f3gico de Chile est\u00e1 brindando pron\u00f3sticos de la qu\u00edmica atmosf\u00e9rica para Santiago sobre la base del trabajo de SAEMC.(http:\/\/www.meteochile.cl\/modeloPOLYPHEMUSozono.html)<br>Un sistema de modelado del clima completamente enlazado est\u00e1 en funcionamiento para Am\u00e9rica del Sur, lo que constituye una base s\u00f3lida para la comparaci\u00f3n de las emisiones.<br>Se est\u00e1 probando un sistema computacional basado en grillas.<\/p>\n\n\n\n<h3 class=\"wp-block-heading\" id=\"medios\">Extensi\u00f3n<\/h3>\n\n\n\n<figure class=\"wp-block-image alignleft\"><img decoding=\"async\" src=\"https:\/\/iai.int\/admin\/site\/sites\/default\/files\/uploads\/2014\/06\/Bogotasnapshot_spanish-copy.jpg\" alt=\"Bogotasnapshot_spanish-copy\" class=\"wp-image-6134\"\/><\/figure>\n\n\n\n<p><a href=\"http:\/\/iai.int\/es\/post\/detail\/5081\" target=\"_blank\" rel=\"noreferrer noopener\">Calor, polvo y gente<\/a><br><a href=\"https:\/\/iai.int\/admin\/site\/sites\/default\/files\/uploads\/2014\/06\/snapshot6_heat_dust_and_people_SP.pdf\" target=\"_blank\" rel=\"noreferrer noopener\">Bajar PDF<\/a><br><a href=\"https:\/\/iai.int\/admin\/site\/sites\/default\/files\/uploads\/2014\/06\/snapshot6_heat_dust_and_people_EN.pdf\" target=\"_blank\" rel=\"noreferrer noopener\">Bajar PDF en ingl\u00e9s<\/a><\/p>\n\n\n\n<h3 class=\"wp-block-heading\" id=\"investigadores\">Investigadores del projecto<\/h3>\n\n\n\n<p>Laura Gallarado \u2013&nbsp;<a href=\"mailto:laura@dgf.uchile.cl\">laura@dgf.uchile.cl<\/a><br>Centro de Modelamiento Matem\u00e1tico (UMI), Universidad de Chile<\/p>\n\n\n\n<p><strong>Co-investigadores<\/strong><br><br>K. Longo, S. Freitas, L. Flavio, E. S. Almeida, J. Hoelzemann (CPTEC, Brasil), M. Rojas, L. Gallardo (DGF,Chile),M.Andrade,J.Martins,L.Doprichinski,P.Vasconcellos (USP,Brasil),R.Alcafuz (DMC, Chile), MV Toro (PUB, Colombia), M. Osses (DIMEC, Chile), L. Dawidowski, D. G\u00f3mez, P. Smichowski (CNEA, Argentina), E. Behrentz (UDLA, Colombia), E. Concepci\u00f3n (SENAMHI, Per\u00fa), R. Delgado, C. Baeza, A. Osses (CMM, Chile), G.Torres (UCO, Argentina), G. P\u00e9tron (NOAA, EE.UU.), G. Garc\u00eda (USACH, Chile), M. Mena (UNAB, Chile), H. Elbern (UKOLN, Alemania), A. C\u00f3rdova (UV, Chile)<\/p>\n\n\n\n<figure class=\"wp-block-image\"><a href=\"https:\/\/iai.int\/admin\/site\/sites\/default\/files\/uploads\/2014\/03\/CRN2017-LOGOS.jpg\" target=\"_blank\" rel=\"noreferrer noopener\"><img decoding=\"async\" src=\"https:\/\/iai.int\/admin\/site\/sites\/default\/files\/uploads\/2014\/03\/CRN2017-LOGOS.jpg\" alt=\"CRN2017-LOGOS\" class=\"wp-image-2371\"\/><\/a><\/figure>\n\n\n\n<p><strong>V\u00ednculos con otros proyectos del IAI<\/strong><br>Los estudios de este proyecto se complementan con el componente de dimensiones humanas<strong>2017-HD ADAPTE<\/strong><\/p>\n\n\n\n<p><a href=\"http:\/\/saemc.cmm.uchile.cl\/\" target=\"_blank\" rel=\"noreferrer noopener\"><strong>Sitio web del proyecto<\/strong><\/a><\/p>\n\n\n\n<p><a href=\"https:\/\/iai.int\/admin\/site\/sites\/default\/files\/uploads\/2014\/03\/CRN2_17.pdf\" target=\"_blank\" rel=\"noreferrer noopener\"><strong>informaci\u00f3n en PDF<\/strong><\/a><\/p>\n\n\n\n<h3 class=\"wp-block-heading\" id=\"students\">Estudiantes<\/h3>\n\n\n\n<p><em>Angel Vara<\/em>, maestr\u00eda, SENAMHI, Per\u00fa.<br><em>Ang\u00e9lica Rosas Huerta<\/em>, doctorado, UNAM, M\u00e9xico.<br><em>Ari\u00e9 Araya<\/em>, otros, Universidad de Chile, Chile.<br><em>Ariela D`Angiola<\/em>, doctorado, CNEA, Argentina.<br><em>Carlos Castilho&nbsp;<\/em>, maestr\u00eda, Universidad de Chile, Chile.<br><em>Carlos Ross&nbsp;<\/em>, maestr\u00eda, Chile,<br><em>Cinthia Arellano<\/em>, maestr\u00eda, SENAMHI, Peru.<br><em>Claudia Revilla&nbsp;<\/em>, maestr\u00eda, SENAMHI, Peru.<br><em>Carine G. Ramos&nbsp;<\/em>, maestr\u00eda, Universidad de Los Andes, Colombia.<br><em>David Carrasco<\/em>, maestr\u00eda, Universidad de Chile, Chile.<br><em>David Zacarias de Souza<\/em>, doctorado, Universidade de S\u00e3o Paulo, Brasil.<br><em>Diana Mielnicki<\/em>, maestr\u00eda, CNEA, Argentina.<br><em>Fabi\u00e1n Fujiwara<\/em>, doctorado, CNEA, Argentina.<br><em>Gabriel Nomow Munchow<\/em>, maestr\u00eda, INPE, Brasil.<br><em>Gabriel Preggioni<\/em>, otros, CNEA, Argentina.<br><em>Isabel Ramos<\/em>, maestr\u00eda, Universidad de Chile, Chile.<br><em>Jose Ch\u00e1vez<\/em>, maestr\u00eda, SENAMHI, Per\u00fa.<br><em>Karina Malla<\/em>, otros, Universidad de Chile, Chile.<br><em>Karla Caneo<\/em>, maestr\u00eda, Universidad de Chile, Chile.<br><em>Katia Halter do Nascimento<\/em>, doctorado, Universidade de S\u00e3o Paulo, Brasil.<br><em>Leila Doprichinski Martins<\/em>, doctorado, Universidade de S\u00e3o Paulo, Brasil.<br><em>Madeleine Sanchez<\/em>, maestr\u00eda, INPE, Brasil.<br><em>Magdalena Fandi\u00f1o<\/em>, maestr\u00eda, Universidad de Los Andes, Colombia.<br><em>Marcelo Alonso<\/em>, doctorado, INPE, Brasil.<br><em>Marcelo Tapia<\/em>, otros, Universidad de Chile, Chile.<br><em>Marcio Gledson L Oliveira<\/em>, doctorado, INPE, Brasil.<br><em>Marina dos Santos<\/em>, doctorado, CNEA, Argentina.<br><em>Mario Gavidia<\/em>, maestr\u00eda, SENAMHI, Per\u00fa.<br><em>Mauricio Gait\u00e1n<\/em>, maestr\u00eda, Universidad de Los Andes, Colombia.<br><em>Michel Nikolic<\/em>, otros, Universidad de Chile, Chile.<br><em>Natalia Mu\u00f1oz<\/em>, maestr\u00eda, Universidad de Los Andes, Colombia.<br><em>Orlando Venegas<\/em>, maestr\u00eda, Universidad de Chile, Chile.<br><em>Pablo Saide<\/em>, maestr\u00eda, Universidad de Chile, Chile.<br><em>Paula Rodriguez<\/em>, maestr\u00eda, Universidad de Los Andes, Colombia.<br><em>Pilar Henriquez<\/em>, otros, Universidad de Chile, Chile.<br><em>Robinson Rodriguez<\/em>, doctorado, Universidad de Los Andes, Colombia.<br><em>Rodrigo Arroyo<\/em>, maestr\u00eda, Universidad de Chile, Chile.<br><em>Rosana Abrutky<\/em>, maestr\u00eda, CNEA, Argentina.<br><em>Rosario Julieta A. Altamirano<\/em>, maestr\u00eda, INPE, Brasil.<br><em>Sebastian Tolvett<\/em>, maestr\u00eda, Universidad de Chile, Chile.<br><em>Tania Faundez<\/em>, otros, Chile.<\/p>\n","protected":false},"excerpt":{"rendered":"<p>1 Los grandes centros urbanos de Am\u00e9rica Central y del Sur contin\u00faan creciendo y plantean serios problemas ambientales y de salud2 Las emisiones del tr\u00e1nsito son contribuciones sustanciales a la carga de contaminantes en todas las megaciudades. SAEMC ha desarrollado y compilado inventarios consistentes de emisiones que constituyen la base de las evaluaciones de la [&hellip;]<\/p>\n","protected":false},"author":1,"featured_media":0,"parent":0,"menu_order":0,"comment_status":"closed","ping_status":"closed","template":"","meta":{"_acf_changed":false,"_uag_custom_page_level_css":"","footnotes":""},"class_list":["post-1682","page","type-page","status-publish","hentry"],"acf":[],"yoast_head":"<!-- This site is optimized with the Yoast SEO plugin v27.3 - https:\/\/yoast.com\/product\/yoast-seo-wordpress\/ -->\n<title>SAEMC: Emisiones, mega-ciudades y clima de Am\u00e9rica del Sur (CRN 2017) - IAI - Inter-American Institute for Global Change Research<\/title>\n<meta name=\"robots\" content=\"index, follow, max-snippet:-1, max-image-preview:large, max-video-preview:-1\" \/>\n<link rel=\"canonical\" href=\"https:\/\/iai.int\/en\/saemc-emisiones-mega-ciudades-y-clima-de-america-del-sur-crn-2017\/\" \/>\n<meta property=\"og:locale\" content=\"en_US\" \/>\n<meta property=\"og:type\" content=\"article\" \/>\n<meta property=\"og:title\" content=\"SAEMC: Emisiones, mega-ciudades y clima de Am\u00e9rica del Sur (CRN 2017) - IAI - Inter-American Institute for Global Change Research\" \/>\n<meta property=\"og:description\" content=\"1 Los grandes centros urbanos de Am\u00e9rica Central y del Sur contin\u00faan creciendo y plantean serios problemas ambientales y de salud2 Las emisiones del tr\u00e1nsito son contribuciones sustanciales a la carga de contaminantes en todas las megaciudades. SAEMC ha desarrollado y compilado inventarios consistentes de emisiones que constituyen la base de las evaluaciones de la [&hellip;]\" \/>\n<meta property=\"og:url\" content=\"https:\/\/iai.int\/en\/saemc-emisiones-mega-ciudades-y-clima-de-america-del-sur-crn-2017\/\" \/>\n<meta property=\"og:site_name\" content=\"IAI - Inter-American Institute for Global Change Research\" \/>\n<meta property=\"og:image\" content=\"https:\/\/iai.int\/admin\/site\/sites\/default\/files\/uploads\/2014\/03\/CRN2017-larga.jpg\" \/>\n<meta name=\"twitter:card\" content=\"summary_large_image\" \/>\n<meta name=\"twitter:label1\" content=\"Est. reading time\" \/>\n\t<meta name=\"twitter:data1\" content=\"5 minutes\" \/>\n<script type=\"application\/ld+json\" class=\"yoast-schema-graph\">{\"@context\":\"https:\\\/\\\/schema.org\",\"@graph\":[{\"@type\":\"WebPage\",\"@id\":\"https:\\\/\\\/iai.int\\\/en\\\/saemc-emisiones-mega-ciudades-y-clima-de-america-del-sur-crn-2017\\\/\",\"url\":\"https:\\\/\\\/iai.int\\\/en\\\/saemc-emisiones-mega-ciudades-y-clima-de-america-del-sur-crn-2017\\\/\",\"name\":\"SAEMC: Emisiones, mega-ciudades y clima de Am\u00e9rica del Sur (CRN 2017) - IAI - Inter-American Institute for Global Change Research\",\"isPartOf\":{\"@id\":\"https:\\\/\\\/iai.int\\\/en\\\/#website\"},\"primaryImageOfPage\":{\"@id\":\"https:\\\/\\\/iai.int\\\/en\\\/saemc-emisiones-mega-ciudades-y-clima-de-america-del-sur-crn-2017\\\/#primaryimage\"},\"image\":{\"@id\":\"https:\\\/\\\/iai.int\\\/en\\\/saemc-emisiones-mega-ciudades-y-clima-de-america-del-sur-crn-2017\\\/#primaryimage\"},\"thumbnailUrl\":\"https:\\\/\\\/iai.int\\\/admin\\\/site\\\/sites\\\/default\\\/files\\\/uploads\\\/2014\\\/03\\\/CRN2017-larga.jpg\",\"datePublished\":\"2024-09-16T15:51:53+00:00\",\"breadcrumb\":{\"@id\":\"https:\\\/\\\/iai.int\\\/en\\\/saemc-emisiones-mega-ciudades-y-clima-de-america-del-sur-crn-2017\\\/#breadcrumb\"},\"inLanguage\":\"en-US\",\"potentialAction\":[{\"@type\":\"ReadAction\",\"target\":[\"https:\\\/\\\/iai.int\\\/en\\\/saemc-emisiones-mega-ciudades-y-clima-de-america-del-sur-crn-2017\\\/\"]}]},{\"@type\":\"ImageObject\",\"inLanguage\":\"en-US\",\"@id\":\"https:\\\/\\\/iai.int\\\/en\\\/saemc-emisiones-mega-ciudades-y-clima-de-america-del-sur-crn-2017\\\/#primaryimage\",\"url\":\"https:\\\/\\\/iai.int\\\/admin\\\/site\\\/sites\\\/default\\\/files\\\/uploads\\\/2014\\\/03\\\/CRN2017-larga.jpg\",\"contentUrl\":\"https:\\\/\\\/iai.int\\\/admin\\\/site\\\/sites\\\/default\\\/files\\\/uploads\\\/2014\\\/03\\\/CRN2017-larga.jpg\"},{\"@type\":\"BreadcrumbList\",\"@id\":\"https:\\\/\\\/iai.int\\\/en\\\/saemc-emisiones-mega-ciudades-y-clima-de-america-del-sur-crn-2017\\\/#breadcrumb\",\"itemListElement\":[{\"@type\":\"ListItem\",\"position\":1,\"name\":\"Portada\",\"item\":\"https:\\\/\\\/iai.int\\\/en\\\/\"},{\"@type\":\"ListItem\",\"position\":2,\"name\":\"SAEMC: Emisiones, mega-ciudades y clima de Am\u00e9rica del Sur (CRN 2017)\"}]},{\"@type\":\"WebSite\",\"@id\":\"https:\\\/\\\/iai.int\\\/en\\\/#website\",\"url\":\"https:\\\/\\\/iai.int\\\/en\\\/\",\"name\":\"IAI - Inter-American Institute for Global Change Research\",\"description\":\"\",\"publisher\":{\"@id\":\"https:\\\/\\\/iai.int\\\/en\\\/#organization\"},\"potentialAction\":[{\"@type\":\"SearchAction\",\"target\":{\"@type\":\"EntryPoint\",\"urlTemplate\":\"https:\\\/\\\/iai.int\\\/en\\\/?s={search_term_string}\"},\"query-input\":{\"@type\":\"PropertyValueSpecification\",\"valueRequired\":true,\"valueName\":\"search_term_string\"}}],\"inLanguage\":\"en-US\"},{\"@type\":\"Organization\",\"@id\":\"https:\\\/\\\/iai.int\\\/en\\\/#organization\",\"name\":\"IAI - Inter-American Institute for Global Change Research\",\"url\":\"https:\\\/\\\/iai.int\\\/en\\\/\",\"logo\":{\"@type\":\"ImageObject\",\"inLanguage\":\"en-US\",\"@id\":\"https:\\\/\\\/iai.int\\\/en\\\/#\\\/schema\\\/logo\\\/image\\\/\",\"url\":\"https:\\\/\\\/iai.int\\\/wp-content\\\/uploads\\\/2025\\\/11\\\/IAI-logo-English-scaled.png\",\"contentUrl\":\"https:\\\/\\\/iai.int\\\/wp-content\\\/uploads\\\/2025\\\/11\\\/IAI-logo-English-scaled.png\",\"width\":2560,\"height\":985,\"caption\":\"IAI - Inter-American Institute for Global Change Research\"},\"image\":{\"@id\":\"https:\\\/\\\/iai.int\\\/en\\\/#\\\/schema\\\/logo\\\/image\\\/\"}}]}<\/script>\n<!-- \/ Yoast SEO plugin. -->","yoast_head_json":{"title":"SAEMC: Emisiones, mega-ciudades y clima de Am\u00e9rica del Sur (CRN 2017) - IAI - Inter-American Institute for Global Change Research","robots":{"index":"index","follow":"follow","max-snippet":"max-snippet:-1","max-image-preview":"max-image-preview:large","max-video-preview":"max-video-preview:-1"},"canonical":"https:\/\/iai.int\/en\/saemc-emisiones-mega-ciudades-y-clima-de-america-del-sur-crn-2017\/","og_locale":"en_US","og_type":"article","og_title":"SAEMC: Emisiones, mega-ciudades y clima de Am\u00e9rica del Sur (CRN 2017) - IAI - Inter-American Institute for Global Change Research","og_description":"1 Los grandes centros urbanos de Am\u00e9rica Central y del Sur contin\u00faan creciendo y plantean serios problemas ambientales y de salud2 Las emisiones del tr\u00e1nsito son contribuciones sustanciales a la carga de contaminantes en todas las megaciudades. SAEMC ha desarrollado y compilado inventarios consistentes de emisiones que constituyen la base de las evaluaciones de la [&hellip;]","og_url":"https:\/\/iai.int\/en\/saemc-emisiones-mega-ciudades-y-clima-de-america-del-sur-crn-2017\/","og_site_name":"IAI - Inter-American Institute for Global Change Research","og_image":[{"url":"https:\/\/iai.int\/admin\/site\/sites\/default\/files\/uploads\/2014\/03\/CRN2017-larga.jpg","type":"","width":"","height":""}],"twitter_card":"summary_large_image","twitter_misc":{"Est. reading time":"5 minutes"},"schema":{"@context":"https:\/\/schema.org","@graph":[{"@type":"WebPage","@id":"https:\/\/iai.int\/en\/saemc-emisiones-mega-ciudades-y-clima-de-america-del-sur-crn-2017\/","url":"https:\/\/iai.int\/en\/saemc-emisiones-mega-ciudades-y-clima-de-america-del-sur-crn-2017\/","name":"SAEMC: Emisiones, mega-ciudades y clima de Am\u00e9rica del Sur (CRN 2017) - IAI - Inter-American Institute for Global Change Research","isPartOf":{"@id":"https:\/\/iai.int\/en\/#website"},"primaryImageOfPage":{"@id":"https:\/\/iai.int\/en\/saemc-emisiones-mega-ciudades-y-clima-de-america-del-sur-crn-2017\/#primaryimage"},"image":{"@id":"https:\/\/iai.int\/en\/saemc-emisiones-mega-ciudades-y-clima-de-america-del-sur-crn-2017\/#primaryimage"},"thumbnailUrl":"https:\/\/iai.int\/admin\/site\/sites\/default\/files\/uploads\/2014\/03\/CRN2017-larga.jpg","datePublished":"2024-09-16T15:51:53+00:00","breadcrumb":{"@id":"https:\/\/iai.int\/en\/saemc-emisiones-mega-ciudades-y-clima-de-america-del-sur-crn-2017\/#breadcrumb"},"inLanguage":"en-US","potentialAction":[{"@type":"ReadAction","target":["https:\/\/iai.int\/en\/saemc-emisiones-mega-ciudades-y-clima-de-america-del-sur-crn-2017\/"]}]},{"@type":"ImageObject","inLanguage":"en-US","@id":"https:\/\/iai.int\/en\/saemc-emisiones-mega-ciudades-y-clima-de-america-del-sur-crn-2017\/#primaryimage","url":"https:\/\/iai.int\/admin\/site\/sites\/default\/files\/uploads\/2014\/03\/CRN2017-larga.jpg","contentUrl":"https:\/\/iai.int\/admin\/site\/sites\/default\/files\/uploads\/2014\/03\/CRN2017-larga.jpg"},{"@type":"BreadcrumbList","@id":"https:\/\/iai.int\/en\/saemc-emisiones-mega-ciudades-y-clima-de-america-del-sur-crn-2017\/#breadcrumb","itemListElement":[{"@type":"ListItem","position":1,"name":"Portada","item":"https:\/\/iai.int\/en\/"},{"@type":"ListItem","position":2,"name":"SAEMC: Emisiones, mega-ciudades y clima de Am\u00e9rica del Sur (CRN 2017)"}]},{"@type":"WebSite","@id":"https:\/\/iai.int\/en\/#website","url":"https:\/\/iai.int\/en\/","name":"IAI - Inter-American Institute for Global Change Research","description":"","publisher":{"@id":"https:\/\/iai.int\/en\/#organization"},"potentialAction":[{"@type":"SearchAction","target":{"@type":"EntryPoint","urlTemplate":"https:\/\/iai.int\/en\/?s={search_term_string}"},"query-input":{"@type":"PropertyValueSpecification","valueRequired":true,"valueName":"search_term_string"}}],"inLanguage":"en-US"},{"@type":"Organization","@id":"https:\/\/iai.int\/en\/#organization","name":"IAI - Inter-American Institute for Global Change Research","url":"https:\/\/iai.int\/en\/","logo":{"@type":"ImageObject","inLanguage":"en-US","@id":"https:\/\/iai.int\/en\/#\/schema\/logo\/image\/","url":"https:\/\/iai.int\/wp-content\/uploads\/2025\/11\/IAI-logo-English-scaled.png","contentUrl":"https:\/\/iai.int\/wp-content\/uploads\/2025\/11\/IAI-logo-English-scaled.png","width":2560,"height":985,"caption":"IAI - Inter-American Institute for Global Change Research"},"image":{"@id":"https:\/\/iai.int\/en\/#\/schema\/logo\/image\/"}}]}},"uagb_featured_image_src":{"full":false,"thumbnail":false,"medium":false,"medium_large":false,"large":false,"1536x1536":false,"2048x2048":false},"uagb_author_info":{"display_name":"admin","author_link":"https:\/\/iai.int\/en\/author\/admin\/"},"uagb_comment_info":0,"uagb_excerpt":"1 Los grandes centros urbanos de Am\u00e9rica Central y del Sur contin\u00faan creciendo y plantean serios problemas ambientales y de salud2 Las emisiones del tr\u00e1nsito son contribuciones sustanciales a la carga de contaminantes en todas las megaciudades. SAEMC ha desarrollado y compilado inventarios consistentes de emisiones que constituyen la base de las evaluaciones de la&hellip;","_links":{"self":[{"href":"https:\/\/iai.int\/en\/wp-json\/wp\/v2\/pages\/1682","targetHints":{"allow":["GET"]}}],"collection":[{"href":"https:\/\/iai.int\/en\/wp-json\/wp\/v2\/pages"}],"about":[{"href":"https:\/\/iai.int\/en\/wp-json\/wp\/v2\/types\/page"}],"author":[{"embeddable":true,"href":"https:\/\/iai.int\/en\/wp-json\/wp\/v2\/users\/1"}],"replies":[{"embeddable":true,"href":"https:\/\/iai.int\/en\/wp-json\/wp\/v2\/comments?post=1682"}],"version-history":[{"count":0,"href":"https:\/\/iai.int\/en\/wp-json\/wp\/v2\/pages\/1682\/revisions"}],"wp:attachment":[{"href":"https:\/\/iai.int\/en\/wp-json\/wp\/v2\/media?parent=1682"}],"curies":[{"name":"wp","href":"https:\/\/api.w.org\/{rel}","templated":true}]}}