{"id":1678,"date":"2024-09-16T12:59:36","date_gmt":"2024-09-16T15:59:36","guid":{"rendered":"https:\/\/iai.int\/ciclones-tropicales-caracteristicas-actuales-y-cambios-potenciales-bajo-un-clima-mas-calido-crn-2048\/"},"modified":"2025-07-29T20:37:09","modified_gmt":"2025-07-30T01:37:09","slug":"ciclones-tropicales-caracteristicas-actuales-y-cambios-potenciales-bajo-un-clima-mas-calido-crn-2048","status":"publish","type":"page","link":"https:\/\/iai.int\/en\/ciclones-tropicales-caracteristicas-actuales-y-cambios-potenciales-bajo-un-clima-mas-calido-crn-2048\/","title":{"rendered":"Tropical cyclones: current characteristics and potential changes under a warmer climate (CRN 2048)"},"content":{"rendered":"\n<figure class=\"wp-block-image\"><img decoding=\"async\" src=\"https:\/\/iai.int\/admin\/site\/sites\/default\/files\/uploads\/2014\/03\/crn2048_1.jpg\" alt=\"crn2048_1\" class=\"wp-image-2246\"\/><\/figure>\n\n<p>IR image of John 2 September 2006<\/p>\n\n<h3 class=\"wp-block-heading\">Project information<\/h3>\n\n<p><div class=\"one-third first\"><strong>Principal investigator:<\/strong><\/div><\/p>\n\n<p><em>Graciela Binimelis de Raga<\/em>\u00a0(<a href=\"mailto:raga@servidor.unam.mx\">raga@servidor.unam.mx<\/a>)<br\/>Universidad Nacional Aut\u00f3noma de M\u00e9xico (UNAM) \u2013 Centro de Ciencias de la Atm\u00f3sfera<\/p>\n\n<p><div class=\"one-third first\"><strong>Project website:<\/strong><\/div><\/p>\n\n<p><a href=\"http:\/\/cabernet.atmosfcu.unam.mx\/IAI\" target=\"_blank\" rel=\"noreferrer noopener\">http:\/\/cabernet.atmosfcu.unam.mx\/IAI<\/a><\/p>\n\n<p><div class=\"one-third first\"><strong>List of published papers:<\/strong><\/div><\/p>\n\n<p><a href=\"http:\/\/www.citeulike.org\/user\/IAI\/tag\/crn2048\" target=\"_blank\" rel=\"noreferrer noopener\">http:\/\/www.citeulike.org\/user\/IAI\/tag\/crn2048<\/a><\/p>\n\n<p>This research continued in\u00a0<a href=\"http:\/\/iai.int\/en\/meetings\/detail\/sgp-cra-2048\" target=\"_blank\" rel=\"noopener\">SGP-CRA 2048, with the same title<\/a><\/p>\n\n<p><a href=\"https:\/\/iai.int\/es\/meetings\/detail\/crn2048#summary\">Executive summary<\/a>\u00a0<a href=\"https:\/\/iai.int\/es\/meetings\/detail\/crn2048#medios\">Outreach<\/a>\u00a0<a href=\"https:\/\/iai.int\/es\/meetings\/detail\/crn2048#investigadores\">Investigators<\/a>\u00a0<a href=\"https:\/\/iai.int\/es\/meetings\/detail\/crn2048#students\">Students<\/a><\/p>\n\n<h3 class=\"wp-block-heading\" id=\"summary\">Executive summary<\/h3>\n\n<p>The Eastern Pacific has the highest density of cyclones worldwide, and upon landfall they often produce catastrophic rains, flooding and landslides. The Mexican Meteorological Service and the US National Hurricane Center (NHC) issue forecasts of track and intensity for tropical cyclones, which help emergency managers prepare warnings for the public. Accuracy and reliability need to be improved for effective disaster prevention and this project seeks to identify model and data needs for improved forecasts.<\/p>\n\n<p><strong>Goals<\/strong><br\/>Improve the understanding of tropical cyclone intensification and evolution in the East Pacific through observations and model simulations, and identify potential global warming effects on cyclones<\/p>\n\n<p>Provide training of graduate students, particularly in Latin America<\/p>\n\n<p>Develop recommendations to improve the ability of Weather Services to forecast tropical cyclones<\/p>\n\n<p><strong>First results<\/strong><br\/>Results provide evidence of the role played by atmospheric circulations as important determinants of storm tracks and rainfall over the region. Cyclone intensity depends on mass and energy budgets in the atmosphere and how they interact with the ocean.<\/p>\n\n<p>Circulation speed increases a cyclone\u2019s (destructive) energy; surface friction decreases it.<\/p>\n\n<p>The study of three tropical cyclones that made landfall over northwestern Mexico showed that \u201cexternal\u201d factors such as the inflow of warm dry air from the western United States need to be understood for better track prediction in the Eastern Pacific.<br\/><br\/><\/p>\n\n<p>The project has started to build a data base of historical records using newspaper articles and government reports and that has allowed to identify and document past cyclones that made landfall over the Mexican Pacific States.<\/p>\n\n<p>Over 100 students were trained in three successful courses on the theory and practice of identification and evolution of tropical cyclones.<\/p>\n\n<p>First results have improved the team\u2019s knowledge of cyclone evolution. They have also shown that hurricane science needs to be further developed.<\/p>\n\n<p>Regional-level climate studies and data collection need to be expanded to accurately assess regional risks.<\/p>\n\n<h3 class=\"wp-block-heading\" id=\"medios\">Outreach<\/h3>\n\n<figure class=\"wp-block-image alignleft\"><img decoding=\"async\" src=\"https:\/\/iai.int\/admin\/site\/sites\/default\/files\/uploads\/2014\/06\/John_track_2006.jpg\" alt=\"John_track_2006\" class=\"wp-image-6121\"\/><\/figure>\n\n<p><a href=\"http:\/\/iai.int\/en\/post\/detail\/snapshot-1-chasing-the-winds\" target=\"_blank\" rel=\"noopener\">Chasing the winds<\/a><br\/><a href=\"https:\/\/iai.int\/admin\/site\/sites\/default\/files\/uploads\/2014\/06\/Snapshot1_Chasing_the_winds.pdf\" target=\"_blank\" rel=\"noopener\">Download PDF<\/a><br\/><a href=\"https:\/\/iai.int\/admin\/site\/sites\/default\/files\/uploads\/2014\/06\/Snapshot1_Chasing_the_winds_sp.pdf\" target=\"_blank\" rel=\"noopener\">Download PDF in Spanish<\/a><\/p>\n\n<h3 class=\"wp-block-heading\" id=\"investigadores\">Project investigators<\/h3>\n\n<p>Graciela Binimelis de Raga \u2013\u00a0<a href=\"mailto:raga@servidor.unam.mx\">raga@servidor.unam.mx<\/a><br\/>Universidad Nacional Aut\u00f3noma de M\u00e9xico (UNAM) \u2013 Centro de Ciencias de la Atm\u00f3sfera<\/p>\n\n<p><strong>Co-investigators<\/strong><br\/>Jorge Zavala-Hidalgo (CCA-UNAM, M\u00e9xico), Luis Farfan Molina (CICESE, M\u00e9xico), Jorge Sanchez Sesma (IMTA, M\u00e9xico), currently replacing Ricardo Prieto Orzo Sanchez Montante (CICATA, M\u00e9xico), David Raymond (NMT, EE.UU.), Daniel Mart\u00ednez (INSMET, Cuba), Ida Mitrani (INSMET, Cuba), Omar Lizano (CIGEFI, Costa Rica). Post-docs: Diana Pozo, Rosario Romero Centeno; Estudiantes: Julio Marin, Fernando Oropeza (ambos de CCA-UNAM), Jorge Cisneros (NMT)<\/p>\n\n<p><strong>Links to other IAI projects<\/strong><br\/>This project collaborates with human dimensions project SGP-HD 005 and CRN 2050<\/p>\n\n<p>Updated 02\/2010<\/p>\n\n<p><a href=\"https:\/\/iai.int\/admin\/site\/sites\/default\/files\/uploads\/2014\/03\/CRN2_48.pdf\" target=\"_blank\" rel=\"noopener\">PDF File<\/a><\/p>\n\n<h3 class=\"wp-block-heading\" id=\"students\">Students<\/h3>\n\n<p><em>Adolfo Lugo<\/em>, doctorado, UNAM, M\u00e9xico.<br\/><em>Beatriz Bracamontes<\/em>, maestr\u00eda, UNAM, M\u00e9xico.<br\/><em>Carlos Lopez-Carrillo<\/em>, Post doctorado, New Mexico Institute of Mining and Technology, M\u00e9xico.<br\/><em>Diana Pozo<\/em>, Post doctorado, Universidad de Valparaiso, Cuba.<br\/><em>Fernando Oropeza<\/em>, doctorado, Universidad Nacional Aut\u00f3noma de Mexico, M\u00e9xico.<br\/><em>Jorge Cisneros<\/em>, doctorado, New Mexico Institute of Mining and Technology, Costa Rica.<br\/><em>Julio Marin<\/em>, doctorado, Universidad de Valparaiso, Cuba.<br\/><em>Marcelo Olivera<\/em>, Post doctorado, UNAM, Bolivia.<br\/><em>Roberto Orbe<\/em>, maestr\u00eda, UNAM, M\u00e9xico.<br\/><em>Rosario Romero-Centeno<\/em>, Post doctorado, UNAM, M\u00e9xico.<\/p>\n","protected":false},"excerpt":{"rendered":"<p>IR image of John 2 September 2006 Project information Principal investigator: Graciela Binimelis de Raga\u00a0(raga@servidor.unam.mx)Universidad Nacional Aut\u00f3noma de M\u00e9xico (UNAM) \u2013 Centro de Ciencias de la Atm\u00f3sfera Project website: http:\/\/cabernet.atmosfcu.unam.mx\/IAI List of published papers: http:\/\/www.citeulike.org\/user\/IAI\/tag\/crn2048 This research continued in\u00a0SGP-CRA 2048, with the same title Executive summary\u00a0Outreach\u00a0Investigators\u00a0Students Executive summary The Eastern Pacific has the highest density [&hellip;]<\/p>\n","protected":false},"author":1,"featured_media":0,"parent":0,"menu_order":0,"comment_status":"closed","ping_status":"closed","template":"","meta":{"_acf_changed":false,"_uag_custom_page_level_css":"","footnotes":""},"class_list":["post-1678","page","type-page","status-publish","hentry"],"acf":[],"yoast_head":"<!-- This site is optimized with the Yoast SEO plugin v27.3 - https:\/\/yoast.com\/product\/yoast-seo-wordpress\/ -->\n<title>Tropical cyclones: current characteristics and potential changes under a warmer climate (CRN 2048) - IAI - Inter-American Institute for Global Change Research<\/title>\n<meta name=\"robots\" content=\"index, follow, max-snippet:-1, max-image-preview:large, max-video-preview:-1\" \/>\n<link rel=\"canonical\" href=\"https:\/\/iai.int\/en\/ciclones-tropicales-caracteristicas-actuales-y-cambios-potenciales-bajo-un-clima-mas-calido-crn-2048\/\" \/>\n<meta property=\"og:locale\" content=\"en_US\" \/>\n<meta property=\"og:type\" content=\"article\" \/>\n<meta property=\"og:title\" content=\"Tropical cyclones: current characteristics and potential changes under a warmer climate (CRN 2048) - IAI - Inter-American Institute for Global Change Research\" \/>\n<meta property=\"og:description\" content=\"IR image of John 2 September 2006 Project information Principal investigator: Graciela Binimelis de Raga\u00a0(raga@servidor.unam.mx)Universidad Nacional Aut\u00f3noma de M\u00e9xico (UNAM) \u2013 Centro de Ciencias de la Atm\u00f3sfera Project website: http:\/\/cabernet.atmosfcu.unam.mx\/IAI List of published papers: http:\/\/www.citeulike.org\/user\/IAI\/tag\/crn2048 This research continued in\u00a0SGP-CRA 2048, with the same title Executive summary\u00a0Outreach\u00a0Investigators\u00a0Students Executive summary The Eastern Pacific has the highest density [&hellip;]\" \/>\n<meta property=\"og:url\" content=\"https:\/\/iai.int\/en\/ciclones-tropicales-caracteristicas-actuales-y-cambios-potenciales-bajo-un-clima-mas-calido-crn-2048\/\" \/>\n<meta property=\"og:site_name\" content=\"IAI - Inter-American Institute for Global Change Research\" \/>\n<meta property=\"article:modified_time\" content=\"2025-07-30T01:37:09+00:00\" \/>\n<meta name=\"twitter:card\" content=\"summary_large_image\" \/>\n<meta name=\"twitter:label1\" content=\"Est. reading time\" \/>\n\t<meta name=\"twitter:data1\" content=\"3 minutes\" \/>\n<script type=\"application\/ld+json\" class=\"yoast-schema-graph\">{\"@context\":\"https:\\\/\\\/schema.org\",\"@graph\":[{\"@type\":\"WebPage\",\"@id\":\"https:\\\/\\\/iai.int\\\/en\\\/ciclones-tropicales-caracteristicas-actuales-y-cambios-potenciales-bajo-un-clima-mas-calido-crn-2048\\\/\",\"url\":\"https:\\\/\\\/iai.int\\\/en\\\/ciclones-tropicales-caracteristicas-actuales-y-cambios-potenciales-bajo-un-clima-mas-calido-crn-2048\\\/\",\"name\":\"Tropical cyclones: current characteristics and potential changes under a warmer climate (CRN 2048) - IAI - Inter-American Institute for Global Change Research\",\"isPartOf\":{\"@id\":\"https:\\\/\\\/iai.int\\\/en\\\/#website\"},\"primaryImageOfPage\":{\"@id\":\"https:\\\/\\\/iai.int\\\/en\\\/ciclones-tropicales-caracteristicas-actuales-y-cambios-potenciales-bajo-un-clima-mas-calido-crn-2048\\\/#primaryimage\"},\"image\":{\"@id\":\"https:\\\/\\\/iai.int\\\/en\\\/ciclones-tropicales-caracteristicas-actuales-y-cambios-potenciales-bajo-un-clima-mas-calido-crn-2048\\\/#primaryimage\"},\"thumbnailUrl\":\"https:\\\/\\\/iai.int\\\/admin\\\/site\\\/sites\\\/default\\\/files\\\/uploads\\\/2014\\\/03\\\/crn2048_1.jpg\",\"datePublished\":\"2024-09-16T15:59:36+00:00\",\"dateModified\":\"2025-07-30T01:37:09+00:00\",\"breadcrumb\":{\"@id\":\"https:\\\/\\\/iai.int\\\/en\\\/ciclones-tropicales-caracteristicas-actuales-y-cambios-potenciales-bajo-un-clima-mas-calido-crn-2048\\\/#breadcrumb\"},\"inLanguage\":\"en-US\",\"potentialAction\":[{\"@type\":\"ReadAction\",\"target\":[\"https:\\\/\\\/iai.int\\\/en\\\/ciclones-tropicales-caracteristicas-actuales-y-cambios-potenciales-bajo-un-clima-mas-calido-crn-2048\\\/\"]}]},{\"@type\":\"ImageObject\",\"inLanguage\":\"en-US\",\"@id\":\"https:\\\/\\\/iai.int\\\/en\\\/ciclones-tropicales-caracteristicas-actuales-y-cambios-potenciales-bajo-un-clima-mas-calido-crn-2048\\\/#primaryimage\",\"url\":\"https:\\\/\\\/iai.int\\\/admin\\\/site\\\/sites\\\/default\\\/files\\\/uploads\\\/2014\\\/03\\\/crn2048_1.jpg\",\"contentUrl\":\"https:\\\/\\\/iai.int\\\/admin\\\/site\\\/sites\\\/default\\\/files\\\/uploads\\\/2014\\\/03\\\/crn2048_1.jpg\"},{\"@type\":\"BreadcrumbList\",\"@id\":\"https:\\\/\\\/iai.int\\\/en\\\/ciclones-tropicales-caracteristicas-actuales-y-cambios-potenciales-bajo-un-clima-mas-calido-crn-2048\\\/#breadcrumb\",\"itemListElement\":[{\"@type\":\"ListItem\",\"position\":1,\"name\":\"Portada\",\"item\":\"https:\\\/\\\/iai.int\\\/en\\\/\"},{\"@type\":\"ListItem\",\"position\":2,\"name\":\"Tropical cyclones: current characteristics and potential changes under a warmer climate (CRN 2048)\"}]},{\"@type\":\"WebSite\",\"@id\":\"https:\\\/\\\/iai.int\\\/en\\\/#website\",\"url\":\"https:\\\/\\\/iai.int\\\/en\\\/\",\"name\":\"IAI - Inter-American Institute for Global Change Research\",\"description\":\"\",\"publisher\":{\"@id\":\"https:\\\/\\\/iai.int\\\/en\\\/#organization\"},\"potentialAction\":[{\"@type\":\"SearchAction\",\"target\":{\"@type\":\"EntryPoint\",\"urlTemplate\":\"https:\\\/\\\/iai.int\\\/en\\\/?s={search_term_string}\"},\"query-input\":{\"@type\":\"PropertyValueSpecification\",\"valueRequired\":true,\"valueName\":\"search_term_string\"}}],\"inLanguage\":\"en-US\"},{\"@type\":\"Organization\",\"@id\":\"https:\\\/\\\/iai.int\\\/en\\\/#organization\",\"name\":\"IAI - Inter-American Institute for Global Change Research\",\"url\":\"https:\\\/\\\/iai.int\\\/en\\\/\",\"logo\":{\"@type\":\"ImageObject\",\"inLanguage\":\"en-US\",\"@id\":\"https:\\\/\\\/iai.int\\\/en\\\/#\\\/schema\\\/logo\\\/image\\\/\",\"url\":\"https:\\\/\\\/iai.int\\\/wp-content\\\/uploads\\\/2025\\\/11\\\/IAI-logo-English-scaled.png\",\"contentUrl\":\"https:\\\/\\\/iai.int\\\/wp-content\\\/uploads\\\/2025\\\/11\\\/IAI-logo-English-scaled.png\",\"width\":2560,\"height\":985,\"caption\":\"IAI - Inter-American Institute for Global Change Research\"},\"image\":{\"@id\":\"https:\\\/\\\/iai.int\\\/en\\\/#\\\/schema\\\/logo\\\/image\\\/\"}}]}<\/script>\n<!-- \/ Yoast SEO plugin. -->","yoast_head_json":{"title":"Tropical cyclones: current characteristics and potential changes under a warmer climate (CRN 2048) - IAI - Inter-American Institute for Global Change Research","robots":{"index":"index","follow":"follow","max-snippet":"max-snippet:-1","max-image-preview":"max-image-preview:large","max-video-preview":"max-video-preview:-1"},"canonical":"https:\/\/iai.int\/en\/ciclones-tropicales-caracteristicas-actuales-y-cambios-potenciales-bajo-un-clima-mas-calido-crn-2048\/","og_locale":"en_US","og_type":"article","og_title":"Tropical cyclones: current characteristics and potential changes under a warmer climate (CRN 2048) - IAI - Inter-American Institute for Global Change Research","og_description":"IR image of John 2 September 2006 Project information Principal investigator: Graciela Binimelis de Raga\u00a0(raga@servidor.unam.mx)Universidad Nacional Aut\u00f3noma de M\u00e9xico (UNAM) \u2013 Centro de Ciencias de la Atm\u00f3sfera Project website: http:\/\/cabernet.atmosfcu.unam.mx\/IAI List of published papers: http:\/\/www.citeulike.org\/user\/IAI\/tag\/crn2048 This research continued in\u00a0SGP-CRA 2048, with the same title Executive summary\u00a0Outreach\u00a0Investigators\u00a0Students Executive summary The Eastern Pacific has the highest density [&hellip;]","og_url":"https:\/\/iai.int\/en\/ciclones-tropicales-caracteristicas-actuales-y-cambios-potenciales-bajo-un-clima-mas-calido-crn-2048\/","og_site_name":"IAI - Inter-American Institute for Global Change Research","article_modified_time":"2025-07-30T01:37:09+00:00","twitter_card":"summary_large_image","twitter_misc":{"Est. reading time":"3 minutes"},"schema":{"@context":"https:\/\/schema.org","@graph":[{"@type":"WebPage","@id":"https:\/\/iai.int\/en\/ciclones-tropicales-caracteristicas-actuales-y-cambios-potenciales-bajo-un-clima-mas-calido-crn-2048\/","url":"https:\/\/iai.int\/en\/ciclones-tropicales-caracteristicas-actuales-y-cambios-potenciales-bajo-un-clima-mas-calido-crn-2048\/","name":"Tropical cyclones: current characteristics and potential changes under a warmer climate (CRN 2048) - IAI - Inter-American Institute for Global Change Research","isPartOf":{"@id":"https:\/\/iai.int\/en\/#website"},"primaryImageOfPage":{"@id":"https:\/\/iai.int\/en\/ciclones-tropicales-caracteristicas-actuales-y-cambios-potenciales-bajo-un-clima-mas-calido-crn-2048\/#primaryimage"},"image":{"@id":"https:\/\/iai.int\/en\/ciclones-tropicales-caracteristicas-actuales-y-cambios-potenciales-bajo-un-clima-mas-calido-crn-2048\/#primaryimage"},"thumbnailUrl":"https:\/\/iai.int\/admin\/site\/sites\/default\/files\/uploads\/2014\/03\/crn2048_1.jpg","datePublished":"2024-09-16T15:59:36+00:00","dateModified":"2025-07-30T01:37:09+00:00","breadcrumb":{"@id":"https:\/\/iai.int\/en\/ciclones-tropicales-caracteristicas-actuales-y-cambios-potenciales-bajo-un-clima-mas-calido-crn-2048\/#breadcrumb"},"inLanguage":"en-US","potentialAction":[{"@type":"ReadAction","target":["https:\/\/iai.int\/en\/ciclones-tropicales-caracteristicas-actuales-y-cambios-potenciales-bajo-un-clima-mas-calido-crn-2048\/"]}]},{"@type":"ImageObject","inLanguage":"en-US","@id":"https:\/\/iai.int\/en\/ciclones-tropicales-caracteristicas-actuales-y-cambios-potenciales-bajo-un-clima-mas-calido-crn-2048\/#primaryimage","url":"https:\/\/iai.int\/admin\/site\/sites\/default\/files\/uploads\/2014\/03\/crn2048_1.jpg","contentUrl":"https:\/\/iai.int\/admin\/site\/sites\/default\/files\/uploads\/2014\/03\/crn2048_1.jpg"},{"@type":"BreadcrumbList","@id":"https:\/\/iai.int\/en\/ciclones-tropicales-caracteristicas-actuales-y-cambios-potenciales-bajo-un-clima-mas-calido-crn-2048\/#breadcrumb","itemListElement":[{"@type":"ListItem","position":1,"name":"Portada","item":"https:\/\/iai.int\/en\/"},{"@type":"ListItem","position":2,"name":"Tropical cyclones: current characteristics and potential changes under a warmer climate (CRN 2048)"}]},{"@type":"WebSite","@id":"https:\/\/iai.int\/en\/#website","url":"https:\/\/iai.int\/en\/","name":"IAI - Inter-American Institute for Global Change Research","description":"","publisher":{"@id":"https:\/\/iai.int\/en\/#organization"},"potentialAction":[{"@type":"SearchAction","target":{"@type":"EntryPoint","urlTemplate":"https:\/\/iai.int\/en\/?s={search_term_string}"},"query-input":{"@type":"PropertyValueSpecification","valueRequired":true,"valueName":"search_term_string"}}],"inLanguage":"en-US"},{"@type":"Organization","@id":"https:\/\/iai.int\/en\/#organization","name":"IAI - Inter-American Institute for Global Change Research","url":"https:\/\/iai.int\/en\/","logo":{"@type":"ImageObject","inLanguage":"en-US","@id":"https:\/\/iai.int\/en\/#\/schema\/logo\/image\/","url":"https:\/\/iai.int\/wp-content\/uploads\/2025\/11\/IAI-logo-English-scaled.png","contentUrl":"https:\/\/iai.int\/wp-content\/uploads\/2025\/11\/IAI-logo-English-scaled.png","width":2560,"height":985,"caption":"IAI - Inter-American Institute for Global Change Research"},"image":{"@id":"https:\/\/iai.int\/en\/#\/schema\/logo\/image\/"}}]}},"uagb_featured_image_src":{"full":false,"thumbnail":false,"medium":false,"medium_large":false,"large":false,"1536x1536":false,"2048x2048":false},"uagb_author_info":{"display_name":"admin","author_link":"https:\/\/iai.int\/en\/author\/admin\/"},"uagb_comment_info":0,"uagb_excerpt":"IR image of John 2 September 2006 Project information Principal investigator: Graciela Binimelis de Raga\u00a0(raga@servidor.unam.mx)Universidad Nacional Aut\u00f3noma de M\u00e9xico (UNAM) \u2013 Centro de Ciencias de la Atm\u00f3sfera Project website: http:\/\/cabernet.atmosfcu.unam.mx\/IAI List of published papers: http:\/\/www.citeulike.org\/user\/IAI\/tag\/crn2048 This research continued in\u00a0SGP-CRA 2048, with the same title Executive summary\u00a0Outreach\u00a0Investigators\u00a0Students Executive summary The Eastern Pacific has the highest density&hellip;","_links":{"self":[{"href":"https:\/\/iai.int\/en\/wp-json\/wp\/v2\/pages\/1678","targetHints":{"allow":["GET"]}}],"collection":[{"href":"https:\/\/iai.int\/en\/wp-json\/wp\/v2\/pages"}],"about":[{"href":"https:\/\/iai.int\/en\/wp-json\/wp\/v2\/types\/page"}],"author":[{"embeddable":true,"href":"https:\/\/iai.int\/en\/wp-json\/wp\/v2\/users\/1"}],"replies":[{"embeddable":true,"href":"https:\/\/iai.int\/en\/wp-json\/wp\/v2\/comments?post=1678"}],"version-history":[{"count":2,"href":"https:\/\/iai.int\/en\/wp-json\/wp\/v2\/pages\/1678\/revisions"}],"predecessor-version":[{"id":6330,"href":"https:\/\/iai.int\/en\/wp-json\/wp\/v2\/pages\/1678\/revisions\/6330"}],"wp:attachment":[{"href":"https:\/\/iai.int\/en\/wp-json\/wp\/v2\/media?parent=1678"}],"curies":[{"name":"wp","href":"https:\/\/api.w.org\/{rel}","templated":true}]}}