{"id":1676,"date":"2024-09-16T13:51:45","date_gmt":"2024-09-16T16:51:45","guid":{"rendered":"https:\/\/iai.int\/estrategias-efectivas-de-adaptacion-y-reduccion-de-riesgos-por-fluctuaciones-de-precios-y-cambios-climaticos-lecciones-de-la-crisis-del-cafe-en-mesoamerica-crn-2060\/"},"modified":"2025-07-29T23:04:32","modified_gmt":"2025-07-30T04:04:32","slug":"estrategias-efectivas-de-adaptacion-y-reduccion-de-riesgos-por-fluctuaciones-de-precios-y-cambios-climaticos-lecciones-de-la-crisis-del-cafe-en-mesoamerica-crn-2060","status":"publish","type":"page","link":"https:\/\/iai.int\/en\/estrategias-efectivas-de-adaptacion-y-reduccion-de-riesgos-por-fluctuaciones-de-precios-y-cambios-climaticos-lecciones-de-la-crisis-del-cafe-en-mesoamerica-crn-2060\/","title":{"rendered":"Effective adaptation strategies and risk reduction towards economic and climatic shocks: lessons from the coffee crisis in Meso-America (CRN 2060)"},"content":{"rendered":"\n<p><img fetchpriority=\"high\" decoding=\"async\" src=\"https:\/\/iai.int\/admin\/site\/sites\/default\/files\/uploads\/2014\/03\/crn2060b.jpg\" alt=\"crn2060b\" width=\"690\" height=\"171\"\/><br\/><em>1) Effect of tropical storm on coffee plantation (photo: Eddie Garc\u00eda, 2005).&#13;\n2) Effective Strategy? direct marketing with added value in Jitolol, Mexico (photo: Helda Morales, 2006).&#13;\n3) Coffee producer uses weather station 4) Training interviewers in Barberena, Guatemala (photo: Axel Arana, 2007)<\/em><\/p>\n\n<h3 class=\"wp-block-heading\">Project information<\/h3>\n\n<p><div class=\"one-third first\"><strong>Principal investigator:<\/strong><\/div><\/p>\n\n<p><em>Edwin Castellanos<\/em>\u00a0(<a href=\"mailto:ecastell@uvg.edu.gt\">ecastell@uvg.edu.gt<\/a>)<br\/>Universidad del Valle de Guatemala<\/p>\n\n<p><div class=\"one-third first\"><strong>Project website:<\/strong><\/div><\/p>\n\n<p><a href=\"http:\/\/www.uvg.edu.gt\/instituto\/centros\/cea\/cafe\" target=\"_blank\" rel=\"noreferrer noopener\">http:\/\/www.uvg.edu.gt\/instituto\/centros\/cea\/cafe<\/a><\/p>\n\n<p><div class=\"one-third first\"><strong>List of published papers:<\/strong><\/div><\/p>\n\n<p><a href=\"http:\/\/www.citeulike.org\/user\/IAI\/tag\/crn2060\" target=\"_blank\" rel=\"noreferrer noopener\">http:\/\/www.citeulike.org\/user\/IAI\/tag\/crn2060<\/a><\/p>\n\n<p>This research continued in\u00a0<a href=\"http:\/\/iai.int\/en\/meetings\/detail\/sgp-cra-2060\" target=\"_blank\" rel=\"noopener\">SGP-CRA 2060, with the same title<\/a><br\/><br\/>\u00a0<\/p>\n\n<p><a href=\"https:\/\/iai.int\/es\/meetings\/detail\/crn2060#summary\">Executive summary<\/a>\u00a0<a href=\"https:\/\/iai.int\/es\/meetings\/detail\/crn2060#investigadores\">Investigators<\/a><\/p>\n\n<h3 class=\"wp-block-heading\" id=\"summary\">Executive summary<\/h3>\n\n<p>Coffee farmers in Guatemala, Honduras, Mexico and Costa Rica have been experiencing unusually extreme weather, high incidences of pests and diseases, and volatile prices since 1997. This project looks at how farmers are responding to these threats, in order to develop strategies and tools for vulnerable coffee growers facing the effects of global change.<br\/><br\/><\/p>\n\n<p><strong>Goals<\/strong><br\/>Identify impacts of economic and climate variability on the livelihoods and social networks of coffee farmers<\/p>\n\n<p>Evaluate effectiveness of individual and group coping strategies<br\/><br\/><\/p>\n\n<p>Analyze community-based government and non-government programs<\/p>\n\n<p>Help communities, local and national government agencies communicate to revise policies<br\/><br\/><\/p>\n\n<p><strong>First results<\/strong><br\/>Even minor climate changes may move coffee crops out of the optimum ecological and economic range, particularly in areas where conditions are already marginal (e.g. overly dry or totally flooded soils). Yet, farmers perceive market fluctuations as a bigger threat than climate variability. Many farmers in the research sites continue to plant risky coffee crops because the alternatives are even more perilous.<\/p>\n\n<p>To reduce the impacts of negative climate events, farmers use several strategies: some grow alternative crops, others diversify the sources of income, and a quarter of them (figures from Honduras) migrate, often with complicated social and legal consequences.<br\/><br\/><\/p>\n\n<p>Factors helping farmers adapt to global change are (1) better access to information about fluctuations in market and climate; (2) better access to insurance and credit; and (3) increased capacity to organize and maintain local groups (e.g.; cooperatives).<br\/><br\/><\/p>\n\n<p>Cutting coffee shade trees to prepare the land for other crops may lead to increased risks of erosion, soil degradation and loss of biodiversity. Deforestation also affects the carbon balance, since it reduces the number of carbon sinks.<br\/><br\/><\/p>\n\n<p>Where secondary forests dominate the landscape, conservation goals should incorporate sustainable transitions between forests and farming.<br\/><br\/><\/p>\n\n<p>It is easier for policy to respond to medium-term drivers such as emergence of new pests or new market opportunities which allow for institutional arrangements to be developed. Very slow processes such as declining soil fertility or climate change are difficult to perceive and often left out of the policy agenda despite their substantial long-lasting impacts.<br\/><br\/><\/p>\n\n<p>Project case studies suggest that policies need to fit local contexts and perceptions, and no single policy prescription is likely to meet the range of experiences and conditions in the region.<br\/><br\/><\/p>\n\n<h3 class=\"wp-block-heading\" id=\"investigadores\">Project investigators<\/h3>\n\n<p>Edwin Castellanos \u2013\u00a0<a href=\"mailto:ecastell@uvg.edu.gt\">ecastell@uvg.edu.gt<\/a><br\/>Universidad del Valle de Guatemala<\/p>\n\n<p>Rafael D\u00edaz Porras, Gerardo Jim\u00e9nez (Universidad Nacional de Costa Rica, Costa Rica), Francisco Anzueto (ANACAFE, Asociaci\u00f3n Nacional del Caf\u00e9), Guatemala), Sandra de Urioste-Stone (Universidad del Valle de Guatemala, Guatemala), Catherine Tucker (Indiana University, EE.UU.), Gustavo Cruz (INIFAP, M\u00e9xico), Hallie Eakin (School of Sustainability, Arizona State University, EE.UU.), Helda Morales, Juan Francisco Barrera (El Colegio de la Frontera Sur, M\u00e9xico).<\/p>\n\n<p>Updated 3\/2010<\/p>\n\n<p><a class=\"external\" href=\"http:\/\/www.uvg.edu.gt\/instituto\/centros\/cea\/cafe\" target=\"_blank\" rel=\"noopener\">Project web page<\/a><\/p>\n\n<p><a href=\"https:\/\/iai.int\/admin\/site\/sites\/default\/files\/uploads\/2014\/03\/Policy_Brief_English_CRN2060.pdf\" target=\"_blank\" rel=\"noopener\">Policy Brief (in English)<\/a><\/p>\n\n<p><section class=\"main-container\">&#13;\n<div class=\"container\">&#13;\n<div class=\"row\">&#13;\n<div class=\"main col-md-12\">&#13;\n<div class=\"row\">&#13;\n<div class=\"row seccion\">&#13;\n<div class=\"col-lg-12\">&#13;\n&#13;\n<a href=\"https:\/\/iai.int\/admin\/site\/sites\/default\/files\/uploads\/2014\/03\/CRN2_611.pdf\" target=\"_blank\" rel=\"noopener\">PDF File<\/a>&#13;\n&#13;\n<\/div>&#13;\n<\/div>&#13;\n<\/div>&#13;\n<\/div>&#13;\n<\/div>&#13;\n<\/div>&#13;\n<\/section><br\/><div class=\"container pt-50 mb-20\"><\/div><\/p>\n","protected":false},"excerpt":{"rendered":"<p>1) Effect of tropical storm on coffee plantation (photo: Eddie Garc\u00eda, 2005).&#13; 2) Effective Strategy? direct marketing with added value in Jitolol, Mexico (photo: Helda Morales, 2006).&#13; 3) Coffee producer uses weather station 4) Training interviewers in Barberena, Guatemala (photo: Axel Arana, 2007) Project information Principal investigator: Edwin Castellanos\u00a0(ecastell@uvg.edu.gt)Universidad del Valle de Guatemala Project website: [&hellip;]<\/p>\n","protected":false},"author":1,"featured_media":0,"parent":0,"menu_order":0,"comment_status":"closed","ping_status":"closed","template":"","meta":{"_acf_changed":false,"_uag_custom_page_level_css":"","footnotes":""},"class_list":["post-1676","page","type-page","status-publish","hentry"],"acf":[],"yoast_head":"<!-- This site is optimized with the Yoast SEO plugin v27.3 - https:\/\/yoast.com\/product\/yoast-seo-wordpress\/ -->\n<title>Effective adaptation strategies and risk reduction towards economic and climatic shocks: lessons from the coffee crisis in Meso-America (CRN 2060) - IAI - Inter-American Institute for Global Change Research<\/title>\n<meta name=\"robots\" content=\"index, follow, max-snippet:-1, max-image-preview:large, max-video-preview:-1\" \/>\n<link rel=\"canonical\" href=\"https:\/\/iai.int\/en\/estrategias-efectivas-de-adaptacion-y-reduccion-de-riesgos-por-fluctuaciones-de-precios-y-cambios-climaticos-lecciones-de-la-crisis-del-cafe-en-mesoamerica-crn-2060\/\" \/>\n<meta property=\"og:locale\" content=\"en_US\" \/>\n<meta property=\"og:type\" content=\"article\" \/>\n<meta property=\"og:title\" content=\"Effective adaptation strategies and risk reduction towards economic and climatic shocks: lessons from the coffee crisis in Meso-America (CRN 2060) - IAI - Inter-American Institute for Global Change Research\" \/>\n<meta property=\"og:description\" content=\"1) Effect of tropical storm on coffee plantation (photo: Eddie Garc\u00eda, 2005).&#013; 2) Effective Strategy? direct marketing with added value in Jitolol, Mexico (photo: Helda Morales, 2006).&#013; 3) Coffee producer uses weather station 4) Training interviewers in Barberena, Guatemala (photo: Axel Arana, 2007) Project information Principal investigator: Edwin Castellanos\u00a0(ecastell@uvg.edu.gt)Universidad del Valle de Guatemala Project website: [&hellip;]\" \/>\n<meta property=\"og:url\" content=\"https:\/\/iai.int\/en\/estrategias-efectivas-de-adaptacion-y-reduccion-de-riesgos-por-fluctuaciones-de-precios-y-cambios-climaticos-lecciones-de-la-crisis-del-cafe-en-mesoamerica-crn-2060\/\" \/>\n<meta property=\"og:site_name\" content=\"IAI - Inter-American Institute for Global Change Research\" \/>\n<meta property=\"article:modified_time\" content=\"2025-07-30T04:04:32+00:00\" \/>\n<meta property=\"og:image\" content=\"https:\/\/iai.int\/admin\/site\/sites\/default\/files\/uploads\/2014\/03\/crn2060b.jpg\" \/>\n<meta name=\"twitter:card\" content=\"summary_large_image\" \/>\n<meta name=\"twitter:label1\" content=\"Est. reading time\" \/>\n\t<meta name=\"twitter:data1\" content=\"3 minutes\" \/>\n<script type=\"application\/ld+json\" class=\"yoast-schema-graph\">{\"@context\":\"https:\\\/\\\/schema.org\",\"@graph\":[{\"@type\":\"WebPage\",\"@id\":\"https:\\\/\\\/iai.int\\\/en\\\/estrategias-efectivas-de-adaptacion-y-reduccion-de-riesgos-por-fluctuaciones-de-precios-y-cambios-climaticos-lecciones-de-la-crisis-del-cafe-en-mesoamerica-crn-2060\\\/\",\"url\":\"https:\\\/\\\/iai.int\\\/en\\\/estrategias-efectivas-de-adaptacion-y-reduccion-de-riesgos-por-fluctuaciones-de-precios-y-cambios-climaticos-lecciones-de-la-crisis-del-cafe-en-mesoamerica-crn-2060\\\/\",\"name\":\"Effective adaptation strategies and risk reduction towards economic and climatic shocks: lessons from the coffee crisis in Meso-America (CRN 2060) - IAI - Inter-American Institute for Global Change Research\",\"isPartOf\":{\"@id\":\"https:\\\/\\\/iai.int\\\/en\\\/#website\"},\"primaryImageOfPage\":{\"@id\":\"https:\\\/\\\/iai.int\\\/en\\\/estrategias-efectivas-de-adaptacion-y-reduccion-de-riesgos-por-fluctuaciones-de-precios-y-cambios-climaticos-lecciones-de-la-crisis-del-cafe-en-mesoamerica-crn-2060\\\/#primaryimage\"},\"image\":{\"@id\":\"https:\\\/\\\/iai.int\\\/en\\\/estrategias-efectivas-de-adaptacion-y-reduccion-de-riesgos-por-fluctuaciones-de-precios-y-cambios-climaticos-lecciones-de-la-crisis-del-cafe-en-mesoamerica-crn-2060\\\/#primaryimage\"},\"thumbnailUrl\":\"https:\\\/\\\/iai.int\\\/admin\\\/site\\\/sites\\\/default\\\/files\\\/uploads\\\/2014\\\/03\\\/crn2060b.jpg\",\"datePublished\":\"2024-09-16T16:51:45+00:00\",\"dateModified\":\"2025-07-30T04:04:32+00:00\",\"breadcrumb\":{\"@id\":\"https:\\\/\\\/iai.int\\\/en\\\/estrategias-efectivas-de-adaptacion-y-reduccion-de-riesgos-por-fluctuaciones-de-precios-y-cambios-climaticos-lecciones-de-la-crisis-del-cafe-en-mesoamerica-crn-2060\\\/#breadcrumb\"},\"inLanguage\":\"en-US\",\"potentialAction\":[{\"@type\":\"ReadAction\",\"target\":[\"https:\\\/\\\/iai.int\\\/en\\\/estrategias-efectivas-de-adaptacion-y-reduccion-de-riesgos-por-fluctuaciones-de-precios-y-cambios-climaticos-lecciones-de-la-crisis-del-cafe-en-mesoamerica-crn-2060\\\/\"]}]},{\"@type\":\"ImageObject\",\"inLanguage\":\"en-US\",\"@id\":\"https:\\\/\\\/iai.int\\\/en\\\/estrategias-efectivas-de-adaptacion-y-reduccion-de-riesgos-por-fluctuaciones-de-precios-y-cambios-climaticos-lecciones-de-la-crisis-del-cafe-en-mesoamerica-crn-2060\\\/#primaryimage\",\"url\":\"https:\\\/\\\/iai.int\\\/admin\\\/site\\\/sites\\\/default\\\/files\\\/uploads\\\/2014\\\/03\\\/crn2060b.jpg\",\"contentUrl\":\"https:\\\/\\\/iai.int\\\/admin\\\/site\\\/sites\\\/default\\\/files\\\/uploads\\\/2014\\\/03\\\/crn2060b.jpg\"},{\"@type\":\"BreadcrumbList\",\"@id\":\"https:\\\/\\\/iai.int\\\/en\\\/estrategias-efectivas-de-adaptacion-y-reduccion-de-riesgos-por-fluctuaciones-de-precios-y-cambios-climaticos-lecciones-de-la-crisis-del-cafe-en-mesoamerica-crn-2060\\\/#breadcrumb\",\"itemListElement\":[{\"@type\":\"ListItem\",\"position\":1,\"name\":\"Portada\",\"item\":\"https:\\\/\\\/iai.int\\\/en\\\/\"},{\"@type\":\"ListItem\",\"position\":2,\"name\":\"Effective adaptation strategies and risk reduction towards economic and climatic shocks: lessons from the coffee crisis in Meso-America (CRN 2060)\"}]},{\"@type\":\"WebSite\",\"@id\":\"https:\\\/\\\/iai.int\\\/en\\\/#website\",\"url\":\"https:\\\/\\\/iai.int\\\/en\\\/\",\"name\":\"IAI - Inter-American Institute for Global Change Research\",\"description\":\"\",\"publisher\":{\"@id\":\"https:\\\/\\\/iai.int\\\/en\\\/#organization\"},\"potentialAction\":[{\"@type\":\"SearchAction\",\"target\":{\"@type\":\"EntryPoint\",\"urlTemplate\":\"https:\\\/\\\/iai.int\\\/en\\\/?s={search_term_string}\"},\"query-input\":{\"@type\":\"PropertyValueSpecification\",\"valueRequired\":true,\"valueName\":\"search_term_string\"}}],\"inLanguage\":\"en-US\"},{\"@type\":\"Organization\",\"@id\":\"https:\\\/\\\/iai.int\\\/en\\\/#organization\",\"name\":\"IAI - Inter-American Institute for Global Change Research\",\"url\":\"https:\\\/\\\/iai.int\\\/en\\\/\",\"logo\":{\"@type\":\"ImageObject\",\"inLanguage\":\"en-US\",\"@id\":\"https:\\\/\\\/iai.int\\\/en\\\/#\\\/schema\\\/logo\\\/image\\\/\",\"url\":\"https:\\\/\\\/iai.int\\\/wp-content\\\/uploads\\\/2025\\\/11\\\/IAI-logo-English-scaled.png\",\"contentUrl\":\"https:\\\/\\\/iai.int\\\/wp-content\\\/uploads\\\/2025\\\/11\\\/IAI-logo-English-scaled.png\",\"width\":2560,\"height\":985,\"caption\":\"IAI - Inter-American Institute for Global Change Research\"},\"image\":{\"@id\":\"https:\\\/\\\/iai.int\\\/en\\\/#\\\/schema\\\/logo\\\/image\\\/\"}}]}<\/script>\n<!-- \/ Yoast SEO plugin. -->","yoast_head_json":{"title":"Effective adaptation strategies and risk reduction towards economic and climatic shocks: lessons from the coffee crisis in Meso-America (CRN 2060) - IAI - Inter-American Institute for Global Change Research","robots":{"index":"index","follow":"follow","max-snippet":"max-snippet:-1","max-image-preview":"max-image-preview:large","max-video-preview":"max-video-preview:-1"},"canonical":"https:\/\/iai.int\/en\/estrategias-efectivas-de-adaptacion-y-reduccion-de-riesgos-por-fluctuaciones-de-precios-y-cambios-climaticos-lecciones-de-la-crisis-del-cafe-en-mesoamerica-crn-2060\/","og_locale":"en_US","og_type":"article","og_title":"Effective adaptation strategies and risk reduction towards economic and climatic shocks: lessons from the coffee crisis in Meso-America (CRN 2060) - IAI - Inter-American Institute for Global Change Research","og_description":"1) Effect of tropical storm on coffee plantation (photo: Eddie Garc\u00eda, 2005).&#13; 2) Effective Strategy? direct marketing with added value in Jitolol, Mexico (photo: Helda Morales, 2006).&#13; 3) Coffee producer uses weather station 4) Training interviewers in Barberena, Guatemala (photo: Axel Arana, 2007) Project information Principal investigator: Edwin Castellanos\u00a0(ecastell@uvg.edu.gt)Universidad del Valle de Guatemala Project website: [&hellip;]","og_url":"https:\/\/iai.int\/en\/estrategias-efectivas-de-adaptacion-y-reduccion-de-riesgos-por-fluctuaciones-de-precios-y-cambios-climaticos-lecciones-de-la-crisis-del-cafe-en-mesoamerica-crn-2060\/","og_site_name":"IAI - Inter-American Institute for Global Change Research","article_modified_time":"2025-07-30T04:04:32+00:00","og_image":[{"url":"https:\/\/iai.int\/admin\/site\/sites\/default\/files\/uploads\/2014\/03\/crn2060b.jpg","type":"","width":"","height":""}],"twitter_card":"summary_large_image","twitter_misc":{"Est. reading time":"3 minutes"},"schema":{"@context":"https:\/\/schema.org","@graph":[{"@type":"WebPage","@id":"https:\/\/iai.int\/en\/estrategias-efectivas-de-adaptacion-y-reduccion-de-riesgos-por-fluctuaciones-de-precios-y-cambios-climaticos-lecciones-de-la-crisis-del-cafe-en-mesoamerica-crn-2060\/","url":"https:\/\/iai.int\/en\/estrategias-efectivas-de-adaptacion-y-reduccion-de-riesgos-por-fluctuaciones-de-precios-y-cambios-climaticos-lecciones-de-la-crisis-del-cafe-en-mesoamerica-crn-2060\/","name":"Effective adaptation strategies and risk reduction towards economic and climatic shocks: lessons from the coffee crisis in Meso-America (CRN 2060) - IAI - Inter-American Institute for Global Change Research","isPartOf":{"@id":"https:\/\/iai.int\/en\/#website"},"primaryImageOfPage":{"@id":"https:\/\/iai.int\/en\/estrategias-efectivas-de-adaptacion-y-reduccion-de-riesgos-por-fluctuaciones-de-precios-y-cambios-climaticos-lecciones-de-la-crisis-del-cafe-en-mesoamerica-crn-2060\/#primaryimage"},"image":{"@id":"https:\/\/iai.int\/en\/estrategias-efectivas-de-adaptacion-y-reduccion-de-riesgos-por-fluctuaciones-de-precios-y-cambios-climaticos-lecciones-de-la-crisis-del-cafe-en-mesoamerica-crn-2060\/#primaryimage"},"thumbnailUrl":"https:\/\/iai.int\/admin\/site\/sites\/default\/files\/uploads\/2014\/03\/crn2060b.jpg","datePublished":"2024-09-16T16:51:45+00:00","dateModified":"2025-07-30T04:04:32+00:00","breadcrumb":{"@id":"https:\/\/iai.int\/en\/estrategias-efectivas-de-adaptacion-y-reduccion-de-riesgos-por-fluctuaciones-de-precios-y-cambios-climaticos-lecciones-de-la-crisis-del-cafe-en-mesoamerica-crn-2060\/#breadcrumb"},"inLanguage":"en-US","potentialAction":[{"@type":"ReadAction","target":["https:\/\/iai.int\/en\/estrategias-efectivas-de-adaptacion-y-reduccion-de-riesgos-por-fluctuaciones-de-precios-y-cambios-climaticos-lecciones-de-la-crisis-del-cafe-en-mesoamerica-crn-2060\/"]}]},{"@type":"ImageObject","inLanguage":"en-US","@id":"https:\/\/iai.int\/en\/estrategias-efectivas-de-adaptacion-y-reduccion-de-riesgos-por-fluctuaciones-de-precios-y-cambios-climaticos-lecciones-de-la-crisis-del-cafe-en-mesoamerica-crn-2060\/#primaryimage","url":"https:\/\/iai.int\/admin\/site\/sites\/default\/files\/uploads\/2014\/03\/crn2060b.jpg","contentUrl":"https:\/\/iai.int\/admin\/site\/sites\/default\/files\/uploads\/2014\/03\/crn2060b.jpg"},{"@type":"BreadcrumbList","@id":"https:\/\/iai.int\/en\/estrategias-efectivas-de-adaptacion-y-reduccion-de-riesgos-por-fluctuaciones-de-precios-y-cambios-climaticos-lecciones-de-la-crisis-del-cafe-en-mesoamerica-crn-2060\/#breadcrumb","itemListElement":[{"@type":"ListItem","position":1,"name":"Portada","item":"https:\/\/iai.int\/en\/"},{"@type":"ListItem","position":2,"name":"Effective adaptation strategies and risk reduction towards economic and climatic shocks: lessons from the coffee crisis in Meso-America (CRN 2060)"}]},{"@type":"WebSite","@id":"https:\/\/iai.int\/en\/#website","url":"https:\/\/iai.int\/en\/","name":"IAI - Inter-American Institute for Global Change Research","description":"","publisher":{"@id":"https:\/\/iai.int\/en\/#organization"},"potentialAction":[{"@type":"SearchAction","target":{"@type":"EntryPoint","urlTemplate":"https:\/\/iai.int\/en\/?s={search_term_string}"},"query-input":{"@type":"PropertyValueSpecification","valueRequired":true,"valueName":"search_term_string"}}],"inLanguage":"en-US"},{"@type":"Organization","@id":"https:\/\/iai.int\/en\/#organization","name":"IAI - Inter-American Institute for Global Change Research","url":"https:\/\/iai.int\/en\/","logo":{"@type":"ImageObject","inLanguage":"en-US","@id":"https:\/\/iai.int\/en\/#\/schema\/logo\/image\/","url":"https:\/\/iai.int\/wp-content\/uploads\/2025\/11\/IAI-logo-English-scaled.png","contentUrl":"https:\/\/iai.int\/wp-content\/uploads\/2025\/11\/IAI-logo-English-scaled.png","width":2560,"height":985,"caption":"IAI - Inter-American Institute for Global Change Research"},"image":{"@id":"https:\/\/iai.int\/en\/#\/schema\/logo\/image\/"}}]}},"uagb_featured_image_src":{"full":false,"thumbnail":false,"medium":false,"medium_large":false,"large":false,"1536x1536":false,"2048x2048":false},"uagb_author_info":{"display_name":"admin","author_link":"https:\/\/iai.int\/en\/author\/admin\/"},"uagb_comment_info":0,"uagb_excerpt":"1) Effect of tropical storm on coffee plantation (photo: Eddie Garc\u00eda, 2005).&#13; 2) Effective Strategy? direct marketing with added value in Jitolol, Mexico (photo: Helda Morales, 2006).&#13; 3) Coffee producer uses weather station 4) Training interviewers in Barberena, Guatemala (photo: Axel Arana, 2007) Project information Principal investigator: Edwin Castellanos\u00a0(ecastell@uvg.edu.gt)Universidad del Valle de Guatemala Project website:&hellip;","_links":{"self":[{"href":"https:\/\/iai.int\/en\/wp-json\/wp\/v2\/pages\/1676","targetHints":{"allow":["GET"]}}],"collection":[{"href":"https:\/\/iai.int\/en\/wp-json\/wp\/v2\/pages"}],"about":[{"href":"https:\/\/iai.int\/en\/wp-json\/wp\/v2\/types\/page"}],"author":[{"embeddable":true,"href":"https:\/\/iai.int\/en\/wp-json\/wp\/v2\/users\/1"}],"replies":[{"embeddable":true,"href":"https:\/\/iai.int\/en\/wp-json\/wp\/v2\/comments?post=1676"}],"version-history":[{"count":2,"href":"https:\/\/iai.int\/en\/wp-json\/wp\/v2\/pages\/1676\/revisions"}],"predecessor-version":[{"id":6382,"href":"https:\/\/iai.int\/en\/wp-json\/wp\/v2\/pages\/1676\/revisions\/6382"}],"wp:attachment":[{"href":"https:\/\/iai.int\/en\/wp-json\/wp\/v2\/media?parent=1676"}],"curies":[{"name":"wp","href":"https:\/\/api.w.org\/{rel}","templated":true}]}}