{"id":1674,"date":"2024-09-16T13:55:42","date_gmt":"2024-09-16T16:55:42","guid":{"rendered":"https:\/\/iai.int\/sacc-un-consorcio-internacional-para-el-estudio-de-los-cambios-climaticos-y-globales-relacionados-con-los-oceanos-en-america-del-sur-crn-2076\/"},"modified":"2024-09-16T13:55:42","modified_gmt":"2024-09-16T16:55:42","slug":"sacc-un-consorcio-internacional-para-el-estudio-de-los-cambios-climaticos-y-globales-relacionados-con-los-oceanos-en-america-del-sur-crn-2076","status":"publish","type":"page","link":"https:\/\/iai.int\/en\/sacc-un-consorcio-internacional-para-el-estudio-de-los-cambios-climaticos-y-globales-relacionados-con-los-oceanos-en-america-del-sur-crn-2076\/","title":{"rendered":"SACC: Un consorcio internacional para el estudio de los cambios clim\u00e1ticos y globales relacionados con los oc\u00e9anos en Am\u00e9rica del Sur (CRN 2076)"},"content":{"rendered":"\n<p><img fetchpriority=\"high\" decoding=\"async\" alt=\"crn2076\" height=\"171\" src=\"https:\/\/iai.int\/admin\/site\/sites\/default\/files\/uploads\/2014\/03\/crn2076.jpg\" width=\"690\"><br><em>1) Distribuci\u00f3n de clorofila en superficie a partir de informaci\u00f3n satelital para enero en el Oc\u00e9ano Atl\u00e1ntico Sur sudoccidental (los valores var\u00edan desde 0 mg\u2215m<sup>3<\/sup>&nbsp;(azul) hasta 20 mg\u2215m<sup>3<\/sup>&nbsp;(rojo).<br>2) Despliegue de un perfilador de conductividad-temperatura-profundidad en el Atl\u00e1ntico Sudoccidental.<br>3) Anomal\u00eda de altura de la superficie del mar (izquierda) y salinidad de la superficie del mar (derecha) a partir de un modelo oce\u00e1nico regional de alta resoluci\u00f3n.<\/em><\/p>\n\n\n\n<h3 class=\"wp-block-heading\">Informaci\u00f3n de proyecto<\/h3>\n\n\n\n<p><strong>Investigador principal:<\/strong><\/p>\n\n\n\n<p><em>Alberto Piola<\/em>&nbsp;(<a href=\"mailto:apiola@hidro.gov.ar\">apiola@hidro.gov.ar<\/a>)<br>Servicio de Hidrograf\u00eda Naval (Argentina)<\/p>\n\n\n\n<p><strong>Sitio web del proyecto:<\/strong><\/p>\n\n\n\n<p><a href=\"http:\/\/www.sacc.org.uy\/\" target=\"_blank\" rel=\"noreferrer noopener\">http:\/\/\/\/www.sacc.org.uy<\/a><\/p>\n\n\n\n<p><strong>Papers publicados:<\/strong><\/p>\n\n\n\n<p><a href=\"http:\/\/www.citeulike.org\/user\/IAI\/tag\/crn2076\" target=\"_blank\" rel=\"noreferrer noopener\">http:\/\/www.citeulike.org\/user\/IAI\/tag\/crn2076<\/a><\/p>\n\n\n\n<p>Esta investigaci\u00f3n continu\u00f3 en el\u00a0<a href=\"https:\/\/iai.int\/es\/sacc-un-consorcio-internacional-para-el-estudio-de-los-cambios-climaticos-y-globales-relacionados-con-los-oceanos-en-america-del-sur-sgp-cra-2076\/\" data-type=\"page\" data-id=\"1376\">SGP-CRA 2076 con el mismo t\u00edtulo<\/a><\/p>\n\n\n\n<p><a href=\"https:\/\/iai.int\/es\/meetings\/detail\/crn2076#summary\">Resumen ejecutivo<\/a>&nbsp;<a href=\"https:\/\/iai.int\/es\/meetings\/detail\/crn2076#medios\">Extensi\u00f3n<\/a>&nbsp;<a href=\"https:\/\/iai.int\/es\/meetings\/detail\/crn2076#investigadores\">Investigadores<\/a>&nbsp;<a href=\"https:\/\/iai.int\/es\/meetings\/detail\/crn2076#students\">Estudiantes<\/a><\/p>\n\n\n\n<h3 class=\"wp-block-heading\" id=\"summary\">Resumen ejecutivo<\/h3>\n\n\n\n<p>Los oc\u00e9anos tienen un papel enorme en el sistema clim\u00e1tico mundial; capturan gases de efecto invernadero, transportan calor desde el ecuador hacia las regiones polares y controlan la hidrolog\u00eda global. Los oc\u00e9anos, en particular sus m\u00e1rgenes continentales, han absorbido la mitad de las emisiones de CO<sub>2<\/sub>&nbsp;generadas por el hombre desde mediados de los 1800. El fitoplancton del oc\u00e9ano produce la mitad de la clorofila de la Tierra, la mitad de la cual se encuentra en las plataformas continentales que ocupan apenas 9% de la superficie oce\u00e1nica. Los investigadores de este proyecto estudian los procesos de intercambio entre el oc\u00e9ano profundo y la plataforma patag\u00f3nica, as\u00ed como el modo en que estos var\u00edan en el tiempo. Las observaciones directas, los datos hist\u00f3ricos y las modificaciones de los modelos del sistema terrestre contribuyen a la comprensi\u00f3n de la circulaci\u00f3n y la biota oce\u00e1nicas.<\/p>\n\n\n\n<p><strong>Objetivos<\/strong><br>Identificar la f\u00edsica, las corrientes y mareas que controlan los intercambios f\u00edsicos y biogeoqu\u00edmicos (especies, nutrientes, CO<sub>2<\/sub>, sedimentos) entre el oc\u00e9ano profundo y la plataforma continental y su variabilidad<\/p>\n\n\n\n<p>Determinar la influencia de las corrientes y flujos en la producci\u00f3n y la biodiversidad del ambiente marino<\/p>\n\n\n\n<p>Mejorar la comprensi\u00f3n de los procesos din\u00e1micos que controlan las surgencias y los intercambios a trav\u00e9s de la plataforma para el desarrollo de mejores modelos globales de carbono<\/p>\n\n\n\n<p><strong>Resultados<\/strong><br>La plataforma patag\u00f3nica, que cubre el 4% de las m\u00e1rgenes continentales del mundo, absorbe cerca de 17 Tg C a\u00f1o<sup>-1<\/sup>&nbsp;(millones de toneladas m\u00e9tricas de carbono por a\u00f1o).<\/p>\n\n\n\n<p>La importante pesquer\u00eda ubicada en el talud, con una pesca de alrededor de dos millones de toneladas de pescado y calamar anual (3% de la producci\u00f3n global) muestra signos de sobrepesca, seg\u00fan lo muestran el crecimiento de las poblaciones de medusas. Esto es importante para el monitoreo y el manejo ya que la sobrepesca podr\u00eda afectar el plancton y alterar la captura de CO<sub>2<\/sub>&nbsp;a trav\u00e9s de la fotos\u00edntesis.<\/p>\n\n\n\n<p>El proyecto contribuye al desarrollo de modelos de vanguardia que representan con mayor realismo los mecanismos de la circulaci\u00f3n y las surgencias que sostienen la productividad del talud.<\/p>\n\n\n\n<p>El aporte de agua dulce del R\u00edo de La Plata y la Laguna Los Patos es importante para la producci\u00f3n y la diversidad de los ecosistemas en el Atl\u00e1ntico Sudoccidental.<\/p>\n\n\n\n<p>El CRN 2076 y varias instituciones argentinas mantienen BioMare, un sistema integrado de informaci\u00f3n pesquera y oceanogr\u00e1fica para apoyar las pol\u00edticas pesqueras. Los desarrolladores de BioMare esperan ampliar el sistema m\u00e1s all\u00e1 de Argentina.<\/p>\n\n\n\n<p><a href=\"https:\/\/iai.int\/admin\/site\/sites\/default\/files\/uploads\/2014\/03\/CRN2_76.pdf\" target=\"_blank\" rel=\"noreferrer noopener\">Informe de avance (actualizado en 3\/2010) (en ingl\u00e9s)<\/a><\/p>\n\n\n\n<h3 class=\"wp-block-heading\" id=\"medios\">Extensi\u00f3n<\/h3>\n\n\n\n<p>En diciembre de 2011, durante la COP-17 en Durban, Sud\u00e1frica, el IAI organiz\u00f3 el evento paralelo titulado \u201cInvestigaciones sobre carbono azul: procesos biol\u00f3gicos, f\u00edsicos y qu\u00edmicos en las fuentes y sumideros oce\u00e1nicos de carbono\u201d. Las investigaciones financiadas por el IAI en el Atl\u00e1ntico Sur muestran c\u00f3mo la circulaci\u00f3n oce\u00e1nica afecta el carbono azul: las relaciones entre la captura biol\u00f3gica de carbono, la absorci\u00f3n qu\u00edmica, el transporte f\u00edsico y su posible reliberaci\u00f3n a la atm\u00f3sfera; as\u00ed como las implicancias de esto en las opciones de manejo del carbono. M\u00e1s informaci\u00f3n,&nbsp;<a href=\"http:\/\/iai.int\/es\/post\/detail\/r8\" target=\"_blank\" rel=\"noreferrer noopener\">aqu\u00ed<\/a><\/p>\n\n\n\n<figure class=\"wp-block-image\"><img decoding=\"async\" src=\"https:\/\/iai.int\/admin\/site\/sites\/default\/files\/uploads\/atlas_marpatagonico.jpg\" alt=\"\" class=\"wp-image-25377\"\/><\/figure>\n\n\n\n<p><a href=\"https:\/\/iai.int\/admin\/site\/sites\/default\/files\/uploads\/atlas_marpatagonico.pdf\">Atlas del Mar Patag\u00f3nico, Especies y Espacios<\/a><\/p>\n\n\n\n<p><img decoding=\"async\" height=\"227\" width=\"300\" src=\"https:\/\/iai.int\/admin\/site\/sites\/default\/files\/uploads\/2014\/06\/csatpoteros2010.jpg\" alt=\"csat&amp;poteros2010\"><\/p>\n\n\n\n<p><a href=\"https:\/\/iai.int\/es\/alimentos-de-las-profundidades\/\" data-type=\"page\" data-id=\"1221\">Alimentos de las profundidades<\/a><br><a href=\"https:\/\/iai.int\/admin\/site\/sites\/default\/files\/uploads\/2014\/06\/snapshot5_food_from_the_deep_SP.pdf\" target=\"_blank\" rel=\"noreferrer noopener\">Bajar PDF<\/a><br><a href=\"https:\/\/iai.int\/admin\/site\/sites\/default\/files\/uploads\/2014\/06\/snapshot5_food_from_the_deep_EN.pdf\" target=\"_blank\" rel=\"noreferrer noopener\">Bajar PDF en ingl\u00e9s<\/a><\/p>\n\n\n\n<h3 class=\"wp-block-heading\" id=\"investigadores\">Investigadores del projecto<\/h3>\n\n\n\n<p>Alberto Piola \u2013&nbsp;<a href=\"mailto:apiola@hidro.gov.ar\">apiola@hidro.gov.ar<\/a><br>Servicio de Hidrograf\u00eda Naval (Argentina)<\/p>\n\n\n\n<p>Edmo J.D. Campos (IO, USP, Brasil)<br>Carlos M. Martinez (UR, Uruguay)<br>Ricardo P. Matano (Oregon State University, EE.UU.)<br>Hermes W. Mianzan (INIDEP, Argentina)<br>Osmar O. M\u00f6ller Jr. (Universidade Federal do Rio Grande, Brasil)<br>Jos\u00e9 H. Muelbert (Universidade Federal do Rio Grande, Brasil)<br>Patrizia Raggi Abdallah (Universidade Federal do Rio Grande, Brasil)<br>Oscar Pizarro (Universidad de Concepci\u00f3n, Chile)<\/p>\n\n\n\n<p><strong>V\u00ednculos con otros proyectos del IAI<\/strong><br>Las investigaciones de este proyecto se complementan con el proyecto de dimensiones humanas 2076-HD sobre pesquer\u00edas artesanales en la Laguna Los Patos<\/p>\n\n\n\n<p><strong>Sitio web del proyecto:<\/strong>&nbsp;<a href=\"http:\/\/www.sacc.org.uy\/\" target=\"_blank\" rel=\"noreferrer noopener\">http:\/\/www.sacc.org.uy<\/a><\/p>\n\n\n\n<p><strong>Lista de publicaciones:<\/strong>&nbsp;<a href=\"http:\/\/sacc.coas.oregonstate.edu\/~sacc\/documents.php?ano=2014&amp;cat=Scientific_Articles\" target=\"_blank\" rel=\"noreferrer noopener\">http:\/\/sacc.coas.oregonstate.edu\/~sacc\/documents.php?ano=2014&amp;cat=Scientific_Articles<\/a><\/p>\n\n\n\n<p><strong>Lista de publicaciones 2:<\/strong>&nbsp;<a href=\"http:\/\/iaisrv1.iai.int\/bs?publications\/CRN2076.pdf\" target=\"_blank\" rel=\"noreferrer noopener\">http:\/\/iaisrv1.iai.int\/bs?publications\/CRN2076.pdf<\/a><\/p>\n\n\n\n<h3 class=\"wp-block-heading\" id=\"students\">Estudiantes<\/h3>\n\n\n\n<p><em>Barbara Franco<\/em>, doctorado, Universidad de Buenos Aires, Argentina.<br><em>Carla Derisio<\/em>, Post doctorado, Instituto Nacional de Investigaci\u00f3n y Desarrollo Pesquero, Argentina.<br><em>Chris van Assen<\/em>, Post doctorado, Argentina.<br><em>Daniel Valla<\/em>, grado, Universidad de Buenos Aires, Argentina.<br><em>David Oks<\/em>, grado, Universidad de Buenos Aires, Argentina.<br><em>Dernis Mediavilla<\/em>, doctorado, Universidad de Concepci\u00f3n, Argentina.<br><em>Eugenia Azcuaga<\/em>, grado, Argentina.<br><em>Jos\u00e9 Luiz Lima de Azevedo<\/em>, doctorado, Brasil.<br><em>Juan Carlos Ugaz Codina<\/em>, doctorado, Universidade Federal do Parana, Brasil.<br><em>Laura A. Ruiz Etcheverry<\/em>, doctorado, Centro de Investigaciones del Mar y de la Atm\u00f3sfera, UBA, Argentina.<br><em>Magdalena Carranza<\/em>, grado, Argentina.<br><em>Mara Braverman<\/em>, doctorado, Argentina.<br><em>Marina Marrari<\/em>, Post doctorado, INIDEP, Argentina.<br><em>Miriam Vergani<\/em>, doctorado, INIDEP, Argentina.<br><em>Monique Franza<\/em>, maestr\u00eda, Brazil.<br><em>Paulo Costa Campos<\/em>, maestr\u00eda, Universidade Federal do Rio Grande, Brasil.<br><em>Priscila Orozco<\/em>, grado, Universidade Federal do Rio Grande, Brasil.<br><em>Roxana Rodriguez<\/em>, grado, Universidad de Concepci\u00f3n, Chile.<br><em>Sergio A. Rosales<\/em>, maestr\u00eda, Universidad de Valparaiso, Chile.<br><em>Susana Giglio<\/em>, maestr\u00eda, Universidad de Valparaiso, Chile.<br><em>Uriel Zajaczkovski<\/em>, grado, Universidad de Buenos Aires, Argentina.<\/p>\n","protected":false},"excerpt":{"rendered":"<p>1) Distribuci\u00f3n de clorofila en superficie a partir de informaci\u00f3n satelital para enero en el Oc\u00e9ano Atl\u00e1ntico Sur sudoccidental (los valores var\u00edan desde 0 mg\u2215m3&nbsp;(azul) hasta 20 mg\u2215m3&nbsp;(rojo).2) Despliegue de un perfilador de conductividad-temperatura-profundidad en el Atl\u00e1ntico Sudoccidental.3) Anomal\u00eda de altura de la superficie del mar (izquierda) y salinidad de la superficie del mar (derecha) [&hellip;]<\/p>\n","protected":false},"author":1,"featured_media":0,"parent":0,"menu_order":0,"comment_status":"closed","ping_status":"closed","template":"","meta":{"_acf_changed":false,"_uag_custom_page_level_css":"","footnotes":""},"class_list":["post-1674","page","type-page","status-publish","hentry"],"acf":[],"yoast_head":"<!-- This site is optimized with the Yoast SEO plugin v27.3 - https:\/\/yoast.com\/product\/yoast-seo-wordpress\/ -->\n<title>SACC: Un consorcio internacional para el estudio de los cambios clim\u00e1ticos y globales relacionados con los oc\u00e9anos en Am\u00e9rica del Sur (CRN 2076) - IAI - Inter-American Institute for Global Change Research<\/title>\n<meta name=\"robots\" content=\"index, follow, max-snippet:-1, max-image-preview:large, max-video-preview:-1\" \/>\n<link rel=\"canonical\" href=\"https:\/\/iai.int\/en\/sacc-un-consorcio-internacional-para-el-estudio-de-los-cambios-climaticos-y-globales-relacionados-con-los-oceanos-en-america-del-sur-crn-2076\/\" \/>\n<meta property=\"og:locale\" content=\"en_US\" \/>\n<meta property=\"og:type\" content=\"article\" \/>\n<meta property=\"og:title\" content=\"SACC: Un consorcio internacional para el estudio de los cambios clim\u00e1ticos y globales relacionados con los oc\u00e9anos en Am\u00e9rica del Sur (CRN 2076) - IAI - Inter-American Institute for Global Change Research\" \/>\n<meta property=\"og:description\" content=\"1) Distribuci\u00f3n de clorofila en superficie a partir de informaci\u00f3n satelital para enero en el Oc\u00e9ano Atl\u00e1ntico Sur sudoccidental (los valores var\u00edan desde 0 mg\u2215m3&nbsp;(azul) hasta 20 mg\u2215m3&nbsp;(rojo).2) Despliegue de un perfilador de conductividad-temperatura-profundidad en el Atl\u00e1ntico Sudoccidental.3) Anomal\u00eda de altura de la superficie del mar (izquierda) y salinidad de la superficie del mar (derecha) [&hellip;]\" \/>\n<meta property=\"og:url\" content=\"https:\/\/iai.int\/en\/sacc-un-consorcio-internacional-para-el-estudio-de-los-cambios-climaticos-y-globales-relacionados-con-los-oceanos-en-america-del-sur-crn-2076\/\" \/>\n<meta property=\"og:site_name\" content=\"IAI - Inter-American Institute for Global Change Research\" \/>\n<meta property=\"og:image\" content=\"https:\/\/iai.int\/admin\/site\/sites\/default\/files\/uploads\/2014\/03\/crn2076.jpg\" \/>\n<meta name=\"twitter:card\" content=\"summary_large_image\" \/>\n<meta name=\"twitter:label1\" content=\"Est. reading time\" \/>\n\t<meta name=\"twitter:data1\" content=\"5 minutes\" \/>\n<script type=\"application\/ld+json\" class=\"yoast-schema-graph\">{\"@context\":\"https:\\\/\\\/schema.org\",\"@graph\":[{\"@type\":\"WebPage\",\"@id\":\"https:\\\/\\\/iai.int\\\/en\\\/sacc-un-consorcio-internacional-para-el-estudio-de-los-cambios-climaticos-y-globales-relacionados-con-los-oceanos-en-america-del-sur-crn-2076\\\/\",\"url\":\"https:\\\/\\\/iai.int\\\/en\\\/sacc-un-consorcio-internacional-para-el-estudio-de-los-cambios-climaticos-y-globales-relacionados-con-los-oceanos-en-america-del-sur-crn-2076\\\/\",\"name\":\"SACC: Un consorcio internacional para el estudio de los cambios clim\u00e1ticos y globales relacionados con los oc\u00e9anos en Am\u00e9rica del Sur (CRN 2076) - IAI - Inter-American Institute for Global Change Research\",\"isPartOf\":{\"@id\":\"https:\\\/\\\/iai.int\\\/en\\\/#website\"},\"primaryImageOfPage\":{\"@id\":\"https:\\\/\\\/iai.int\\\/en\\\/sacc-un-consorcio-internacional-para-el-estudio-de-los-cambios-climaticos-y-globales-relacionados-con-los-oceanos-en-america-del-sur-crn-2076\\\/#primaryimage\"},\"image\":{\"@id\":\"https:\\\/\\\/iai.int\\\/en\\\/sacc-un-consorcio-internacional-para-el-estudio-de-los-cambios-climaticos-y-globales-relacionados-con-los-oceanos-en-america-del-sur-crn-2076\\\/#primaryimage\"},\"thumbnailUrl\":\"https:\\\/\\\/iai.int\\\/admin\\\/site\\\/sites\\\/default\\\/files\\\/uploads\\\/2014\\\/03\\\/crn2076.jpg\",\"datePublished\":\"2024-09-16T16:55:42+00:00\",\"breadcrumb\":{\"@id\":\"https:\\\/\\\/iai.int\\\/en\\\/sacc-un-consorcio-internacional-para-el-estudio-de-los-cambios-climaticos-y-globales-relacionados-con-los-oceanos-en-america-del-sur-crn-2076\\\/#breadcrumb\"},\"inLanguage\":\"en-US\",\"potentialAction\":[{\"@type\":\"ReadAction\",\"target\":[\"https:\\\/\\\/iai.int\\\/en\\\/sacc-un-consorcio-internacional-para-el-estudio-de-los-cambios-climaticos-y-globales-relacionados-con-los-oceanos-en-america-del-sur-crn-2076\\\/\"]}]},{\"@type\":\"ImageObject\",\"inLanguage\":\"en-US\",\"@id\":\"https:\\\/\\\/iai.int\\\/en\\\/sacc-un-consorcio-internacional-para-el-estudio-de-los-cambios-climaticos-y-globales-relacionados-con-los-oceanos-en-america-del-sur-crn-2076\\\/#primaryimage\",\"url\":\"https:\\\/\\\/iai.int\\\/admin\\\/site\\\/sites\\\/default\\\/files\\\/uploads\\\/2014\\\/03\\\/crn2076.jpg\",\"contentUrl\":\"https:\\\/\\\/iai.int\\\/admin\\\/site\\\/sites\\\/default\\\/files\\\/uploads\\\/2014\\\/03\\\/crn2076.jpg\"},{\"@type\":\"BreadcrumbList\",\"@id\":\"https:\\\/\\\/iai.int\\\/en\\\/sacc-un-consorcio-internacional-para-el-estudio-de-los-cambios-climaticos-y-globales-relacionados-con-los-oceanos-en-america-del-sur-crn-2076\\\/#breadcrumb\",\"itemListElement\":[{\"@type\":\"ListItem\",\"position\":1,\"name\":\"Portada\",\"item\":\"https:\\\/\\\/iai.int\\\/en\\\/\"},{\"@type\":\"ListItem\",\"position\":2,\"name\":\"SACC: Un consorcio internacional para el estudio de los cambios clim\u00e1ticos y globales relacionados con los oc\u00e9anos en Am\u00e9rica del Sur (CRN 2076)\"}]},{\"@type\":\"WebSite\",\"@id\":\"https:\\\/\\\/iai.int\\\/en\\\/#website\",\"url\":\"https:\\\/\\\/iai.int\\\/en\\\/\",\"name\":\"IAI - Inter-American Institute for Global Change Research\",\"description\":\"\",\"publisher\":{\"@id\":\"https:\\\/\\\/iai.int\\\/en\\\/#organization\"},\"potentialAction\":[{\"@type\":\"SearchAction\",\"target\":{\"@type\":\"EntryPoint\",\"urlTemplate\":\"https:\\\/\\\/iai.int\\\/en\\\/?s={search_term_string}\"},\"query-input\":{\"@type\":\"PropertyValueSpecification\",\"valueRequired\":true,\"valueName\":\"search_term_string\"}}],\"inLanguage\":\"en-US\"},{\"@type\":\"Organization\",\"@id\":\"https:\\\/\\\/iai.int\\\/en\\\/#organization\",\"name\":\"IAI - Inter-American Institute for Global Change Research\",\"url\":\"https:\\\/\\\/iai.int\\\/en\\\/\",\"logo\":{\"@type\":\"ImageObject\",\"inLanguage\":\"en-US\",\"@id\":\"https:\\\/\\\/iai.int\\\/en\\\/#\\\/schema\\\/logo\\\/image\\\/\",\"url\":\"https:\\\/\\\/iai.int\\\/wp-content\\\/uploads\\\/2025\\\/11\\\/IAI-logo-English-scaled.png\",\"contentUrl\":\"https:\\\/\\\/iai.int\\\/wp-content\\\/uploads\\\/2025\\\/11\\\/IAI-logo-English-scaled.png\",\"width\":2560,\"height\":985,\"caption\":\"IAI - Inter-American Institute for Global Change Research\"},\"image\":{\"@id\":\"https:\\\/\\\/iai.int\\\/en\\\/#\\\/schema\\\/logo\\\/image\\\/\"}}]}<\/script>\n<!-- \/ Yoast SEO plugin. -->","yoast_head_json":{"title":"SACC: Un consorcio internacional para el estudio de los cambios clim\u00e1ticos y globales relacionados con los oc\u00e9anos en Am\u00e9rica del Sur (CRN 2076) - IAI - Inter-American Institute for Global Change Research","robots":{"index":"index","follow":"follow","max-snippet":"max-snippet:-1","max-image-preview":"max-image-preview:large","max-video-preview":"max-video-preview:-1"},"canonical":"https:\/\/iai.int\/en\/sacc-un-consorcio-internacional-para-el-estudio-de-los-cambios-climaticos-y-globales-relacionados-con-los-oceanos-en-america-del-sur-crn-2076\/","og_locale":"en_US","og_type":"article","og_title":"SACC: Un consorcio internacional para el estudio de los cambios clim\u00e1ticos y globales relacionados con los oc\u00e9anos en Am\u00e9rica del Sur (CRN 2076) - IAI - Inter-American Institute for Global Change Research","og_description":"1) Distribuci\u00f3n de clorofila en superficie a partir de informaci\u00f3n satelital para enero en el Oc\u00e9ano Atl\u00e1ntico Sur sudoccidental (los valores var\u00edan desde 0 mg\u2215m3&nbsp;(azul) hasta 20 mg\u2215m3&nbsp;(rojo).2) Despliegue de un perfilador de conductividad-temperatura-profundidad en el Atl\u00e1ntico Sudoccidental.3) Anomal\u00eda de altura de la superficie del mar (izquierda) y salinidad de la superficie del mar (derecha) [&hellip;]","og_url":"https:\/\/iai.int\/en\/sacc-un-consorcio-internacional-para-el-estudio-de-los-cambios-climaticos-y-globales-relacionados-con-los-oceanos-en-america-del-sur-crn-2076\/","og_site_name":"IAI - Inter-American Institute for Global Change Research","og_image":[{"url":"https:\/\/iai.int\/admin\/site\/sites\/default\/files\/uploads\/2014\/03\/crn2076.jpg","type":"","width":"","height":""}],"twitter_card":"summary_large_image","twitter_misc":{"Est. reading time":"5 minutes"},"schema":{"@context":"https:\/\/schema.org","@graph":[{"@type":"WebPage","@id":"https:\/\/iai.int\/en\/sacc-un-consorcio-internacional-para-el-estudio-de-los-cambios-climaticos-y-globales-relacionados-con-los-oceanos-en-america-del-sur-crn-2076\/","url":"https:\/\/iai.int\/en\/sacc-un-consorcio-internacional-para-el-estudio-de-los-cambios-climaticos-y-globales-relacionados-con-los-oceanos-en-america-del-sur-crn-2076\/","name":"SACC: Un consorcio internacional para el estudio de los cambios clim\u00e1ticos y globales relacionados con los oc\u00e9anos en Am\u00e9rica del Sur (CRN 2076) - IAI - Inter-American Institute for Global Change Research","isPartOf":{"@id":"https:\/\/iai.int\/en\/#website"},"primaryImageOfPage":{"@id":"https:\/\/iai.int\/en\/sacc-un-consorcio-internacional-para-el-estudio-de-los-cambios-climaticos-y-globales-relacionados-con-los-oceanos-en-america-del-sur-crn-2076\/#primaryimage"},"image":{"@id":"https:\/\/iai.int\/en\/sacc-un-consorcio-internacional-para-el-estudio-de-los-cambios-climaticos-y-globales-relacionados-con-los-oceanos-en-america-del-sur-crn-2076\/#primaryimage"},"thumbnailUrl":"https:\/\/iai.int\/admin\/site\/sites\/default\/files\/uploads\/2014\/03\/crn2076.jpg","datePublished":"2024-09-16T16:55:42+00:00","breadcrumb":{"@id":"https:\/\/iai.int\/en\/sacc-un-consorcio-internacional-para-el-estudio-de-los-cambios-climaticos-y-globales-relacionados-con-los-oceanos-en-america-del-sur-crn-2076\/#breadcrumb"},"inLanguage":"en-US","potentialAction":[{"@type":"ReadAction","target":["https:\/\/iai.int\/en\/sacc-un-consorcio-internacional-para-el-estudio-de-los-cambios-climaticos-y-globales-relacionados-con-los-oceanos-en-america-del-sur-crn-2076\/"]}]},{"@type":"ImageObject","inLanguage":"en-US","@id":"https:\/\/iai.int\/en\/sacc-un-consorcio-internacional-para-el-estudio-de-los-cambios-climaticos-y-globales-relacionados-con-los-oceanos-en-america-del-sur-crn-2076\/#primaryimage","url":"https:\/\/iai.int\/admin\/site\/sites\/default\/files\/uploads\/2014\/03\/crn2076.jpg","contentUrl":"https:\/\/iai.int\/admin\/site\/sites\/default\/files\/uploads\/2014\/03\/crn2076.jpg"},{"@type":"BreadcrumbList","@id":"https:\/\/iai.int\/en\/sacc-un-consorcio-internacional-para-el-estudio-de-los-cambios-climaticos-y-globales-relacionados-con-los-oceanos-en-america-del-sur-crn-2076\/#breadcrumb","itemListElement":[{"@type":"ListItem","position":1,"name":"Portada","item":"https:\/\/iai.int\/en\/"},{"@type":"ListItem","position":2,"name":"SACC: Un consorcio internacional para el estudio de los cambios clim\u00e1ticos y globales relacionados con los oc\u00e9anos en Am\u00e9rica del Sur (CRN 2076)"}]},{"@type":"WebSite","@id":"https:\/\/iai.int\/en\/#website","url":"https:\/\/iai.int\/en\/","name":"IAI - Inter-American Institute for Global Change Research","description":"","publisher":{"@id":"https:\/\/iai.int\/en\/#organization"},"potentialAction":[{"@type":"SearchAction","target":{"@type":"EntryPoint","urlTemplate":"https:\/\/iai.int\/en\/?s={search_term_string}"},"query-input":{"@type":"PropertyValueSpecification","valueRequired":true,"valueName":"search_term_string"}}],"inLanguage":"en-US"},{"@type":"Organization","@id":"https:\/\/iai.int\/en\/#organization","name":"IAI - Inter-American Institute for Global Change Research","url":"https:\/\/iai.int\/en\/","logo":{"@type":"ImageObject","inLanguage":"en-US","@id":"https:\/\/iai.int\/en\/#\/schema\/logo\/image\/","url":"https:\/\/iai.int\/wp-content\/uploads\/2025\/11\/IAI-logo-English-scaled.png","contentUrl":"https:\/\/iai.int\/wp-content\/uploads\/2025\/11\/IAI-logo-English-scaled.png","width":2560,"height":985,"caption":"IAI - Inter-American Institute for Global Change Research"},"image":{"@id":"https:\/\/iai.int\/en\/#\/schema\/logo\/image\/"}}]}},"uagb_featured_image_src":{"full":false,"thumbnail":false,"medium":false,"medium_large":false,"large":false,"1536x1536":false,"2048x2048":false},"uagb_author_info":{"display_name":"admin","author_link":"https:\/\/iai.int\/en\/author\/admin\/"},"uagb_comment_info":0,"uagb_excerpt":"1) Distribuci\u00f3n de clorofila en superficie a partir de informaci\u00f3n satelital para enero en el Oc\u00e9ano Atl\u00e1ntico Sur sudoccidental (los valores var\u00edan desde 0 mg\u2215m3&nbsp;(azul) hasta 20 mg\u2215m3&nbsp;(rojo).2) Despliegue de un perfilador de conductividad-temperatura-profundidad en el Atl\u00e1ntico Sudoccidental.3) Anomal\u00eda de altura de la superficie del mar (izquierda) y salinidad de la superficie del mar (derecha)&hellip;","_links":{"self":[{"href":"https:\/\/iai.int\/en\/wp-json\/wp\/v2\/pages\/1674","targetHints":{"allow":["GET"]}}],"collection":[{"href":"https:\/\/iai.int\/en\/wp-json\/wp\/v2\/pages"}],"about":[{"href":"https:\/\/iai.int\/en\/wp-json\/wp\/v2\/types\/page"}],"author":[{"embeddable":true,"href":"https:\/\/iai.int\/en\/wp-json\/wp\/v2\/users\/1"}],"replies":[{"embeddable":true,"href":"https:\/\/iai.int\/en\/wp-json\/wp\/v2\/comments?post=1674"}],"version-history":[{"count":0,"href":"https:\/\/iai.int\/en\/wp-json\/wp\/v2\/pages\/1674\/revisions"}],"wp:attachment":[{"href":"https:\/\/iai.int\/en\/wp-json\/wp\/v2\/media?parent=1674"}],"curies":[{"name":"wp","href":"https:\/\/api.w.org\/{rel}","templated":true}]}}