{"id":1672,"date":"2024-09-16T14:41:52","date_gmt":"2024-09-16T17:41:52","guid":{"rendered":"https:\/\/iai.int\/hacia-una-evaluacion-integrada-de-la-seguridad-hidrica-en-el-contexto-del-cambio-global-en-las-americas-sgp-cra-005\/"},"modified":"2025-07-30T14:03:39","modified_gmt":"2025-07-30T19:03:39","slug":"hacia-una-evaluacion-integrada-de-la-seguridad-hidrica-en-el-contexto-del-cambio-global-en-las-americas-sgp-cra-005","status":"publish","type":"page","link":"https:\/\/iai.int\/en\/hacia-una-evaluacion-integrada-de-la-seguridad-hidrica-en-el-contexto-del-cambio-global-en-las-americas-sgp-cra-005\/","title":{"rendered":"Towards an integrated assessment of water security under global change in the Americas (SGP-CRA 005)"},"content":{"rendered":"\n<p><img fetchpriority=\"high\" decoding=\"async\" src=\"https:\/\/iai.int\/admin\/site\/sites\/default\/files\/uploads\/2014\/03\/CRA_005.jpg\" alt=\"CRA_005\" width=\"690\" height=\"171\"\/><br\/><div class=\"row mb-20 col-lg-12\" align=\"center\">&#13;\n&#13;\n<em>1)1) Agriculture consumes 70% \u2013 90% of water in the region. 2) Interactive stakeholder workshop. 3) The arid Americas.<\/em>&#13;\n&#13;\n<\/div><\/p>\n\n<h3 class=\"wp-block-heading\">Project information<\/h3>\n\n<p><div class=\"one-third first\"><strong>Participating countries:<\/strong><\/div><\/p>\n\n<p>Argentina, Chile, EEUU, M\u00e9xico<\/p>\n\n<p><div class=\"one-third first\"><strong>Project website:<\/strong><\/div><\/p>\n\n<p><a href=\"http:\/\/aquasec.org\/\" target=\"_blank\" rel=\"noreferrer noopener\">http:\/\/aquasec.org<\/a><\/p>\n\n<p><div class=\"one-third first\"><strong>List of published papers:<\/strong><\/div><\/p>\n\n<p><a href=\"http:\/\/www.citeulike.org\/user\/IAI\/tag\/cra005\">http:\/\/www.citeulike.org\/user\/IAI\/tag\/cra005<\/a><\/p>\n\n<p>This project follows the research started in\u00a0<a href=\"http:\/\/iai.int\/en\/meetings\/detail\/crn2005\" target=\"_blank\" rel=\"noopener\">CRN 2005, with the same title.<\/a><br\/><br\/>\u00a0<\/p>\n\n<p><a href=\"https:\/\/iai.int\/es\/meetings\/detail\/sgp-cra-005#summary\">Executive summary<\/a>\u00a0<a href=\"https:\/\/iai.int\/es\/meetings\/detail\/sgp-cra-005#investigadores\">Investigators<\/a>\u00a0<a href=\"https:\/\/iai.int\/es\/meetings\/detail\/sgp-cra-005#students\">Students<\/a> <strong>***********botones navegaci\u00f3n interna**************<\/strong><\/p>\n\n<h3 class=\"wp-block-heading\" id=\"summary\">Executive summary<\/h3>\n\n<p>Emerging global consensus prioritizes the concept of water security, defined as the sustainable availability of adequate quantities and qualities of water for resilient societies and ecosystems in the face of uncertain global change. Human and natural drivers including climate change, land use change, agricultural intensification, and population growth put increased stress on water supply systems. Our work strengthens adaptive management capacity through science-policy dialogues in the arid Americas with special emphasis on the United States\u2013Mexico border region, northern Chile and Argentina, central Peru, and northeastern Brazil. Groundwater is a resource of particular concern given its increasing strategic importance in response to hydroclimatic variability including drought.<br\/><br\/><\/p>\n\n<h4 class=\"wp-block-heading\">Goals<\/h4>\n\n<ul class=\"wp-block-list\">\n<li>Characterize and document the impacts of interannual variability and decadal variability along with climate change in water use (surface and groundwater use)<br\/><\/li>\n\n\n\n<li>Develop and apply shared methodologies for groundwater diagnostic assessments linked to climate change and variability and human demands<br\/><\/li>\n\n\n\n<li>Improve understanding of agricultural water use and electrical energy supply and pricing<br\/><\/li>\n\n\n\n<li>Identify and assess feedbacks between environmental conditions and adaptation decisions<br\/><\/li>\n\n\n\n<li>Conduct comparative studies across the Arid Americas<\/li>\n\n\n\n<li>Improve researcher-stakeholder communication through innovative dissemination platforms, integrated workshops, and outreach-inreach activities<br\/><\/li>\n\n\n\n<li>Reciprocal visits of network members to each others\u2019 regions<\/li>\n<\/ul>\n\n<h4 class=\"wp-block-heading\">The context<\/h4>\n\n<p>The arid Americas are critically affected by water scarcity induced by the twin global change drivers of climate change and variability, and expanding human demands for water particularly in agriculture. Aquifers generally exhibit long-term groundwater cycling (over millennia) while shallow groundwater and its interactions with surface flows, especially in ecologically sensitive riparian corridors, are much more rapid (decadal to intra-annual).<br\/><\/p>\n\n<p>Due to high inter- and intra-annual variability of historical and projected precipitation and streamflow, the use of groundwater as a strategic resource has intensified. In certain locations, this has led to aquifer depletion with significant risks to human uses (differentiated socio-economically) and to ecosystem services.<br\/><\/p>\n\n<p>Research on adaptive capacity has identified vulnerabilities and management shortcomings; this partnership will focus on capacity enhancement.<br\/><\/p>\n\n<p>Better tailoring hydrologic models to decision-making processing requires collaborative research and outreach.<br\/><\/p>\n\n<p>Through science-policy dialogues based on enhanced scientific understanding, this initiative will help strengthen water security.<\/p>\n\n<h3 class=\"wp-block-heading\" id=\"investigadores\">Project investigators<\/h3>\n\n<p><strong>Contacts<\/strong><br\/>Agencia principal: The University of Arizona (EE.UU.)<br\/>Christopher Scott (PI) (<a href=\"mailto:cascott@email.arizona.edu\">cascott@email.arizona.edu<\/a>), Udall Center for Studies in Public Policy, y School of Geography and Development<br\/>Robert Varady (Co-PI) (<a href=\"mailto:rvarady@email.arizona.edu\">rvarady@email.arizona.edu<\/a>), Udall Center for Studies in Public Policy<br\/>Socio principal: Pontificia Universidad Cat\u00f3lica (Chile)<br\/>Francisco Meza (Co-PI) (<a href=\"mailto:fmeza@uc.cl\">fmeza@uc.cl<\/a>), Centro de Cambio Global<br\/><strong>Co-Investigadores<\/strong><br\/>Nicol\u00e1s Pineda y Rolando D\u00edaz, El Colegio de Sonora (M\u00e9xico)<br\/>Facundo Mart\u00edn, Universidad Nacional de Cuyo \/ CONICET (Argentina)<br\/>Bram Willems, Universidad Nacional Mayor San Marcos (Per\u00fa)<br\/>Alfredo Ribeiro, Universidade Federal de Pernambuco (Brasil)<\/p>\n\n<h3 class=\"wp-block-heading\">Project summary<\/h3>\n\n<p><a href=\"https:\/\/iai.int\/admin\/site\/sites\/default\/files\/uploads\/2014\/03\/CRA_005.pdf\" target=\"_blank\" rel=\"noopener\">PDF in English<\/a><br\/><a href=\"https:\/\/iai.int\/admin\/site\/sites\/default\/files\/uploads\/2014\/03\/CRA_005_sp.pdf\" target=\"_blank\" rel=\"noopener\">PDF in Spanish<\/a><br\/>updated 9\/2013<\/p>\n\n<h3 class=\"wp-block-heading\" id=\"students\">Students<\/h3>\n\n<p><em>America Lutz Ley<\/em>, doctorado, University of Arizona, M\u00e9xico.<br\/><em>Fiona Gladstone<\/em>, maestr\u00eda, University of Arizona, EEUU.<br\/><em>Katherine Curl<\/em>, maestr\u00eda, University of Arizona, EEUU.<br\/><em>Lauren Herwehe<\/em>maestr\u00eda, University of Arizona, EEUU.<br\/><em>Roy Petrakis<\/em>maestr\u00eda, University of Arizona, EEUU.<br\/><em>Ryan Lee<\/em>, doctorado, University of Arizona, EEUU.<br\/><em>Sophia Borgias<\/em>maest\u00eda, University of Arizona, EEUU.<\/p>\n","protected":false},"excerpt":{"rendered":"<p>&#13; &#13; 1)1) Agriculture consumes 70% \u2013 90% of water in the region. 2) Interactive stakeholder workshop. 3) The arid Americas.&#13; &#13; Project information Participating countries: Argentina, Chile, EEUU, M\u00e9xico Project website: http:\/\/aquasec.org List of published papers: http:\/\/www.citeulike.org\/user\/IAI\/tag\/cra005 This project follows the research started in\u00a0CRN 2005, with the same title. \u00a0 Executive summary\u00a0Investigators\u00a0Students ***********botones navegaci\u00f3n [&hellip;]<\/p>\n","protected":false},"author":1,"featured_media":0,"parent":0,"menu_order":0,"comment_status":"closed","ping_status":"closed","template":"","meta":{"_acf_changed":false,"_uag_custom_page_level_css":"","footnotes":""},"class_list":["post-1672","page","type-page","status-publish","hentry"],"acf":[],"yoast_head":"<!-- This site is optimized with the Yoast SEO plugin v27.3 - https:\/\/yoast.com\/product\/yoast-seo-wordpress\/ -->\n<title>Towards an integrated assessment of water security under global change in the Americas (SGP-CRA 005) - IAI - Inter-American Institute for Global Change Research<\/title>\n<meta name=\"robots\" content=\"index, follow, max-snippet:-1, max-image-preview:large, max-video-preview:-1\" \/>\n<link rel=\"canonical\" href=\"https:\/\/iai.int\/en\/hacia-una-evaluacion-integrada-de-la-seguridad-hidrica-en-el-contexto-del-cambio-global-en-las-americas-sgp-cra-005\/\" \/>\n<meta property=\"og:locale\" content=\"en_US\" \/>\n<meta property=\"og:type\" content=\"article\" \/>\n<meta property=\"og:title\" content=\"Towards an integrated assessment of water security under global change in the Americas (SGP-CRA 005) - IAI - Inter-American Institute for Global Change Research\" \/>\n<meta property=\"og:description\" content=\"&#013; &#013; 1)1) Agriculture consumes 70% \u2013 90% of water in the region. 2) Interactive stakeholder workshop. 3) The arid Americas.&#013; &#013; Project information Participating countries: Argentina, Chile, EEUU, M\u00e9xico Project website: http:\/\/aquasec.org List of published papers: http:\/\/www.citeulike.org\/user\/IAI\/tag\/cra005 This project follows the research started in\u00a0CRN 2005, with the same title. \u00a0 Executive summary\u00a0Investigators\u00a0Students ***********botones navegaci\u00f3n [&hellip;]\" \/>\n<meta property=\"og:url\" content=\"https:\/\/iai.int\/en\/hacia-una-evaluacion-integrada-de-la-seguridad-hidrica-en-el-contexto-del-cambio-global-en-las-americas-sgp-cra-005\/\" \/>\n<meta property=\"og:site_name\" content=\"IAI - Inter-American Institute for Global Change Research\" \/>\n<meta property=\"article:modified_time\" content=\"2025-07-30T19:03:39+00:00\" \/>\n<meta property=\"og:image\" content=\"https:\/\/iai.int\/admin\/site\/sites\/default\/files\/uploads\/2014\/03\/CRA_005.jpg\" \/>\n<meta name=\"twitter:card\" content=\"summary_large_image\" \/>\n<meta name=\"twitter:label1\" content=\"Est. reading time\" \/>\n\t<meta name=\"twitter:data1\" content=\"3 minutes\" \/>\n<script type=\"application\/ld+json\" class=\"yoast-schema-graph\">{\"@context\":\"https:\\\/\\\/schema.org\",\"@graph\":[{\"@type\":\"WebPage\",\"@id\":\"https:\\\/\\\/iai.int\\\/en\\\/hacia-una-evaluacion-integrada-de-la-seguridad-hidrica-en-el-contexto-del-cambio-global-en-las-americas-sgp-cra-005\\\/\",\"url\":\"https:\\\/\\\/iai.int\\\/en\\\/hacia-una-evaluacion-integrada-de-la-seguridad-hidrica-en-el-contexto-del-cambio-global-en-las-americas-sgp-cra-005\\\/\",\"name\":\"Towards an integrated assessment of water security under global change in the Americas (SGP-CRA 005) - IAI - Inter-American Institute for Global Change Research\",\"isPartOf\":{\"@id\":\"https:\\\/\\\/iai.int\\\/en\\\/#website\"},\"primaryImageOfPage\":{\"@id\":\"https:\\\/\\\/iai.int\\\/en\\\/hacia-una-evaluacion-integrada-de-la-seguridad-hidrica-en-el-contexto-del-cambio-global-en-las-americas-sgp-cra-005\\\/#primaryimage\"},\"image\":{\"@id\":\"https:\\\/\\\/iai.int\\\/en\\\/hacia-una-evaluacion-integrada-de-la-seguridad-hidrica-en-el-contexto-del-cambio-global-en-las-americas-sgp-cra-005\\\/#primaryimage\"},\"thumbnailUrl\":\"https:\\\/\\\/iai.int\\\/admin\\\/site\\\/sites\\\/default\\\/files\\\/uploads\\\/2014\\\/03\\\/CRA_005.jpg\",\"datePublished\":\"2024-09-16T17:41:52+00:00\",\"dateModified\":\"2025-07-30T19:03:39+00:00\",\"breadcrumb\":{\"@id\":\"https:\\\/\\\/iai.int\\\/en\\\/hacia-una-evaluacion-integrada-de-la-seguridad-hidrica-en-el-contexto-del-cambio-global-en-las-americas-sgp-cra-005\\\/#breadcrumb\"},\"inLanguage\":\"en-US\",\"potentialAction\":[{\"@type\":\"ReadAction\",\"target\":[\"https:\\\/\\\/iai.int\\\/en\\\/hacia-una-evaluacion-integrada-de-la-seguridad-hidrica-en-el-contexto-del-cambio-global-en-las-americas-sgp-cra-005\\\/\"]}]},{\"@type\":\"ImageObject\",\"inLanguage\":\"en-US\",\"@id\":\"https:\\\/\\\/iai.int\\\/en\\\/hacia-una-evaluacion-integrada-de-la-seguridad-hidrica-en-el-contexto-del-cambio-global-en-las-americas-sgp-cra-005\\\/#primaryimage\",\"url\":\"https:\\\/\\\/iai.int\\\/admin\\\/site\\\/sites\\\/default\\\/files\\\/uploads\\\/2014\\\/03\\\/CRA_005.jpg\",\"contentUrl\":\"https:\\\/\\\/iai.int\\\/admin\\\/site\\\/sites\\\/default\\\/files\\\/uploads\\\/2014\\\/03\\\/CRA_005.jpg\"},{\"@type\":\"BreadcrumbList\",\"@id\":\"https:\\\/\\\/iai.int\\\/en\\\/hacia-una-evaluacion-integrada-de-la-seguridad-hidrica-en-el-contexto-del-cambio-global-en-las-americas-sgp-cra-005\\\/#breadcrumb\",\"itemListElement\":[{\"@type\":\"ListItem\",\"position\":1,\"name\":\"Portada\",\"item\":\"https:\\\/\\\/iai.int\\\/en\\\/\"},{\"@type\":\"ListItem\",\"position\":2,\"name\":\"Towards an integrated assessment of water security under global change in the Americas (SGP-CRA 005)\"}]},{\"@type\":\"WebSite\",\"@id\":\"https:\\\/\\\/iai.int\\\/en\\\/#website\",\"url\":\"https:\\\/\\\/iai.int\\\/en\\\/\",\"name\":\"IAI - Inter-American Institute for Global Change Research\",\"description\":\"\",\"publisher\":{\"@id\":\"https:\\\/\\\/iai.int\\\/en\\\/#organization\"},\"potentialAction\":[{\"@type\":\"SearchAction\",\"target\":{\"@type\":\"EntryPoint\",\"urlTemplate\":\"https:\\\/\\\/iai.int\\\/en\\\/?s={search_term_string}\"},\"query-input\":{\"@type\":\"PropertyValueSpecification\",\"valueRequired\":true,\"valueName\":\"search_term_string\"}}],\"inLanguage\":\"en-US\"},{\"@type\":\"Organization\",\"@id\":\"https:\\\/\\\/iai.int\\\/en\\\/#organization\",\"name\":\"IAI - Inter-American Institute for Global Change Research\",\"url\":\"https:\\\/\\\/iai.int\\\/en\\\/\",\"logo\":{\"@type\":\"ImageObject\",\"inLanguage\":\"en-US\",\"@id\":\"https:\\\/\\\/iai.int\\\/en\\\/#\\\/schema\\\/logo\\\/image\\\/\",\"url\":\"https:\\\/\\\/iai.int\\\/wp-content\\\/uploads\\\/2025\\\/11\\\/IAI-logo-English-scaled.png\",\"contentUrl\":\"https:\\\/\\\/iai.int\\\/wp-content\\\/uploads\\\/2025\\\/11\\\/IAI-logo-English-scaled.png\",\"width\":2560,\"height\":985,\"caption\":\"IAI - Inter-American Institute for Global Change Research\"},\"image\":{\"@id\":\"https:\\\/\\\/iai.int\\\/en\\\/#\\\/schema\\\/logo\\\/image\\\/\"}}]}<\/script>\n<!-- \/ Yoast SEO plugin. -->","yoast_head_json":{"title":"Towards an integrated assessment of water security under global change in the Americas (SGP-CRA 005) - IAI - Inter-American Institute for Global Change Research","robots":{"index":"index","follow":"follow","max-snippet":"max-snippet:-1","max-image-preview":"max-image-preview:large","max-video-preview":"max-video-preview:-1"},"canonical":"https:\/\/iai.int\/en\/hacia-una-evaluacion-integrada-de-la-seguridad-hidrica-en-el-contexto-del-cambio-global-en-las-americas-sgp-cra-005\/","og_locale":"en_US","og_type":"article","og_title":"Towards an integrated assessment of water security under global change in the Americas (SGP-CRA 005) - IAI - Inter-American Institute for Global Change Research","og_description":"&#13; &#13; 1)1) Agriculture consumes 70% \u2013 90% of water in the region. 2) Interactive stakeholder workshop. 3) The arid Americas.&#13; &#13; Project information Participating countries: Argentina, Chile, EEUU, M\u00e9xico Project website: http:\/\/aquasec.org List of published papers: http:\/\/www.citeulike.org\/user\/IAI\/tag\/cra005 This project follows the research started in\u00a0CRN 2005, with the same title. \u00a0 Executive summary\u00a0Investigators\u00a0Students ***********botones navegaci\u00f3n [&hellip;]","og_url":"https:\/\/iai.int\/en\/hacia-una-evaluacion-integrada-de-la-seguridad-hidrica-en-el-contexto-del-cambio-global-en-las-americas-sgp-cra-005\/","og_site_name":"IAI - Inter-American Institute for Global Change Research","article_modified_time":"2025-07-30T19:03:39+00:00","og_image":[{"url":"https:\/\/iai.int\/admin\/site\/sites\/default\/files\/uploads\/2014\/03\/CRA_005.jpg","type":"","width":"","height":""}],"twitter_card":"summary_large_image","twitter_misc":{"Est. reading time":"3 minutes"},"schema":{"@context":"https:\/\/schema.org","@graph":[{"@type":"WebPage","@id":"https:\/\/iai.int\/en\/hacia-una-evaluacion-integrada-de-la-seguridad-hidrica-en-el-contexto-del-cambio-global-en-las-americas-sgp-cra-005\/","url":"https:\/\/iai.int\/en\/hacia-una-evaluacion-integrada-de-la-seguridad-hidrica-en-el-contexto-del-cambio-global-en-las-americas-sgp-cra-005\/","name":"Towards an integrated assessment of water security under global change in the Americas (SGP-CRA 005) - IAI - Inter-American Institute for Global Change Research","isPartOf":{"@id":"https:\/\/iai.int\/en\/#website"},"primaryImageOfPage":{"@id":"https:\/\/iai.int\/en\/hacia-una-evaluacion-integrada-de-la-seguridad-hidrica-en-el-contexto-del-cambio-global-en-las-americas-sgp-cra-005\/#primaryimage"},"image":{"@id":"https:\/\/iai.int\/en\/hacia-una-evaluacion-integrada-de-la-seguridad-hidrica-en-el-contexto-del-cambio-global-en-las-americas-sgp-cra-005\/#primaryimage"},"thumbnailUrl":"https:\/\/iai.int\/admin\/site\/sites\/default\/files\/uploads\/2014\/03\/CRA_005.jpg","datePublished":"2024-09-16T17:41:52+00:00","dateModified":"2025-07-30T19:03:39+00:00","breadcrumb":{"@id":"https:\/\/iai.int\/en\/hacia-una-evaluacion-integrada-de-la-seguridad-hidrica-en-el-contexto-del-cambio-global-en-las-americas-sgp-cra-005\/#breadcrumb"},"inLanguage":"en-US","potentialAction":[{"@type":"ReadAction","target":["https:\/\/iai.int\/en\/hacia-una-evaluacion-integrada-de-la-seguridad-hidrica-en-el-contexto-del-cambio-global-en-las-americas-sgp-cra-005\/"]}]},{"@type":"ImageObject","inLanguage":"en-US","@id":"https:\/\/iai.int\/en\/hacia-una-evaluacion-integrada-de-la-seguridad-hidrica-en-el-contexto-del-cambio-global-en-las-americas-sgp-cra-005\/#primaryimage","url":"https:\/\/iai.int\/admin\/site\/sites\/default\/files\/uploads\/2014\/03\/CRA_005.jpg","contentUrl":"https:\/\/iai.int\/admin\/site\/sites\/default\/files\/uploads\/2014\/03\/CRA_005.jpg"},{"@type":"BreadcrumbList","@id":"https:\/\/iai.int\/en\/hacia-una-evaluacion-integrada-de-la-seguridad-hidrica-en-el-contexto-del-cambio-global-en-las-americas-sgp-cra-005\/#breadcrumb","itemListElement":[{"@type":"ListItem","position":1,"name":"Portada","item":"https:\/\/iai.int\/en\/"},{"@type":"ListItem","position":2,"name":"Towards an integrated assessment of water security under global change in the Americas (SGP-CRA 005)"}]},{"@type":"WebSite","@id":"https:\/\/iai.int\/en\/#website","url":"https:\/\/iai.int\/en\/","name":"IAI - Inter-American Institute for Global Change Research","description":"","publisher":{"@id":"https:\/\/iai.int\/en\/#organization"},"potentialAction":[{"@type":"SearchAction","target":{"@type":"EntryPoint","urlTemplate":"https:\/\/iai.int\/en\/?s={search_term_string}"},"query-input":{"@type":"PropertyValueSpecification","valueRequired":true,"valueName":"search_term_string"}}],"inLanguage":"en-US"},{"@type":"Organization","@id":"https:\/\/iai.int\/en\/#organization","name":"IAI - Inter-American Institute for Global Change Research","url":"https:\/\/iai.int\/en\/","logo":{"@type":"ImageObject","inLanguage":"en-US","@id":"https:\/\/iai.int\/en\/#\/schema\/logo\/image\/","url":"https:\/\/iai.int\/wp-content\/uploads\/2025\/11\/IAI-logo-English-scaled.png","contentUrl":"https:\/\/iai.int\/wp-content\/uploads\/2025\/11\/IAI-logo-English-scaled.png","width":2560,"height":985,"caption":"IAI - Inter-American Institute for Global Change Research"},"image":{"@id":"https:\/\/iai.int\/en\/#\/schema\/logo\/image\/"}}]}},"uagb_featured_image_src":{"full":false,"thumbnail":false,"medium":false,"medium_large":false,"large":false,"1536x1536":false,"2048x2048":false},"uagb_author_info":{"display_name":"admin","author_link":"https:\/\/iai.int\/en\/author\/admin\/"},"uagb_comment_info":0,"uagb_excerpt":"&#13; &#13; 1)1) Agriculture consumes 70% \u2013 90% of water in the region. 2) Interactive stakeholder workshop. 3) The arid Americas.&#13; &#13; Project information Participating countries: Argentina, Chile, EEUU, M\u00e9xico Project website: http:\/\/aquasec.org List of published papers: http:\/\/www.citeulike.org\/user\/IAI\/tag\/cra005 This project follows the research started in\u00a0CRN 2005, with the same title. \u00a0 Executive summary\u00a0Investigators\u00a0Students ***********botones navegaci\u00f3n&hellip;","_links":{"self":[{"href":"https:\/\/iai.int\/en\/wp-json\/wp\/v2\/pages\/1672","targetHints":{"allow":["GET"]}}],"collection":[{"href":"https:\/\/iai.int\/en\/wp-json\/wp\/v2\/pages"}],"about":[{"href":"https:\/\/iai.int\/en\/wp-json\/wp\/v2\/types\/page"}],"author":[{"embeddable":true,"href":"https:\/\/iai.int\/en\/wp-json\/wp\/v2\/users\/1"}],"replies":[{"embeddable":true,"href":"https:\/\/iai.int\/en\/wp-json\/wp\/v2\/comments?post=1672"}],"version-history":[{"count":2,"href":"https:\/\/iai.int\/en\/wp-json\/wp\/v2\/pages\/1672\/revisions"}],"predecessor-version":[{"id":6400,"href":"https:\/\/iai.int\/en\/wp-json\/wp\/v2\/pages\/1672\/revisions\/6400"}],"wp:attachment":[{"href":"https:\/\/iai.int\/en\/wp-json\/wp\/v2\/media?parent=1672"}],"curies":[{"name":"wp","href":"https:\/\/api.w.org\/{rel}","templated":true}]}}