{"id":1669,"date":"2024-09-16T15:05:45","date_gmt":"2024-09-16T18:05:45","guid":{"rendered":"https:\/\/iai.int\/ciclones-tropicales-que-tocan-tierra-en-la-cuenca-del-pacifico-oriental-sgp-cra-2048\/"},"modified":"2025-07-29T20:32:44","modified_gmt":"2025-07-30T01:32:44","slug":"ciclones-tropicales-que-tocan-tierra-en-la-cuenca-del-pacifico-oriental-sgp-cra-2048","status":"publish","type":"page","link":"https:\/\/iai.int\/en\/ciclones-tropicales-que-tocan-tierra-en-la-cuenca-del-pacifico-oriental-sgp-cra-2048\/","title":{"rendered":"Landfalling tropical cyclones in the Eastern Pacific basin (SGP-CRA 2048)"},"content":{"rendered":"\n<p><img fetchpriority=\"high\" decoding=\"async\" src=\"https:\/\/iai.int\/admin\/site\/sites\/default\/files\/uploads\/2014\/03\/CRA_2048.jpg\" alt=\"CRA_2048\" width=\"690\" height=\"241\"\/><\/p>\n\n<p><em>1) A visible satellite image of Hurricane Ileana from 2012, close to the Baja Peninsula.&#13;\n2) Simulations of Hurricane Rick (2009) as it makes landfall. The red dot marks the actual landfall, while the blue dot marks the predicted landfall location using HWRF. The colors indicate the pattern of the magnitude of the wind at the surface and the blue arrows show the wind direction. The brown contour lines indicate the topography.<\/em><\/p>\n\n<h3 class=\"wp-block-heading\">Project information<\/h3>\n\n<p><div class=\"one-third first\"><strong>Principal investigator:<\/strong><\/div><\/p>\n\n<p><em>Graciela Binimelis de Raga<\/em>\u00a0(<a href=\"mailto:graciela.raga@gmail.com\">graciela.raga@gmail.com<\/a>)<br\/>Universidad Nacional Aut\u00f3noma de M\u00e9xico (UNAM) \u2013 Centro de Ciencias de la Atm\u00f3sfera<\/p>\n\n<p><div class=\"one-third first\"><strong>Project website:<\/strong><\/div><\/p>\n\n<p><a href=\"http:\/\/cabernet.atmosfcu.unam.mx\/IAI-CRA2048\" target=\"_blank\" rel=\"noreferrer noopener\">http:\/\/cabernet.atmosfcu.unam.mx\/IAI-CRA2048<\/a><\/p>\n\n<p><strong>List of published papers:<\/strong><\/p>\n\n<p><a href=\"http:\/\/www.citeulike.org\/user\/IAI\/tag\/cra2048\" target=\"_blank\" rel=\"noreferrer noopener\">http:\/\/www.citeulike.org\/user\/IAI\/tag\/cra2048<\/a><\/p>\n\n<p>This project follows the research started in\u00a0<a href=\"http:\/\/iai.int\/en\/meetings\/detail\/crn2048\" target=\"_blank\" rel=\"noopener\">CRN 2048, with the same title.<\/a><\/p>\n\n<p><a href=\"https:\/\/iai.int\/es\/meetings\/detail\/sgp-cra-2048#summary\">Executive summary<\/a>\u00a0<a href=\"https:\/\/iai.int\/es\/meetings\/detail\/sgp-cra-2048#investigadores\">Investigators<\/a>\u00a0<a href=\"https:\/\/iai.int\/es\/meetings\/detail\/sgp-cra-2048#students\">Students<\/a><\/p>\n\n<h3 class=\"wp-block-heading\" id=\"summary\">Executive summary<\/h3>\n\n<p>The Eastern Pacific has the highest density of tropical cyclones worldwide, and upon landfall they often produce catastrophic rains, flooding and landslides. The Mexican Meteorological Service (SMN) and the US National Hurricane Center (NHC) issue intensity forecasts for active cyclones, which help emergency managers to prepare warnings to the public, but accuracy and reliability need to be improved for more effective disaster prevention.<\/p>\n\n<p><strong>Goals<\/strong><br\/>To increase the length of the reconstructed historical record of landfalling cyclones to cover the period from 1500 to the present.<\/p>\n\n<p>To investigate the hypothesis that lightning in hurricanes is a function of the type of cloud condensation nuclei (maritime versus continental) and a proxy for intensification (especially before landfall).<\/p>\n\n<p>To incorporate a modeling component with high-resolution ocean models to more accurately predict the storm surge associated with approaching cyclones.<\/p>\n\n<p>To include an atmospheric model (HWRF) to improve track forecasts, to transfer practical knowledge and experience to the operational personnel at SMN.<\/p>\n\n<p>To provide a training course to improve the human resources in the topic of tropical cyclones.<\/p>\n\n<p><strong>First results<\/strong><br\/>The historical reconstruction back to 1750 has proven much more difficult. The results may not be useful from a climatological viewpoint, but are very worthy as anthropological\/historical research.<\/p>\n\n<p>The spatial distribution of lightning is different between cyclones that have mostly westward tracks (lower rates and more in the inner core, within 100 km of radius) than the ones with trajectories that re-curve and make landfall in the mainland. Cyclones in the latter category show more lightning in the outer bands (between 300 and 400 km from the eye) and in the quadrant closer to land.<\/p>\n\n<p>Moreover, the spatial distribution of lightning does not appear to be organized by the shear vector, as has been shown for cyclones in the North Atlantic basin.<\/p>\n\n<p>Preliminary simulations with the HWRF model at 3-km resolution indicate that there are still large track and intensity errors, as well as for the landfall location along the coast that need to be quantified.<\/p>\n\n<h3 class=\"wp-block-heading\" id=\"investigadores\">Project investigators<\/h3>\n\n<p>Graciela Binimelis de Raga (<a href=\"mailto:graciela.raga@gmail.com\">graciela.raga@gmail.com<\/a>)<br\/>Universidad Nacional Aut\u00f3noma de M\u00e9xico (UNAM) \u2013 Centro de Ciencias de la Atm\u00f3sfera<br\/><strong>Co-Investigators<\/strong><br\/>Luis M. Farf\u00e1n Molina (CICESE, M\u00e9xico)<br\/>Christian Appendini (IINGEN-UNAM, M\u00e9xico)<br\/>Virginia Garc\u00eda-Acosta (CIESAS, M\u00e9xico)<br\/>Raymundo Padilla Lozoya (Universidad de Colima, M\u00e9xico)<br\/>Julio Mar\u00edn (Universidad de Valparaiso, Chile)<br\/>Sergio Abarca (Naval Posgraduate School, EEUU)<br\/>Victor Rivera-Monroy (Lousiana State University, EEUU)<br\/>Joel P\u00e9rez (CATHALAC, Panam\u00e1)<\/p>\n\n<h3 class=\"wp-block-heading\" id=\"students\">Students<\/h3>\n\n<p><em>Adolfo Lugo<\/em>, maestr\u00eda, Universidad Nacional Aut\u00f3noma de M\u00e9xico, M\u00e9xico.<br\/><em>Cuauhtemoc Turrent<\/em>, Post doctorado, CICESE, M\u00e9xico.<br\/><em>Ismael Villanueva<\/em>, maestr\u00eda, CICESE, M\u00e9xico.<br\/><em>Jimena Cuevas<\/em>, maestr\u00eda, CICESE, M\u00e9xico.<br\/><em>Jorge Clouthier<\/em>, maestr\u00eda, Universidad Nacional Aut\u00f3noma de M\u00e9xico, M\u00e9xico.<br\/><em>Jose Vicencio<\/em>, otro, Universidad de Valparaiso, Chile.<br\/><em>Juan Sebastian Cervantes<\/em>, doctorado, Universidad Nacional Aut\u00f3noma de M\u00e9xico, M\u00e9xico.<br\/><em>Lourdes Aquino<\/em>, maestr\u00eda, Universidad Nacional Aut\u00f3noma de M\u00e9xico, M\u00e9xico.<br\/><em>Myriam de la Parra<\/em>, maestr\u00eda, CIESAS, M\u00e9xico.<br\/><em>Rafael Meza<\/em>, doctorado, Universidad Nacional Aut\u00f3noma de M\u00e9xico, M\u00e9xico.<br\/><em>Thalia Aviles<\/em>, doctorado, Universidad Nacional Aut\u00f3noma de M\u00e9xico, M\u00e9xico.<\/p>\n\n<p><a href=\"https:\/\/iai.int\/admin\/site\/sites\/default\/files\/uploads\/2014\/03\/CRA_2048.pdf\" target=\"_blank\" rel=\"noopener\">PDF in English<\/a>\u00a0<a href=\"https:\/\/iai.int\/admin\/site\/sites\/default\/files\/uploads\/2014\/03\/CRA_2048_sp.pdf\" target=\"_blank\" rel=\"noopener\">PDF in Spanish<\/a>\u00a0updated 4\/2013<\/p>\n","protected":false},"excerpt":{"rendered":"<p>1) A visible satellite image of Hurricane Ileana from 2012, close to the Baja Peninsula.&#13; 2) Simulations of Hurricane Rick (2009) as it makes landfall. The red dot marks the actual landfall, while the blue dot marks the predicted landfall location using HWRF. The colors indicate the pattern of the magnitude of the wind at [&hellip;]<\/p>\n","protected":false},"author":1,"featured_media":0,"parent":0,"menu_order":0,"comment_status":"closed","ping_status":"closed","template":"","meta":{"_acf_changed":false,"_uag_custom_page_level_css":"","footnotes":""},"class_list":["post-1669","page","type-page","status-publish","hentry"],"acf":[],"yoast_head":"<!-- This site is optimized with the Yoast SEO plugin v27.3 - https:\/\/yoast.com\/product\/yoast-seo-wordpress\/ -->\n<title>Landfalling tropical cyclones in the Eastern Pacific basin (SGP-CRA 2048) - IAI - Inter-American Institute for Global Change Research<\/title>\n<meta name=\"robots\" content=\"index, follow, max-snippet:-1, max-image-preview:large, max-video-preview:-1\" \/>\n<link rel=\"canonical\" href=\"https:\/\/iai.int\/en\/ciclones-tropicales-que-tocan-tierra-en-la-cuenca-del-pacifico-oriental-sgp-cra-2048\/\" \/>\n<meta property=\"og:locale\" content=\"en_US\" \/>\n<meta property=\"og:type\" content=\"article\" \/>\n<meta property=\"og:title\" content=\"Landfalling tropical cyclones in the Eastern Pacific basin (SGP-CRA 2048) - IAI - Inter-American Institute for Global Change Research\" \/>\n<meta property=\"og:description\" content=\"1) A visible satellite image of Hurricane Ileana from 2012, close to the Baja Peninsula.&#013; 2) Simulations of Hurricane Rick (2009) as it makes landfall. The red dot marks the actual landfall, while the blue dot marks the predicted landfall location using HWRF. The colors indicate the pattern of the magnitude of the wind at [&hellip;]\" \/>\n<meta property=\"og:url\" content=\"https:\/\/iai.int\/en\/ciclones-tropicales-que-tocan-tierra-en-la-cuenca-del-pacifico-oriental-sgp-cra-2048\/\" \/>\n<meta property=\"og:site_name\" content=\"IAI - Inter-American Institute for Global Change Research\" \/>\n<meta property=\"article:modified_time\" content=\"2025-07-30T01:32:44+00:00\" \/>\n<meta property=\"og:image\" content=\"https:\/\/iai.int\/admin\/site\/sites\/default\/files\/uploads\/2014\/03\/CRA_2048.jpg\" \/>\n<meta name=\"twitter:card\" content=\"summary_large_image\" \/>\n<meta name=\"twitter:label1\" content=\"Est. reading time\" \/>\n\t<meta name=\"twitter:data1\" content=\"3 minutes\" \/>\n<script type=\"application\/ld+json\" class=\"yoast-schema-graph\">{\"@context\":\"https:\\\/\\\/schema.org\",\"@graph\":[{\"@type\":\"WebPage\",\"@id\":\"https:\\\/\\\/iai.int\\\/en\\\/ciclones-tropicales-que-tocan-tierra-en-la-cuenca-del-pacifico-oriental-sgp-cra-2048\\\/\",\"url\":\"https:\\\/\\\/iai.int\\\/en\\\/ciclones-tropicales-que-tocan-tierra-en-la-cuenca-del-pacifico-oriental-sgp-cra-2048\\\/\",\"name\":\"Landfalling tropical cyclones in the Eastern Pacific basin (SGP-CRA 2048) - IAI - Inter-American Institute for Global Change Research\",\"isPartOf\":{\"@id\":\"https:\\\/\\\/iai.int\\\/en\\\/#website\"},\"primaryImageOfPage\":{\"@id\":\"https:\\\/\\\/iai.int\\\/en\\\/ciclones-tropicales-que-tocan-tierra-en-la-cuenca-del-pacifico-oriental-sgp-cra-2048\\\/#primaryimage\"},\"image\":{\"@id\":\"https:\\\/\\\/iai.int\\\/en\\\/ciclones-tropicales-que-tocan-tierra-en-la-cuenca-del-pacifico-oriental-sgp-cra-2048\\\/#primaryimage\"},\"thumbnailUrl\":\"https:\\\/\\\/iai.int\\\/admin\\\/site\\\/sites\\\/default\\\/files\\\/uploads\\\/2014\\\/03\\\/CRA_2048.jpg\",\"datePublished\":\"2024-09-16T18:05:45+00:00\",\"dateModified\":\"2025-07-30T01:32:44+00:00\",\"breadcrumb\":{\"@id\":\"https:\\\/\\\/iai.int\\\/en\\\/ciclones-tropicales-que-tocan-tierra-en-la-cuenca-del-pacifico-oriental-sgp-cra-2048\\\/#breadcrumb\"},\"inLanguage\":\"en-US\",\"potentialAction\":[{\"@type\":\"ReadAction\",\"target\":[\"https:\\\/\\\/iai.int\\\/en\\\/ciclones-tropicales-que-tocan-tierra-en-la-cuenca-del-pacifico-oriental-sgp-cra-2048\\\/\"]}]},{\"@type\":\"ImageObject\",\"inLanguage\":\"en-US\",\"@id\":\"https:\\\/\\\/iai.int\\\/en\\\/ciclones-tropicales-que-tocan-tierra-en-la-cuenca-del-pacifico-oriental-sgp-cra-2048\\\/#primaryimage\",\"url\":\"https:\\\/\\\/iai.int\\\/admin\\\/site\\\/sites\\\/default\\\/files\\\/uploads\\\/2014\\\/03\\\/CRA_2048.jpg\",\"contentUrl\":\"https:\\\/\\\/iai.int\\\/admin\\\/site\\\/sites\\\/default\\\/files\\\/uploads\\\/2014\\\/03\\\/CRA_2048.jpg\"},{\"@type\":\"BreadcrumbList\",\"@id\":\"https:\\\/\\\/iai.int\\\/en\\\/ciclones-tropicales-que-tocan-tierra-en-la-cuenca-del-pacifico-oriental-sgp-cra-2048\\\/#breadcrumb\",\"itemListElement\":[{\"@type\":\"ListItem\",\"position\":1,\"name\":\"Portada\",\"item\":\"https:\\\/\\\/iai.int\\\/en\\\/\"},{\"@type\":\"ListItem\",\"position\":2,\"name\":\"Landfalling tropical cyclones in the Eastern Pacific basin (SGP-CRA 2048)\"}]},{\"@type\":\"WebSite\",\"@id\":\"https:\\\/\\\/iai.int\\\/en\\\/#website\",\"url\":\"https:\\\/\\\/iai.int\\\/en\\\/\",\"name\":\"IAI - Inter-American Institute for Global Change Research\",\"description\":\"\",\"publisher\":{\"@id\":\"https:\\\/\\\/iai.int\\\/en\\\/#organization\"},\"potentialAction\":[{\"@type\":\"SearchAction\",\"target\":{\"@type\":\"EntryPoint\",\"urlTemplate\":\"https:\\\/\\\/iai.int\\\/en\\\/?s={search_term_string}\"},\"query-input\":{\"@type\":\"PropertyValueSpecification\",\"valueRequired\":true,\"valueName\":\"search_term_string\"}}],\"inLanguage\":\"en-US\"},{\"@type\":\"Organization\",\"@id\":\"https:\\\/\\\/iai.int\\\/en\\\/#organization\",\"name\":\"IAI - Inter-American Institute for Global Change Research\",\"url\":\"https:\\\/\\\/iai.int\\\/en\\\/\",\"logo\":{\"@type\":\"ImageObject\",\"inLanguage\":\"en-US\",\"@id\":\"https:\\\/\\\/iai.int\\\/en\\\/#\\\/schema\\\/logo\\\/image\\\/\",\"url\":\"https:\\\/\\\/iai.int\\\/wp-content\\\/uploads\\\/2025\\\/11\\\/IAI-logo-English-scaled.png\",\"contentUrl\":\"https:\\\/\\\/iai.int\\\/wp-content\\\/uploads\\\/2025\\\/11\\\/IAI-logo-English-scaled.png\",\"width\":2560,\"height\":985,\"caption\":\"IAI - Inter-American Institute for Global Change Research\"},\"image\":{\"@id\":\"https:\\\/\\\/iai.int\\\/en\\\/#\\\/schema\\\/logo\\\/image\\\/\"}}]}<\/script>\n<!-- \/ Yoast SEO plugin. -->","yoast_head_json":{"title":"Landfalling tropical cyclones in the Eastern Pacific basin (SGP-CRA 2048) - IAI - Inter-American Institute for Global Change Research","robots":{"index":"index","follow":"follow","max-snippet":"max-snippet:-1","max-image-preview":"max-image-preview:large","max-video-preview":"max-video-preview:-1"},"canonical":"https:\/\/iai.int\/en\/ciclones-tropicales-que-tocan-tierra-en-la-cuenca-del-pacifico-oriental-sgp-cra-2048\/","og_locale":"en_US","og_type":"article","og_title":"Landfalling tropical cyclones in the Eastern Pacific basin (SGP-CRA 2048) - IAI - Inter-American Institute for Global Change Research","og_description":"1) A visible satellite image of Hurricane Ileana from 2012, close to the Baja Peninsula.&#13; 2) Simulations of Hurricane Rick (2009) as it makes landfall. The red dot marks the actual landfall, while the blue dot marks the predicted landfall location using HWRF. The colors indicate the pattern of the magnitude of the wind at [&hellip;]","og_url":"https:\/\/iai.int\/en\/ciclones-tropicales-que-tocan-tierra-en-la-cuenca-del-pacifico-oriental-sgp-cra-2048\/","og_site_name":"IAI - Inter-American Institute for Global Change Research","article_modified_time":"2025-07-30T01:32:44+00:00","og_image":[{"url":"https:\/\/iai.int\/admin\/site\/sites\/default\/files\/uploads\/2014\/03\/CRA_2048.jpg","type":"","width":"","height":""}],"twitter_card":"summary_large_image","twitter_misc":{"Est. reading time":"3 minutes"},"schema":{"@context":"https:\/\/schema.org","@graph":[{"@type":"WebPage","@id":"https:\/\/iai.int\/en\/ciclones-tropicales-que-tocan-tierra-en-la-cuenca-del-pacifico-oriental-sgp-cra-2048\/","url":"https:\/\/iai.int\/en\/ciclones-tropicales-que-tocan-tierra-en-la-cuenca-del-pacifico-oriental-sgp-cra-2048\/","name":"Landfalling tropical cyclones in the Eastern Pacific basin (SGP-CRA 2048) - IAI - Inter-American Institute for Global Change Research","isPartOf":{"@id":"https:\/\/iai.int\/en\/#website"},"primaryImageOfPage":{"@id":"https:\/\/iai.int\/en\/ciclones-tropicales-que-tocan-tierra-en-la-cuenca-del-pacifico-oriental-sgp-cra-2048\/#primaryimage"},"image":{"@id":"https:\/\/iai.int\/en\/ciclones-tropicales-que-tocan-tierra-en-la-cuenca-del-pacifico-oriental-sgp-cra-2048\/#primaryimage"},"thumbnailUrl":"https:\/\/iai.int\/admin\/site\/sites\/default\/files\/uploads\/2014\/03\/CRA_2048.jpg","datePublished":"2024-09-16T18:05:45+00:00","dateModified":"2025-07-30T01:32:44+00:00","breadcrumb":{"@id":"https:\/\/iai.int\/en\/ciclones-tropicales-que-tocan-tierra-en-la-cuenca-del-pacifico-oriental-sgp-cra-2048\/#breadcrumb"},"inLanguage":"en-US","potentialAction":[{"@type":"ReadAction","target":["https:\/\/iai.int\/en\/ciclones-tropicales-que-tocan-tierra-en-la-cuenca-del-pacifico-oriental-sgp-cra-2048\/"]}]},{"@type":"ImageObject","inLanguage":"en-US","@id":"https:\/\/iai.int\/en\/ciclones-tropicales-que-tocan-tierra-en-la-cuenca-del-pacifico-oriental-sgp-cra-2048\/#primaryimage","url":"https:\/\/iai.int\/admin\/site\/sites\/default\/files\/uploads\/2014\/03\/CRA_2048.jpg","contentUrl":"https:\/\/iai.int\/admin\/site\/sites\/default\/files\/uploads\/2014\/03\/CRA_2048.jpg"},{"@type":"BreadcrumbList","@id":"https:\/\/iai.int\/en\/ciclones-tropicales-que-tocan-tierra-en-la-cuenca-del-pacifico-oriental-sgp-cra-2048\/#breadcrumb","itemListElement":[{"@type":"ListItem","position":1,"name":"Portada","item":"https:\/\/iai.int\/en\/"},{"@type":"ListItem","position":2,"name":"Landfalling tropical cyclones in the Eastern Pacific basin (SGP-CRA 2048)"}]},{"@type":"WebSite","@id":"https:\/\/iai.int\/en\/#website","url":"https:\/\/iai.int\/en\/","name":"IAI - Inter-American Institute for Global Change Research","description":"","publisher":{"@id":"https:\/\/iai.int\/en\/#organization"},"potentialAction":[{"@type":"SearchAction","target":{"@type":"EntryPoint","urlTemplate":"https:\/\/iai.int\/en\/?s={search_term_string}"},"query-input":{"@type":"PropertyValueSpecification","valueRequired":true,"valueName":"search_term_string"}}],"inLanguage":"en-US"},{"@type":"Organization","@id":"https:\/\/iai.int\/en\/#organization","name":"IAI - Inter-American Institute for Global Change Research","url":"https:\/\/iai.int\/en\/","logo":{"@type":"ImageObject","inLanguage":"en-US","@id":"https:\/\/iai.int\/en\/#\/schema\/logo\/image\/","url":"https:\/\/iai.int\/wp-content\/uploads\/2025\/11\/IAI-logo-English-scaled.png","contentUrl":"https:\/\/iai.int\/wp-content\/uploads\/2025\/11\/IAI-logo-English-scaled.png","width":2560,"height":985,"caption":"IAI - Inter-American Institute for Global Change Research"},"image":{"@id":"https:\/\/iai.int\/en\/#\/schema\/logo\/image\/"}}]}},"uagb_featured_image_src":{"full":false,"thumbnail":false,"medium":false,"medium_large":false,"large":false,"1536x1536":false,"2048x2048":false},"uagb_author_info":{"display_name":"admin","author_link":"https:\/\/iai.int\/en\/author\/admin\/"},"uagb_comment_info":0,"uagb_excerpt":"1) A visible satellite image of Hurricane Ileana from 2012, close to the Baja Peninsula.&#13; 2) Simulations of Hurricane Rick (2009) as it makes landfall. The red dot marks the actual landfall, while the blue dot marks the predicted landfall location using HWRF. The colors indicate the pattern of the magnitude of the wind at&hellip;","_links":{"self":[{"href":"https:\/\/iai.int\/en\/wp-json\/wp\/v2\/pages\/1669","targetHints":{"allow":["GET"]}}],"collection":[{"href":"https:\/\/iai.int\/en\/wp-json\/wp\/v2\/pages"}],"about":[{"href":"https:\/\/iai.int\/en\/wp-json\/wp\/v2\/types\/page"}],"author":[{"embeddable":true,"href":"https:\/\/iai.int\/en\/wp-json\/wp\/v2\/users\/1"}],"replies":[{"embeddable":true,"href":"https:\/\/iai.int\/en\/wp-json\/wp\/v2\/comments?post=1669"}],"version-history":[{"count":2,"href":"https:\/\/iai.int\/en\/wp-json\/wp\/v2\/pages\/1669\/revisions"}],"predecessor-version":[{"id":6328,"href":"https:\/\/iai.int\/en\/wp-json\/wp\/v2\/pages\/1669\/revisions\/6328"}],"wp:attachment":[{"href":"https:\/\/iai.int\/en\/wp-json\/wp\/v2\/media?parent=1669"}],"curies":[{"name":"wp","href":"https:\/\/api.w.org\/{rel}","templated":true}]}}