{"id":1665,"date":"2024-09-16T15:36:29","date_gmt":"2024-09-16T18:36:29","guid":{"rendered":"https:\/\/iai.int\/flujo-de-informacion-y-politica-uso-de-diagnosticos-climaticos-y-pronosticos-de-ciclones-para-el-manejo-adaptativo-de-los-recursos-hidricos-ante-incertidumbres-climaticas-en-el-oeste-de-america-del-n\/"},"modified":"2025-07-29T23:14:58","modified_gmt":"2025-07-30T04:14:58","slug":"flujo-de-informacion-y-politica-uso-de-diagnosticos-climaticos-y-pronosticos-de-ciclones-para-el-manejo-adaptativo-de-los-recursos-hidricos-ante-incertidumbres-climaticas-en-el-oeste-de-america-del-n","status":"publish","type":"page","link":"https:\/\/iai.int\/en\/flujo-de-informacion-y-politica-uso-de-diagnosticos-climaticos-y-pronosticos-de-ciclones-para-el-manejo-adaptativo-de-los-recursos-hidricos-ante-incertidumbres-climaticas-en-el-oeste-de-america-del-n\/","title":{"rendered":"Information flows and policy: use of climate diagnostics and cyclone prediction for adaptive water-resources management under climatic uncertainty in western North America (SGP-HD 005)"},"content":{"rendered":"\n<p><img fetchpriority=\"high\" decoding=\"async\" src=\"https:\/\/iai.int\/admin\/site\/sites\/default\/files\/uploads\/2014\/03\/sgphd005.jpg\" alt=\"sgphd005\" width=\"690\" height=\"171\"\/><br\/><em>1 Binational North American Monsoon Region including the Sonoran desert of Mexico and the United States \u2013 Map courtesy NASA&#13;\n2 Hurricane Henriette flooding \u2013 courtesy CBS news&#13;\n3 Agriculture consumes 70% \u2013 90% of water in the region<\/em><\/p>\n\n<h3 class=\"wp-block-heading\">Project information<\/h3>\n\n<p><div class=\"one-third first\"><strong>Principal investigator:<\/strong><\/div><\/p>\n\n<p><em>Christopher Scott (PI)\u00a0<\/em>(<a href=\"mailto:cascott@email.arizona.edu\">cascott@email.arizona.edu<\/a>)<br\/>The University of Arizona \u2013 Udall Center for Studies in Public Policy, and School of Geography and Development (EE.UU.)<\/p>\n\n<p><div class=\"one-third first\"><strong>List of published papers:<\/strong><\/div><\/p>\n\n<p><a href=\"http:\/\/www.citeulike.org\/user\/IAI\/tag\/sgp-hd005\" target=\"_blank\" rel=\"noreferrer noopener\">http:\/\/www.citeulike.org\/user\/IAI\/tag\/sgp-hd005<\/a><\/p>\n\n<p><a href=\"https:\/\/iai.int\/es\/meetings\/detail\/sgp-hd-005#summary\">Executive summary<\/a>\u00a0<a href=\"https:\/\/iai.int\/es\/meetings\/detail\/sgp-hd-005#medios\">Outreach<\/a>\u00a0<a href=\"https:\/\/iai.int\/es\/meetings\/detail\/sgp-hd-005#investigadores\">Investigators<\/a><\/p>\n\n<h3 class=\"wp-block-heading\" id=\"summary\">Executive summary<\/h3>\n\n<p>The coupling of human and natural systems poses at least three major types of climate-related risks to human populations and economic activity in western North America:<br\/>exposure of human communities to weather extremes\u2014from cyclones to drought,<br\/>dependence of growing populations on limited water supplies in this arid region, and<br\/>climate and water-related agricultural production and food security risk.<\/p>\n\n<p>This human dimensions project builds on CRN 2048 on tropical cyclones by improving understanding of the combined impacts of East Pacific cyclones and the North American Monsoon on human systems, and mobilizes this knowledge to disseminate climate and water information to decision-makers, managers, and water users.<br\/><br\/><\/p>\n\n<p><strong>Goals<\/strong><\/p>\n\n<ul class=\"wp-block-list\">\n<li>* Promote the exchange of climate information between scientists and policymakers in northwestern Mexico and the southwestern United States in a manner that strengthens adaptive management capacity.<br\/><\/li>\n\n\n\n<li>* Promote the flow of climate information and collaboration through webinars and workshops<br\/><\/li>\n\n\n\n<li>* Seek continued feedback on and dissemination of the Binational Climate Summary\u00a0<a class=\"external\" href=\"http:\/\/udallcenter.arizona.edu\/iai\" target=\"_blank\" rel=\"noopener\">www.climas.arizona.edu\/outlooks\/bcs<\/a><\/li>\n\n\n\n<li>* Use up-to-date diagnostics on regional weather and climate to examine how variability affects already- strained and chronically scarce water supplies.<br\/><\/li>\n\n\n\n<li>*Work with key decision-makers to institutionalize new capacity-building processes for integrating climate information into future water supply planning.<br\/><\/li>\n\n\n\n<li>* Compare tradeoffs between water augmentation and energy consumption in short-term adaptation responses.<br\/><\/li>\n\n\n\n<li>* Investigate the contribution of cyclone precipitation to reservoir storage, and apply GIS analysis to research the impact of tropical cyclones over northwestern Mexico.<br\/><br\/><\/li>\n<\/ul>\n\n<p><strong>First results<\/strong><\/p>\n\n<ul class=\"wp-block-list\">\n<li>Great interest by urban and rural water managers in seasonal climate forecasts, but utility limited by:<br\/>Spatial and temporal resolution, varying sectoral priorities<\/li>\n\n\n\n<li>Primary focus is on short-term management (urban) and long-term risk reduction (rural)<\/li>\n\n\n\n<li>Lack of collaboration and cooperation among risk mitigation agencies<\/li>\n\n\n\n<li>Ecosystems are becoming an increasingly important consideration in water management<\/li>\n\n\n\n<li>Population and economic growth in the region are driving up water and energy demand<\/li>\n<\/ul>\n\n<h2 class=\"wp-block-heading\" id=\"medios\">Outreach<\/h2>\n\n<figure class=\"wp-block-image alignleft\"><img decoding=\"async\" src=\"https:\/\/iai.int\/admin\/site\/sites\/default\/files\/uploads\/2014\/06\/figure_sp.jpg\" alt=\"figure_sp\" class=\"wp-image-6219\"\/><\/figure>\n\n<p><a href=\"http:\/\/iai.int\/en\/post\/detail\/5151\" target=\"_blank\" rel=\"noopener\">Groundwater use in agriculture risks aquifer over-exploitation<\/a><br\/><a href=\"https:\/\/iai.int\/admin\/site\/sites\/default\/files\/uploads\/2014\/06\/snapshot9_SP.pdf\" target=\"_blank\" rel=\"noopener\">Download PDF<\/a><br\/><a href=\"https:\/\/iai.int\/admin\/site\/sites\/default\/files\/uploads\/2014\/06\/snapshot9_SP.pdf\" target=\"_blank\" rel=\"noopener\">Download PDF in Spanish<\/a><\/p>\n\n<h4 class=\"wp-block-heading\" id=\"investigadores\">Project investigators<\/h4>\n\n<p>Christopher Scott (PI) \u2013\u00a0<a href=\"mailto:cascott@email.arizona.edu\"><strong>cascott@email.arizona.edu<\/strong><\/a><br\/>The University of Arizona \u2013 Udall Center for Studies in Public Policy, and School of Geography and Development (EE.UU.)<\/p>\n\n<p>Robert Varady (Co-PI) \u2013 Udall Center for Studies in Public Policy<\/p>\n\n<p><strong>Co-investigators<\/strong><br\/>Gregg Garfin \u2013School of Natural Resources, Environment &amp; Institute of the Environment<br\/>Margaret Wilder \u2013 Udall Center, Center for Latin American Studies, and Geography and Development<br\/>Barbara Morehouse \u2013 Institute of the Environment<br\/>Anne Browning-Aiken \u2013 Udall Center for Studies in Public Policy<br\/>Nicol\u00e1s Pineda (Co-PI), Alejandro Salazar \u2013 El Colegio de Sonora (M\u00e9xico)<br\/>Lu\u00eds Farf\u00e1n \u2013 Centro de Investigaci\u00f3n Cient\u00edfica y de Educaci\u00f3n Superior de Ensenada CISESE (M\u00e9xico)<br\/>Graciela de Raga (PI, CRN 2048) \u2013 Universidad Nacional Aut\u00f3noma de M\u00e9xico<\/p>\n\n<p><a class=\"external\" href=\"http:\/\/udallcenter.arizona.edu\/iai\" target=\"_blank\" rel=\"noopener\">Information sharing available through workshop contacts<\/a><br\/><a href=\"https:\/\/iai.int\/admin\/site\/sites\/default\/files\/uploads\/2014\/03\/SGP-HD_5.pdf\" target=\"_blank\" rel=\"noopener\">PDF File<\/a><\/p>\n\n<figure class=\"wp-block-image\"><img decoding=\"async\" src=\"https:\/\/iai.int\/admin\/site\/sites\/default\/files\/uploads\/2014\/03\/sgphd005Logos.jpg\" alt=\"sgphd005Logos\" class=\"wp-image-2155\"\/><\/figure>\n","protected":false},"excerpt":{"rendered":"<p>1 Binational North American Monsoon Region including the Sonoran desert of Mexico and the United States \u2013 Map courtesy NASA&#13; 2 Hurricane Henriette flooding \u2013 courtesy CBS news&#13; 3 Agriculture consumes 70% \u2013 90% of water in the region Project information Principal investigator: Christopher Scott (PI)\u00a0(cascott@email.arizona.edu)The University of Arizona \u2013 Udall Center for Studies in [&hellip;]<\/p>\n","protected":false},"author":1,"featured_media":0,"parent":0,"menu_order":0,"comment_status":"closed","ping_status":"closed","template":"","meta":{"_acf_changed":false,"_uag_custom_page_level_css":"","footnotes":""},"class_list":["post-1665","page","type-page","status-publish","hentry"],"acf":[],"yoast_head":"<!-- This site is optimized with the Yoast SEO plugin v27.3 - https:\/\/yoast.com\/product\/yoast-seo-wordpress\/ -->\n<title>Information flows and policy: use of climate diagnostics and cyclone prediction for adaptive water-resources management under climatic uncertainty in western North America (SGP-HD 005) - IAI - Inter-American Institute for Global Change Research<\/title>\n<meta name=\"robots\" content=\"index, follow, max-snippet:-1, max-image-preview:large, max-video-preview:-1\" \/>\n<link rel=\"canonical\" href=\"https:\/\/iai.int\/en\/flujo-de-informacion-y-politica-uso-de-diagnosticos-climaticos-y-pronosticos-de-ciclones-para-el-manejo-adaptativo-de-los-recursos-hidricos-ante-incertidumbres-climaticas-en-el-oeste-de-america-del-n\/\" \/>\n<meta property=\"og:locale\" content=\"en_US\" \/>\n<meta property=\"og:type\" content=\"article\" \/>\n<meta property=\"og:title\" content=\"Information flows and policy: use of climate diagnostics and cyclone prediction for adaptive water-resources management under climatic uncertainty in western North America (SGP-HD 005) - IAI - Inter-American Institute for Global Change Research\" \/>\n<meta property=\"og:description\" content=\"1 Binational North American Monsoon Region including the Sonoran desert of Mexico and the United States \u2013 Map courtesy NASA&#013; 2 Hurricane Henriette flooding \u2013 courtesy CBS news&#013; 3 Agriculture consumes 70% \u2013 90% of water in the region Project information Principal investigator: Christopher Scott (PI)\u00a0(cascott@email.arizona.edu)The University of Arizona \u2013 Udall Center for Studies in [&hellip;]\" \/>\n<meta property=\"og:url\" content=\"https:\/\/iai.int\/en\/flujo-de-informacion-y-politica-uso-de-diagnosticos-climaticos-y-pronosticos-de-ciclones-para-el-manejo-adaptativo-de-los-recursos-hidricos-ante-incertidumbres-climaticas-en-el-oeste-de-america-del-n\/\" \/>\n<meta property=\"og:site_name\" content=\"IAI - Inter-American Institute for Global Change Research\" \/>\n<meta property=\"article:modified_time\" content=\"2025-07-30T04:14:58+00:00\" \/>\n<meta property=\"og:image\" content=\"https:\/\/iai.int\/admin\/site\/sites\/default\/files\/uploads\/2014\/03\/sgphd005.jpg\" \/>\n<meta name=\"twitter:card\" content=\"summary_large_image\" \/>\n<meta name=\"twitter:label1\" content=\"Est. reading time\" \/>\n\t<meta name=\"twitter:data1\" content=\"3 minutes\" \/>\n<script type=\"application\/ld+json\" class=\"yoast-schema-graph\">{\"@context\":\"https:\\\/\\\/schema.org\",\"@graph\":[{\"@type\":\"WebPage\",\"@id\":\"https:\\\/\\\/iai.int\\\/en\\\/flujo-de-informacion-y-politica-uso-de-diagnosticos-climaticos-y-pronosticos-de-ciclones-para-el-manejo-adaptativo-de-los-recursos-hidricos-ante-incertidumbres-climaticas-en-el-oeste-de-america-del-n\\\/\",\"url\":\"https:\\\/\\\/iai.int\\\/en\\\/flujo-de-informacion-y-politica-uso-de-diagnosticos-climaticos-y-pronosticos-de-ciclones-para-el-manejo-adaptativo-de-los-recursos-hidricos-ante-incertidumbres-climaticas-en-el-oeste-de-america-del-n\\\/\",\"name\":\"Information flows and policy: use of climate diagnostics and cyclone prediction for adaptive water-resources management under climatic uncertainty in western North America (SGP-HD 005) - IAI - Inter-American Institute for Global Change Research\",\"isPartOf\":{\"@id\":\"https:\\\/\\\/iai.int\\\/en\\\/#website\"},\"primaryImageOfPage\":{\"@id\":\"https:\\\/\\\/iai.int\\\/en\\\/flujo-de-informacion-y-politica-uso-de-diagnosticos-climaticos-y-pronosticos-de-ciclones-para-el-manejo-adaptativo-de-los-recursos-hidricos-ante-incertidumbres-climaticas-en-el-oeste-de-america-del-n\\\/#primaryimage\"},\"image\":{\"@id\":\"https:\\\/\\\/iai.int\\\/en\\\/flujo-de-informacion-y-politica-uso-de-diagnosticos-climaticos-y-pronosticos-de-ciclones-para-el-manejo-adaptativo-de-los-recursos-hidricos-ante-incertidumbres-climaticas-en-el-oeste-de-america-del-n\\\/#primaryimage\"},\"thumbnailUrl\":\"https:\\\/\\\/iai.int\\\/admin\\\/site\\\/sites\\\/default\\\/files\\\/uploads\\\/2014\\\/03\\\/sgphd005.jpg\",\"datePublished\":\"2024-09-16T18:36:29+00:00\",\"dateModified\":\"2025-07-30T04:14:58+00:00\",\"breadcrumb\":{\"@id\":\"https:\\\/\\\/iai.int\\\/en\\\/flujo-de-informacion-y-politica-uso-de-diagnosticos-climaticos-y-pronosticos-de-ciclones-para-el-manejo-adaptativo-de-los-recursos-hidricos-ante-incertidumbres-climaticas-en-el-oeste-de-america-del-n\\\/#breadcrumb\"},\"inLanguage\":\"en-US\",\"potentialAction\":[{\"@type\":\"ReadAction\",\"target\":[\"https:\\\/\\\/iai.int\\\/en\\\/flujo-de-informacion-y-politica-uso-de-diagnosticos-climaticos-y-pronosticos-de-ciclones-para-el-manejo-adaptativo-de-los-recursos-hidricos-ante-incertidumbres-climaticas-en-el-oeste-de-america-del-n\\\/\"]}]},{\"@type\":\"ImageObject\",\"inLanguage\":\"en-US\",\"@id\":\"https:\\\/\\\/iai.int\\\/en\\\/flujo-de-informacion-y-politica-uso-de-diagnosticos-climaticos-y-pronosticos-de-ciclones-para-el-manejo-adaptativo-de-los-recursos-hidricos-ante-incertidumbres-climaticas-en-el-oeste-de-america-del-n\\\/#primaryimage\",\"url\":\"https:\\\/\\\/iai.int\\\/admin\\\/site\\\/sites\\\/default\\\/files\\\/uploads\\\/2014\\\/03\\\/sgphd005.jpg\",\"contentUrl\":\"https:\\\/\\\/iai.int\\\/admin\\\/site\\\/sites\\\/default\\\/files\\\/uploads\\\/2014\\\/03\\\/sgphd005.jpg\"},{\"@type\":\"BreadcrumbList\",\"@id\":\"https:\\\/\\\/iai.int\\\/en\\\/flujo-de-informacion-y-politica-uso-de-diagnosticos-climaticos-y-pronosticos-de-ciclones-para-el-manejo-adaptativo-de-los-recursos-hidricos-ante-incertidumbres-climaticas-en-el-oeste-de-america-del-n\\\/#breadcrumb\",\"itemListElement\":[{\"@type\":\"ListItem\",\"position\":1,\"name\":\"Portada\",\"item\":\"https:\\\/\\\/iai.int\\\/en\\\/\"},{\"@type\":\"ListItem\",\"position\":2,\"name\":\"Information flows and policy: use of climate diagnostics and cyclone prediction for adaptive water-resources management under climatic uncertainty in western North America (SGP-HD 005)\"}]},{\"@type\":\"WebSite\",\"@id\":\"https:\\\/\\\/iai.int\\\/en\\\/#website\",\"url\":\"https:\\\/\\\/iai.int\\\/en\\\/\",\"name\":\"IAI - Inter-American Institute for Global Change Research\",\"description\":\"\",\"publisher\":{\"@id\":\"https:\\\/\\\/iai.int\\\/en\\\/#organization\"},\"potentialAction\":[{\"@type\":\"SearchAction\",\"target\":{\"@type\":\"EntryPoint\",\"urlTemplate\":\"https:\\\/\\\/iai.int\\\/en\\\/?s={search_term_string}\"},\"query-input\":{\"@type\":\"PropertyValueSpecification\",\"valueRequired\":true,\"valueName\":\"search_term_string\"}}],\"inLanguage\":\"en-US\"},{\"@type\":\"Organization\",\"@id\":\"https:\\\/\\\/iai.int\\\/en\\\/#organization\",\"name\":\"IAI - Inter-American Institute for Global Change Research\",\"url\":\"https:\\\/\\\/iai.int\\\/en\\\/\",\"logo\":{\"@type\":\"ImageObject\",\"inLanguage\":\"en-US\",\"@id\":\"https:\\\/\\\/iai.int\\\/en\\\/#\\\/schema\\\/logo\\\/image\\\/\",\"url\":\"https:\\\/\\\/iai.int\\\/wp-content\\\/uploads\\\/2025\\\/11\\\/IAI-logo-English-scaled.png\",\"contentUrl\":\"https:\\\/\\\/iai.int\\\/wp-content\\\/uploads\\\/2025\\\/11\\\/IAI-logo-English-scaled.png\",\"width\":2560,\"height\":985,\"caption\":\"IAI - Inter-American Institute for Global Change Research\"},\"image\":{\"@id\":\"https:\\\/\\\/iai.int\\\/en\\\/#\\\/schema\\\/logo\\\/image\\\/\"}}]}<\/script>\n<!-- \/ Yoast SEO plugin. -->","yoast_head_json":{"title":"Information flows and policy: use of climate diagnostics and cyclone prediction for adaptive water-resources management under climatic uncertainty in western North America (SGP-HD 005) - IAI - Inter-American Institute for Global Change Research","robots":{"index":"index","follow":"follow","max-snippet":"max-snippet:-1","max-image-preview":"max-image-preview:large","max-video-preview":"max-video-preview:-1"},"canonical":"https:\/\/iai.int\/en\/flujo-de-informacion-y-politica-uso-de-diagnosticos-climaticos-y-pronosticos-de-ciclones-para-el-manejo-adaptativo-de-los-recursos-hidricos-ante-incertidumbres-climaticas-en-el-oeste-de-america-del-n\/","og_locale":"en_US","og_type":"article","og_title":"Information flows and policy: use of climate diagnostics and cyclone prediction for adaptive water-resources management under climatic uncertainty in western North America (SGP-HD 005) - IAI - Inter-American Institute for Global Change Research","og_description":"1 Binational North American Monsoon Region including the Sonoran desert of Mexico and the United States \u2013 Map courtesy NASA&#13; 2 Hurricane Henriette flooding \u2013 courtesy CBS news&#13; 3 Agriculture consumes 70% \u2013 90% of water in the region Project information Principal investigator: Christopher Scott (PI)\u00a0(cascott@email.arizona.edu)The University of Arizona \u2013 Udall Center for Studies in [&hellip;]","og_url":"https:\/\/iai.int\/en\/flujo-de-informacion-y-politica-uso-de-diagnosticos-climaticos-y-pronosticos-de-ciclones-para-el-manejo-adaptativo-de-los-recursos-hidricos-ante-incertidumbres-climaticas-en-el-oeste-de-america-del-n\/","og_site_name":"IAI - Inter-American Institute for Global Change Research","article_modified_time":"2025-07-30T04:14:58+00:00","og_image":[{"url":"https:\/\/iai.int\/admin\/site\/sites\/default\/files\/uploads\/2014\/03\/sgphd005.jpg","type":"","width":"","height":""}],"twitter_card":"summary_large_image","twitter_misc":{"Est. reading time":"3 minutes"},"schema":{"@context":"https:\/\/schema.org","@graph":[{"@type":"WebPage","@id":"https:\/\/iai.int\/en\/flujo-de-informacion-y-politica-uso-de-diagnosticos-climaticos-y-pronosticos-de-ciclones-para-el-manejo-adaptativo-de-los-recursos-hidricos-ante-incertidumbres-climaticas-en-el-oeste-de-america-del-n\/","url":"https:\/\/iai.int\/en\/flujo-de-informacion-y-politica-uso-de-diagnosticos-climaticos-y-pronosticos-de-ciclones-para-el-manejo-adaptativo-de-los-recursos-hidricos-ante-incertidumbres-climaticas-en-el-oeste-de-america-del-n\/","name":"Information flows and policy: use of climate diagnostics and cyclone prediction for adaptive water-resources management under climatic uncertainty in western North America (SGP-HD 005) - IAI - Inter-American Institute for Global Change Research","isPartOf":{"@id":"https:\/\/iai.int\/en\/#website"},"primaryImageOfPage":{"@id":"https:\/\/iai.int\/en\/flujo-de-informacion-y-politica-uso-de-diagnosticos-climaticos-y-pronosticos-de-ciclones-para-el-manejo-adaptativo-de-los-recursos-hidricos-ante-incertidumbres-climaticas-en-el-oeste-de-america-del-n\/#primaryimage"},"image":{"@id":"https:\/\/iai.int\/en\/flujo-de-informacion-y-politica-uso-de-diagnosticos-climaticos-y-pronosticos-de-ciclones-para-el-manejo-adaptativo-de-los-recursos-hidricos-ante-incertidumbres-climaticas-en-el-oeste-de-america-del-n\/#primaryimage"},"thumbnailUrl":"https:\/\/iai.int\/admin\/site\/sites\/default\/files\/uploads\/2014\/03\/sgphd005.jpg","datePublished":"2024-09-16T18:36:29+00:00","dateModified":"2025-07-30T04:14:58+00:00","breadcrumb":{"@id":"https:\/\/iai.int\/en\/flujo-de-informacion-y-politica-uso-de-diagnosticos-climaticos-y-pronosticos-de-ciclones-para-el-manejo-adaptativo-de-los-recursos-hidricos-ante-incertidumbres-climaticas-en-el-oeste-de-america-del-n\/#breadcrumb"},"inLanguage":"en-US","potentialAction":[{"@type":"ReadAction","target":["https:\/\/iai.int\/en\/flujo-de-informacion-y-politica-uso-de-diagnosticos-climaticos-y-pronosticos-de-ciclones-para-el-manejo-adaptativo-de-los-recursos-hidricos-ante-incertidumbres-climaticas-en-el-oeste-de-america-del-n\/"]}]},{"@type":"ImageObject","inLanguage":"en-US","@id":"https:\/\/iai.int\/en\/flujo-de-informacion-y-politica-uso-de-diagnosticos-climaticos-y-pronosticos-de-ciclones-para-el-manejo-adaptativo-de-los-recursos-hidricos-ante-incertidumbres-climaticas-en-el-oeste-de-america-del-n\/#primaryimage","url":"https:\/\/iai.int\/admin\/site\/sites\/default\/files\/uploads\/2014\/03\/sgphd005.jpg","contentUrl":"https:\/\/iai.int\/admin\/site\/sites\/default\/files\/uploads\/2014\/03\/sgphd005.jpg"},{"@type":"BreadcrumbList","@id":"https:\/\/iai.int\/en\/flujo-de-informacion-y-politica-uso-de-diagnosticos-climaticos-y-pronosticos-de-ciclones-para-el-manejo-adaptativo-de-los-recursos-hidricos-ante-incertidumbres-climaticas-en-el-oeste-de-america-del-n\/#breadcrumb","itemListElement":[{"@type":"ListItem","position":1,"name":"Portada","item":"https:\/\/iai.int\/en\/"},{"@type":"ListItem","position":2,"name":"Information flows and policy: use of climate diagnostics and cyclone prediction for adaptive water-resources management under climatic uncertainty in western North America (SGP-HD 005)"}]},{"@type":"WebSite","@id":"https:\/\/iai.int\/en\/#website","url":"https:\/\/iai.int\/en\/","name":"IAI - Inter-American Institute for Global Change Research","description":"","publisher":{"@id":"https:\/\/iai.int\/en\/#organization"},"potentialAction":[{"@type":"SearchAction","target":{"@type":"EntryPoint","urlTemplate":"https:\/\/iai.int\/en\/?s={search_term_string}"},"query-input":{"@type":"PropertyValueSpecification","valueRequired":true,"valueName":"search_term_string"}}],"inLanguage":"en-US"},{"@type":"Organization","@id":"https:\/\/iai.int\/en\/#organization","name":"IAI - Inter-American Institute for Global Change Research","url":"https:\/\/iai.int\/en\/","logo":{"@type":"ImageObject","inLanguage":"en-US","@id":"https:\/\/iai.int\/en\/#\/schema\/logo\/image\/","url":"https:\/\/iai.int\/wp-content\/uploads\/2025\/11\/IAI-logo-English-scaled.png","contentUrl":"https:\/\/iai.int\/wp-content\/uploads\/2025\/11\/IAI-logo-English-scaled.png","width":2560,"height":985,"caption":"IAI - Inter-American Institute for Global Change Research"},"image":{"@id":"https:\/\/iai.int\/en\/#\/schema\/logo\/image\/"}}]}},"uagb_featured_image_src":{"full":false,"thumbnail":false,"medium":false,"medium_large":false,"large":false,"1536x1536":false,"2048x2048":false},"uagb_author_info":{"display_name":"admin","author_link":"https:\/\/iai.int\/en\/author\/admin\/"},"uagb_comment_info":0,"uagb_excerpt":"1 Binational North American Monsoon Region including the Sonoran desert of Mexico and the United States \u2013 Map courtesy NASA&#13; 2 Hurricane Henriette flooding \u2013 courtesy CBS news&#13; 3 Agriculture consumes 70% \u2013 90% of water in the region Project information Principal investigator: Christopher Scott (PI)\u00a0(cascott@email.arizona.edu)The University of Arizona \u2013 Udall Center for Studies in&hellip;","_links":{"self":[{"href":"https:\/\/iai.int\/en\/wp-json\/wp\/v2\/pages\/1665","targetHints":{"allow":["GET"]}}],"collection":[{"href":"https:\/\/iai.int\/en\/wp-json\/wp\/v2\/pages"}],"about":[{"href":"https:\/\/iai.int\/en\/wp-json\/wp\/v2\/types\/page"}],"author":[{"embeddable":true,"href":"https:\/\/iai.int\/en\/wp-json\/wp\/v2\/users\/1"}],"replies":[{"embeddable":true,"href":"https:\/\/iai.int\/en\/wp-json\/wp\/v2\/comments?post=1665"}],"version-history":[{"count":2,"href":"https:\/\/iai.int\/en\/wp-json\/wp\/v2\/pages\/1665\/revisions"}],"predecessor-version":[{"id":6386,"href":"https:\/\/iai.int\/en\/wp-json\/wp\/v2\/pages\/1665\/revisions\/6386"}],"wp:attachment":[{"href":"https:\/\/iai.int\/en\/wp-json\/wp\/v2\/media?parent=1665"}],"curies":[{"name":"wp","href":"https:\/\/api.w.org\/{rel}","templated":true}]}}