{"id":1647,"date":"2024-09-22T14:07:20","date_gmt":"2024-09-22T19:07:20","guid":{"rendered":"https:\/\/iai.int\/sg-11\/"},"modified":"2026-03-12T11:53:31","modified_gmt":"2026-03-12T16:53:31","slug":"sg-11","status":"publish","type":"page","link":"https:\/\/iai.int\/en\/sg-11\/","title":{"rendered":"SG-11: Towards the development of an integrated digital platform of FAIR data in the climate &#8211; environment &#8211; health nexus in the South American region"},"content":{"rendered":"\n<h3 class=\"wp-block-heading\">PROJECT INFORMATION<\/h3>\n\n\n\n<p><strong>Towards the development of an integrated digital platform of FAIR data in the climate &#8211; environment &#8211; health nexus in the South American region: Case study in Argentina<\/strong><\/p>\n\n\n\n<p><strong>Principal investigator (PI):<\/strong><\/p>\n\n\n\n<p><em>Mar\u00eda Gabriela Lozano,<\/em> Fundaci\u00f3n Interamericana del Coraz\u00f3n, Buenos Aires, Argentina&nbsp;<\/p>\n\n\n\n<p>E-mail: <a href=\"mailto:gabriela.lozano@ficargentina.org\">gabriela.lozano@ficargentina.org<\/a><\/p>\n\n\n\n<p>Phone: +59 11 4 048 63 15<\/p>\n\n\n\n<p><strong>Duration &amp; funding:<\/strong><\/p>\n\n\n\n<p>(September 2023\u20132024) USD 59,930<\/p>\n\n\n\n<p><strong>Co-funding offered<\/strong><\/p>\n\n\n\n<p>USD 20,800<\/p>\n\n\n\n<p><strong>Participating countries:&nbsp;<\/strong><\/p>\n\n\n\n<p>Argentina, Brazil, Chile, and Uruguay<\/p>\n\n\n\n<p><\/p>\n\n\n\n<h2 class=\"wp-block-heading\">EXECUTIVE SUMMARY<\/h2>\n\n\n\n<p>In South American countries, various climate, environment and health information is collected. This information is fragmented at various time scales. It is not always easily located, accessible, interoperable, and usable to address the problems of the climate-environment-health (CAS) nexus at different territorial scales. This deepens gaps between data providers and users, science, and public policy. This proposal aims to design a digital platform that makes FAIR (findable, accessible, interoperable, and reusable) data available in the CAS nexus from the transdisciplinary co-production of indicators. in Argentina. 5 phases were established to develop the proposal, based on forming transdisciplinary groups aimed at different problem areas (gestational health, chronic non-communicable diseases, occupational health, water security, and food systems). The work is initially framed in Argentina as a case, but it is expected to be later extended to a regional level. In all phases, the active participation of key actors and potential users (in the first instance, decision-makers) will be promoted. With the future implementation of the platform, it is expected to promote interoperability and the reuse of data flows to provide feedback to an integrated surveillance and monitoring system in the climate, environment, and regional health nexus that serves decision-making based on the evidence.<\/p>\n\n\n\n<div style=\"height:44px\" aria-hidden=\"true\" class=\"wp-block-spacer\"><\/div>\n","protected":false},"excerpt":{"rendered":"<p>PROJECT INFORMATION Towards the development of an integrated digital platform of FAIR data in the climate &#8211; environment &#8211; health nexus in the South American region: Case study in Argentina Principal investigator (PI): Mar\u00eda Gabriela Lozano, Fundaci\u00f3n Interamericana del Coraz\u00f3n, Buenos Aires, Argentina&nbsp; E-mail: gabriela.lozano@ficargentina.org Phone: +59 11 4 048 63 15 Duration &amp; funding: [&hellip;]<\/p>\n","protected":false},"author":1,"featured_media":11530,"parent":0,"menu_order":0,"comment_status":"closed","ping_status":"closed","template":"","meta":{"_acf_changed":false,"_uag_custom_page_level_css":"","footnotes":""},"class_list":["post-1647","page","type-page","status-publish","has-post-thumbnail","hentry"],"acf":[],"yoast_head":"<!-- This site is optimized with the Yoast SEO plugin v27.3 - https:\/\/yoast.com\/product\/yoast-seo-wordpress\/ -->\n<title>SG-11: Towards the development of an integrated digital platform of FAIR data in the climate - environment - health nexus in the South American region - IAI - Inter-American Institute for Global Change Research<\/title>\n<meta name=\"robots\" content=\"index, follow, max-snippet:-1, max-image-preview:large, max-video-preview:-1\" \/>\n<link rel=\"canonical\" href=\"https:\/\/iai.int\/en\/sg-11\/\" \/>\n<meta property=\"og:locale\" content=\"en_US\" \/>\n<meta property=\"og:type\" content=\"article\" \/>\n<meta property=\"og:title\" content=\"SG-11: Towards the development of an integrated digital platform of FAIR data in the climate - environment - health nexus in the South American region - IAI - Inter-American Institute for Global Change Research\" \/>\n<meta property=\"og:description\" content=\"PROJECT INFORMATION Towards the development of an integrated digital platform of FAIR data in the climate &#8211; environment &#8211; health nexus in the South American region: Case study in Argentina Principal investigator (PI): Mar\u00eda Gabriela Lozano, Fundaci\u00f3n Interamericana del Coraz\u00f3n, Buenos Aires, Argentina&nbsp; E-mail: gabriela.lozano@ficargentina.org Phone: +59 11 4 048 63 15 Duration &amp; funding: [&hellip;]\" \/>\n<meta property=\"og:url\" content=\"https:\/\/iai.int\/en\/sg-11\/\" \/>\n<meta property=\"og:site_name\" content=\"IAI - Inter-American Institute for Global Change Research\" \/>\n<meta property=\"article:modified_time\" content=\"2026-03-12T16:53:31+00:00\" \/>\n<meta property=\"og:image\" content=\"https:\/\/iai.int\/wp-content\/uploads\/2025\/11\/sgp-9.png\" \/>\n\t<meta property=\"og:image:width\" content=\"1772\" \/>\n\t<meta property=\"og:image:height\" content=\"551\" \/>\n\t<meta property=\"og:image:type\" content=\"image\/png\" \/>\n<meta name=\"twitter:card\" content=\"summary_large_image\" \/>\n<meta name=\"twitter:label1\" content=\"Est. reading time\" \/>\n\t<meta name=\"twitter:data1\" content=\"1 minute\" \/>\n<script type=\"application\/ld+json\" class=\"yoast-schema-graph\">{\"@context\":\"https:\\\/\\\/schema.org\",\"@graph\":[{\"@type\":\"WebPage\",\"@id\":\"https:\\\/\\\/iai.int\\\/en\\\/sg-11\\\/\",\"url\":\"https:\\\/\\\/iai.int\\\/en\\\/sg-11\\\/\",\"name\":\"SG-11: Towards the development of an integrated digital platform of FAIR data in the climate - environment - health nexus in the South American region - IAI - Inter-American Institute for Global Change Research\",\"isPartOf\":{\"@id\":\"https:\\\/\\\/iai.int\\\/en\\\/#website\"},\"primaryImageOfPage\":{\"@id\":\"https:\\\/\\\/iai.int\\\/en\\\/sg-11\\\/#primaryimage\"},\"image\":{\"@id\":\"https:\\\/\\\/iai.int\\\/en\\\/sg-11\\\/#primaryimage\"},\"thumbnailUrl\":\"https:\\\/\\\/iai.int\\\/wp-content\\\/uploads\\\/2025\\\/11\\\/sgp-9.png\",\"datePublished\":\"2024-09-22T19:07:20+00:00\",\"dateModified\":\"2026-03-12T16:53:31+00:00\",\"breadcrumb\":{\"@id\":\"https:\\\/\\\/iai.int\\\/en\\\/sg-11\\\/#breadcrumb\"},\"inLanguage\":\"en-US\",\"potentialAction\":[{\"@type\":\"ReadAction\",\"target\":[\"https:\\\/\\\/iai.int\\\/en\\\/sg-11\\\/\"]}]},{\"@type\":\"ImageObject\",\"inLanguage\":\"en-US\",\"@id\":\"https:\\\/\\\/iai.int\\\/en\\\/sg-11\\\/#primaryimage\",\"url\":\"https:\\\/\\\/iai.int\\\/wp-content\\\/uploads\\\/2025\\\/11\\\/sgp-9.png\",\"contentUrl\":\"https:\\\/\\\/iai.int\\\/wp-content\\\/uploads\\\/2025\\\/11\\\/sgp-9.png\",\"width\":1772,\"height\":551},{\"@type\":\"BreadcrumbList\",\"@id\":\"https:\\\/\\\/iai.int\\\/en\\\/sg-11\\\/#breadcrumb\",\"itemListElement\":[{\"@type\":\"ListItem\",\"position\":1,\"name\":\"Portada\",\"item\":\"https:\\\/\\\/iai.int\\\/en\\\/\"},{\"@type\":\"ListItem\",\"position\":2,\"name\":\"SG-11: Towards the development of an integrated digital platform of FAIR data in the climate &#8211; environment &#8211; health nexus in the South American region\"}]},{\"@type\":\"WebSite\",\"@id\":\"https:\\\/\\\/iai.int\\\/en\\\/#website\",\"url\":\"https:\\\/\\\/iai.int\\\/en\\\/\",\"name\":\"IAI - Inter-American Institute for Global Change Research\",\"description\":\"\",\"publisher\":{\"@id\":\"https:\\\/\\\/iai.int\\\/en\\\/#organization\"},\"potentialAction\":[{\"@type\":\"SearchAction\",\"target\":{\"@type\":\"EntryPoint\",\"urlTemplate\":\"https:\\\/\\\/iai.int\\\/en\\\/?s={search_term_string}\"},\"query-input\":{\"@type\":\"PropertyValueSpecification\",\"valueRequired\":true,\"valueName\":\"search_term_string\"}}],\"inLanguage\":\"en-US\"},{\"@type\":\"Organization\",\"@id\":\"https:\\\/\\\/iai.int\\\/en\\\/#organization\",\"name\":\"IAI - Inter-American Institute for Global Change Research\",\"url\":\"https:\\\/\\\/iai.int\\\/en\\\/\",\"logo\":{\"@type\":\"ImageObject\",\"inLanguage\":\"en-US\",\"@id\":\"https:\\\/\\\/iai.int\\\/en\\\/#\\\/schema\\\/logo\\\/image\\\/\",\"url\":\"https:\\\/\\\/iai.int\\\/wp-content\\\/uploads\\\/2025\\\/11\\\/IAI-logo-English-scaled.png\",\"contentUrl\":\"https:\\\/\\\/iai.int\\\/wp-content\\\/uploads\\\/2025\\\/11\\\/IAI-logo-English-scaled.png\",\"width\":2560,\"height\":985,\"caption\":\"IAI - Inter-American Institute for Global Change Research\"},\"image\":{\"@id\":\"https:\\\/\\\/iai.int\\\/en\\\/#\\\/schema\\\/logo\\\/image\\\/\"}}]}<\/script>\n<!-- \/ Yoast SEO plugin. -->","yoast_head_json":{"title":"SG-11: Towards the development of an integrated digital platform of FAIR data in the climate - environment - health nexus in the South American region - IAI - Inter-American Institute for Global Change Research","robots":{"index":"index","follow":"follow","max-snippet":"max-snippet:-1","max-image-preview":"max-image-preview:large","max-video-preview":"max-video-preview:-1"},"canonical":"https:\/\/iai.int\/en\/sg-11\/","og_locale":"en_US","og_type":"article","og_title":"SG-11: Towards the development of an integrated digital platform of FAIR data in the climate - environment - health nexus in the South American region - IAI - Inter-American Institute for Global Change Research","og_description":"PROJECT INFORMATION Towards the development of an integrated digital platform of FAIR data in the climate &#8211; environment &#8211; health nexus in the South American region: Case study in Argentina Principal investigator (PI): Mar\u00eda Gabriela Lozano, Fundaci\u00f3n Interamericana del Coraz\u00f3n, Buenos Aires, Argentina&nbsp; E-mail: gabriela.lozano@ficargentina.org Phone: +59 11 4 048 63 15 Duration &amp; funding: [&hellip;]","og_url":"https:\/\/iai.int\/en\/sg-11\/","og_site_name":"IAI - Inter-American Institute for Global Change Research","article_modified_time":"2026-03-12T16:53:31+00:00","og_image":[{"width":1772,"height":551,"url":"https:\/\/iai.int\/wp-content\/uploads\/2025\/11\/sgp-9.png","type":"image\/png"}],"twitter_card":"summary_large_image","twitter_misc":{"Est. reading time":"1 minute"},"schema":{"@context":"https:\/\/schema.org","@graph":[{"@type":"WebPage","@id":"https:\/\/iai.int\/en\/sg-11\/","url":"https:\/\/iai.int\/en\/sg-11\/","name":"SG-11: Towards the development of an integrated digital platform of FAIR data in the climate - environment - health nexus in the South American region - IAI - Inter-American Institute for Global Change Research","isPartOf":{"@id":"https:\/\/iai.int\/en\/#website"},"primaryImageOfPage":{"@id":"https:\/\/iai.int\/en\/sg-11\/#primaryimage"},"image":{"@id":"https:\/\/iai.int\/en\/sg-11\/#primaryimage"},"thumbnailUrl":"https:\/\/iai.int\/wp-content\/uploads\/2025\/11\/sgp-9.png","datePublished":"2024-09-22T19:07:20+00:00","dateModified":"2026-03-12T16:53:31+00:00","breadcrumb":{"@id":"https:\/\/iai.int\/en\/sg-11\/#breadcrumb"},"inLanguage":"en-US","potentialAction":[{"@type":"ReadAction","target":["https:\/\/iai.int\/en\/sg-11\/"]}]},{"@type":"ImageObject","inLanguage":"en-US","@id":"https:\/\/iai.int\/en\/sg-11\/#primaryimage","url":"https:\/\/iai.int\/wp-content\/uploads\/2025\/11\/sgp-9.png","contentUrl":"https:\/\/iai.int\/wp-content\/uploads\/2025\/11\/sgp-9.png","width":1772,"height":551},{"@type":"BreadcrumbList","@id":"https:\/\/iai.int\/en\/sg-11\/#breadcrumb","itemListElement":[{"@type":"ListItem","position":1,"name":"Portada","item":"https:\/\/iai.int\/en\/"},{"@type":"ListItem","position":2,"name":"SG-11: Towards the development of an integrated digital platform of FAIR data in the climate &#8211; environment &#8211; health nexus in the South American region"}]},{"@type":"WebSite","@id":"https:\/\/iai.int\/en\/#website","url":"https:\/\/iai.int\/en\/","name":"IAI - Inter-American Institute for Global Change Research","description":"","publisher":{"@id":"https:\/\/iai.int\/en\/#organization"},"potentialAction":[{"@type":"SearchAction","target":{"@type":"EntryPoint","urlTemplate":"https:\/\/iai.int\/en\/?s={search_term_string}"},"query-input":{"@type":"PropertyValueSpecification","valueRequired":true,"valueName":"search_term_string"}}],"inLanguage":"en-US"},{"@type":"Organization","@id":"https:\/\/iai.int\/en\/#organization","name":"IAI - Inter-American Institute for Global Change Research","url":"https:\/\/iai.int\/en\/","logo":{"@type":"ImageObject","inLanguage":"en-US","@id":"https:\/\/iai.int\/en\/#\/schema\/logo\/image\/","url":"https:\/\/iai.int\/wp-content\/uploads\/2025\/11\/IAI-logo-English-scaled.png","contentUrl":"https:\/\/iai.int\/wp-content\/uploads\/2025\/11\/IAI-logo-English-scaled.png","width":2560,"height":985,"caption":"IAI - Inter-American Institute for Global Change Research"},"image":{"@id":"https:\/\/iai.int\/en\/#\/schema\/logo\/image\/"}}]}},"uagb_featured_image_src":{"full":["https:\/\/iai.int\/wp-content\/uploads\/2025\/11\/sgp-9.png",1772,551,false],"thumbnail":["https:\/\/iai.int\/wp-content\/uploads\/2025\/11\/sgp-9-150x150.png",150,150,true],"medium":["https:\/\/iai.int\/wp-content\/uploads\/2025\/11\/sgp-9-300x93.png",300,93,true],"medium_large":["https:\/\/iai.int\/wp-content\/uploads\/2025\/11\/sgp-9-768x239.png",768,239,true],"large":["https:\/\/iai.int\/wp-content\/uploads\/2025\/11\/sgp-9-1024x318.png",800,248,true],"1536x1536":["https:\/\/iai.int\/wp-content\/uploads\/2025\/11\/sgp-9-1536x478.png",1536,478,true],"2048x2048":["https:\/\/iai.int\/wp-content\/uploads\/2025\/11\/sgp-9.png",1772,551,false]},"uagb_author_info":{"display_name":"admin","author_link":"https:\/\/iai.int\/en\/author\/admin\/"},"uagb_comment_info":0,"uagb_excerpt":"PROJECT INFORMATION Towards the development of an integrated digital platform of FAIR data in the climate &#8211; environment &#8211; health nexus in the South American region: Case study in Argentina Principal investigator (PI): Mar\u00eda Gabriela Lozano, Fundaci\u00f3n Interamericana del Coraz\u00f3n, Buenos Aires, Argentina&nbsp; E-mail: gabriela.lozano@ficargentina.org Phone: +59 11 4 048 63 15 Duration &amp; funding:&hellip;","_links":{"self":[{"href":"https:\/\/iai.int\/en\/wp-json\/wp\/v2\/pages\/1647","targetHints":{"allow":["GET"]}}],"collection":[{"href":"https:\/\/iai.int\/en\/wp-json\/wp\/v2\/pages"}],"about":[{"href":"https:\/\/iai.int\/en\/wp-json\/wp\/v2\/types\/page"}],"author":[{"embeddable":true,"href":"https:\/\/iai.int\/en\/wp-json\/wp\/v2\/users\/1"}],"replies":[{"embeddable":true,"href":"https:\/\/iai.int\/en\/wp-json\/wp\/v2\/comments?post=1647"}],"version-history":[{"count":2,"href":"https:\/\/iai.int\/en\/wp-json\/wp\/v2\/pages\/1647\/revisions"}],"predecessor-version":[{"id":14624,"href":"https:\/\/iai.int\/en\/wp-json\/wp\/v2\/pages\/1647\/revisions\/14624"}],"wp:featuredmedia":[{"embeddable":true,"href":"https:\/\/iai.int\/en\/wp-json\/wp\/v2\/media\/11530"}],"wp:attachment":[{"href":"https:\/\/iai.int\/en\/wp-json\/wp\/v2\/media?parent=1647"}],"curies":[{"name":"wp","href":"https:\/\/api.w.org\/{rel}","templated":true}]}}