{"id":1641,"date":"2024-09-22T14:51:36","date_gmt":"2024-09-22T17:51:36","guid":{"rendered":"https:\/\/iai.int\/lucia-uso-del-suelo-clima-e-infecciones-en-la-amazonia-occidental-crn-3036\/"},"modified":"2025-07-30T15:06:31","modified_gmt":"2025-07-30T20:06:31","slug":"lucia-uso-del-suelo-clima-e-infecciones-en-la-amazonia-occidental-crn-3036","status":"publish","type":"page","link":"https:\/\/iai.int\/en\/lucia-uso-del-suelo-clima-e-infecciones-en-la-amazonia-occidental-crn-3036\/","title":{"rendered":"LUCIA: Land use, climate and infections in Western Amazonia (CRN 3036)"},"content":{"rendered":"\n<figure class=\"wp-block-image\"><img decoding=\"async\" src=\"https:\/\/iai.int\/admin\/site\/sites\/default\/files\/uploads\/2014\/03\/researchprojects_project1.jpg\" alt=\"researchprojects_project\" class=\"wp-image-6054\"\/><\/figure>\n\n<h3 class=\"wp-block-heading\">Project information<\/h3>\n\n<p><div class=\"one-third first\"><strong>Principal investigator:<\/strong><\/div><\/p>\n\n<p><em>Alisson F. Barbieri<\/em>\u00a0(<a href=\"mailto:barbieri@cedeplar.ufmg.br\">barbieri@cedeplar.ufmg.br<\/a>)<br\/>Universidade Federal de Minas Gerais (Brasil)<\/p>\n\n<p><div class=\"one-third first\"><strong>Duration &amp; amount:<\/strong><\/div><\/p>\n\n<p>Nov 2012\/ Oct 2017,USD 906,500<\/p>\n\n<p><div class=\"one-third first\"><strong>Participating countries:<\/strong><\/div><\/p>\n\n<p>Brasil, Ecuador, EE.UU., Per\u00fa<\/p>\n\n<p><div class=\"one-third first\"><strong>List of published papers:<\/strong><\/div><\/p>\n\n<p><a href=\"http:\/\/www.citeulike.org\/user\/IAI\/tag\/crn3036\" target=\"_blank\" rel=\"noreferrer noopener\">http:\/\/www.citeulike.org\/user\/IAI\/tag\/crn3036<\/a><\/p>\n\n<p><a href=\"https:\/\/iai.int\/es\/post\/detail\/crn-3036#resultados\">Results<\/a>\u00a0<a href=\"https:\/\/iai.int\/es\/post\/detail\/crn-3036#medios\">Outreach<\/a>\u00a0<a href=\"https:\/\/iai.int\/es\/post\/detail\/crn-3036#investigadores\">Investigators<\/a>\u00a0<a href=\"https:\/\/iai.int\/es\/post\/detail\/crn-3036#students\">Students<\/a>\u00a0<a href=\"https:\/\/iai.int\/es\/post\/detail\/crn-3036#summary\">Executive summary<\/a><\/p>\n\n<h3 class=\"wp-block-heading\">Policy brief: Environmental conditions affect human health in the Amazon forest<br\/><\/h3>\n\n<p>PDF in\u00a0<a href=\"https:\/\/iai.int\/admin\/site\/sites\/default\/files\/CRN3036_PB_SP.pdf\">Spanish<\/a>\u00a0and\u00a0<a href=\"https:\/\/iai.int\/admin\/site\/sites\/default\/files\/CRN3036_PB_EN.pdf\">English<\/a><br\/><br\/>\u00a0<\/p>\n\n<h3 class=\"wp-block-heading\" id=\"resultados\">Results<\/h3>\n\n<p><em>This is a summary of the most salient project results. For further information see the project website, project papers or contact the investigators directly.<\/em><\/p>\n\n<p>The project is in the data acquisition stage on ecological and social factors determining insect born disease incidence: in one Amazonian municipality, 180 household questionnaires on land use, socioeconomics and demography, history of environmental or health shocks, and the perceptions of a planned hydroelectric dam in the municipality; and data on all malaria cases were collected from the National Health Foundation office. This database is being integrated into a GIS and linked to a previous 2010 field survey. To provide ecological context, a refined high-resolution classification of land use is implemented using the spatial contexts of pixels, including tree shadows or water, instead of the pixel-by-pixel spectral classification on TM Landsat 5 imagery.<br\/><br\/><\/p>\n\n<p>In Peru, data on 313 households are being cleaned: anthropometric measurements on family members, attitudes, satisfaction, vulnerability and security, and hair-mercury levels. This is related to an original 1999 survey of 100 farms which through subdivision now include some 300 households.<br\/><br\/><\/p>\n\n<p>In Ecuador, 225 questionnaires of household heads and 178 of spouses were collected for the first time on tablets. It surveyed dengue and leishmaniasis risk, and established links to the ecology of leishmaniasis vectors. Mercury toxicity, emerging chronic disease and neurological assessments of children exposed to mercury were examined by a PhD student of criminal justice. Results from the US team on fish consumption and mercury exposure were provided to the Ministry of Health.<br\/><br\/><\/p>\n\n<h3 class=\"wp-block-heading\" id=\"medios\">Outreach<\/h3>\n\n<figure class=\"wp-block-embed\"><div class=\"wp-block-embed__wrapper\">\r\nhttps:\/\/www.npr.org\/player\/embed\/378842801\/378905689\r\n<\/div><\/figure><br>\n\n<figure class=\"wp-block-embed\"><div class=\"wp-block-embed__wrapper\">\r\nhttps:\/\/www.npr.org\/player\/embed\/401970884\/407868177\r\n<\/div><\/figure><br>\n\n<figure class=\"wp-block-image alignleft\"><a href=\"https:\/\/www.npr.org\/sections\/goatsandsoda\/2015\/01\/21\/378842801\/going-for-the-gold-sends-mercury-down-the-river\" target=\"_blank\" rel=\"noreferrer noopener\"><img decoding=\"async\" src=\"https:\/\/iai.int\/admin\/site\/sites\/default\/files\/uploads\/crn3036-gold-npr-peque.jpg\" alt=\"\" class=\"wp-image-28773\"\/><\/a><\/figure>\n\n<p><a class=\"alignleft\" href=\"https:\/\/www.npr.org\/sections\/goatsandsoda\/2015\/01\/21\/378842801\/going-for-the-gold-sends-mercury-down-the-river\" target=\"_blank\" rel=\"noopener\">Going for the gold sends mercury down the river, 21 January 2015, npr.org<\/a><\/p>\n\n<figure class=\"wp-block-image alignleft\"><a href=\"https:\/\/www.npr.org\/sections\/goatsandsoda\/2015\/05\/19\/401970884\/theyre-going-door-to-door-in-the-amazon-to-see-why-people-get-sick\" target=\"_blank\" rel=\"noreferrer noopener\"><img decoding=\"async\" src=\"https:\/\/iai.int\/admin\/site\/sites\/default\/files\/uploads\/peru-health-img_9305-1-4-56f87-peque.jpg\" alt=\"\" class=\"wp-image-28769\"\/><\/a><\/figure>\n\n<p><a class=\"alignleft external\" href=\"https:\/\/www.npr.org\/sections\/goatsandsoda\/2015\/05\/19\/401970884\/theyre-going-door-to-door-in-the-amazon-to-see-why-people-get-sick\" target=\"_blank\" rel=\"noopener\">They\u2019re going door to door in the Amazon to see why people get sick, 19 May 2015, npr.org<\/a><\/p>\n\n<figure class=\"wp-block-image alignleft\"><a href=\"https:\/\/www.nasa.gov\/feature\/goddard\/2017\/using-nasa-satellite-data-to-predict-malaria-outbreaks\" target=\"_blank\" rel=\"noreferrer noopener\"><img decoding=\"async\" src=\"https:\/\/iai.int\/admin\/site\/sites\/default\/files\/uploads\/crn3036-perurivermap-peque.jpg\" alt=\"\" class=\"wp-image-28751\"\/><\/a><\/figure>\n\n<p>Using NASA satellite data to predict malaria outbreaks, 13 September 2017, NASA<br\/><br\/><\/p>\n\n<p>https:\/\/www.youtube.com\/embed\/c6g2ILL&#8211;Rw?rel=0<br\/><strong>Using NASA satellite data to predict malaria outbreaks<\/strong><\/p>\n\n<p>https:\/\/www.youtube.com\/embed\/uG2WqDBaDG4?rel=0<br\/><strong>The study of chronic diseases in Peru. Jaime Miranda | TEDxTukuy (in Spanish)<\/strong><\/p>\n\n<h2 class=\"wp-block-heading\" id=\"investigadores\">Project investigators<\/h2>\n\n<p><em>Ulisses Confalonieri<\/em>\u00a0(<a href=\"mailto:pmags@ensp.fiocruz.br\">pmags@ensp.fiocruz.br<\/a>)<br\/>UFMG\/CEDEPLAR, Brasil<\/p>\n\n<p><em>Laura Rodriguez Wong<\/em>\u00a0(<a href=\"mailto:lwong@cedeplar.ufmg.br\">lwong@cedeplar.ufmg.br<\/a>)<br\/>UFMG\/CEDEPLAR, Brasil<\/p>\n\n<p><em>Gilvan Guedes<\/em>\u00a0(<a href=\"mailto:grguedes@cedeplar.ufmg.br\">grguedes@cedeplar.ufmg.br<\/a>)<br\/>UFMG\/CEDEPLAR, Brasil<\/p>\n\n<p><em>William Pan<\/em>\u00a0(<a href=\"mailto:william.pan@duke.edu\">william.pan@duke.edu<\/a>)<br\/>Duke University, EEUU<\/p>\n\n<p><em>Carlos Mena<\/em>\u00a0(<a href=\"mailto:cmena@usfg.edu.ec\">cmena@usfg.edu.ec<\/a>)<br\/>Universidad San Francisco de Quito, Ecuador<\/p>\n\n<p><em>Alejandro Llanos Cuenta<\/em>\u00a0(<a href=\"mailto:elmer.llanos@upch.pe\">elmer.llanos@upch.pe<\/a>)<br\/>Universidad Peruana Cayetano Heredia, Per\u00fa<\/p>\n\n<p><em>Jaime Miranda<\/em>\u00a0(<a href=\"mailto:Jaime.miranda@upch.pe\">Jaime.miranda@upch.pe<\/a>)<br\/>Universidad Peruana Cayetano Heredia, Per\u00fa<\/p>\n\n<p><em>Beth Feingold<\/em><br\/>Albany School of Public Health, EEUU.<\/p>\n\n<h3 class=\"wp-block-heading\" id=\"students\">Students<\/h3>\n\n<p><em>Ahlam Abuawad<\/em>, maestr\u00eda, University at Albany, EEUU<br\/><em>Ana Carolina Ferdandes Dias<\/em>, grado, Universidade Federal de Minas Gerais, Brasil<br\/><em>Andressa Lopes Rodrigues<\/em>, grado, Universidade Federal de Minas Gerais, Brasil<br\/><em>Angela Zhang<\/em>, grado, Duke University, EEUU<br\/><em>Anthony Saxton<\/em>, maestr\u00eda, Duke University, EEUU<br\/><em>Austin Peer<\/em>, grado, Duke University, EEUU<br\/><em>Axel Berky<\/em>, maestr\u00eda, Duke University, EEUU<br\/><em>Caren Weinhouse<\/em>, doctorado, Duke University, EEUU<br\/><em>Carmen Guzman<\/em>, maestr\u00eda, Universidad San Francisco de Quito, Ecuador<br\/><em>Carolina Sampedro<\/em>, maestr\u00eda, Universidad San Francisco de Quito, Ecuador<br\/><em>Celeste Butts<\/em>, doctorado, University at Albany, EEUU<br\/><em>Christina Chao<\/em>, maestr\u00eda, Duke University, EEUU<br\/><em>Diego Azanedo Vilchez<\/em>, grado, Universidad Cat\u00f3lica los \u00c1ngeles de Chimbote, Per\u00fa<br\/><em>Diego Fonseca<\/em>, maestr\u00eda, Universidade Federal de Minas Gerais, Brasil<br\/><em>Dominic Lucero<\/em>, maestr\u00eda, Duke University, EEUU<br\/><em>Eduardo Rogelio Fernandez<\/em>, doctorado, Universidade Federal de Minas Gerais, Brasil<br\/><em>Gabriel Henrique O. Assuncao<\/em>, grado, Universidade Federal de Minas Gerais, Brasil<br\/><em>Gabriela Guerra<\/em>, otros, Universidad San Francisco de Quito, Ecuador<br\/><em>Helena Fristak<\/em>, maestr\u00eda, University of Virginia, Brasil<br\/><em>Hugo Valdivia<\/em>, doctorado, Universidade Federal de Minas Gerais, Per\u00fa<br\/><em>Jaeok Kim<\/em>, doctorado, University at Albany, EEUU<br\/><em>Javiera Alarcon<\/em>, grado, Universidad San Francisco de Quito, Ecuador<br\/><em>Jessica Cain<\/em>, maestr\u00eda, Duke University, EEUU<br\/><em>Joao Pedro Samarino<\/em>, grado, Universidade Federal de Minas Gerais, Brasil<br\/><em>Jose Luis Aviles Escribens<\/em>, doctorado, Universidad Per\u00faana Cayetano Heredia, Per\u00fa<br\/><em>Joshua Latner<\/em>, grado, Duke University, EEUU<br\/><em>Julia Menezes<\/em>,doctorado, Fundacion Oswaldo Cruz, Brasil<br\/><em>Juliana Vasconcelos<\/em>, doctorado, Universidade Federal de Minas Gerais, Brasil<br\/><em>Justin Lana<\/em>, doctorado, Duke University, EEUU<br\/><em>Laia Mu\u00f1oz<\/em>, maestr\u00eda, Universidad San Francisco de Quito, Ecuador<br\/><em>Laura Rogers<\/em>, grado, Duke University, EEUU<br\/><em>Lauren Wyatt<\/em>, doctorado, Duke University, EEUU<br\/><em>Luz Rodriguez<\/em>, doctorado, Duke University, Colombia<br\/><em>Madison Krischak<\/em>, grado, Duke University, EEUU<br\/><em>Marcos Maguina<\/em>, maestr\u00eda, San Marcos University, Per\u00fa<br\/><em>Margot Neveaux<\/em>, grado, Duke University, EEUU<br\/><em>Mariana de Ara\u00fajo Cunha<\/em>, grado, Universidade Federal de Minas Gerais, Brasil<br\/><em>Michel B\u00e1rrios Lopez<\/em>, doctorado, Universidade Federal de Minas Gerais, Cuba<br\/><em>Pedro Cisalpino Pinheiro<\/em>, maestr\u00eda, Universidade Federal de Minas Gerais, Brasil<br\/><em>Pilar Carolina Ruiz<\/em>, doctorado, Universidade Federal de Minas Gerais, Brasil<br\/><em>Pooja Meeja<\/em>, grado, Duke University, EEUU<br\/><em>Priyanka Krishnan<\/em>, grado, Duke University, EEUU<br\/><em>Rafael Andr\u00e9s Urrego Posada<\/em>, doctorado, Universidade Federal de Minas Gerais, Colombia<br\/><em>Reinaldo Onofre dos Santos<\/em>, doctorado, Universidade Federal de Minas Gerais, Brasil<br\/><em>Roberto del Pozo<\/em>, maestr\u00eda, Universidad San Francisco de Quito, Ecuador<br\/><em>Saori Bazalar Palacios<\/em>, grado, Universidad Cat\u00f3lica los \u00c1ngeles de Chimbote, Per\u00fa<br\/><em>Sarah Diringer<\/em>, doctorado, Duke University, EEUU<br\/><em>Sarah Nuss<\/em>, grado, Duke University, EEUU<br\/><em>Sarah Thornburg<\/em>, grado, Duke University, EEUU<br\/><em>Tiago Lima do Nascimento<\/em>, doctorado, Universidade Federal de Minas Gerais, Brasil<br\/><em>Vanessa Ferreira<\/em>, maestr\u00eda, Universidade Federal de Minas Gerais, Brasil<br\/><em>Victoria Salinas<\/em>, doctorado, Universidade Federal de Minas Gerais, Brasil<br\/><em>Yesmit Pisfil Ramirez<\/em>, grado, Universidad Cat\u00f3lica los \u00c1ngeles de Chimbote, Per\u00fa.<\/p>\n\n<h3 class=\"wp-block-heading\" id=\"summary\">Executive summary<\/h3>\n\n<p>Land Use and Land Cover Changes (LULCC), and a changing climate have important impacts on the natural environment and the human population of the Amazon. Forest conversion in Amazonia influences the dynamics of endemic infectious diseases such as malaria, yellow fever and leishmaniasis. Local societies, considered as complex social-ecological systems, have inter-linkages between social, environmental and epidemiological phenomena which will be approached by using several multivariate and qualitative methods. Agent Based Modeling (ABM) will also be used to produce LULCC and vulnerability scenarios. ABMs are capable of representing feedback loops and critical thresholds at very low levels of social aggregation or scales and, in the process of modeling, the actions of agents and their effects will create a series of possible scenarios.<br\/><br\/><\/p>\n\n<p>Four field sites will be investigated in Western Amazonia, a rich biodiversity hotspot: Machadinho, in Rond\u00f4nia (Brazil); Madre de Dios and Loreto, in Peru; and Northern Ecuadorian Amazon. Inputs from multivariate and qualitative methods and ABMs will be used to develop an Index of Social Environmental and Health Vulnerability of the territories to the impacts of global environmental changes. An outreach strategy is proposed through workshops with local stakeholders and the design of appropriate materials for the dissemination of the results of the project.<br\/><br\/><\/p>\n","protected":false},"excerpt":{"rendered":"<p>Project information Principal investigator: Alisson F. Barbieri\u00a0(barbieri@cedeplar.ufmg.br)Universidade Federal de Minas Gerais (Brasil) Duration &amp; amount: Nov 2012\/ Oct 2017,USD 906,500 Participating countries: Brasil, Ecuador, EE.UU., Per\u00fa List of published papers: http:\/\/www.citeulike.org\/user\/IAI\/tag\/crn3036 Results\u00a0Outreach\u00a0Investigators\u00a0Students\u00a0Executive summary Policy brief: Environmental conditions affect human health in the Amazon forest PDF in\u00a0Spanish\u00a0and\u00a0English \u00a0 Results This is a summary of the most [&hellip;]<\/p>\n","protected":false},"author":1,"featured_media":0,"parent":0,"menu_order":0,"comment_status":"closed","ping_status":"closed","template":"","meta":{"_acf_changed":false,"_uag_custom_page_level_css":"","footnotes":""},"class_list":["post-1641","page","type-page","status-publish","hentry"],"acf":[],"yoast_head":"<!-- This site is optimized with the Yoast SEO plugin v27.3 - https:\/\/yoast.com\/product\/yoast-seo-wordpress\/ -->\n<title>LUCIA: Land use, climate and infections in Western Amazonia (CRN 3036) - IAI - Inter-American Institute for Global Change Research<\/title>\n<meta name=\"robots\" content=\"index, follow, max-snippet:-1, max-image-preview:large, max-video-preview:-1\" \/>\n<link rel=\"canonical\" href=\"https:\/\/iai.int\/en\/lucia-uso-del-suelo-clima-e-infecciones-en-la-amazonia-occidental-crn-3036\/\" \/>\n<meta property=\"og:locale\" content=\"en_US\" \/>\n<meta property=\"og:type\" content=\"article\" \/>\n<meta property=\"og:title\" content=\"LUCIA: Land use, climate and infections in Western Amazonia (CRN 3036) - IAI - Inter-American Institute for Global Change Research\" \/>\n<meta property=\"og:description\" content=\"Project information Principal investigator: Alisson F. Barbieri\u00a0(barbieri@cedeplar.ufmg.br)Universidade Federal de Minas Gerais (Brasil) Duration &amp; amount: Nov 2012\/ Oct 2017,USD 906,500 Participating countries: Brasil, Ecuador, EE.UU., Per\u00fa List of published papers: http:\/\/www.citeulike.org\/user\/IAI\/tag\/crn3036 Results\u00a0Outreach\u00a0Investigators\u00a0Students\u00a0Executive summary Policy brief: Environmental conditions affect human health in the Amazon forest PDF in\u00a0Spanish\u00a0and\u00a0English \u00a0 Results This is a summary of the most [&hellip;]\" \/>\n<meta property=\"og:url\" content=\"https:\/\/iai.int\/en\/lucia-uso-del-suelo-clima-e-infecciones-en-la-amazonia-occidental-crn-3036\/\" \/>\n<meta property=\"og:site_name\" content=\"IAI - Inter-American Institute for Global Change Research\" \/>\n<meta property=\"article:modified_time\" content=\"2025-07-30T20:06:31+00:00\" \/>\n<meta name=\"twitter:card\" content=\"summary_large_image\" \/>\n<meta name=\"twitter:label1\" content=\"Est. reading time\" \/>\n\t<meta name=\"twitter:data1\" content=\"5 minutes\" \/>\n<script type=\"application\/ld+json\" class=\"yoast-schema-graph\">{\"@context\":\"https:\\\/\\\/schema.org\",\"@graph\":[{\"@type\":\"WebPage\",\"@id\":\"https:\\\/\\\/iai.int\\\/en\\\/lucia-uso-del-suelo-clima-e-infecciones-en-la-amazonia-occidental-crn-3036\\\/\",\"url\":\"https:\\\/\\\/iai.int\\\/en\\\/lucia-uso-del-suelo-clima-e-infecciones-en-la-amazonia-occidental-crn-3036\\\/\",\"name\":\"LUCIA: Land use, climate and infections in Western Amazonia (CRN 3036) - IAI - Inter-American Institute for Global Change Research\",\"isPartOf\":{\"@id\":\"https:\\\/\\\/iai.int\\\/en\\\/#website\"},\"primaryImageOfPage\":{\"@id\":\"https:\\\/\\\/iai.int\\\/en\\\/lucia-uso-del-suelo-clima-e-infecciones-en-la-amazonia-occidental-crn-3036\\\/#primaryimage\"},\"image\":{\"@id\":\"https:\\\/\\\/iai.int\\\/en\\\/lucia-uso-del-suelo-clima-e-infecciones-en-la-amazonia-occidental-crn-3036\\\/#primaryimage\"},\"thumbnailUrl\":\"https:\\\/\\\/iai.int\\\/admin\\\/site\\\/sites\\\/default\\\/files\\\/uploads\\\/2014\\\/03\\\/researchprojects_project1.jpg\",\"datePublished\":\"2024-09-22T17:51:36+00:00\",\"dateModified\":\"2025-07-30T20:06:31+00:00\",\"breadcrumb\":{\"@id\":\"https:\\\/\\\/iai.int\\\/en\\\/lucia-uso-del-suelo-clima-e-infecciones-en-la-amazonia-occidental-crn-3036\\\/#breadcrumb\"},\"inLanguage\":\"en-US\",\"potentialAction\":[{\"@type\":\"ReadAction\",\"target\":[\"https:\\\/\\\/iai.int\\\/en\\\/lucia-uso-del-suelo-clima-e-infecciones-en-la-amazonia-occidental-crn-3036\\\/\"]}]},{\"@type\":\"ImageObject\",\"inLanguage\":\"en-US\",\"@id\":\"https:\\\/\\\/iai.int\\\/en\\\/lucia-uso-del-suelo-clima-e-infecciones-en-la-amazonia-occidental-crn-3036\\\/#primaryimage\",\"url\":\"https:\\\/\\\/iai.int\\\/admin\\\/site\\\/sites\\\/default\\\/files\\\/uploads\\\/2014\\\/03\\\/researchprojects_project1.jpg\",\"contentUrl\":\"https:\\\/\\\/iai.int\\\/admin\\\/site\\\/sites\\\/default\\\/files\\\/uploads\\\/2014\\\/03\\\/researchprojects_project1.jpg\"},{\"@type\":\"BreadcrumbList\",\"@id\":\"https:\\\/\\\/iai.int\\\/en\\\/lucia-uso-del-suelo-clima-e-infecciones-en-la-amazonia-occidental-crn-3036\\\/#breadcrumb\",\"itemListElement\":[{\"@type\":\"ListItem\",\"position\":1,\"name\":\"Portada\",\"item\":\"https:\\\/\\\/iai.int\\\/en\\\/\"},{\"@type\":\"ListItem\",\"position\":2,\"name\":\"LUCIA: Land use, climate and infections in Western Amazonia (CRN 3036)\"}]},{\"@type\":\"WebSite\",\"@id\":\"https:\\\/\\\/iai.int\\\/en\\\/#website\",\"url\":\"https:\\\/\\\/iai.int\\\/en\\\/\",\"name\":\"IAI - Inter-American Institute for Global Change Research\",\"description\":\"\",\"publisher\":{\"@id\":\"https:\\\/\\\/iai.int\\\/en\\\/#organization\"},\"potentialAction\":[{\"@type\":\"SearchAction\",\"target\":{\"@type\":\"EntryPoint\",\"urlTemplate\":\"https:\\\/\\\/iai.int\\\/en\\\/?s={search_term_string}\"},\"query-input\":{\"@type\":\"PropertyValueSpecification\",\"valueRequired\":true,\"valueName\":\"search_term_string\"}}],\"inLanguage\":\"en-US\"},{\"@type\":\"Organization\",\"@id\":\"https:\\\/\\\/iai.int\\\/en\\\/#organization\",\"name\":\"IAI - Inter-American Institute for Global Change Research\",\"url\":\"https:\\\/\\\/iai.int\\\/en\\\/\",\"logo\":{\"@type\":\"ImageObject\",\"inLanguage\":\"en-US\",\"@id\":\"https:\\\/\\\/iai.int\\\/en\\\/#\\\/schema\\\/logo\\\/image\\\/\",\"url\":\"https:\\\/\\\/iai.int\\\/wp-content\\\/uploads\\\/2025\\\/11\\\/IAI-logo-English-scaled.png\",\"contentUrl\":\"https:\\\/\\\/iai.int\\\/wp-content\\\/uploads\\\/2025\\\/11\\\/IAI-logo-English-scaled.png\",\"width\":2560,\"height\":985,\"caption\":\"IAI - Inter-American Institute for Global Change Research\"},\"image\":{\"@id\":\"https:\\\/\\\/iai.int\\\/en\\\/#\\\/schema\\\/logo\\\/image\\\/\"}}]}<\/script>\n<!-- \/ Yoast SEO plugin. -->","yoast_head_json":{"title":"LUCIA: Land use, climate and infections in Western Amazonia (CRN 3036) - IAI - Inter-American Institute for Global Change Research","robots":{"index":"index","follow":"follow","max-snippet":"max-snippet:-1","max-image-preview":"max-image-preview:large","max-video-preview":"max-video-preview:-1"},"canonical":"https:\/\/iai.int\/en\/lucia-uso-del-suelo-clima-e-infecciones-en-la-amazonia-occidental-crn-3036\/","og_locale":"en_US","og_type":"article","og_title":"LUCIA: Land use, climate and infections in Western Amazonia (CRN 3036) - IAI - Inter-American Institute for Global Change Research","og_description":"Project information Principal investigator: Alisson F. Barbieri\u00a0(barbieri@cedeplar.ufmg.br)Universidade Federal de Minas Gerais (Brasil) Duration &amp; amount: Nov 2012\/ Oct 2017,USD 906,500 Participating countries: Brasil, Ecuador, EE.UU., Per\u00fa List of published papers: http:\/\/www.citeulike.org\/user\/IAI\/tag\/crn3036 Results\u00a0Outreach\u00a0Investigators\u00a0Students\u00a0Executive summary Policy brief: Environmental conditions affect human health in the Amazon forest PDF in\u00a0Spanish\u00a0and\u00a0English \u00a0 Results This is a summary of the most [&hellip;]","og_url":"https:\/\/iai.int\/en\/lucia-uso-del-suelo-clima-e-infecciones-en-la-amazonia-occidental-crn-3036\/","og_site_name":"IAI - Inter-American Institute for Global Change Research","article_modified_time":"2025-07-30T20:06:31+00:00","twitter_card":"summary_large_image","twitter_misc":{"Est. reading time":"5 minutes"},"schema":{"@context":"https:\/\/schema.org","@graph":[{"@type":"WebPage","@id":"https:\/\/iai.int\/en\/lucia-uso-del-suelo-clima-e-infecciones-en-la-amazonia-occidental-crn-3036\/","url":"https:\/\/iai.int\/en\/lucia-uso-del-suelo-clima-e-infecciones-en-la-amazonia-occidental-crn-3036\/","name":"LUCIA: Land use, climate and infections in Western Amazonia (CRN 3036) - IAI - Inter-American Institute for Global Change Research","isPartOf":{"@id":"https:\/\/iai.int\/en\/#website"},"primaryImageOfPage":{"@id":"https:\/\/iai.int\/en\/lucia-uso-del-suelo-clima-e-infecciones-en-la-amazonia-occidental-crn-3036\/#primaryimage"},"image":{"@id":"https:\/\/iai.int\/en\/lucia-uso-del-suelo-clima-e-infecciones-en-la-amazonia-occidental-crn-3036\/#primaryimage"},"thumbnailUrl":"https:\/\/iai.int\/admin\/site\/sites\/default\/files\/uploads\/2014\/03\/researchprojects_project1.jpg","datePublished":"2024-09-22T17:51:36+00:00","dateModified":"2025-07-30T20:06:31+00:00","breadcrumb":{"@id":"https:\/\/iai.int\/en\/lucia-uso-del-suelo-clima-e-infecciones-en-la-amazonia-occidental-crn-3036\/#breadcrumb"},"inLanguage":"en-US","potentialAction":[{"@type":"ReadAction","target":["https:\/\/iai.int\/en\/lucia-uso-del-suelo-clima-e-infecciones-en-la-amazonia-occidental-crn-3036\/"]}]},{"@type":"ImageObject","inLanguage":"en-US","@id":"https:\/\/iai.int\/en\/lucia-uso-del-suelo-clima-e-infecciones-en-la-amazonia-occidental-crn-3036\/#primaryimage","url":"https:\/\/iai.int\/admin\/site\/sites\/default\/files\/uploads\/2014\/03\/researchprojects_project1.jpg","contentUrl":"https:\/\/iai.int\/admin\/site\/sites\/default\/files\/uploads\/2014\/03\/researchprojects_project1.jpg"},{"@type":"BreadcrumbList","@id":"https:\/\/iai.int\/en\/lucia-uso-del-suelo-clima-e-infecciones-en-la-amazonia-occidental-crn-3036\/#breadcrumb","itemListElement":[{"@type":"ListItem","position":1,"name":"Portada","item":"https:\/\/iai.int\/en\/"},{"@type":"ListItem","position":2,"name":"LUCIA: Land use, climate and infections in Western Amazonia (CRN 3036)"}]},{"@type":"WebSite","@id":"https:\/\/iai.int\/en\/#website","url":"https:\/\/iai.int\/en\/","name":"IAI - Inter-American Institute for Global Change Research","description":"","publisher":{"@id":"https:\/\/iai.int\/en\/#organization"},"potentialAction":[{"@type":"SearchAction","target":{"@type":"EntryPoint","urlTemplate":"https:\/\/iai.int\/en\/?s={search_term_string}"},"query-input":{"@type":"PropertyValueSpecification","valueRequired":true,"valueName":"search_term_string"}}],"inLanguage":"en-US"},{"@type":"Organization","@id":"https:\/\/iai.int\/en\/#organization","name":"IAI - Inter-American Institute for Global Change Research","url":"https:\/\/iai.int\/en\/","logo":{"@type":"ImageObject","inLanguage":"en-US","@id":"https:\/\/iai.int\/en\/#\/schema\/logo\/image\/","url":"https:\/\/iai.int\/wp-content\/uploads\/2025\/11\/IAI-logo-English-scaled.png","contentUrl":"https:\/\/iai.int\/wp-content\/uploads\/2025\/11\/IAI-logo-English-scaled.png","width":2560,"height":985,"caption":"IAI - Inter-American Institute for Global Change Research"},"image":{"@id":"https:\/\/iai.int\/en\/#\/schema\/logo\/image\/"}}]}},"uagb_featured_image_src":{"full":false,"thumbnail":false,"medium":false,"medium_large":false,"large":false,"1536x1536":false,"2048x2048":false},"uagb_author_info":{"display_name":"admin","author_link":"https:\/\/iai.int\/en\/author\/admin\/"},"uagb_comment_info":0,"uagb_excerpt":"Project information Principal investigator: Alisson F. Barbieri\u00a0(barbieri@cedeplar.ufmg.br)Universidade Federal de Minas Gerais (Brasil) Duration &amp; amount: Nov 2012\/ Oct 2017,USD 906,500 Participating countries: Brasil, Ecuador, EE.UU., Per\u00fa List of published papers: http:\/\/www.citeulike.org\/user\/IAI\/tag\/crn3036 Results\u00a0Outreach\u00a0Investigators\u00a0Students\u00a0Executive summary Policy brief: Environmental conditions affect human health in the Amazon forest PDF in\u00a0Spanish\u00a0and\u00a0English \u00a0 Results This is a summary of the most&hellip;","_links":{"self":[{"href":"https:\/\/iai.int\/en\/wp-json\/wp\/v2\/pages\/1641","targetHints":{"allow":["GET"]}}],"collection":[{"href":"https:\/\/iai.int\/en\/wp-json\/wp\/v2\/pages"}],"about":[{"href":"https:\/\/iai.int\/en\/wp-json\/wp\/v2\/types\/page"}],"author":[{"embeddable":true,"href":"https:\/\/iai.int\/en\/wp-json\/wp\/v2\/users\/1"}],"replies":[{"embeddable":true,"href":"https:\/\/iai.int\/en\/wp-json\/wp\/v2\/comments?post=1641"}],"version-history":[{"count":2,"href":"https:\/\/iai.int\/en\/wp-json\/wp\/v2\/pages\/1641\/revisions"}],"predecessor-version":[{"id":6438,"href":"https:\/\/iai.int\/en\/wp-json\/wp\/v2\/pages\/1641\/revisions\/6438"}],"wp:attachment":[{"href":"https:\/\/iai.int\/en\/wp-json\/wp\/v2\/media?parent=1641"}],"curies":[{"name":"wp","href":"https:\/\/api.w.org\/{rel}","templated":true}]}}