{"id":1631,"date":"2024-09-22T17:14:50","date_gmt":"2024-09-22T20:14:50","guid":{"rendered":"https:\/\/iai.int\/desarrollo-de-habilidades-en-grupos-cientificos-interdisciplinarios-mediante-el-estudio-de-los-impactos-socioecologicos-de-la-generacion-de-bioenergia-en-las-americas-crn-3105\/"},"modified":"2025-07-29T22:25:00","modified_gmt":"2025-07-30T03:25:00","slug":"desarrollo-de-habilidades-en-grupos-cientificos-interdisciplinarios-mediante-el-estudio-de-los-impactos-socioecologicos-de-la-generacion-de-bioenergia-en-las-americas-crn-3105","status":"publish","type":"page","link":"https:\/\/iai.int\/en\/desarrollo-de-habilidades-en-grupos-cientificos-interdisciplinarios-mediante-el-estudio-de-los-impactos-socioecologicos-de-la-generacion-de-bioenergia-en-las-americas-crn-3105\/","title":{"rendered":"Desarrollo de habilidades en grupos cient\u00edficos interdisciplinarios mediante el estudio de los impactos socioecol\u00f3gicos de la generaci\u00f3n de bioenerg\u00eda en las Am\u00e9ricas (CRN 3105)"},"content":{"rendered":"\n<figure class=\"wp-block-image\"><img decoding=\"async\" src=\"https:\/\/iai.int\/admin\/site\/sites\/default\/files\/uploads\/2014\/03\/CRN3105.jpg\" alt=\"CRN3105\" class=\"wp-image-2790\"\/><\/figure>\n\n<h3 class=\"wp-block-heading\">Project information<\/h3>\n\n<p><div class=\"one-third first\"><strong>Principal investigator:<\/strong><\/div><\/p>\n\n<p><em>Kathleen E. Halvorsen<\/em>\u00a0(<a href=\"mailto:kehalvor@mtu.edu\">kehalvor@mtu.edu<\/a>)<br\/>Michigan Technological University, EE.UU.<\/p>\n\n<p><div class=\"one-third first\"><strong>Duration &amp; amount:<\/strong><\/div><\/p>\n\n<p>Feb 2014\/ Feb 2016, USD 199.986<\/p>\n\n<p><div class=\"one-third first\"><strong>Participating countries:<\/strong><\/div><\/p>\n\n<p>Argentina, Brazil, Canada, Mexico, Uruguay, USA<\/p>\n\n<p><div class=\"one-third first\"><strong>List of published papers:<\/strong><\/div><\/p>\n\n<p><a href=\"http:\/\/www.citeulike.org\/user\/IAI\/tag\/crn3105\" target=\"_blank\" rel=\"noreferrer noopener\">http:\/\/www.citeulike.org\/user\/IAI\/tag\/crn3105<\/a><\/p>\n\n<p><a href=\"https:\/\/iai.int\/es\/post\/detail\/desarrollo-de-habilidades-en-grupos-cientificos-interdisciplinarios-mediante-el-estudio-de-los-impactos-socioecologicos-de-la-generacion-de-bioenergia-en-las-americas-crn-3105#resultados\">Results<\/a>\u00a0<a href=\"https:\/\/iai.int\/es\/post\/detail\/desarrollo-de-habilidades-en-grupos-cientificos-interdisciplinarios-mediante-el-estudio-de-los-impactos-socioecologicos-de-la-generacion-de-bioenergia-en-las-americas-crn-3105#medios\">Outreach<\/a>\u00a0<a href=\"https:\/\/iai.int\/es\/post\/detail\/desarrollo-de-habilidades-en-grupos-cientificos-interdisciplinarios-mediante-el-estudio-de-los-impactos-socioecologicos-de-la-generacion-de-bioenergia-en-las-americas-crn-3105#investigadores\">Investigators<\/a>\u00a0<a href=\"https:\/\/iai.int\/es\/post\/detail\/desarrollo-de-habilidades-en-grupos-cientificos-interdisciplinarios-mediante-el-estudio-de-los-impactos-socioecologicos-de-la-generacion-de-bioenergia-en-las-americas-crn-3105#students\">Students<\/a>\u00a0<a href=\"https:\/\/iai.int\/es\/post\/detail\/desarrollo-de-habilidades-en-grupos-cientificos-interdisciplinarios-mediante-el-estudio-de-los-impactos-socioecologicos-de-la-generacion-de-bioenergia-en-las-americas-crn-3105#summary\">Executive summary<\/a><\/p>\n\n<h3 class=\"wp-block-heading\" id=\"resultados\">Results<\/h3>\n\n<p><em>This is a summary of the most salient project results. For further information see the project website, project papers or contact the investigators directly.<\/em><\/p>\n\n<p>The project uses a study of socio-ecological impacts of bioenergy development for building skills in interdisciplinary teamwork.<br\/><br\/><\/p>\n\n<p>In collaboration with an NSF PIRE team, they concluded 800 qualitative interviews and 1000 quantitative surveys on the impacts of bioenergy projects in Argentina, Brazil, Canada, Mexico, and the USA. Ecologists collected data on bioenergy impacts on birds and pollinators in Argentina, Brazil, and Mexico. The analysis is ongoing.<br\/><br\/><\/p>\n\n<p>Successes of the interdisciplinary teamwork were in<br\/>\u2013 knowledge generation: published one article, another under review, a third in prep.<br\/>\u2013 funding: developed a proposal that met and challenged funder criteria, developed subcontracts, and generated a student proposal for IAI Seed Grant<br\/>\u2013 team functioning: a large number of interactions and the retention of team members over 2 years, all from different disciplines of social, natural and engineering sciences: 10 scientist and 8 students, remained engaged and competent to listen\/read in English and Spanish and speak\/write in English or Spanish.<br\/>\u2013 public outreach: developed a free, live, online workshop on transdisciplinary, international scientific teamwork and proposal development.<\/p>\n\n<p>Further success metrics for policy and management outcomes, and data and product creation categories are being developed. The team building research aims to assist in policy improvements designed to increase sustainable energy benefits, while enhancing socioecological resilience, and minimizing negative impacts.<br\/><br\/><\/p>\n\n<h3 class=\"wp-block-heading\" id=\"medios\">Project Outreach<\/h3>\n\n<figure class=\"wp-block-image\"><img decoding=\"async\" src=\"https:\/\/iai.int\/admin\/site\/sites\/default\/files\/uploads\/2015\/08\/campo.jpg\" alt=\"campo\" class=\"wp-image-8376\"\/><\/figure>\n\n<p><a href=\"http:\/\/iai.int\/en\/post\/detail\/transdisciplinary-international-scientific-teamwork-and-proposal-development-workshop-on-global-environmental-issues\" target=\"_blank\" rel=\"noopener\">Transdisciplinary, International Scientific Teamwork and Proposal Development Workshop on Global Environmental Issues (click here to see workshop details)<\/a><\/p>\n\n<figure class=\"wp-block-embed is-type-rich is-provider-gestor-del-servicio wp-block-embed-gestor-del-servicio\"><div class=\"wp-block-embed__wrapper\">\r\nhttps:\/\/youtube.com\/watch?v=AIY2a9D7yiM%3F%26theme%3Ddark%26autohide%3D2%26modestbranding%3D1%26playlist%3D%21D_1%26showinfo%3D0%26rel%3D0%26iv_load_policy%3D3\r\n<\/div><\/figure><br>\n\n<p>Forest-related bioenergy is an important tool for rural economic development and climate change mitigation, but like all energy sources, there are tradeoffs. This video is a snapshot of our transdisciplinary, international scientific team\u2019s annual meeting to coordinate our research together studying the tradeoffs of bioenergy projects. Our NSF PIRE\/IAI CRN3 team includes NGO staff and social, natural, and engineering scientists from Brazil, Canada, Mexico, Uruguay, Argentina, and the United States. Ben Jaczszak and Allison Mills at MTU who are uncredited in the film per university policy \u2013 Ben was the videographer who shot the film and Allison is our MTU writer who helped develop ideas for the film and helped with editing.<br\/><br\/><\/p>\n\n<h3 class=\"wp-block-heading\" id=\"investigadores\">Project investigators<\/h3>\n\n<p><em>Amarella Eastmond<\/em>\u00a0(<a href=\"mailto:eastmondspencer.amarella@gmail.com\">eastmondspencer.amarella@gmail.com<\/a>)<br\/>Universidad Aut\u00f3noma de Yucat\u00e1n, M\u00e9xico<\/p>\n\n<p><em>Julian Licata<\/em>\u00a0(<a href=\"mailto:julianlicata@hotmail.com\">julianlicata@hotmail.com<\/a>)<br\/>Instituto Nacional de Tecnolog\u00eda Agropecuaria, Argentina<\/p>\n\n<p><em>Rodrigo Medeiros<\/em>\u00a0(<a href=\"mailto:rmedeiros@conservation.org\">rmedeiros@conservation.org<\/a>)<br\/>Conservation International, Brasil<\/p>\n\n<p><em>Valent\u00edn Picasso<\/em>\u00a0(<a href=\"mailto:vpicasso@gmail.com\">vpicasso@gmail.com<\/a>)<br\/>Universidad de la Rep\u00fablica, Uruguay<\/p>\n\n<p><em>Dana Wilson<\/em>\u00a0(<a href=\"mailto:dwilson@laurentian.ca\">dwilson@laurentian.ca<\/a>)<br\/>Laurentian University, Canad\u00e1.<\/p>\n\n<h3 class=\"wp-block-heading\" id=\"students\">Students<\/h3>\n\n<p><em>Amanda Frado<\/em>, maestr\u00eda, Laurentian University, Canad\u00e1.<br\/><em>Colin Phifer<\/em>, doctorado, Michigan Technological University, EEUU.<br\/><em>Erin Pischke<\/em>, doctorado, Michigan Technological University, EEUU.<br\/><em>German Mendez<\/em>, maestr\u00eda, Universidad Aut\u00f3noma de Yucat\u00e1n, M\u00e9xico.<br\/><em>Pablo Cavigliasso<\/em>, doctorado, INTA, Argentina.<br\/><em>Patricia Primo<\/em>, maestr\u00eda, Universidad de la Rep\u00fablica, Uruguay.<br\/><em>Ronesha Strozier<\/em>, maestr\u00eda, Michigan Technological University, EEUU.<br\/><em>Tamara Propato<\/em>, grado, Universidad de Buenos Aires, Argentina.<br\/><em>Tatiana Martins<\/em>, maestr\u00eda, Universidade Federal Rural do Rio de Janeiro, Brasil.<\/p>\n\n<h3 class=\"wp-block-heading\" id=\"summary\">Executive Summary<\/h3>\n\n<p>This project tests hypotheses with regard to the effectiveness of interdisciplinary (ID) science teamwork skill building strategies in changing scientists\u2019 beliefs about ID science teamwork, increasing their self-perceived ID science teamwork efficacy, and creating effective ID science teamwork to study global change problems.<br\/><br\/><\/p>\n\n<p>Our six-country ID scientific team will meet monthly via conference call, biannually in weeklong in-person meetings and through fieldwork rotating across our countries, and will conduct an ID scientific study of the socio-ecological impacts of bioenergy development within our home countries and across our six bioenergy cases. We will use qualitative interviews, pre- and post-meeting and project quantitative surveys, and assessment of project outputs to assess the impacts of our training and work together. Our findings will be disseminated to the international global change research community through peer reviewed journal articles in English and Spanish, our publicly available short course, and our multi-lingual webpage.<br\/><br\/><\/p>\n","protected":false},"excerpt":{"rendered":"<p>Project information Principal investigator: Kathleen E. Halvorsen\u00a0(kehalvor@mtu.edu)Michigan Technological University, EE.UU. Duration &amp; amount: Feb 2014\/ Feb 2016, USD 199.986 Participating countries: Argentina, Brazil, Canada, Mexico, Uruguay, USA List of published papers: http:\/\/www.citeulike.org\/user\/IAI\/tag\/crn3105 Results\u00a0Outreach\u00a0Investigators\u00a0Students\u00a0Executive summary Results This is a summary of the most salient project results. For further information see the project website, project papers or [&hellip;]<\/p>\n","protected":false},"author":1,"featured_media":0,"parent":0,"menu_order":0,"comment_status":"closed","ping_status":"closed","template":"","meta":{"_acf_changed":false,"_uag_custom_page_level_css":"","footnotes":""},"class_list":["post-1631","page","type-page","status-publish","hentry"],"acf":[],"yoast_head":"<!-- This site is optimized with the Yoast SEO plugin v27.3 - https:\/\/yoast.com\/product\/yoast-seo-wordpress\/ -->\n<title>Desarrollo de habilidades en grupos cient\u00edficos interdisciplinarios mediante el estudio de los impactos socioecol\u00f3gicos de la generaci\u00f3n de bioenerg\u00eda en las Am\u00e9ricas (CRN 3105) - IAI - Inter-American Institute for Global Change Research<\/title>\n<meta name=\"robots\" content=\"index, follow, max-snippet:-1, max-image-preview:large, max-video-preview:-1\" \/>\n<link rel=\"canonical\" href=\"https:\/\/iai.int\/en\/desarrollo-de-habilidades-en-grupos-cientificos-interdisciplinarios-mediante-el-estudio-de-los-impactos-socioecologicos-de-la-generacion-de-bioenergia-en-las-americas-crn-3105\/\" \/>\n<meta property=\"og:locale\" content=\"en_US\" \/>\n<meta property=\"og:type\" content=\"article\" \/>\n<meta property=\"og:title\" content=\"Desarrollo de habilidades en grupos cient\u00edficos interdisciplinarios mediante el estudio de los impactos socioecol\u00f3gicos de la generaci\u00f3n de bioenerg\u00eda en las Am\u00e9ricas (CRN 3105) - IAI - Inter-American Institute for Global Change Research\" \/>\n<meta property=\"og:description\" content=\"Project information Principal investigator: Kathleen E. Halvorsen\u00a0(kehalvor@mtu.edu)Michigan Technological University, EE.UU. Duration &amp; amount: Feb 2014\/ Feb 2016, USD 199.986 Participating countries: Argentina, Brazil, Canada, Mexico, Uruguay, USA List of published papers: http:\/\/www.citeulike.org\/user\/IAI\/tag\/crn3105 Results\u00a0Outreach\u00a0Investigators\u00a0Students\u00a0Executive summary Results This is a summary of the most salient project results. For further information see the project website, project papers or [&hellip;]\" \/>\n<meta property=\"og:url\" content=\"https:\/\/iai.int\/en\/desarrollo-de-habilidades-en-grupos-cientificos-interdisciplinarios-mediante-el-estudio-de-los-impactos-socioecologicos-de-la-generacion-de-bioenergia-en-las-americas-crn-3105\/\" \/>\n<meta property=\"og:site_name\" content=\"IAI - Inter-American Institute for Global Change Research\" \/>\n<meta property=\"article:modified_time\" content=\"2025-07-30T03:25:00+00:00\" \/>\n<meta name=\"twitter:card\" content=\"summary_large_image\" \/>\n<meta name=\"twitter:label1\" content=\"Est. reading time\" \/>\n\t<meta name=\"twitter:data1\" content=\"4 minutes\" \/>\n<script type=\"application\/ld+json\" class=\"yoast-schema-graph\">{\"@context\":\"https:\\\/\\\/schema.org\",\"@graph\":[{\"@type\":\"WebPage\",\"@id\":\"https:\\\/\\\/iai.int\\\/en\\\/desarrollo-de-habilidades-en-grupos-cientificos-interdisciplinarios-mediante-el-estudio-de-los-impactos-socioecologicos-de-la-generacion-de-bioenergia-en-las-americas-crn-3105\\\/\",\"url\":\"https:\\\/\\\/iai.int\\\/en\\\/desarrollo-de-habilidades-en-grupos-cientificos-interdisciplinarios-mediante-el-estudio-de-los-impactos-socioecologicos-de-la-generacion-de-bioenergia-en-las-americas-crn-3105\\\/\",\"name\":\"Desarrollo de habilidades en grupos cient\u00edficos interdisciplinarios mediante el estudio de los impactos socioecol\u00f3gicos de la generaci\u00f3n de bioenerg\u00eda en las Am\u00e9ricas (CRN 3105) - IAI - Inter-American Institute for Global Change Research\",\"isPartOf\":{\"@id\":\"https:\\\/\\\/iai.int\\\/en\\\/#website\"},\"primaryImageOfPage\":{\"@id\":\"https:\\\/\\\/iai.int\\\/en\\\/desarrollo-de-habilidades-en-grupos-cientificos-interdisciplinarios-mediante-el-estudio-de-los-impactos-socioecologicos-de-la-generacion-de-bioenergia-en-las-americas-crn-3105\\\/#primaryimage\"},\"image\":{\"@id\":\"https:\\\/\\\/iai.int\\\/en\\\/desarrollo-de-habilidades-en-grupos-cientificos-interdisciplinarios-mediante-el-estudio-de-los-impactos-socioecologicos-de-la-generacion-de-bioenergia-en-las-americas-crn-3105\\\/#primaryimage\"},\"thumbnailUrl\":\"https:\\\/\\\/iai.int\\\/admin\\\/site\\\/sites\\\/default\\\/files\\\/uploads\\\/2014\\\/03\\\/CRN3105.jpg\",\"datePublished\":\"2024-09-22T20:14:50+00:00\",\"dateModified\":\"2025-07-30T03:25:00+00:00\",\"breadcrumb\":{\"@id\":\"https:\\\/\\\/iai.int\\\/en\\\/desarrollo-de-habilidades-en-grupos-cientificos-interdisciplinarios-mediante-el-estudio-de-los-impactos-socioecologicos-de-la-generacion-de-bioenergia-en-las-americas-crn-3105\\\/#breadcrumb\"},\"inLanguage\":\"en-US\",\"potentialAction\":[{\"@type\":\"ReadAction\",\"target\":[\"https:\\\/\\\/iai.int\\\/en\\\/desarrollo-de-habilidades-en-grupos-cientificos-interdisciplinarios-mediante-el-estudio-de-los-impactos-socioecologicos-de-la-generacion-de-bioenergia-en-las-americas-crn-3105\\\/\"]}]},{\"@type\":\"ImageObject\",\"inLanguage\":\"en-US\",\"@id\":\"https:\\\/\\\/iai.int\\\/en\\\/desarrollo-de-habilidades-en-grupos-cientificos-interdisciplinarios-mediante-el-estudio-de-los-impactos-socioecologicos-de-la-generacion-de-bioenergia-en-las-americas-crn-3105\\\/#primaryimage\",\"url\":\"https:\\\/\\\/iai.int\\\/admin\\\/site\\\/sites\\\/default\\\/files\\\/uploads\\\/2014\\\/03\\\/CRN3105.jpg\",\"contentUrl\":\"https:\\\/\\\/iai.int\\\/admin\\\/site\\\/sites\\\/default\\\/files\\\/uploads\\\/2014\\\/03\\\/CRN3105.jpg\"},{\"@type\":\"BreadcrumbList\",\"@id\":\"https:\\\/\\\/iai.int\\\/en\\\/desarrollo-de-habilidades-en-grupos-cientificos-interdisciplinarios-mediante-el-estudio-de-los-impactos-socioecologicos-de-la-generacion-de-bioenergia-en-las-americas-crn-3105\\\/#breadcrumb\",\"itemListElement\":[{\"@type\":\"ListItem\",\"position\":1,\"name\":\"Portada\",\"item\":\"https:\\\/\\\/iai.int\\\/en\\\/\"},{\"@type\":\"ListItem\",\"position\":2,\"name\":\"Desarrollo de habilidades en grupos cient\u00edficos interdisciplinarios mediante el estudio de los impactos socioecol\u00f3gicos de la generaci\u00f3n de bioenerg\u00eda en las Am\u00e9ricas (CRN 3105)\"}]},{\"@type\":\"WebSite\",\"@id\":\"https:\\\/\\\/iai.int\\\/en\\\/#website\",\"url\":\"https:\\\/\\\/iai.int\\\/en\\\/\",\"name\":\"IAI - Inter-American Institute for Global Change Research\",\"description\":\"\",\"publisher\":{\"@id\":\"https:\\\/\\\/iai.int\\\/en\\\/#organization\"},\"potentialAction\":[{\"@type\":\"SearchAction\",\"target\":{\"@type\":\"EntryPoint\",\"urlTemplate\":\"https:\\\/\\\/iai.int\\\/en\\\/?s={search_term_string}\"},\"query-input\":{\"@type\":\"PropertyValueSpecification\",\"valueRequired\":true,\"valueName\":\"search_term_string\"}}],\"inLanguage\":\"en-US\"},{\"@type\":\"Organization\",\"@id\":\"https:\\\/\\\/iai.int\\\/en\\\/#organization\",\"name\":\"IAI - Inter-American Institute for Global Change Research\",\"url\":\"https:\\\/\\\/iai.int\\\/en\\\/\",\"logo\":{\"@type\":\"ImageObject\",\"inLanguage\":\"en-US\",\"@id\":\"https:\\\/\\\/iai.int\\\/en\\\/#\\\/schema\\\/logo\\\/image\\\/\",\"url\":\"https:\\\/\\\/iai.int\\\/wp-content\\\/uploads\\\/2025\\\/11\\\/IAI-logo-English-scaled.png\",\"contentUrl\":\"https:\\\/\\\/iai.int\\\/wp-content\\\/uploads\\\/2025\\\/11\\\/IAI-logo-English-scaled.png\",\"width\":2560,\"height\":985,\"caption\":\"IAI - Inter-American Institute for Global Change Research\"},\"image\":{\"@id\":\"https:\\\/\\\/iai.int\\\/en\\\/#\\\/schema\\\/logo\\\/image\\\/\"}}]}<\/script>\n<!-- \/ Yoast SEO plugin. -->","yoast_head_json":{"title":"Desarrollo de habilidades en grupos cient\u00edficos interdisciplinarios mediante el estudio de los impactos socioecol\u00f3gicos de la generaci\u00f3n de bioenerg\u00eda en las Am\u00e9ricas (CRN 3105) - IAI - Inter-American Institute for Global Change Research","robots":{"index":"index","follow":"follow","max-snippet":"max-snippet:-1","max-image-preview":"max-image-preview:large","max-video-preview":"max-video-preview:-1"},"canonical":"https:\/\/iai.int\/en\/desarrollo-de-habilidades-en-grupos-cientificos-interdisciplinarios-mediante-el-estudio-de-los-impactos-socioecologicos-de-la-generacion-de-bioenergia-en-las-americas-crn-3105\/","og_locale":"en_US","og_type":"article","og_title":"Desarrollo de habilidades en grupos cient\u00edficos interdisciplinarios mediante el estudio de los impactos socioecol\u00f3gicos de la generaci\u00f3n de bioenerg\u00eda en las Am\u00e9ricas (CRN 3105) - IAI - Inter-American Institute for Global Change Research","og_description":"Project information Principal investigator: Kathleen E. Halvorsen\u00a0(kehalvor@mtu.edu)Michigan Technological University, EE.UU. Duration &amp; amount: Feb 2014\/ Feb 2016, USD 199.986 Participating countries: Argentina, Brazil, Canada, Mexico, Uruguay, USA List of published papers: http:\/\/www.citeulike.org\/user\/IAI\/tag\/crn3105 Results\u00a0Outreach\u00a0Investigators\u00a0Students\u00a0Executive summary Results This is a summary of the most salient project results. For further information see the project website, project papers or [&hellip;]","og_url":"https:\/\/iai.int\/en\/desarrollo-de-habilidades-en-grupos-cientificos-interdisciplinarios-mediante-el-estudio-de-los-impactos-socioecologicos-de-la-generacion-de-bioenergia-en-las-americas-crn-3105\/","og_site_name":"IAI - Inter-American Institute for Global Change Research","article_modified_time":"2025-07-30T03:25:00+00:00","twitter_card":"summary_large_image","twitter_misc":{"Est. reading time":"4 minutes"},"schema":{"@context":"https:\/\/schema.org","@graph":[{"@type":"WebPage","@id":"https:\/\/iai.int\/en\/desarrollo-de-habilidades-en-grupos-cientificos-interdisciplinarios-mediante-el-estudio-de-los-impactos-socioecologicos-de-la-generacion-de-bioenergia-en-las-americas-crn-3105\/","url":"https:\/\/iai.int\/en\/desarrollo-de-habilidades-en-grupos-cientificos-interdisciplinarios-mediante-el-estudio-de-los-impactos-socioecologicos-de-la-generacion-de-bioenergia-en-las-americas-crn-3105\/","name":"Desarrollo de habilidades en grupos cient\u00edficos interdisciplinarios mediante el estudio de los impactos socioecol\u00f3gicos de la generaci\u00f3n de bioenerg\u00eda en las Am\u00e9ricas (CRN 3105) - IAI - Inter-American Institute for Global Change Research","isPartOf":{"@id":"https:\/\/iai.int\/en\/#website"},"primaryImageOfPage":{"@id":"https:\/\/iai.int\/en\/desarrollo-de-habilidades-en-grupos-cientificos-interdisciplinarios-mediante-el-estudio-de-los-impactos-socioecologicos-de-la-generacion-de-bioenergia-en-las-americas-crn-3105\/#primaryimage"},"image":{"@id":"https:\/\/iai.int\/en\/desarrollo-de-habilidades-en-grupos-cientificos-interdisciplinarios-mediante-el-estudio-de-los-impactos-socioecologicos-de-la-generacion-de-bioenergia-en-las-americas-crn-3105\/#primaryimage"},"thumbnailUrl":"https:\/\/iai.int\/admin\/site\/sites\/default\/files\/uploads\/2014\/03\/CRN3105.jpg","datePublished":"2024-09-22T20:14:50+00:00","dateModified":"2025-07-30T03:25:00+00:00","breadcrumb":{"@id":"https:\/\/iai.int\/en\/desarrollo-de-habilidades-en-grupos-cientificos-interdisciplinarios-mediante-el-estudio-de-los-impactos-socioecologicos-de-la-generacion-de-bioenergia-en-las-americas-crn-3105\/#breadcrumb"},"inLanguage":"en-US","potentialAction":[{"@type":"ReadAction","target":["https:\/\/iai.int\/en\/desarrollo-de-habilidades-en-grupos-cientificos-interdisciplinarios-mediante-el-estudio-de-los-impactos-socioecologicos-de-la-generacion-de-bioenergia-en-las-americas-crn-3105\/"]}]},{"@type":"ImageObject","inLanguage":"en-US","@id":"https:\/\/iai.int\/en\/desarrollo-de-habilidades-en-grupos-cientificos-interdisciplinarios-mediante-el-estudio-de-los-impactos-socioecologicos-de-la-generacion-de-bioenergia-en-las-americas-crn-3105\/#primaryimage","url":"https:\/\/iai.int\/admin\/site\/sites\/default\/files\/uploads\/2014\/03\/CRN3105.jpg","contentUrl":"https:\/\/iai.int\/admin\/site\/sites\/default\/files\/uploads\/2014\/03\/CRN3105.jpg"},{"@type":"BreadcrumbList","@id":"https:\/\/iai.int\/en\/desarrollo-de-habilidades-en-grupos-cientificos-interdisciplinarios-mediante-el-estudio-de-los-impactos-socioecologicos-de-la-generacion-de-bioenergia-en-las-americas-crn-3105\/#breadcrumb","itemListElement":[{"@type":"ListItem","position":1,"name":"Portada","item":"https:\/\/iai.int\/en\/"},{"@type":"ListItem","position":2,"name":"Desarrollo de habilidades en grupos cient\u00edficos interdisciplinarios mediante el estudio de los impactos socioecol\u00f3gicos de la generaci\u00f3n de bioenerg\u00eda en las Am\u00e9ricas (CRN 3105)"}]},{"@type":"WebSite","@id":"https:\/\/iai.int\/en\/#website","url":"https:\/\/iai.int\/en\/","name":"IAI - Inter-American Institute for Global Change Research","description":"","publisher":{"@id":"https:\/\/iai.int\/en\/#organization"},"potentialAction":[{"@type":"SearchAction","target":{"@type":"EntryPoint","urlTemplate":"https:\/\/iai.int\/en\/?s={search_term_string}"},"query-input":{"@type":"PropertyValueSpecification","valueRequired":true,"valueName":"search_term_string"}}],"inLanguage":"en-US"},{"@type":"Organization","@id":"https:\/\/iai.int\/en\/#organization","name":"IAI - Inter-American Institute for Global Change Research","url":"https:\/\/iai.int\/en\/","logo":{"@type":"ImageObject","inLanguage":"en-US","@id":"https:\/\/iai.int\/en\/#\/schema\/logo\/image\/","url":"https:\/\/iai.int\/wp-content\/uploads\/2025\/11\/IAI-logo-English-scaled.png","contentUrl":"https:\/\/iai.int\/wp-content\/uploads\/2025\/11\/IAI-logo-English-scaled.png","width":2560,"height":985,"caption":"IAI - Inter-American Institute for Global Change Research"},"image":{"@id":"https:\/\/iai.int\/en\/#\/schema\/logo\/image\/"}}]}},"uagb_featured_image_src":{"full":false,"thumbnail":false,"medium":false,"medium_large":false,"large":false,"1536x1536":false,"2048x2048":false},"uagb_author_info":{"display_name":"admin","author_link":"https:\/\/iai.int\/en\/author\/admin\/"},"uagb_comment_info":0,"uagb_excerpt":"Project information Principal investigator: Kathleen E. Halvorsen\u00a0(kehalvor@mtu.edu)Michigan Technological University, EE.UU. Duration &amp; amount: Feb 2014\/ Feb 2016, USD 199.986 Participating countries: Argentina, Brazil, Canada, Mexico, Uruguay, USA List of published papers: http:\/\/www.citeulike.org\/user\/IAI\/tag\/crn3105 Results\u00a0Outreach\u00a0Investigators\u00a0Students\u00a0Executive summary Results This is a summary of the most salient project results. For further information see the project website, project papers or&hellip;","_links":{"self":[{"href":"https:\/\/iai.int\/en\/wp-json\/wp\/v2\/pages\/1631","targetHints":{"allow":["GET"]}}],"collection":[{"href":"https:\/\/iai.int\/en\/wp-json\/wp\/v2\/pages"}],"about":[{"href":"https:\/\/iai.int\/en\/wp-json\/wp\/v2\/types\/page"}],"author":[{"embeddable":true,"href":"https:\/\/iai.int\/en\/wp-json\/wp\/v2\/users\/1"}],"replies":[{"embeddable":true,"href":"https:\/\/iai.int\/en\/wp-json\/wp\/v2\/comments?post=1631"}],"version-history":[{"count":2,"href":"https:\/\/iai.int\/en\/wp-json\/wp\/v2\/pages\/1631\/revisions"}],"predecessor-version":[{"id":6358,"href":"https:\/\/iai.int\/en\/wp-json\/wp\/v2\/pages\/1631\/revisions\/6358"}],"wp:attachment":[{"href":"https:\/\/iai.int\/en\/wp-json\/wp\/v2\/media?parent=1631"}],"curies":[{"name":"wp","href":"https:\/\/api.w.org\/{rel}","templated":true}]}}