{"id":1630,"date":"2024-09-22T17:16:44","date_gmt":"2024-09-22T20:16:44","guid":{"rendered":"https:\/\/iai.int\/transferencia-de-conocimientos-climaticos-en-la-interfaz-ciencia-politica-para-la-adaptacion-a-las-sequias-en-uruguay-crn-3106\/"},"modified":"2024-09-22T17:16:44","modified_gmt":"2024-09-22T20:16:44","slug":"transferencia-de-conocimientos-climaticos-en-la-interfaz-ciencia-politica-para-la-adaptacion-a-las-sequias-en-uruguay-crn-3106","status":"publish","type":"page","link":"https:\/\/iai.int\/en\/transferencia-de-conocimientos-climaticos-en-la-interfaz-ciencia-politica-para-la-adaptacion-a-las-sequias-en-uruguay-crn-3106\/","title":{"rendered":"Transferencia de conocimientos clim\u00e1ticos en la interfaz ciencia-pol\u00edtica para la adaptaci\u00f3n a las sequ\u00edas en Uruguay (CRN 3106)"},"content":{"rendered":"\n<figure class=\"wp-block-image\"><img decoding=\"async\" src=\"https:\/\/iai.int\/admin\/site\/sites\/default\/files\/uploads\/2014\/03\/CRN3106.jpg\" alt=\"CRN3106\" class=\"wp-image-2771\"\/><\/figure>\n\n\n\n<h3 class=\"wp-block-heading\">Informaci\u00f3n de proyecto<\/h3>\n\n\n\n<p><strong>Investigador principal:<\/strong><\/p>\n\n\n\n<p><em>Gabriela Cruz<\/em>&nbsp;(<a href=\"mailto:gcruzbrasesco@gmail.com\">gcruzbrasesco@gmail.com<\/a>)<br>Centro Interdisciplinario de Respuesta al Cambio y Variabilidad Clim\u00e1tica (CIRCVC), Espacio Interdisciplinario, Universidad de la Rep\u00fablica, Uruguay<\/p>\n\n\n\n<p><strong>Duraci\u00f3n y monto:<\/strong><\/p>\n\n\n\n<p>Feb 2014\/ Nov 2016, USD 162.000<\/p>\n\n\n\n<p><strong>Pa\u00edses participantes:<\/strong><\/p>\n\n\n\n<p>Argentina, Brasil, EE.UU., Uruguay<\/p>\n\n\n\n<p><strong>Papers publicados:<\/strong><\/p>\n\n\n\n<p><a href=\"http:\/\/www.citeulike.org\/user\/IAI\/tag\/crn3106\" target=\"_blank\" rel=\"noreferrer noopener\">http:\/\/www.citeulike.org\/user\/IAI\/tag\/crn3106<\/a><\/p>\n\n\n\n<p><br><br><a href=\"https:\/\/iai.int\/es\/post\/detail\/transferring-climate-knowledge-in-the-science-policy-interface-for-adaptation-to-drought-in-uruguay-crn-3106#resultados\">Resultados<\/a>&nbsp;<a href=\"https:\/\/iai.int\/es\/post\/detail\/transferring-climate-knowledge-in-the-science-policy-interface-for-adaptation-to-drought-in-uruguay-crn-3106#medios\">Extensi\u00f3n<\/a>&nbsp;<a href=\"https:\/\/iai.int\/es\/post\/detail\/transferring-climate-knowledge-in-the-science-policy-interface-for-adaptation-to-drought-in-uruguay-crn-3106#investigadores\">Investigadores<\/a>&nbsp;<a href=\"https:\/\/iai.int\/es\/post\/detail\/transferring-climate-knowledge-in-the-science-policy-interface-for-adaptation-to-drought-in-uruguay-crn-3106#estudiantes\">Estudiantes<\/a>&nbsp;<a href=\"https:\/\/iai.int\/es\/post\/detail\/transferring-climate-knowledge-in-the-science-policy-interface-for-adaptation-to-drought-in-uruguay-crn-3106#summary\">Resumen ejecutivo<\/a><\/p>\n\n\n\n<h3 class=\"wp-block-heading\" id=\"resultados\">Resultados<\/h3>\n\n\n\n<p><em>Se presenta una s\u00edntesis de los resultados m\u00e1s importantes del proyecto. Si desea m\u00e1s informaci\u00f3n, vea el sitio web del proyecto, sus papers o comun\u00edquese con los investigadores directamente.<\/em><\/p>\n\n\n\n<p>Los participantes del proyecto son estudiantes de postgrado: 2 en Agronom\u00eda, 1 Biolog\u00eda, 1 Antropolog\u00eda y 1 en Ciencias Pol\u00edticas; participan tambi\u00e9n representantes de instituciones meteorol\u00f3gicas y agron\u00f3micas de Uruguay dedicadas a la interfaz ciencia-pol\u00edtica y a la gesti\u00f3n de sequ\u00edas agr\u00edcolas. Los graduados en bi\u00f3log\u00eda y antropolog\u00eda est\u00e1n realizando un trabajo transversal, fuera de sus disciplinas. El proceso de transferencia fue dise\u00f1ado para permitir su flexibilidad, est\u00e1 abierto a nuevos participantes y es efectivo en la resoluci\u00f3n de conflictos hacua un compromiso constructivo.<\/p>\n\n\n\n<p>Principales resultados institucionales: Se digitaliz\u00f3 la informaci\u00f3n meteorol\u00f3gica para estima la evapotranspiraci\u00f3n potencial, y las series de tiempo resultantes est\u00e1n siendo sometidas a controles de calidad de acuerdo con los protocolos del Servicio Meterool\u00f3gico Nacional de Argentina. Estos datos estar\u00e1n disponibles al p\u00fablico y ser\u00e1n integrados con otros datos del servicio meteorol\u00f3gico. Para llevar a cabo esta colaboraci\u00f3n se implementaron los acuerdos institucionales necesarios.<\/p>\n\n\n\n<p>Se est\u00e1n obteniendo y analizando resultados de tendencias de evapotranspiraci\u00f3n en relaci\u00f3n con el aumento registrado en la precipitaci\u00f3n regional. Juntas, estas dos variables atmosf\u00e9ricas determinan la frecuencia de sequ\u00edas, as\u00ed como su duraci\u00f3n e intensidad.<\/p>\n\n\n\n<p>Es cr\u00edtica tambi\u00e9n la escala en la que se toman las decisiones. Las decisiones de los encargados de formular pol\u00edticas afectan a una gran cantidad de personas, mientras que los productores diariamente toman decisiones que afectan los recursos naturales a escala de fincas. Entender el funcionamiento de estos mecanismos y del papel de la ciencia en esta interacci\u00f3n son los temas de varias tesis.<\/p>\n\n\n\n<h3 class=\"wp-block-heading\" id=\"medios\">Divulgaci\u00f3n<\/h3>\n\n\n\n<figure class=\"wp-block-embed is-type-rich is-provider-gestor-del-servicio wp-block-embed-gestor-del-servicio wp-embed-aspect-16-9 wp-has-aspect-ratio\"><div class=\"wp-block-embed__wrapper\">\n<iframe title=\"Gabriela Cruz \/\/ Universidad de la Rep\u00fablica, Uruguay\" width=\"800\" height=\"450\" src=\"https:\/\/www.youtube.com\/embed\/MSRE7Rk7OeA?feature=oembed\" frameborder=\"0\" allow=\"accelerometer; autoplay; clipboard-write; encrypted-media; gyroscope; picture-in-picture; web-share\" referrerpolicy=\"strict-origin-when-cross-origin\" allowfullscreen><\/iframe>\n<\/div><\/figure>\n\n\n\n<p>Gabriela Cruz describe las problem\u00e1ticas que aborda el proyecto de investigaci\u00f3n CRN que dirige y su pertinencia para los Objetivos de Desarrollo Sostenible de la ONU.<\/p>\n\n\n\n<figure class=\"wp-block-image alignright\"><a href=\"http:\/\/iai.int\/?p=17093\" target=\"_blank\" rel=\"noreferrer noopener\"><img decoding=\"async\" src=\"https:\/\/iai.int\/admin\/site\/sites\/default\/files\/uploads\/guideport_featured--300x200.jpg\" alt=\"MIOLO_Mudan\u008das_Clim\u0087ticas_Web.indd\" class=\"wp-image-17061\"\/><\/a><\/figure>\n\n\n\n<p><a href=\"http:\/\/iai.int\/es\/post\/detail\/how-to-communicate-climate-change\" target=\"_blank\" rel=\"noreferrer noopener\">\u00bfC\u00f3mo comunicar el cambio clim\u00e1tico?<\/a>&nbsp;La publicaci\u00f3n de la gu\u00eda de CRED (Universidad de Columbia)&nbsp;<em>The Psychology of Climate Change Communication<\/em>&nbsp;en portugu\u00e9s es el resultado del esfuerzo conjunto de este proyecto y otro sobre&nbsp;<a href=\"http:\/\/iai.int\/es\/meetings\/detail\/crn-3035\" target=\"_blank\" rel=\"noreferrer noopener\">servicios clim\u00e1ticos (CRN 3035)<\/a>.<\/p>\n\n\n\n<figure class=\"wp-block-image\"><img decoding=\"async\" src=\"https:\/\/iai.int\/admin\/site\/sites\/default\/files\/uploads\/tapa-2014-150x150.png\" alt=\"tapa-2014-150x150\" class=\"wp-image-15471\"\/><\/figure>\n\n\n\n<p><strong>Centro Interdisciplinario de Respuesta al Cambio y a la Variabilidad Clim\u00e1tica: v\u00ednculos ciencia-pol\u00edtica y ciencia-sociedad<\/strong>&nbsp;Para m\u00e1s informaci\u00f3n o para descargar el libro en pdf,&nbsp;<a href=\"http:\/\/iai.int\/es\/post\/detail\/centro-interdisciplinario-de-respuesta-al-cambio-y-la-variabilidad-clim%C3%A1tica-v%C3%ADnculos-ciencia\" target=\"_blank\" rel=\"noreferrer noopener\">entre aqu\u00ed<\/a><\/p>\n\n\n\n<h3 class=\"wp-block-heading\" id=\"investigadores\">Investigadores del proyecto<\/h3>\n\n\n\n<p><em>Gabriela Cruz<\/em>&nbsp;(<a href=\"mailto:gcruzbrasesco@gmail.com\">gcruzbrasesco@gmail.com<\/a>)<br>Centro Interdisciplinario de Respuesta al Cambio y Variabilidad Clim\u00e1tica (CIRCVC), Espacio Interdisciplinario, Universidad de la Rep\u00fablica, Uruguay<\/p>\n\n\n\n<p><em>Valent\u00edn Picasso<\/em>&nbsp;(<a href=\"mailto:vpicasso@gmail.com\">vpicasso@gmail.com<\/a>)<br>Universidad de la Rep\u00fablica, Uruguay<\/p>\n\n\n\n<p><em>Javier Taks<\/em><br>Universidad de la Rep\u00fablica, Uruguay<\/p>\n\n\n\n<p><em>Ignacio Lorenzo<\/em><br>Sistema Nacional de Respuesta al Cambio Clim\u00e1tico, Uruguay<\/p>\n\n\n\n<p><em>Hermes Morales<\/em><br>Instituto Plan Agropecuario, Uruguay<\/p>\n\n\n\n<p><em>Guillermo Podest\u00e1<\/em>&nbsp;(<a href=\"mailto:gpodesta@rsmas.miami.edu\">gpodesta@rsmas.miami.edu<\/a>)<br>University of Miami, USA<\/p>\n\n\n\n<p><em>Marta Vinocur<\/em><br>Universidad Nacional de R\u00edo Cuarto, Argentina<\/p>\n\n\n\n<p><em>Renzo Taddei<\/em><br>Universidade Federal de S\u00e3o Paulo, Brasil<\/p>\n\n\n\n<p><strong>Colaboradores<\/strong><\/p>\n\n\n\n<p><em>Bianca Vienni<\/em><br>Espacio Interdisciplinario \u2013 Universidad de la Rep\u00fablica, Uruguay.<\/p>\n\n\n\n<h3 class=\"wp-block-heading\" id=\"estudiantes\">Estudiantes<\/h3>\n\n\n\n<p><em>Claudia Sim\u00f3n<\/em>, maestr\u00eda, Universidad de la Rep\u00fablica, Uruguay.<br><em>Hugo Partucci<\/em>, maestr\u00eda, Universidad de Buenos Aires, Argentina.<br><em>Rossana Gonz\u00e1lez<\/em>, maestr\u00eda, Universidad de la Rep\u00fablica, Uruguay.<br><em>Sof\u00eda Alvari\u00f1o<\/em>, maestr\u00eda, Universidad de la Rep\u00fablica, Uruguay.<\/p>\n\n\n\n<h3 class=\"wp-block-heading\" id=\"summary\">Resumen Ejecutivo<\/h3>\n\n\n\n<p>En Uruguay, el aspecto pol\u00edtico de las cuestiones relacionadas con el cambio clim\u00e1tico tiene un alto grado de institucionalizaci\u00f3n, a trav\u00e9s del Sistema Nacional de Respuesta al Cambio Clim\u00e1tico (SNRCC), una red de organismos gubernamentales. Desde el sector acad\u00e9mico, el Centro Interdisciplinario de Respuesta al Cambio y Variabilidad Clim\u00e1tica (CIRCVC-UdelaR) genera informaci\u00f3n cient\u00edfica sobre el cambio clim\u00e1tico. Estos dos recursos convierten a Uruguay en un excelente caso de estudio de la interacci\u00f3n interdisciplinaria entre la ciencia y la pol\u00edtica. El objetivo de este proyecto es establecer una interacci\u00f3n directa en la interfaz ciencia-pol\u00edtica dirigida a fortalecer la adopci\u00f3n de conocimientos clim\u00e1ticos en la toma de decisiones en el \u00e1mbito de las pol\u00edticas p\u00fablicas.<\/p>\n\n\n\n<p>El proyecto est\u00e1 concebido como un aporte a la identificaci\u00f3n y superaci\u00f3n de barreras a la aplicaci\u00f3n de informaci\u00f3n clim\u00e1tica en una situaci\u00f3n agr\u00edcola espec\u00edfica en Uruguay: la adaptaci\u00f3n a las sequ\u00edas en agricultura. Un grupo estudiar\u00e1 la transferencia de conocimientos clim\u00e1ticos en la interfaz ciencia-pol\u00edtica mediante el an\u00e1lisis de las redes sociales con el fin de representar el derrotero del conocimiento clim\u00e1tico e identificar los \u201cnodos\u201d en los que se concentra, se interrumpe o debilita, y probar diferentes dise\u00f1os de redes para explicar el flujo de informaci\u00f3n. Mediante el registro del trabajo del primer grupo y la interacci\u00f3n con \u00e9l, un segundo grupo estudiar\u00e1 el proceso interdisciplinario del primer grupo. Ambos grupos en conjunto desarrollar\u00e1n los lineamientos metodol\u00f3gicos para el dise\u00f1o del trabajo interdisciplinario en el futuro. El principal resultado ser\u00e1 el establecimiento de un \u201cpuente \u201d entre el CIRCVC-UdelaR y las instituciones gubernamentales pertinentes (Ministerio de Agricultura y Ministerio de Vivienda, Ordenamiento Territorial y Medio Ambiente), fortaleciendo al CIRCVC como instituci\u00f3n de borde en el abordaje del proceso de toma de decisiones para la adaptaci\u00f3n al cambio clim\u00e1tico.<\/p>\n","protected":false},"excerpt":{"rendered":"<p>Informaci\u00f3n de proyecto Investigador principal: Gabriela Cruz&nbsp;(gcruzbrasesco@gmail.com)Centro Interdisciplinario de Respuesta al Cambio y Variabilidad Clim\u00e1tica (CIRCVC), Espacio Interdisciplinario, Universidad de la Rep\u00fablica, Uruguay Duraci\u00f3n y monto: Feb 2014\/ Nov 2016, USD 162.000 Pa\u00edses participantes: Argentina, Brasil, EE.UU., Uruguay Papers publicados: http:\/\/www.citeulike.org\/user\/IAI\/tag\/crn3106 Resultados&nbsp;Extensi\u00f3n&nbsp;Investigadores&nbsp;Estudiantes&nbsp;Resumen ejecutivo Resultados Se presenta una s\u00edntesis de los resultados m\u00e1s importantes del proyecto. [&hellip;]<\/p>\n","protected":false},"author":1,"featured_media":0,"parent":0,"menu_order":0,"comment_status":"closed","ping_status":"closed","template":"","meta":{"_acf_changed":false,"_uag_custom_page_level_css":"","footnotes":""},"class_list":["post-1630","page","type-page","status-publish","hentry"],"acf":[],"yoast_head":"<!-- This site is optimized with the Yoast SEO plugin v27.3 - https:\/\/yoast.com\/product\/yoast-seo-wordpress\/ -->\n<title>Transferencia de conocimientos clim\u00e1ticos en la interfaz ciencia-pol\u00edtica para la adaptaci\u00f3n a las sequ\u00edas en Uruguay (CRN 3106) - IAI - Inter-American Institute for Global Change Research<\/title>\n<meta name=\"robots\" content=\"index, follow, max-snippet:-1, max-image-preview:large, max-video-preview:-1\" \/>\n<link rel=\"canonical\" href=\"https:\/\/iai.int\/en\/transferencia-de-conocimientos-climaticos-en-la-interfaz-ciencia-politica-para-la-adaptacion-a-las-sequias-en-uruguay-crn-3106\/\" \/>\n<meta property=\"og:locale\" content=\"en_US\" \/>\n<meta property=\"og:type\" content=\"article\" \/>\n<meta property=\"og:title\" content=\"Transferencia de conocimientos clim\u00e1ticos en la interfaz ciencia-pol\u00edtica para la adaptaci\u00f3n a las sequ\u00edas en Uruguay (CRN 3106) - IAI - Inter-American Institute for Global Change Research\" \/>\n<meta property=\"og:description\" content=\"Informaci\u00f3n de proyecto Investigador principal: Gabriela Cruz&nbsp;(gcruzbrasesco@gmail.com)Centro Interdisciplinario de Respuesta al Cambio y Variabilidad Clim\u00e1tica (CIRCVC), Espacio Interdisciplinario, Universidad de la Rep\u00fablica, Uruguay Duraci\u00f3n y monto: Feb 2014\/ Nov 2016, USD 162.000 Pa\u00edses participantes: Argentina, Brasil, EE.UU., Uruguay Papers publicados: http:\/\/www.citeulike.org\/user\/IAI\/tag\/crn3106 Resultados&nbsp;Extensi\u00f3n&nbsp;Investigadores&nbsp;Estudiantes&nbsp;Resumen ejecutivo Resultados Se presenta una s\u00edntesis de los resultados m\u00e1s importantes del proyecto. [&hellip;]\" \/>\n<meta property=\"og:url\" content=\"https:\/\/iai.int\/en\/transferencia-de-conocimientos-climaticos-en-la-interfaz-ciencia-politica-para-la-adaptacion-a-las-sequias-en-uruguay-crn-3106\/\" \/>\n<meta property=\"og:site_name\" content=\"IAI - Inter-American Institute for Global Change Research\" \/>\n<meta name=\"twitter:card\" content=\"summary_large_image\" \/>\n<meta name=\"twitter:label1\" content=\"Est. reading time\" \/>\n\t<meta name=\"twitter:data1\" content=\"5 minutes\" \/>\n<script type=\"application\/ld+json\" class=\"yoast-schema-graph\">{\"@context\":\"https:\\\/\\\/schema.org\",\"@graph\":[{\"@type\":\"WebPage\",\"@id\":\"https:\\\/\\\/iai.int\\\/en\\\/transferencia-de-conocimientos-climaticos-en-la-interfaz-ciencia-politica-para-la-adaptacion-a-las-sequias-en-uruguay-crn-3106\\\/\",\"url\":\"https:\\\/\\\/iai.int\\\/en\\\/transferencia-de-conocimientos-climaticos-en-la-interfaz-ciencia-politica-para-la-adaptacion-a-las-sequias-en-uruguay-crn-3106\\\/\",\"name\":\"Transferencia de conocimientos clim\u00e1ticos en la interfaz ciencia-pol\u00edtica para la adaptaci\u00f3n a las sequ\u00edas en Uruguay (CRN 3106) - IAI - Inter-American Institute for Global Change Research\",\"isPartOf\":{\"@id\":\"https:\\\/\\\/iai.int\\\/en\\\/#website\"},\"primaryImageOfPage\":{\"@id\":\"https:\\\/\\\/iai.int\\\/en\\\/transferencia-de-conocimientos-climaticos-en-la-interfaz-ciencia-politica-para-la-adaptacion-a-las-sequias-en-uruguay-crn-3106\\\/#primaryimage\"},\"image\":{\"@id\":\"https:\\\/\\\/iai.int\\\/en\\\/transferencia-de-conocimientos-climaticos-en-la-interfaz-ciencia-politica-para-la-adaptacion-a-las-sequias-en-uruguay-crn-3106\\\/#primaryimage\"},\"thumbnailUrl\":\"https:\\\/\\\/iai.int\\\/admin\\\/site\\\/sites\\\/default\\\/files\\\/uploads\\\/2014\\\/03\\\/CRN3106.jpg\",\"datePublished\":\"2024-09-22T20:16:44+00:00\",\"breadcrumb\":{\"@id\":\"https:\\\/\\\/iai.int\\\/en\\\/transferencia-de-conocimientos-climaticos-en-la-interfaz-ciencia-politica-para-la-adaptacion-a-las-sequias-en-uruguay-crn-3106\\\/#breadcrumb\"},\"inLanguage\":\"en-US\",\"potentialAction\":[{\"@type\":\"ReadAction\",\"target\":[\"https:\\\/\\\/iai.int\\\/en\\\/transferencia-de-conocimientos-climaticos-en-la-interfaz-ciencia-politica-para-la-adaptacion-a-las-sequias-en-uruguay-crn-3106\\\/\"]}]},{\"@type\":\"ImageObject\",\"inLanguage\":\"en-US\",\"@id\":\"https:\\\/\\\/iai.int\\\/en\\\/transferencia-de-conocimientos-climaticos-en-la-interfaz-ciencia-politica-para-la-adaptacion-a-las-sequias-en-uruguay-crn-3106\\\/#primaryimage\",\"url\":\"https:\\\/\\\/iai.int\\\/admin\\\/site\\\/sites\\\/default\\\/files\\\/uploads\\\/2014\\\/03\\\/CRN3106.jpg\",\"contentUrl\":\"https:\\\/\\\/iai.int\\\/admin\\\/site\\\/sites\\\/default\\\/files\\\/uploads\\\/2014\\\/03\\\/CRN3106.jpg\"},{\"@type\":\"BreadcrumbList\",\"@id\":\"https:\\\/\\\/iai.int\\\/en\\\/transferencia-de-conocimientos-climaticos-en-la-interfaz-ciencia-politica-para-la-adaptacion-a-las-sequias-en-uruguay-crn-3106\\\/#breadcrumb\",\"itemListElement\":[{\"@type\":\"ListItem\",\"position\":1,\"name\":\"Portada\",\"item\":\"https:\\\/\\\/iai.int\\\/en\\\/\"},{\"@type\":\"ListItem\",\"position\":2,\"name\":\"Transferencia de conocimientos clim\u00e1ticos en la interfaz ciencia-pol\u00edtica para la adaptaci\u00f3n a las sequ\u00edas en Uruguay (CRN 3106)\"}]},{\"@type\":\"WebSite\",\"@id\":\"https:\\\/\\\/iai.int\\\/en\\\/#website\",\"url\":\"https:\\\/\\\/iai.int\\\/en\\\/\",\"name\":\"IAI - Inter-American Institute for Global Change Research\",\"description\":\"\",\"publisher\":{\"@id\":\"https:\\\/\\\/iai.int\\\/en\\\/#organization\"},\"potentialAction\":[{\"@type\":\"SearchAction\",\"target\":{\"@type\":\"EntryPoint\",\"urlTemplate\":\"https:\\\/\\\/iai.int\\\/en\\\/?s={search_term_string}\"},\"query-input\":{\"@type\":\"PropertyValueSpecification\",\"valueRequired\":true,\"valueName\":\"search_term_string\"}}],\"inLanguage\":\"en-US\"},{\"@type\":\"Organization\",\"@id\":\"https:\\\/\\\/iai.int\\\/en\\\/#organization\",\"name\":\"IAI - Inter-American Institute for Global Change Research\",\"url\":\"https:\\\/\\\/iai.int\\\/en\\\/\",\"logo\":{\"@type\":\"ImageObject\",\"inLanguage\":\"en-US\",\"@id\":\"https:\\\/\\\/iai.int\\\/en\\\/#\\\/schema\\\/logo\\\/image\\\/\",\"url\":\"https:\\\/\\\/iai.int\\\/wp-content\\\/uploads\\\/2025\\\/11\\\/IAI-logo-English-scaled.png\",\"contentUrl\":\"https:\\\/\\\/iai.int\\\/wp-content\\\/uploads\\\/2025\\\/11\\\/IAI-logo-English-scaled.png\",\"width\":2560,\"height\":985,\"caption\":\"IAI - Inter-American Institute for Global Change Research\"},\"image\":{\"@id\":\"https:\\\/\\\/iai.int\\\/en\\\/#\\\/schema\\\/logo\\\/image\\\/\"}}]}<\/script>\n<!-- \/ Yoast SEO plugin. -->","yoast_head_json":{"title":"Transferencia de conocimientos clim\u00e1ticos en la interfaz ciencia-pol\u00edtica para la adaptaci\u00f3n a las sequ\u00edas en Uruguay (CRN 3106) - IAI - Inter-American Institute for Global Change Research","robots":{"index":"index","follow":"follow","max-snippet":"max-snippet:-1","max-image-preview":"max-image-preview:large","max-video-preview":"max-video-preview:-1"},"canonical":"https:\/\/iai.int\/en\/transferencia-de-conocimientos-climaticos-en-la-interfaz-ciencia-politica-para-la-adaptacion-a-las-sequias-en-uruguay-crn-3106\/","og_locale":"en_US","og_type":"article","og_title":"Transferencia de conocimientos clim\u00e1ticos en la interfaz ciencia-pol\u00edtica para la adaptaci\u00f3n a las sequ\u00edas en Uruguay (CRN 3106) - IAI - Inter-American Institute for Global Change Research","og_description":"Informaci\u00f3n de proyecto Investigador principal: Gabriela Cruz&nbsp;(gcruzbrasesco@gmail.com)Centro Interdisciplinario de Respuesta al Cambio y Variabilidad Clim\u00e1tica (CIRCVC), Espacio Interdisciplinario, Universidad de la Rep\u00fablica, Uruguay Duraci\u00f3n y monto: Feb 2014\/ Nov 2016, USD 162.000 Pa\u00edses participantes: Argentina, Brasil, EE.UU., Uruguay Papers publicados: http:\/\/www.citeulike.org\/user\/IAI\/tag\/crn3106 Resultados&nbsp;Extensi\u00f3n&nbsp;Investigadores&nbsp;Estudiantes&nbsp;Resumen ejecutivo Resultados Se presenta una s\u00edntesis de los resultados m\u00e1s importantes del proyecto. [&hellip;]","og_url":"https:\/\/iai.int\/en\/transferencia-de-conocimientos-climaticos-en-la-interfaz-ciencia-politica-para-la-adaptacion-a-las-sequias-en-uruguay-crn-3106\/","og_site_name":"IAI - Inter-American Institute for Global Change Research","twitter_card":"summary_large_image","twitter_misc":{"Est. reading time":"5 minutes"},"schema":{"@context":"https:\/\/schema.org","@graph":[{"@type":"WebPage","@id":"https:\/\/iai.int\/en\/transferencia-de-conocimientos-climaticos-en-la-interfaz-ciencia-politica-para-la-adaptacion-a-las-sequias-en-uruguay-crn-3106\/","url":"https:\/\/iai.int\/en\/transferencia-de-conocimientos-climaticos-en-la-interfaz-ciencia-politica-para-la-adaptacion-a-las-sequias-en-uruguay-crn-3106\/","name":"Transferencia de conocimientos clim\u00e1ticos en la interfaz ciencia-pol\u00edtica para la adaptaci\u00f3n a las sequ\u00edas en Uruguay (CRN 3106) - IAI - Inter-American Institute for Global Change Research","isPartOf":{"@id":"https:\/\/iai.int\/en\/#website"},"primaryImageOfPage":{"@id":"https:\/\/iai.int\/en\/transferencia-de-conocimientos-climaticos-en-la-interfaz-ciencia-politica-para-la-adaptacion-a-las-sequias-en-uruguay-crn-3106\/#primaryimage"},"image":{"@id":"https:\/\/iai.int\/en\/transferencia-de-conocimientos-climaticos-en-la-interfaz-ciencia-politica-para-la-adaptacion-a-las-sequias-en-uruguay-crn-3106\/#primaryimage"},"thumbnailUrl":"https:\/\/iai.int\/admin\/site\/sites\/default\/files\/uploads\/2014\/03\/CRN3106.jpg","datePublished":"2024-09-22T20:16:44+00:00","breadcrumb":{"@id":"https:\/\/iai.int\/en\/transferencia-de-conocimientos-climaticos-en-la-interfaz-ciencia-politica-para-la-adaptacion-a-las-sequias-en-uruguay-crn-3106\/#breadcrumb"},"inLanguage":"en-US","potentialAction":[{"@type":"ReadAction","target":["https:\/\/iai.int\/en\/transferencia-de-conocimientos-climaticos-en-la-interfaz-ciencia-politica-para-la-adaptacion-a-las-sequias-en-uruguay-crn-3106\/"]}]},{"@type":"ImageObject","inLanguage":"en-US","@id":"https:\/\/iai.int\/en\/transferencia-de-conocimientos-climaticos-en-la-interfaz-ciencia-politica-para-la-adaptacion-a-las-sequias-en-uruguay-crn-3106\/#primaryimage","url":"https:\/\/iai.int\/admin\/site\/sites\/default\/files\/uploads\/2014\/03\/CRN3106.jpg","contentUrl":"https:\/\/iai.int\/admin\/site\/sites\/default\/files\/uploads\/2014\/03\/CRN3106.jpg"},{"@type":"BreadcrumbList","@id":"https:\/\/iai.int\/en\/transferencia-de-conocimientos-climaticos-en-la-interfaz-ciencia-politica-para-la-adaptacion-a-las-sequias-en-uruguay-crn-3106\/#breadcrumb","itemListElement":[{"@type":"ListItem","position":1,"name":"Portada","item":"https:\/\/iai.int\/en\/"},{"@type":"ListItem","position":2,"name":"Transferencia de conocimientos clim\u00e1ticos en la interfaz ciencia-pol\u00edtica para la adaptaci\u00f3n a las sequ\u00edas en Uruguay (CRN 3106)"}]},{"@type":"WebSite","@id":"https:\/\/iai.int\/en\/#website","url":"https:\/\/iai.int\/en\/","name":"IAI - Inter-American Institute for Global Change Research","description":"","publisher":{"@id":"https:\/\/iai.int\/en\/#organization"},"potentialAction":[{"@type":"SearchAction","target":{"@type":"EntryPoint","urlTemplate":"https:\/\/iai.int\/en\/?s={search_term_string}"},"query-input":{"@type":"PropertyValueSpecification","valueRequired":true,"valueName":"search_term_string"}}],"inLanguage":"en-US"},{"@type":"Organization","@id":"https:\/\/iai.int\/en\/#organization","name":"IAI - Inter-American Institute for Global Change Research","url":"https:\/\/iai.int\/en\/","logo":{"@type":"ImageObject","inLanguage":"en-US","@id":"https:\/\/iai.int\/en\/#\/schema\/logo\/image\/","url":"https:\/\/iai.int\/wp-content\/uploads\/2025\/11\/IAI-logo-English-scaled.png","contentUrl":"https:\/\/iai.int\/wp-content\/uploads\/2025\/11\/IAI-logo-English-scaled.png","width":2560,"height":985,"caption":"IAI - Inter-American Institute for Global Change Research"},"image":{"@id":"https:\/\/iai.int\/en\/#\/schema\/logo\/image\/"}}]}},"uagb_featured_image_src":{"full":false,"thumbnail":false,"medium":false,"medium_large":false,"large":false,"1536x1536":false,"2048x2048":false},"uagb_author_info":{"display_name":"admin","author_link":"https:\/\/iai.int\/en\/author\/admin\/"},"uagb_comment_info":0,"uagb_excerpt":"Informaci\u00f3n de proyecto Investigador principal: Gabriela Cruz&nbsp;(gcruzbrasesco@gmail.com)Centro Interdisciplinario de Respuesta al Cambio y Variabilidad Clim\u00e1tica (CIRCVC), Espacio Interdisciplinario, Universidad de la Rep\u00fablica, Uruguay Duraci\u00f3n y monto: Feb 2014\/ Nov 2016, USD 162.000 Pa\u00edses participantes: Argentina, Brasil, EE.UU., Uruguay Papers publicados: http:\/\/www.citeulike.org\/user\/IAI\/tag\/crn3106 Resultados&nbsp;Extensi\u00f3n&nbsp;Investigadores&nbsp;Estudiantes&nbsp;Resumen ejecutivo Resultados Se presenta una s\u00edntesis de los resultados m\u00e1s importantes del proyecto.&hellip;","_links":{"self":[{"href":"https:\/\/iai.int\/en\/wp-json\/wp\/v2\/pages\/1630","targetHints":{"allow":["GET"]}}],"collection":[{"href":"https:\/\/iai.int\/en\/wp-json\/wp\/v2\/pages"}],"about":[{"href":"https:\/\/iai.int\/en\/wp-json\/wp\/v2\/types\/page"}],"author":[{"embeddable":true,"href":"https:\/\/iai.int\/en\/wp-json\/wp\/v2\/users\/1"}],"replies":[{"embeddable":true,"href":"https:\/\/iai.int\/en\/wp-json\/wp\/v2\/comments?post=1630"}],"version-history":[{"count":0,"href":"https:\/\/iai.int\/en\/wp-json\/wp\/v2\/pages\/1630\/revisions"}],"wp:attachment":[{"href":"https:\/\/iai.int\/en\/wp-json\/wp\/v2\/media?parent=1630"}],"curies":[{"name":"wp","href":"https:\/\/api.w.org\/{rel}","templated":true}]}}