{"id":1628,"date":"2024-09-22T17:20:43","date_gmt":"2024-09-22T20:20:43","guid":{"rendered":"https:\/\/iai.int\/haciendo-frente-a-los-riesgos-hidrologicos-en-las-megaciudades-marco-de-planeamiento-cooperativo-para-el-area-metropolitana-de-la-ciudad-de-mexico-crn-3108\/"},"modified":"2025-07-30T14:06:21","modified_gmt":"2025-07-30T19:06:21","slug":"haciendo-frente-a-los-riesgos-hidrologicos-en-las-megaciudades-marco-de-planeamiento-cooperativo-para-el-area-metropolitana-de-la-ciudad-de-mexico-crn-3108","status":"publish","type":"page","link":"https:\/\/iai.int\/en\/haciendo-frente-a-los-riesgos-hidrologicos-en-las-megaciudades-marco-de-planeamiento-cooperativo-para-el-area-metropolitana-de-la-ciudad-de-mexico-crn-3108\/","title":{"rendered":"Coping with hydrological risk in megacities: Collaborative planning framework for the Mexico City Metropolitan Area (CRN 3108)"},"content":{"rendered":"\n<figure class=\"wp-block-image\"><img decoding=\"async\" src=\"https:\/\/iai.int\/admin\/site\/sites\/default\/files\/uploads\/Imagen4-300x170.jpg\" alt=\"Imagen4\" class=\"wp-image-12291\"\/><\/figure>\n\n<h3 class=\"wp-block-heading\">Project information<\/h3>\n\n<p><div class=\"one-third first\"><strong>Principal investigator:<\/strong><\/div><\/p>\n\n<p><em>Luis A. Boj\u00f3rquez Tapia<\/em>\u00a0(<a href=\"mailto:bojorquez@ecologia.unam.mx\">bojorquez@ecologia.unam.mx<\/a>)<br\/>Universidad Nacional Aut\u00f3noma de M\u00e9xico (M\u00e9xico)<\/p>\n\n<p><div class=\"one-third first\"><strong>Duration &amp; amount:<\/strong><\/div><\/p>\n\n<p>Feb 2014\/ Feb 2017, USD 180.000<\/p>\n\n<p><div class=\"one-third first\"><strong>Participating countries:<\/strong><\/div><\/p>\n\n<p>EE.UU., M\u00e9xico<\/p>\n\n<p><div class=\"one-third first\"><strong>List of published papers:<\/strong><\/div><\/p>\n\n<p><a href=\"http:\/\/www.citeulike.org\/user\/IAI\/tag\/crn3108\" target=\"_blank\" rel=\"noreferrer noopener\">http:\/\/www.citeulike.org\/user\/IAI\/tag\/crn3108<\/a><\/p>\n\n<p><a href=\"https:\/\/iai.int\/es\/post\/detail\/coping-with-hydrological-risk-in-megacities-collaborative-planning-framework-for-the-mexico-city-metropolitan-area-crn-3108#investigators\">Investigadores<\/a>\u00a0<a href=\"https:\/\/iai.int\/es\/post\/detail\/coping-with-hydrological-risk-in-megacities-collaborative-planning-framework-for-the-mexico-city-metropolitan-area-crn-3108#summary\">Executive summary<\/a>\u00a0<a href=\"https:\/\/iai.int\/es\/post\/detail\/coping-with-hydrological-risk-in-megacities-collaborative-planning-framework-for-the-mexico-city-metropolitan-area-crn-3108#fotos\">Photos<\/a><\/p>\n\n<h3 class=\"wp-block-heading\" id=\"investigadores\">Project investigators<\/h3>\n\n<p><em>Luis A. Boj\u00f3rquez Tapia<\/em>\u00a0(<a href=\"mailto:bojorquez@ecologia.unam.mx\">bojorquez@ecologia.unam.mx<\/a>)<br\/>Universidad Nacional Aut\u00f3noma de M\u00e9xico (M\u00e9xico)<\/p>\n\n<p><em>Victor Barradas-Miranda<\/em>\u00a0(<a href=\"mailto:vbarrada@ecologia.unam.mx\">vbarrada@ecologia.unam.mx<\/a>)<br\/>Universidad Aut\u00f3noma de M\u00e9xico, M\u00e9xico<\/p>\n\n<p><em>Mariana Benitez<\/em>\u00a0(<a href=\"mailto:mbenitez@iecologia.unam.mx\">mbenitez@iecologia.unam.mx<\/a>)<br\/>Laboratorio Nacional de Ciencias de la Sostenibilidad- UNAM, M\u00e9xico<\/p>\n\n<p><em>Eftychia D. Burnashou-Marcou<\/em>\u00a0(<a href=\"mailto:effi.bournazou@gmail.com\">effi.bournazou@gmail.com<\/a>)<br\/>Universidad Aut\u00f3noma de M\u00e9xico, M\u00e9xico<\/p>\n\n<p><em>Ana Escalante<\/em>\u00a0(<a href=\"mailto:anaelena@gmail.com\">anaelena@gmail.com<\/a>)<br\/>Instituto de Ecolog\u00eda \u2013 UNAM, M\u00e9xico<\/p>\n\n<p><em>Ana Cecilia Espinoza<\/em>\u00a0(<a href=\"mailto:acespinosa@ecologia.unam.mx\">acespinosa@ecologia.unam.mx<\/a>)<br\/>Instituto de Ecolog\u00eda \u2013 UNAM, M\u00e9xico<\/p>\n\n<p><em>Marisa Mazari-Hiriart<\/em>\u00a0(<a href=\"mailto:mazari@unam.mx\">mazari@unam.mx<\/a>)<br\/>Instituto de Ecolog\u00eda \u2013 UNAM, M\u00e9xico<\/p>\n\n<p><em>Eric Morales-Casique<\/em>\u00a0(<a href=\"mailto:ericmc@geologia.unam.mx\">ericmc@geologia.unam.mx<\/a>)<br\/>Instituto de Geolog\u00eda \u2013 UNAM, M\u00e9xico<\/p>\n\n<p><em>Hallie Eakin<\/em><\/p>\n\n<h3 class=\"wp-block-heading\" id=\"summary\">Executive Summary<\/h3>\n\n<p>The Mexico City Metropolitan Area (MCMA) faces a self-reinforcing problem with flood risk \u2212including public health issues associated with contaminated water\u2212 and vulnerability to water scarcity. A multi-actor and multi-scalar decision process is instrumental to enable the transformative adaptations to cope with such challenges.<br\/><br\/><\/p>\n\n<p>We will develop a collaborative framework for enabling a fundamental adaptation to hydroclimatic risks in the MCMA. This project will integrate actor-oriented and system-analytic perspectives on vulnerability and adaptation to evaluate the resilience and socioecological dynamics of the MCMA. Our initiative aims to provide a platform for social learning through the development of a \u201cboundary object\u201d which will enable collective action by individuals and groups as an outcome of a better understanding of hydroclimatic risks.<br\/><br\/><\/p>\n\n<p>The specific target is to address the complex interplay between science and decision making by (1) identifying the exogenous and endogenous drivers of vulnerability; (2) demonstrating how vulnerability drivers and outcomes are linked across space and scale; and (3) developing a theoretically robust but operationally tractable framework for adaptation policy. This project will integrate natural and social sciences into user oriented research through the use of the research infrastructure of the National Laboratory of Sustainability Sciences at UNAM (LANCIS). The research activities will be conducted in concert with the efforts by federal and local authorities of the MCMA to implement new climate-change legislation and to articulate land use planning according with the structure of adaptation policies.<br\/><br\/><\/p>\n\n<h3 class=\"wp-block-heading\" id=\"fotos\">Photos<\/h3>\n\n<figure class=\"wp-block-image\"><img decoding=\"async\" src=\"https:\/\/iai.int\/admin\/site\/sites\/default\/files\/uploads\/Imagen4-300x170.jpg\" alt=\"Imagen4\" class=\"wp-image-12291\"\/><\/figure>\n\n<figure class=\"wp-block-image\"><img decoding=\"async\" src=\"https:\/\/iai.int\/admin\/site\/sites\/default\/files\/uploads\/Imagen3-300x195.jpg\" alt=\"Imagen3\" class=\"wp-image-12293\"\/><\/figure>\n\n<figure class=\"wp-block-image\"><img decoding=\"async\" src=\"https:\/\/iai.int\/admin\/site\/sites\/default\/files\/uploads\/Imagen11-300x190.jpg\" alt=\"Imagen1\" class=\"wp-image-12295\"\/><\/figure>\n\n<figure class=\"wp-block-image\"><img decoding=\"async\" src=\"https:\/\/iai.int\/admin\/site\/sites\/default\/files\/uploads\/Imagen2-300x126.jpg\" alt=\"Imagen2\" class=\"wp-image-12296\"\/><\/figure>\n\n<figure class=\"wp-block-image\"><img decoding=\"async\" src=\"https:\/\/iai.int\/admin\/site\/sites\/default\/files\/uploads\/Imagen5-300x130.jpg\" alt=\"Imagen5\" class=\"wp-image-12297\"\/><\/figure>\n\n<figure class=\"wp-block-image\"><img decoding=\"async\" src=\"https:\/\/iai.int\/admin\/site\/sites\/default\/files\/uploads\/Imagen17-120x300.jpg\" alt=\"Imagen17\" class=\"wp-image-12308\"\/><\/figure>\n\n<figure class=\"wp-block-image\"><img decoding=\"async\" src=\"https:\/\/iai.int\/admin\/site\/sites\/default\/files\/uploads\/Imagen18-233x300.jpg\" alt=\"Imagen18\" class=\"wp-image-12309\"\/><\/figure>\n\n<figure class=\"wp-block-image\"><img decoding=\"async\" src=\"https:\/\/iai.int\/admin\/site\/sites\/default\/files\/uploads\/Imagen6-268x300.jpg\" alt=\"Imagen6\" class=\"wp-image-12298\"\/><\/figure>\n\n<figure class=\"wp-block-image\"><img decoding=\"async\" src=\"https:\/\/iai.int\/admin\/site\/sites\/default\/files\/uploads\/Imagen7-268x300.jpg\" alt=\"Imagen7\" class=\"wp-image-12299\"\/><\/figure>\n\n<figure class=\"wp-block-image\"><img decoding=\"async\" src=\"https:\/\/iai.int\/admin\/site\/sites\/default\/files\/uploads\/Imagen9-268x300.jpg\" alt=\"Imagen9\" class=\"wp-image-12301\"\/><\/figure>\n\n<figure class=\"wp-block-image\"><img decoding=\"async\" src=\"https:\/\/iai.int\/admin\/site\/sites\/default\/files\/uploads\/Imagen111-268x300.jpg\" alt=\"Imagen11\" class=\"wp-image-12303\"\/><\/figure>\n\n<figure class=\"wp-block-image\"><img decoding=\"async\" src=\"https:\/\/iai.int\/admin\/site\/sites\/default\/files\/uploads\/Imagen12-268x300.jpg\" alt=\"Imagen12\" class=\"wp-image-12304\"\/><\/figure>\n\n<figure class=\"wp-block-image\"><img decoding=\"async\" src=\"https:\/\/iai.int\/admin\/site\/sites\/default\/files\/uploads\/Imagen14-268x300.jpg\" alt=\"Imagen14\" class=\"wp-image-12305\"\/><\/figure>\n\n<figure class=\"wp-block-image\"><img decoding=\"async\" src=\"https:\/\/iai.int\/admin\/site\/sites\/default\/files\/uploads\/Imagen15-300x218.jpg\" alt=\"Imagen15\" class=\"wp-image-12306\"\/><\/figure>\n\n<figure class=\"wp-block-image\"><img decoding=\"async\" src=\"https:\/\/iai.int\/admin\/site\/sites\/default\/files\/uploads\/Imagen16-262x300.jpg\" alt=\"Imagen16\" class=\"wp-image-12307\"\/><\/figure>\n","protected":false},"excerpt":{"rendered":"<p>Project information Principal investigator: Luis A. Boj\u00f3rquez Tapia\u00a0(bojorquez@ecologia.unam.mx)Universidad Nacional Aut\u00f3noma de M\u00e9xico (M\u00e9xico) Duration &amp; amount: Feb 2014\/ Feb 2017, USD 180.000 Participating countries: EE.UU., M\u00e9xico List of published papers: http:\/\/www.citeulike.org\/user\/IAI\/tag\/crn3108 Investigadores\u00a0Executive summary\u00a0Photos Project investigators Luis A. Boj\u00f3rquez Tapia\u00a0(bojorquez@ecologia.unam.mx)Universidad Nacional Aut\u00f3noma de M\u00e9xico (M\u00e9xico) Victor Barradas-Miranda\u00a0(vbarrada@ecologia.unam.mx)Universidad Aut\u00f3noma de M\u00e9xico, M\u00e9xico Mariana Benitez\u00a0(mbenitez@iecologia.unam.mx)Laboratorio Nacional de Ciencias [&hellip;]<\/p>\n","protected":false},"author":1,"featured_media":0,"parent":0,"menu_order":0,"comment_status":"closed","ping_status":"closed","template":"","meta":{"_acf_changed":false,"_uag_custom_page_level_css":"","footnotes":""},"class_list":["post-1628","page","type-page","status-publish","hentry"],"acf":[],"yoast_head":"<!-- This site is optimized with the Yoast SEO plugin v27.3 - https:\/\/yoast.com\/product\/yoast-seo-wordpress\/ -->\n<title>Coping with hydrological risk in megacities: Collaborative planning framework for the Mexico City Metropolitan Area (CRN 3108) - IAI - Inter-American Institute for Global Change Research<\/title>\n<meta name=\"robots\" content=\"index, follow, max-snippet:-1, max-image-preview:large, max-video-preview:-1\" \/>\n<link rel=\"canonical\" href=\"https:\/\/iai.int\/en\/haciendo-frente-a-los-riesgos-hidrologicos-en-las-megaciudades-marco-de-planeamiento-cooperativo-para-el-area-metropolitana-de-la-ciudad-de-mexico-crn-3108\/\" \/>\n<meta property=\"og:locale\" content=\"en_US\" \/>\n<meta property=\"og:type\" content=\"article\" \/>\n<meta property=\"og:title\" content=\"Coping with hydrological risk in megacities: Collaborative planning framework for the Mexico City Metropolitan Area (CRN 3108) - IAI - Inter-American Institute for Global Change Research\" \/>\n<meta property=\"og:description\" content=\"Project information Principal investigator: Luis A. Boj\u00f3rquez Tapia\u00a0(bojorquez@ecologia.unam.mx)Universidad Nacional Aut\u00f3noma de M\u00e9xico (M\u00e9xico) Duration &amp; amount: Feb 2014\/ Feb 2017, USD 180.000 Participating countries: EE.UU., M\u00e9xico List of published papers: http:\/\/www.citeulike.org\/user\/IAI\/tag\/crn3108 Investigadores\u00a0Executive summary\u00a0Photos Project investigators Luis A. Boj\u00f3rquez Tapia\u00a0(bojorquez@ecologia.unam.mx)Universidad Nacional Aut\u00f3noma de M\u00e9xico (M\u00e9xico) Victor Barradas-Miranda\u00a0(vbarrada@ecologia.unam.mx)Universidad Aut\u00f3noma de M\u00e9xico, M\u00e9xico Mariana Benitez\u00a0(mbenitez@iecologia.unam.mx)Laboratorio Nacional de Ciencias [&hellip;]\" \/>\n<meta property=\"og:url\" content=\"https:\/\/iai.int\/en\/haciendo-frente-a-los-riesgos-hidrologicos-en-las-megaciudades-marco-de-planeamiento-cooperativo-para-el-area-metropolitana-de-la-ciudad-de-mexico-crn-3108\/\" \/>\n<meta property=\"og:site_name\" content=\"IAI - Inter-American Institute for Global Change Research\" \/>\n<meta property=\"article:modified_time\" content=\"2025-07-30T19:06:21+00:00\" \/>\n<meta property=\"og:image\" content=\"https:\/\/iai.int\/wp-content\/uploads\/2025\/12\/IAI-y-FONPLATA.png\" \/>\n\t<meta property=\"og:image:width\" content=\"1772\" \/>\n\t<meta property=\"og:image:height\" content=\"551\" \/>\n\t<meta property=\"og:image:type\" content=\"image\/png\" \/>\n<meta name=\"twitter:card\" content=\"summary_large_image\" \/>\n<meta name=\"twitter:label1\" content=\"Est. reading time\" \/>\n\t<meta name=\"twitter:data1\" content=\"2 minutes\" \/>\n<script type=\"application\/ld+json\" class=\"yoast-schema-graph\">{\"@context\":\"https:\\\/\\\/schema.org\",\"@graph\":[{\"@type\":\"WebPage\",\"@id\":\"https:\\\/\\\/iai.int\\\/en\\\/haciendo-frente-a-los-riesgos-hidrologicos-en-las-megaciudades-marco-de-planeamiento-cooperativo-para-el-area-metropolitana-de-la-ciudad-de-mexico-crn-3108\\\/\",\"url\":\"https:\\\/\\\/iai.int\\\/en\\\/haciendo-frente-a-los-riesgos-hidrologicos-en-las-megaciudades-marco-de-planeamiento-cooperativo-para-el-area-metropolitana-de-la-ciudad-de-mexico-crn-3108\\\/\",\"name\":\"Coping with hydrological risk in megacities: Collaborative planning framework for the Mexico City Metropolitan Area (CRN 3108) - IAI - Inter-American Institute for Global Change Research\",\"isPartOf\":{\"@id\":\"https:\\\/\\\/iai.int\\\/en\\\/#website\"},\"primaryImageOfPage\":{\"@id\":\"https:\\\/\\\/iai.int\\\/en\\\/haciendo-frente-a-los-riesgos-hidrologicos-en-las-megaciudades-marco-de-planeamiento-cooperativo-para-el-area-metropolitana-de-la-ciudad-de-mexico-crn-3108\\\/#primaryimage\"},\"image\":{\"@id\":\"https:\\\/\\\/iai.int\\\/en\\\/haciendo-frente-a-los-riesgos-hidrologicos-en-las-megaciudades-marco-de-planeamiento-cooperativo-para-el-area-metropolitana-de-la-ciudad-de-mexico-crn-3108\\\/#primaryimage\"},\"thumbnailUrl\":\"https:\\\/\\\/iai.int\\\/admin\\\/site\\\/sites\\\/default\\\/files\\\/uploads\\\/Imagen4-300x170.jpg\",\"datePublished\":\"2024-09-22T20:20:43+00:00\",\"dateModified\":\"2025-07-30T19:06:21+00:00\",\"breadcrumb\":{\"@id\":\"https:\\\/\\\/iai.int\\\/en\\\/haciendo-frente-a-los-riesgos-hidrologicos-en-las-megaciudades-marco-de-planeamiento-cooperativo-para-el-area-metropolitana-de-la-ciudad-de-mexico-crn-3108\\\/#breadcrumb\"},\"inLanguage\":\"en-US\",\"potentialAction\":[{\"@type\":\"ReadAction\",\"target\":[\"https:\\\/\\\/iai.int\\\/en\\\/haciendo-frente-a-los-riesgos-hidrologicos-en-las-megaciudades-marco-de-planeamiento-cooperativo-para-el-area-metropolitana-de-la-ciudad-de-mexico-crn-3108\\\/\"]}]},{\"@type\":\"ImageObject\",\"inLanguage\":\"en-US\",\"@id\":\"https:\\\/\\\/iai.int\\\/en\\\/haciendo-frente-a-los-riesgos-hidrologicos-en-las-megaciudades-marco-de-planeamiento-cooperativo-para-el-area-metropolitana-de-la-ciudad-de-mexico-crn-3108\\\/#primaryimage\",\"url\":\"https:\\\/\\\/iai.int\\\/admin\\\/site\\\/sites\\\/default\\\/files\\\/uploads\\\/Imagen4-300x170.jpg\",\"contentUrl\":\"https:\\\/\\\/iai.int\\\/admin\\\/site\\\/sites\\\/default\\\/files\\\/uploads\\\/Imagen4-300x170.jpg\"},{\"@type\":\"BreadcrumbList\",\"@id\":\"https:\\\/\\\/iai.int\\\/en\\\/haciendo-frente-a-los-riesgos-hidrologicos-en-las-megaciudades-marco-de-planeamiento-cooperativo-para-el-area-metropolitana-de-la-ciudad-de-mexico-crn-3108\\\/#breadcrumb\",\"itemListElement\":[{\"@type\":\"ListItem\",\"position\":1,\"name\":\"Portada\",\"item\":\"https:\\\/\\\/iai.int\\\/en\\\/\"},{\"@type\":\"ListItem\",\"position\":2,\"name\":\"Coping with hydrological risk in megacities: Collaborative planning framework for the Mexico City Metropolitan Area (CRN 3108)\"}]},{\"@type\":\"WebSite\",\"@id\":\"https:\\\/\\\/iai.int\\\/en\\\/#website\",\"url\":\"https:\\\/\\\/iai.int\\\/en\\\/\",\"name\":\"IAI - Inter-American Institute for Global Change Research\",\"description\":\"\",\"publisher\":{\"@id\":\"https:\\\/\\\/iai.int\\\/en\\\/#organization\"},\"potentialAction\":[{\"@type\":\"SearchAction\",\"target\":{\"@type\":\"EntryPoint\",\"urlTemplate\":\"https:\\\/\\\/iai.int\\\/en\\\/?s={search_term_string}\"},\"query-input\":{\"@type\":\"PropertyValueSpecification\",\"valueRequired\":true,\"valueName\":\"search_term_string\"}}],\"inLanguage\":\"en-US\"},{\"@type\":\"Organization\",\"@id\":\"https:\\\/\\\/iai.int\\\/en\\\/#organization\",\"name\":\"IAI - Inter-American Institute for Global Change Research\",\"url\":\"https:\\\/\\\/iai.int\\\/en\\\/\",\"logo\":{\"@type\":\"ImageObject\",\"inLanguage\":\"en-US\",\"@id\":\"https:\\\/\\\/iai.int\\\/en\\\/#\\\/schema\\\/logo\\\/image\\\/\",\"url\":\"https:\\\/\\\/iai.int\\\/wp-content\\\/uploads\\\/2025\\\/11\\\/IAI-logo-English-scaled.png\",\"contentUrl\":\"https:\\\/\\\/iai.int\\\/wp-content\\\/uploads\\\/2025\\\/11\\\/IAI-logo-English-scaled.png\",\"width\":2560,\"height\":985,\"caption\":\"IAI - Inter-American Institute for Global Change Research\"},\"image\":{\"@id\":\"https:\\\/\\\/iai.int\\\/en\\\/#\\\/schema\\\/logo\\\/image\\\/\"}}]}<\/script>\n<!-- \/ Yoast SEO plugin. -->","yoast_head_json":{"title":"Coping with hydrological risk in megacities: Collaborative planning framework for the Mexico City Metropolitan Area (CRN 3108) - IAI - Inter-American Institute for Global Change Research","robots":{"index":"index","follow":"follow","max-snippet":"max-snippet:-1","max-image-preview":"max-image-preview:large","max-video-preview":"max-video-preview:-1"},"canonical":"https:\/\/iai.int\/en\/haciendo-frente-a-los-riesgos-hidrologicos-en-las-megaciudades-marco-de-planeamiento-cooperativo-para-el-area-metropolitana-de-la-ciudad-de-mexico-crn-3108\/","og_locale":"en_US","og_type":"article","og_title":"Coping with hydrological risk in megacities: Collaborative planning framework for the Mexico City Metropolitan Area (CRN 3108) - IAI - Inter-American Institute for Global Change Research","og_description":"Project information Principal investigator: Luis A. Boj\u00f3rquez Tapia\u00a0(bojorquez@ecologia.unam.mx)Universidad Nacional Aut\u00f3noma de M\u00e9xico (M\u00e9xico) Duration &amp; amount: Feb 2014\/ Feb 2017, USD 180.000 Participating countries: EE.UU., M\u00e9xico List of published papers: http:\/\/www.citeulike.org\/user\/IAI\/tag\/crn3108 Investigadores\u00a0Executive summary\u00a0Photos Project investigators Luis A. Boj\u00f3rquez Tapia\u00a0(bojorquez@ecologia.unam.mx)Universidad Nacional Aut\u00f3noma de M\u00e9xico (M\u00e9xico) Victor Barradas-Miranda\u00a0(vbarrada@ecologia.unam.mx)Universidad Aut\u00f3noma de M\u00e9xico, M\u00e9xico Mariana Benitez\u00a0(mbenitez@iecologia.unam.mx)Laboratorio Nacional de Ciencias [&hellip;]","og_url":"https:\/\/iai.int\/en\/haciendo-frente-a-los-riesgos-hidrologicos-en-las-megaciudades-marco-de-planeamiento-cooperativo-para-el-area-metropolitana-de-la-ciudad-de-mexico-crn-3108\/","og_site_name":"IAI - Inter-American Institute for Global Change Research","article_modified_time":"2025-07-30T19:06:21+00:00","og_image":[{"width":1772,"height":551,"url":"https:\/\/iai.int\/wp-content\/uploads\/2025\/12\/IAI-y-FONPLATA.png","type":"image\/png"}],"twitter_card":"summary_large_image","twitter_misc":{"Est. reading time":"2 minutes"},"schema":{"@context":"https:\/\/schema.org","@graph":[{"@type":"WebPage","@id":"https:\/\/iai.int\/en\/haciendo-frente-a-los-riesgos-hidrologicos-en-las-megaciudades-marco-de-planeamiento-cooperativo-para-el-area-metropolitana-de-la-ciudad-de-mexico-crn-3108\/","url":"https:\/\/iai.int\/en\/haciendo-frente-a-los-riesgos-hidrologicos-en-las-megaciudades-marco-de-planeamiento-cooperativo-para-el-area-metropolitana-de-la-ciudad-de-mexico-crn-3108\/","name":"Coping with hydrological risk in megacities: Collaborative planning framework for the Mexico City Metropolitan Area (CRN 3108) - IAI - Inter-American Institute for Global Change Research","isPartOf":{"@id":"https:\/\/iai.int\/en\/#website"},"primaryImageOfPage":{"@id":"https:\/\/iai.int\/en\/haciendo-frente-a-los-riesgos-hidrologicos-en-las-megaciudades-marco-de-planeamiento-cooperativo-para-el-area-metropolitana-de-la-ciudad-de-mexico-crn-3108\/#primaryimage"},"image":{"@id":"https:\/\/iai.int\/en\/haciendo-frente-a-los-riesgos-hidrologicos-en-las-megaciudades-marco-de-planeamiento-cooperativo-para-el-area-metropolitana-de-la-ciudad-de-mexico-crn-3108\/#primaryimage"},"thumbnailUrl":"https:\/\/iai.int\/admin\/site\/sites\/default\/files\/uploads\/Imagen4-300x170.jpg","datePublished":"2024-09-22T20:20:43+00:00","dateModified":"2025-07-30T19:06:21+00:00","breadcrumb":{"@id":"https:\/\/iai.int\/en\/haciendo-frente-a-los-riesgos-hidrologicos-en-las-megaciudades-marco-de-planeamiento-cooperativo-para-el-area-metropolitana-de-la-ciudad-de-mexico-crn-3108\/#breadcrumb"},"inLanguage":"en-US","potentialAction":[{"@type":"ReadAction","target":["https:\/\/iai.int\/en\/haciendo-frente-a-los-riesgos-hidrologicos-en-las-megaciudades-marco-de-planeamiento-cooperativo-para-el-area-metropolitana-de-la-ciudad-de-mexico-crn-3108\/"]}]},{"@type":"ImageObject","inLanguage":"en-US","@id":"https:\/\/iai.int\/en\/haciendo-frente-a-los-riesgos-hidrologicos-en-las-megaciudades-marco-de-planeamiento-cooperativo-para-el-area-metropolitana-de-la-ciudad-de-mexico-crn-3108\/#primaryimage","url":"https:\/\/iai.int\/admin\/site\/sites\/default\/files\/uploads\/Imagen4-300x170.jpg","contentUrl":"https:\/\/iai.int\/admin\/site\/sites\/default\/files\/uploads\/Imagen4-300x170.jpg"},{"@type":"BreadcrumbList","@id":"https:\/\/iai.int\/en\/haciendo-frente-a-los-riesgos-hidrologicos-en-las-megaciudades-marco-de-planeamiento-cooperativo-para-el-area-metropolitana-de-la-ciudad-de-mexico-crn-3108\/#breadcrumb","itemListElement":[{"@type":"ListItem","position":1,"name":"Portada","item":"https:\/\/iai.int\/en\/"},{"@type":"ListItem","position":2,"name":"Coping with hydrological risk in megacities: Collaborative planning framework for the Mexico City Metropolitan Area (CRN 3108)"}]},{"@type":"WebSite","@id":"https:\/\/iai.int\/en\/#website","url":"https:\/\/iai.int\/en\/","name":"IAI - Inter-American Institute for Global Change Research","description":"","publisher":{"@id":"https:\/\/iai.int\/en\/#organization"},"potentialAction":[{"@type":"SearchAction","target":{"@type":"EntryPoint","urlTemplate":"https:\/\/iai.int\/en\/?s={search_term_string}"},"query-input":{"@type":"PropertyValueSpecification","valueRequired":true,"valueName":"search_term_string"}}],"inLanguage":"en-US"},{"@type":"Organization","@id":"https:\/\/iai.int\/en\/#organization","name":"IAI - Inter-American Institute for Global Change Research","url":"https:\/\/iai.int\/en\/","logo":{"@type":"ImageObject","inLanguage":"en-US","@id":"https:\/\/iai.int\/en\/#\/schema\/logo\/image\/","url":"https:\/\/iai.int\/wp-content\/uploads\/2025\/11\/IAI-logo-English-scaled.png","contentUrl":"https:\/\/iai.int\/wp-content\/uploads\/2025\/11\/IAI-logo-English-scaled.png","width":2560,"height":985,"caption":"IAI - Inter-American Institute for Global Change Research"},"image":{"@id":"https:\/\/iai.int\/en\/#\/schema\/logo\/image\/"}}]}},"uagb_featured_image_src":{"full":false,"thumbnail":false,"medium":false,"medium_large":false,"large":false,"1536x1536":false,"2048x2048":false},"uagb_author_info":{"display_name":"admin","author_link":"https:\/\/iai.int\/en\/author\/admin\/"},"uagb_comment_info":0,"uagb_excerpt":"Project information Principal investigator: Luis A. Boj\u00f3rquez Tapia\u00a0(bojorquez@ecologia.unam.mx)Universidad Nacional Aut\u00f3noma de M\u00e9xico (M\u00e9xico) Duration &amp; amount: Feb 2014\/ Feb 2017, USD 180.000 Participating countries: EE.UU., M\u00e9xico List of published papers: http:\/\/www.citeulike.org\/user\/IAI\/tag\/crn3108 Investigadores\u00a0Executive summary\u00a0Photos Project investigators Luis A. Boj\u00f3rquez Tapia\u00a0(bojorquez@ecologia.unam.mx)Universidad Nacional Aut\u00f3noma de M\u00e9xico (M\u00e9xico) Victor Barradas-Miranda\u00a0(vbarrada@ecologia.unam.mx)Universidad Aut\u00f3noma de M\u00e9xico, M\u00e9xico Mariana Benitez\u00a0(mbenitez@iecologia.unam.mx)Laboratorio Nacional de Ciencias&hellip;","_links":{"self":[{"href":"https:\/\/iai.int\/en\/wp-json\/wp\/v2\/pages\/1628","targetHints":{"allow":["GET"]}}],"collection":[{"href":"https:\/\/iai.int\/en\/wp-json\/wp\/v2\/pages"}],"about":[{"href":"https:\/\/iai.int\/en\/wp-json\/wp\/v2\/types\/page"}],"author":[{"embeddable":true,"href":"https:\/\/iai.int\/en\/wp-json\/wp\/v2\/users\/1"}],"replies":[{"embeddable":true,"href":"https:\/\/iai.int\/en\/wp-json\/wp\/v2\/comments?post=1628"}],"version-history":[{"count":2,"href":"https:\/\/iai.int\/en\/wp-json\/wp\/v2\/pages\/1628\/revisions"}],"predecessor-version":[{"id":6402,"href":"https:\/\/iai.int\/en\/wp-json\/wp\/v2\/pages\/1628\/revisions\/6402"}],"wp:attachment":[{"href":"https:\/\/iai.int\/en\/wp-json\/wp\/v2\/media?parent=1628"}],"curies":[{"name":"wp","href":"https:\/\/api.w.org\/{rel}","templated":true}]}}