{"id":1618,"date":"2024-10-07T22:16:03","date_gmt":"2024-10-08T03:16:03","guid":{"rendered":"https:\/\/iai.int\/a-la-caza-de-los-vientos\/"},"modified":"2025-06-15T22:45:00","modified_gmt":"2025-06-16T03:45:00","slug":"a-la-caza-de-los-vientos","status":"publish","type":"page","link":"https:\/\/iai.int\/en\/a-la-caza-de-los-vientos\/","title":{"rendered":"Chasing the winds"},"content":{"rendered":"\n<h5 class=\"wp-block-heading\">Potentially deadly errors in hurricane track prediction<\/h5>\n\n<figure class=\"wp-block-image\"><a href=\"https:\/\/iai.int\/admin\/site\/sites\/default\/files\/John_track_2006.jpg\" target=\"_blank\" rel=\"noreferrer noopener\"><img decoding=\"async\" src=\"https:\/\/iai.int\/admin\/site\/sites\/default\/files\/uploads\/2014\/06\/John_track_2006.jpg\" alt=\"John_track_2006\"\/><\/a><\/figure>\n\n<p>This map shows the Eastern Pacific and Mexico with the Baja California peninsula. The colored lines correspond to the different official forecasts for the track of Hurricane John. John passed through the region between August 30 and September 4, 2006. The forecasts were issued by the National Hurricane Center (NHC) 72 hours (yellow line), 48 hours (red), and 24 hours (green) before landfall. All these forecasts indicated that John would pass out into the Pacific. But, as the blue line of John\u2019s actual trajectory shows, this hurricane made landfall at the Southern tip of Baja California, and then moved through the length of the peninsula, where it produced heavy rains leading to flash-floods and five deaths in several mountain villages, and affecting the State capital La Paz.<\/p>\n\n<p>The green dots in the graph represent upper air climate monitoring stations and the numbers correspond to upper air soundings with weather balloons in a three-day period at 00 hrs (first digit) and 12 UTC (second digit). Upper air soundings provide crucial data for the numerical models that are used to make the hurricane track predictions. Note that most stations indicate that no balloons were launched during John\u2019s approach.<\/p>\n\n<p><em><strong>The Mexican Meteorological Service and the US National Hurricane Center (NHC) jointly work towards more reliable track and intensity forecasts for tropical cyclones. Reliable advance warning of tracks will help save lives and property while possibly also reducing unnecessary evacuations. Analysis by this IAI project suggests that accuracy of the hurricane forecasts was greatly reduced by a critical lack of data from upper air soundings which feed the models used for forecasting. To remedy this situation, transnational collaboration between weather services needs to be strengthened. Data collection with weather balloons needs to be undertaken at regular intervals to provide the minimum four air soundings per day that are required according to the World Meteorological Organization (WMO), and improved output from storm modelling needs to be made available broadly.<\/strong><\/em><\/p>\n\n<h4 class=\"wp-block-heading\">Science Snapshots 1 -The Story<\/h4>\n\n<p>The eastern Pacific basin has the largest density of tropical cyclones in the world, yet remains \u2028one of the least studied regions. Upon landfall, tropical cyclones may produce heavy downpours, causing landslides and flooding. Mountain ranges run parallel to the coast, both on the continent \u2028and the Baja California peninsula, increasing both rain intensities and the incidence of floods and landslides. The Mexican Meteorological Service and the US National Hurricane Center (NHC) \u2028issue forecasts of track and intensity for tropical cyclones, which are important for emergency managers to prepare defenses and warn the public. But, as the example shows, these forecasts \u2028are not always reliable enough.<\/p>\n\n<p>To help improve the forecasting, Dr. Graciela Binimelis de Raga and her team at the Universidad Nacional Aut\u00f3noma de M\u00e9xico (UNAM), Centro de Ciencias de la Atm\u00f3sfera, examined hurricane John in detail. John\u2019s path was fairly typical for mid-summer cyclones, originating in the Gulf of Tehuantepec. Atmospheric conditions intensified the storm, and its passage over an ocean area \u2028with elevated heat content increased John to its maximum intensity.<\/p>\n\n<p>The cyclone forecast issued at 9am on 30th August (yellow line in Figure) predicted no landfall at all. Later forecasts did predict landfall, but only brief contact some 50 km West from the actual landfall site. Only 47 hours before actual landfall, the model predicted an incursion onto land but its track was misplaced, predicting only limited impact from this storm. No predictions showed the actual path moving through the length of the peninsula, which is what brought death and destruction to large swathes of Baja California. In addition, satellite images predicted only moderate amounts (50-150 mm) of rainfall, whereas some weather stations recorded more than 440 mm of rain that resulted in heavy flooding and landslides. The science team identified a lack of airborne atmospheric measurements and a divergence of results between different models as the causes of the predictive failure.<\/p>\n\n<h4 class=\"wp-block-heading\">Further reading<\/h4>\n\n<p>Farf\u00e1n, L.M., R. Romero-Centeno and G.B. Raga: On the landfall of northeastern pacific tropical cyclones John, Lane and Paul (2006) over northwestern Mexico. Monthly Weather Review. http:\/\/cabernet.atmosfcu.unam.mx\/IAI\/files\/FarfanEtAl_MWR.pdf (under review)<\/p>\n\n<p>Las Instant\u00e1neas de la ciencia del Cambio Global tienen por objeto informar a las personas relacionadas con el IAI y al p\u00fablico acerca de resultados importantes de investigaciones internacionales realizadas con el auspicio del Instituto.<br\/>Panel editorial: Christopher Martius, Ione Anderson, Paula Richter, Holm Tiessen<br\/>Dise\u00f1o: Shadi Ardalan Citar como: IAI (2010): A la caza de los vientos. Errores potencialmente mortales en la predicci\u00f3n de trayectorias de huracanes. Instant\u00e1neas de la ciencia, 1<br\/>Financiado por IAI, NSF bajo el\u00a0<strong><a href=\"https:\/\/iai.int\/es\/ciclones-tropicales-caracteristicas-actuales-y-cambios-potenciales-bajo-un-clima-mas-calido-crn-2048\/\" data-type=\"page\" data-id=\"821\">CRN 2048<\/a><\/strong>.<br\/>Sitio web del proyecto:\u00a0<a href=\"http:\/\/cabernet.atmosfcu.unam.mx\/IAI\" target=\"_blank\" rel=\"noreferrer noopener\"><strong>http:\/\/cabernet.atmosfcu.unam.mx\/IAI<\/strong><\/a><br\/><a href=\"https:\/\/iai.int\/admin\/site\/sites\/default\/files\/Snapshot1_Chasing_the_winds_sp.pdf\" target=\"_blank\" rel=\"noreferrer noopener\"><strong>Bajar PDF<\/strong><\/a><br\/><a href=\"https:\/\/iai.int\/admin\/site\/sites\/default\/files\/Snapshot1_Chasing_the_winds.pdf\" target=\"_blank\" rel=\"noreferrer noopener\"><strong>Bajar PDF en ingl\u00e9s<\/strong><\/a><\/p>\n","protected":false},"excerpt":{"rendered":"<p>Potentially deadly errors in hurricane track prediction This map shows the Eastern Pacific and Mexico with the Baja California peninsula. The colored lines correspond to the different official forecasts for the track of Hurricane John. John passed through the region between August 30 and September 4, 2006. The forecasts were issued by the National Hurricane [&hellip;]<\/p>\n","protected":false},"author":1,"featured_media":0,"parent":0,"menu_order":0,"comment_status":"closed","ping_status":"closed","template":"elementor_theme","meta":{"_acf_changed":false,"_uag_custom_page_level_css":"","footnotes":""},"class_list":["post-1618","page","type-page","status-publish","hentry"],"acf":[],"yoast_head":"<!-- This site is optimized with the Yoast SEO plugin v27.3 - https:\/\/yoast.com\/product\/yoast-seo-wordpress\/ -->\n<title>Chasing the winds - IAI - Inter-American Institute for Global Change Research<\/title>\n<meta name=\"robots\" content=\"index, follow, max-snippet:-1, max-image-preview:large, max-video-preview:-1\" \/>\n<link rel=\"canonical\" href=\"https:\/\/iai.int\/en\/a-la-caza-de-los-vientos\/\" \/>\n<meta property=\"og:locale\" content=\"en_US\" \/>\n<meta property=\"og:type\" content=\"article\" \/>\n<meta property=\"og:title\" content=\"Chasing the winds - IAI - Inter-American Institute for Global Change Research\" \/>\n<meta property=\"og:description\" content=\"Potentially deadly errors in hurricane track prediction This map shows the Eastern Pacific and Mexico with the Baja California peninsula. The colored lines correspond to the different official forecasts for the track of Hurricane John. John passed through the region between August 30 and September 4, 2006. The forecasts were issued by the National Hurricane [&hellip;]\" \/>\n<meta property=\"og:url\" content=\"https:\/\/iai.int\/en\/a-la-caza-de-los-vientos\/\" \/>\n<meta property=\"og:site_name\" content=\"IAI - Inter-American Institute for Global Change Research\" \/>\n<meta property=\"article:modified_time\" content=\"2025-06-16T03:45:00+00:00\" \/>\n<meta property=\"og:image\" content=\"https:\/\/iai.int\/admin\/site\/sites\/default\/files\/uploads\/2014\/06\/John_track_2006.jpg\" \/>\n<meta name=\"twitter:card\" content=\"summary_large_image\" \/>\n<meta name=\"twitter:label1\" content=\"Est. reading time\" \/>\n\t<meta name=\"twitter:data1\" content=\"4 minutes\" \/>\n<script type=\"application\/ld+json\" class=\"yoast-schema-graph\">{\"@context\":\"https:\\\/\\\/schema.org\",\"@graph\":[{\"@type\":\"WebPage\",\"@id\":\"https:\\\/\\\/iai.int\\\/en\\\/a-la-caza-de-los-vientos\\\/\",\"url\":\"https:\\\/\\\/iai.int\\\/en\\\/a-la-caza-de-los-vientos\\\/\",\"name\":\"Chasing the winds - IAI - Inter-American Institute for Global Change Research\",\"isPartOf\":{\"@id\":\"https:\\\/\\\/iai.int\\\/en\\\/#website\"},\"primaryImageOfPage\":{\"@id\":\"https:\\\/\\\/iai.int\\\/en\\\/a-la-caza-de-los-vientos\\\/#primaryimage\"},\"image\":{\"@id\":\"https:\\\/\\\/iai.int\\\/en\\\/a-la-caza-de-los-vientos\\\/#primaryimage\"},\"thumbnailUrl\":\"https:\\\/\\\/iai.int\\\/admin\\\/site\\\/sites\\\/default\\\/files\\\/uploads\\\/2014\\\/06\\\/John_track_2006.jpg\",\"datePublished\":\"2024-10-08T03:16:03+00:00\",\"dateModified\":\"2025-06-16T03:45:00+00:00\",\"breadcrumb\":{\"@id\":\"https:\\\/\\\/iai.int\\\/en\\\/a-la-caza-de-los-vientos\\\/#breadcrumb\"},\"inLanguage\":\"en-US\",\"potentialAction\":[{\"@type\":\"ReadAction\",\"target\":[\"https:\\\/\\\/iai.int\\\/en\\\/a-la-caza-de-los-vientos\\\/\"]}]},{\"@type\":\"ImageObject\",\"inLanguage\":\"en-US\",\"@id\":\"https:\\\/\\\/iai.int\\\/en\\\/a-la-caza-de-los-vientos\\\/#primaryimage\",\"url\":\"https:\\\/\\\/iai.int\\\/admin\\\/site\\\/sites\\\/default\\\/files\\\/uploads\\\/2014\\\/06\\\/John_track_2006.jpg\",\"contentUrl\":\"https:\\\/\\\/iai.int\\\/admin\\\/site\\\/sites\\\/default\\\/files\\\/uploads\\\/2014\\\/06\\\/John_track_2006.jpg\"},{\"@type\":\"BreadcrumbList\",\"@id\":\"https:\\\/\\\/iai.int\\\/en\\\/a-la-caza-de-los-vientos\\\/#breadcrumb\",\"itemListElement\":[{\"@type\":\"ListItem\",\"position\":1,\"name\":\"Portada\",\"item\":\"https:\\\/\\\/iai.int\\\/en\\\/\"},{\"@type\":\"ListItem\",\"position\":2,\"name\":\"Chasing the winds\"}]},{\"@type\":\"WebSite\",\"@id\":\"https:\\\/\\\/iai.int\\\/en\\\/#website\",\"url\":\"https:\\\/\\\/iai.int\\\/en\\\/\",\"name\":\"IAI - Inter-American Institute for Global Change Research\",\"description\":\"\",\"publisher\":{\"@id\":\"https:\\\/\\\/iai.int\\\/en\\\/#organization\"},\"potentialAction\":[{\"@type\":\"SearchAction\",\"target\":{\"@type\":\"EntryPoint\",\"urlTemplate\":\"https:\\\/\\\/iai.int\\\/en\\\/?s={search_term_string}\"},\"query-input\":{\"@type\":\"PropertyValueSpecification\",\"valueRequired\":true,\"valueName\":\"search_term_string\"}}],\"inLanguage\":\"en-US\"},{\"@type\":\"Organization\",\"@id\":\"https:\\\/\\\/iai.int\\\/en\\\/#organization\",\"name\":\"IAI - Inter-American Institute for Global Change Research\",\"url\":\"https:\\\/\\\/iai.int\\\/en\\\/\",\"logo\":{\"@type\":\"ImageObject\",\"inLanguage\":\"en-US\",\"@id\":\"https:\\\/\\\/iai.int\\\/en\\\/#\\\/schema\\\/logo\\\/image\\\/\",\"url\":\"https:\\\/\\\/iai.int\\\/wp-content\\\/uploads\\\/2025\\\/11\\\/IAI-logo-English-scaled.png\",\"contentUrl\":\"https:\\\/\\\/iai.int\\\/wp-content\\\/uploads\\\/2025\\\/11\\\/IAI-logo-English-scaled.png\",\"width\":2560,\"height\":985,\"caption\":\"IAI - Inter-American Institute for Global Change Research\"},\"image\":{\"@id\":\"https:\\\/\\\/iai.int\\\/en\\\/#\\\/schema\\\/logo\\\/image\\\/\"}}]}<\/script>\n<!-- \/ Yoast SEO plugin. -->","yoast_head_json":{"title":"Chasing the winds - IAI - Inter-American Institute for Global Change Research","robots":{"index":"index","follow":"follow","max-snippet":"max-snippet:-1","max-image-preview":"max-image-preview:large","max-video-preview":"max-video-preview:-1"},"canonical":"https:\/\/iai.int\/en\/a-la-caza-de-los-vientos\/","og_locale":"en_US","og_type":"article","og_title":"Chasing the winds - IAI - Inter-American Institute for Global Change Research","og_description":"Potentially deadly errors in hurricane track prediction This map shows the Eastern Pacific and Mexico with the Baja California peninsula. The colored lines correspond to the different official forecasts for the track of Hurricane John. John passed through the region between August 30 and September 4, 2006. The forecasts were issued by the National Hurricane [&hellip;]","og_url":"https:\/\/iai.int\/en\/a-la-caza-de-los-vientos\/","og_site_name":"IAI - Inter-American Institute for Global Change Research","article_modified_time":"2025-06-16T03:45:00+00:00","og_image":[{"url":"https:\/\/iai.int\/admin\/site\/sites\/default\/files\/uploads\/2014\/06\/John_track_2006.jpg","type":"","width":"","height":""}],"twitter_card":"summary_large_image","twitter_misc":{"Est. reading time":"4 minutes"},"schema":{"@context":"https:\/\/schema.org","@graph":[{"@type":"WebPage","@id":"https:\/\/iai.int\/en\/a-la-caza-de-los-vientos\/","url":"https:\/\/iai.int\/en\/a-la-caza-de-los-vientos\/","name":"Chasing the winds - IAI - Inter-American Institute for Global Change Research","isPartOf":{"@id":"https:\/\/iai.int\/en\/#website"},"primaryImageOfPage":{"@id":"https:\/\/iai.int\/en\/a-la-caza-de-los-vientos\/#primaryimage"},"image":{"@id":"https:\/\/iai.int\/en\/a-la-caza-de-los-vientos\/#primaryimage"},"thumbnailUrl":"https:\/\/iai.int\/admin\/site\/sites\/default\/files\/uploads\/2014\/06\/John_track_2006.jpg","datePublished":"2024-10-08T03:16:03+00:00","dateModified":"2025-06-16T03:45:00+00:00","breadcrumb":{"@id":"https:\/\/iai.int\/en\/a-la-caza-de-los-vientos\/#breadcrumb"},"inLanguage":"en-US","potentialAction":[{"@type":"ReadAction","target":["https:\/\/iai.int\/en\/a-la-caza-de-los-vientos\/"]}]},{"@type":"ImageObject","inLanguage":"en-US","@id":"https:\/\/iai.int\/en\/a-la-caza-de-los-vientos\/#primaryimage","url":"https:\/\/iai.int\/admin\/site\/sites\/default\/files\/uploads\/2014\/06\/John_track_2006.jpg","contentUrl":"https:\/\/iai.int\/admin\/site\/sites\/default\/files\/uploads\/2014\/06\/John_track_2006.jpg"},{"@type":"BreadcrumbList","@id":"https:\/\/iai.int\/en\/a-la-caza-de-los-vientos\/#breadcrumb","itemListElement":[{"@type":"ListItem","position":1,"name":"Portada","item":"https:\/\/iai.int\/en\/"},{"@type":"ListItem","position":2,"name":"Chasing the winds"}]},{"@type":"WebSite","@id":"https:\/\/iai.int\/en\/#website","url":"https:\/\/iai.int\/en\/","name":"IAI - Inter-American Institute for Global Change Research","description":"","publisher":{"@id":"https:\/\/iai.int\/en\/#organization"},"potentialAction":[{"@type":"SearchAction","target":{"@type":"EntryPoint","urlTemplate":"https:\/\/iai.int\/en\/?s={search_term_string}"},"query-input":{"@type":"PropertyValueSpecification","valueRequired":true,"valueName":"search_term_string"}}],"inLanguage":"en-US"},{"@type":"Organization","@id":"https:\/\/iai.int\/en\/#organization","name":"IAI - Inter-American Institute for Global Change Research","url":"https:\/\/iai.int\/en\/","logo":{"@type":"ImageObject","inLanguage":"en-US","@id":"https:\/\/iai.int\/en\/#\/schema\/logo\/image\/","url":"https:\/\/iai.int\/wp-content\/uploads\/2025\/11\/IAI-logo-English-scaled.png","contentUrl":"https:\/\/iai.int\/wp-content\/uploads\/2025\/11\/IAI-logo-English-scaled.png","width":2560,"height":985,"caption":"IAI - Inter-American Institute for Global Change Research"},"image":{"@id":"https:\/\/iai.int\/en\/#\/schema\/logo\/image\/"}}]}},"uagb_featured_image_src":{"full":false,"thumbnail":false,"medium":false,"medium_large":false,"large":false,"1536x1536":false,"2048x2048":false},"uagb_author_info":{"display_name":"admin","author_link":"https:\/\/iai.int\/en\/author\/admin\/"},"uagb_comment_info":0,"uagb_excerpt":"Potentially deadly errors in hurricane track prediction This map shows the Eastern Pacific and Mexico with the Baja California peninsula. The colored lines correspond to the different official forecasts for the track of Hurricane John. John passed through the region between August 30 and September 4, 2006. The forecasts were issued by the National Hurricane&hellip;","_links":{"self":[{"href":"https:\/\/iai.int\/en\/wp-json\/wp\/v2\/pages\/1618","targetHints":{"allow":["GET"]}}],"collection":[{"href":"https:\/\/iai.int\/en\/wp-json\/wp\/v2\/pages"}],"about":[{"href":"https:\/\/iai.int\/en\/wp-json\/wp\/v2\/types\/page"}],"author":[{"embeddable":true,"href":"https:\/\/iai.int\/en\/wp-json\/wp\/v2\/users\/1"}],"replies":[{"embeddable":true,"href":"https:\/\/iai.int\/en\/wp-json\/wp\/v2\/comments?post=1618"}],"version-history":[{"count":3,"href":"https:\/\/iai.int\/en\/wp-json\/wp\/v2\/pages\/1618\/revisions"}],"predecessor-version":[{"id":6161,"href":"https:\/\/iai.int\/en\/wp-json\/wp\/v2\/pages\/1618\/revisions\/6161"}],"wp:attachment":[{"href":"https:\/\/iai.int\/en\/wp-json\/wp\/v2\/media?parent=1618"}],"curies":[{"name":"wp","href":"https:\/\/api.w.org\/{rel}","templated":true}]}}