{"id":1615,"date":"2024-10-07T22:29:42","date_gmt":"2024-10-08T03:29:42","guid":{"rendered":"https:\/\/iai.int\/alimentos-e-inundaciones\/"},"modified":"2025-06-15T23:19:18","modified_gmt":"2025-06-16T04:19:18","slug":"alimentos-e-inundaciones","status":"publish","type":"page","link":"https:\/\/iai.int\/en\/alimentos-e-inundaciones\/","title":{"rendered":"Food and floods"},"content":{"rendered":"\n<h5 class=\"wp-block-heading\"><strong>Shallow groundwater and agricultural land management in the Pampas.<\/strong><\/h5>\n\n<figure class=\"wp-block-image\"><a href=\"https:\/\/iai.int\/admin\/site\/sites\/default\/files\/graffff.jpg\" target=\"_blank\" rel=\"noreferrer noopener\"><img decoding=\"async\" src=\"https:\/\/iai.int\/admin\/site\/sites\/default\/files\/uploads\/graffff.jpg\" alt=\"graffff\"\/><\/a><\/figure>\n\n<p>This figure shows annual transpiration rates in the Argentinean Pampas (circles and lines) under two land uses: perennial alfalfa pasture, widespread until the early nineties, and annual wheat-soybean-maize rotations, the dominant land use today. Transpiration rates (right-hand axis) are higher under pastures than under annual crops (1200 vs. 800 mm\/year, on average). A 100-year simulation of the depth to the ground water-table under these regimes of evapotranspiration is shown by the bars whose height indicates how often in these 100 years a given groundwater level is reached (frequency on the left-hand axis). The model shows that pastures maintain ground water tables more commonly at greater depths (average -4.4 vs. -2 m) and result in less frequent flooding (2 vs. 47 events).<\/p>\n\n<p><em><strong>In the flat landscapes of the Pampas, shallow groundwater can waterlog soils making them unsuitable for crop production. In wet years, it can reach the surface causing floods. When maintained at deeper levels, groundwater acts as a reservoir that supports crop yields even in dry years. The balance between water loss by plant transpiration and its accumulation in shallow groundwater is affected by farming decisions. Understanding water partitioning between plants and groundwater can guide decisions on planting cover crops to manage groundwater. Landscape zoning to exclude vulnerable areas from annual cropping can maximize agricultural benefits from groundwater while minimizing flood risk. Land use decisions need to consider the fate of water in the landscape to improve productivity and benefit from ecosystem services.<\/strong><\/em><\/p>\n\n<h4 class=\"wp-block-heading\">Science Snapshots 7 \u2013 The Story<\/h4>\n\n<p>El suelo sedimentario de la llanura pampeana almacena el exceso de precipitaci\u00f3n de los a\u00f1os h\u00famedos en forma de agua subterr\u00e1nea. Si dicho excedente se incrementa, el nivel de las aguas subterr\u00e1neas puede hacerse tan somero que llegue a inundar la tierra. En los ciclos de inundaciones, los procesos de generaci\u00f3n y retracci\u00f3n llevan varios.&#13;\nLa inundaci\u00f3n m\u00e1s reciente, en 1997-2003 cubri\u00f3 el 27% del oeste de la regi\u00f3n pampeana, cuando los niveles promedio de las aguas subterr\u00e1neas subieron 2,3 metros, causando grandes p\u00e9rdidas econ\u00f3micas. Estas inundaciones c\u00edclicas, que afectan 16 millones de hect\u00e1reas, suelen atribuirse a variaciones en la precipitaci\u00f3n, pero un equipo dirigido por Esteban Jobb\u00e1gy de la Facultad de Agronom\u00eda, Universidad de Buenos Aires, descubri\u00f3 que el uso de la tierra tiene un papel central. La cantidad de agua que usan las distintas plantas es diferente, y bajo una producci\u00f3n de cultivos anuales, los campos permanecen desnudos sin plantas que usen agua durante una parte del a\u00f1o. La alfalfa, con sus ra\u00edces profundas y su permanencia durante todo el a\u00f1o mantiene los suelos secos, mientras que la rotaci\u00f3n de cultivos de grano permite que el exceso de agua se acumule. Adem\u00e1s, para cada cultivo hay un rango \u00f3ptimo de profundidad del agua subterr\u00e1nea que les permite el mejor crecimiento. Fuera de ese rango, el estr\u00e9s ya sea por sequ\u00eda o por anegamiento disminuir\u00e1 la productividad. Como el estr\u00e9s por anegamiento produce el cierre estom\u00e1tico en las plantas, el uso de agua se reduce y la probabilidad de inundaciones aumenta.<\/p>\n\n<p>The flat sedimentary soils of the Pampas store rainfall surplus of wet years as groundwater. If such surpluses increase, the groundwater table can become so shallow that the land floods. Cyclic floods have taken several years to develop and retreat. The most recent 1997-2003 flood covered 27% of the western Pampas as average groundwater levels rose 2.3 meters, causing great economic loss. This cyclic flooding, which affects 16 million hectares of land, is often attributed to rainfall variations, but a team led by Esteban Jobb\u00e1gy at the Faculty of Agronomy, University of Buenos Aires, found that land use plays a critical role. Different plants use different amounts of water, and under annual crop production, fields remain bare without any plant water use for part of the year. Deep-rooted, year-round alfalfa keeps soils drier while rotating grain crops let surplus water accumulate. Each crop also has an optimum range of groundwater levels at which it grows best. Outside that range, stress from either drought or water-logging will reduce productivity. As stress from water logging shuts plants down, water use is reduced and flooding becomes even more likely.&#13;\n&#13;\nIn the early nineties, it became more profitable to grow grains than to produce meat. Widespread soybean-wheat-corn rotation, grown year after year, increased flooding frequency and reduced both the number of years and the area suitable for farming. The team therefore explored land use alternatives within a grain production system using a simple simulation model, field observations of groundwater use and depth, and interviews with farmers.<\/p>\n\n<figure class=\"wp-block-image\"><a href=\"https:\/\/iai.int\/admin\/site\/sites\/default\/files\/Green-chart-Spanish.jpg\" target=\"_blank\" rel=\"noreferrer noopener\"><img decoding=\"async\" src=\"https:\/\/iai.int\/admin\/site\/sites\/default\/files\/uploads\/2014\/06\/Green-chart-Spanish.jpg\" alt=\"Green-chart-Spanish\"\/><\/a><\/figure>\n\n<p>Frequency of waterlogging can be reduced and the number of years suitable for farming increased by 40% by planting pastures or cover crops (alfalfa, ryegrass) tolerant to water-logging during periods of high flood risk. These crops are productive and their transpiration helps keeping the water tables down.&#13;\nA new, flexible groundwater-based decision making strategy is now being adopted by farmers, accompanied by a collaborative web-based groundwater monitoring initiative (link below). As part of the partnership developed with scientists, farmers provide detailed yield maps and observations of water table.<\/p>\n\n<h4 class=\"wp-block-heading\">Further reading<\/h4>\n\n<p>Arag\u00f3n R., EG Jobb\u00e1gy, E. Viglizzo (2010): Surface and groundwater dynamics in the sedimentary plains of the Western Pampas (Argentina). Ecohydrology, online, DOI: 10.1002\/eco.149<\/p>\n\n<p>Nosetto M.D., E.G. Jobb\u00e1gy, G.A. Sznaider, R.B. Jackson (2009): Reciprocal influence between crops and shallow ground water in sandy landscapes of the Inland Pampas. Field Crops Research, 113: 138-148<\/p>\n\n<p>Jobb\u00e1gy E.G., M.D. Nosetto (2008): Como hacer de las napas un aliado. Pautas y criterios para el monitoreo de niveles fre\u00e1ticos en sistemas de producci\u00f3n agr\u00edcola en la regi\u00f3n pampeana. Revista CREA 328:32-38<\/p>\n\n<p>Global Change Science Snapshots are intended to inform IAI clients and the interested public about important results of international research carried out under IAI auspices.&#13;\nEditorial Board: Christopher Martius, Ione Anderson, Paula Richter, Holm Tiessen&#13;\nDesign: Shadi Ardalan&#13;\nCite as: IAI (2010): Food and floods. Shallow groundwater and agricultural land management in the Pampas. Science Snapshots 7&#13;\nFunded by IAI, NSF under\u00a0<a href=\"http:\/\/iai.int\/en\/post\/detail\/crn2031\" target=\"_blank\" rel=\"noopener\">CRN 2031<\/a>, and by IDRC.&#13;\n<a href=\"http:\/\/platabasin.unsl.edu.ar\/\" target=\"_blank\" rel=\"noopener\">Project web page<\/a>&#13;\nCollaborative website maintained by\u00a0<a href=\"http:\/\/napas.iyda.net\/\" target=\"_blank\" rel=\"noopener\">INTA, Universidad Nacional de San Luis, IyDA (a private company), and farmers.<\/a>&#13;\n<a href=\"https:\/\/iai.int\/admin\/site\/sites\/default\/files\/snapshot7_EN.pdf\" target=\"_blank\" rel=\"noopener\">Download PDF<\/a>&#13;\n<a href=\"https:\/\/iai.int\/admin\/site\/sites\/default\/files\/snapshot7_SP.pdf\" target=\"_blank\" rel=\"noopener\">Download PDF in Spanish<\/a><\/p>\n","protected":false},"excerpt":{"rendered":"<p>Shallow groundwater and agricultural land management in the Pampas. This figure shows annual transpiration rates in the Argentinean Pampas (circles and lines) under two land uses: perennial alfalfa pasture, widespread until the early nineties, and annual wheat-soybean-maize rotations, the dominant land use today. Transpiration rates (right-hand axis) are higher under pastures than under annual crops [&hellip;]<\/p>\n","protected":false},"author":1,"featured_media":0,"parent":0,"menu_order":0,"comment_status":"closed","ping_status":"closed","template":"elementor_theme","meta":{"_acf_changed":false,"_uag_custom_page_level_css":"","footnotes":""},"class_list":["post-1615","page","type-page","status-publish","hentry"],"acf":[],"yoast_head":"<!-- This site is optimized with the Yoast SEO plugin v27.3 - https:\/\/yoast.com\/product\/yoast-seo-wordpress\/ -->\n<title>Food and floods - IAI - Inter-American Institute for Global Change Research<\/title>\n<meta name=\"robots\" content=\"index, follow, max-snippet:-1, max-image-preview:large, max-video-preview:-1\" \/>\n<link rel=\"canonical\" href=\"https:\/\/iai.int\/en\/alimentos-e-inundaciones\/\" \/>\n<meta property=\"og:locale\" content=\"en_US\" \/>\n<meta property=\"og:type\" content=\"article\" \/>\n<meta property=\"og:title\" content=\"Food and floods - IAI - Inter-American Institute for Global Change Research\" \/>\n<meta property=\"og:description\" content=\"Shallow groundwater and agricultural land management in the Pampas. This figure shows annual transpiration rates in the Argentinean Pampas (circles and lines) under two land uses: perennial alfalfa pasture, widespread until the early nineties, and annual wheat-soybean-maize rotations, the dominant land use today. Transpiration rates (right-hand axis) are higher under pastures than under annual crops [&hellip;]\" \/>\n<meta property=\"og:url\" content=\"https:\/\/iai.int\/en\/alimentos-e-inundaciones\/\" \/>\n<meta property=\"og:site_name\" content=\"IAI - Inter-American Institute for Global Change Research\" \/>\n<meta property=\"article:modified_time\" content=\"2025-06-16T04:19:18+00:00\" \/>\n<meta property=\"og:image\" content=\"https:\/\/iai.int\/admin\/site\/sites\/default\/files\/uploads\/graffff.jpg\" \/>\n<meta name=\"twitter:card\" content=\"summary_large_image\" \/>\n<meta name=\"twitter:label1\" content=\"Est. reading time\" \/>\n\t<meta name=\"twitter:data1\" content=\"5 minutes\" \/>\n<script type=\"application\/ld+json\" class=\"yoast-schema-graph\">{\"@context\":\"https:\\\/\\\/schema.org\",\"@graph\":[{\"@type\":\"WebPage\",\"@id\":\"https:\\\/\\\/iai.int\\\/en\\\/alimentos-e-inundaciones\\\/\",\"url\":\"https:\\\/\\\/iai.int\\\/en\\\/alimentos-e-inundaciones\\\/\",\"name\":\"Food and floods - IAI - Inter-American Institute for Global Change Research\",\"isPartOf\":{\"@id\":\"https:\\\/\\\/iai.int\\\/en\\\/#website\"},\"primaryImageOfPage\":{\"@id\":\"https:\\\/\\\/iai.int\\\/en\\\/alimentos-e-inundaciones\\\/#primaryimage\"},\"image\":{\"@id\":\"https:\\\/\\\/iai.int\\\/en\\\/alimentos-e-inundaciones\\\/#primaryimage\"},\"thumbnailUrl\":\"https:\\\/\\\/iai.int\\\/admin\\\/site\\\/sites\\\/default\\\/files\\\/uploads\\\/graffff.jpg\",\"datePublished\":\"2024-10-08T03:29:42+00:00\",\"dateModified\":\"2025-06-16T04:19:18+00:00\",\"breadcrumb\":{\"@id\":\"https:\\\/\\\/iai.int\\\/en\\\/alimentos-e-inundaciones\\\/#breadcrumb\"},\"inLanguage\":\"en-US\",\"potentialAction\":[{\"@type\":\"ReadAction\",\"target\":[\"https:\\\/\\\/iai.int\\\/en\\\/alimentos-e-inundaciones\\\/\"]}]},{\"@type\":\"ImageObject\",\"inLanguage\":\"en-US\",\"@id\":\"https:\\\/\\\/iai.int\\\/en\\\/alimentos-e-inundaciones\\\/#primaryimage\",\"url\":\"https:\\\/\\\/iai.int\\\/admin\\\/site\\\/sites\\\/default\\\/files\\\/uploads\\\/graffff.jpg\",\"contentUrl\":\"https:\\\/\\\/iai.int\\\/admin\\\/site\\\/sites\\\/default\\\/files\\\/uploads\\\/graffff.jpg\"},{\"@type\":\"BreadcrumbList\",\"@id\":\"https:\\\/\\\/iai.int\\\/en\\\/alimentos-e-inundaciones\\\/#breadcrumb\",\"itemListElement\":[{\"@type\":\"ListItem\",\"position\":1,\"name\":\"Portada\",\"item\":\"https:\\\/\\\/iai.int\\\/en\\\/\"},{\"@type\":\"ListItem\",\"position\":2,\"name\":\"Food and floods\"}]},{\"@type\":\"WebSite\",\"@id\":\"https:\\\/\\\/iai.int\\\/en\\\/#website\",\"url\":\"https:\\\/\\\/iai.int\\\/en\\\/\",\"name\":\"IAI - Inter-American Institute for Global Change Research\",\"description\":\"\",\"publisher\":{\"@id\":\"https:\\\/\\\/iai.int\\\/en\\\/#organization\"},\"potentialAction\":[{\"@type\":\"SearchAction\",\"target\":{\"@type\":\"EntryPoint\",\"urlTemplate\":\"https:\\\/\\\/iai.int\\\/en\\\/?s={search_term_string}\"},\"query-input\":{\"@type\":\"PropertyValueSpecification\",\"valueRequired\":true,\"valueName\":\"search_term_string\"}}],\"inLanguage\":\"en-US\"},{\"@type\":\"Organization\",\"@id\":\"https:\\\/\\\/iai.int\\\/en\\\/#organization\",\"name\":\"IAI - Inter-American Institute for Global Change Research\",\"url\":\"https:\\\/\\\/iai.int\\\/en\\\/\",\"logo\":{\"@type\":\"ImageObject\",\"inLanguage\":\"en-US\",\"@id\":\"https:\\\/\\\/iai.int\\\/en\\\/#\\\/schema\\\/logo\\\/image\\\/\",\"url\":\"https:\\\/\\\/iai.int\\\/wp-content\\\/uploads\\\/2025\\\/11\\\/IAI-logo-English-scaled.png\",\"contentUrl\":\"https:\\\/\\\/iai.int\\\/wp-content\\\/uploads\\\/2025\\\/11\\\/IAI-logo-English-scaled.png\",\"width\":2560,\"height\":985,\"caption\":\"IAI - Inter-American Institute for Global Change Research\"},\"image\":{\"@id\":\"https:\\\/\\\/iai.int\\\/en\\\/#\\\/schema\\\/logo\\\/image\\\/\"}}]}<\/script>\n<!-- \/ Yoast SEO plugin. -->","yoast_head_json":{"title":"Food and floods - IAI - Inter-American Institute for Global Change Research","robots":{"index":"index","follow":"follow","max-snippet":"max-snippet:-1","max-image-preview":"max-image-preview:large","max-video-preview":"max-video-preview:-1"},"canonical":"https:\/\/iai.int\/en\/alimentos-e-inundaciones\/","og_locale":"en_US","og_type":"article","og_title":"Food and floods - IAI - Inter-American Institute for Global Change Research","og_description":"Shallow groundwater and agricultural land management in the Pampas. This figure shows annual transpiration rates in the Argentinean Pampas (circles and lines) under two land uses: perennial alfalfa pasture, widespread until the early nineties, and annual wheat-soybean-maize rotations, the dominant land use today. Transpiration rates (right-hand axis) are higher under pastures than under annual crops [&hellip;]","og_url":"https:\/\/iai.int\/en\/alimentos-e-inundaciones\/","og_site_name":"IAI - Inter-American Institute for Global Change Research","article_modified_time":"2025-06-16T04:19:18+00:00","og_image":[{"url":"https:\/\/iai.int\/admin\/site\/sites\/default\/files\/uploads\/graffff.jpg","type":"","width":"","height":""}],"twitter_card":"summary_large_image","twitter_misc":{"Est. reading time":"5 minutes"},"schema":{"@context":"https:\/\/schema.org","@graph":[{"@type":"WebPage","@id":"https:\/\/iai.int\/en\/alimentos-e-inundaciones\/","url":"https:\/\/iai.int\/en\/alimentos-e-inundaciones\/","name":"Food and floods - IAI - Inter-American Institute for Global Change Research","isPartOf":{"@id":"https:\/\/iai.int\/en\/#website"},"primaryImageOfPage":{"@id":"https:\/\/iai.int\/en\/alimentos-e-inundaciones\/#primaryimage"},"image":{"@id":"https:\/\/iai.int\/en\/alimentos-e-inundaciones\/#primaryimage"},"thumbnailUrl":"https:\/\/iai.int\/admin\/site\/sites\/default\/files\/uploads\/graffff.jpg","datePublished":"2024-10-08T03:29:42+00:00","dateModified":"2025-06-16T04:19:18+00:00","breadcrumb":{"@id":"https:\/\/iai.int\/en\/alimentos-e-inundaciones\/#breadcrumb"},"inLanguage":"en-US","potentialAction":[{"@type":"ReadAction","target":["https:\/\/iai.int\/en\/alimentos-e-inundaciones\/"]}]},{"@type":"ImageObject","inLanguage":"en-US","@id":"https:\/\/iai.int\/en\/alimentos-e-inundaciones\/#primaryimage","url":"https:\/\/iai.int\/admin\/site\/sites\/default\/files\/uploads\/graffff.jpg","contentUrl":"https:\/\/iai.int\/admin\/site\/sites\/default\/files\/uploads\/graffff.jpg"},{"@type":"BreadcrumbList","@id":"https:\/\/iai.int\/en\/alimentos-e-inundaciones\/#breadcrumb","itemListElement":[{"@type":"ListItem","position":1,"name":"Portada","item":"https:\/\/iai.int\/en\/"},{"@type":"ListItem","position":2,"name":"Food and floods"}]},{"@type":"WebSite","@id":"https:\/\/iai.int\/en\/#website","url":"https:\/\/iai.int\/en\/","name":"IAI - Inter-American Institute for Global Change Research","description":"","publisher":{"@id":"https:\/\/iai.int\/en\/#organization"},"potentialAction":[{"@type":"SearchAction","target":{"@type":"EntryPoint","urlTemplate":"https:\/\/iai.int\/en\/?s={search_term_string}"},"query-input":{"@type":"PropertyValueSpecification","valueRequired":true,"valueName":"search_term_string"}}],"inLanguage":"en-US"},{"@type":"Organization","@id":"https:\/\/iai.int\/en\/#organization","name":"IAI - Inter-American Institute for Global Change Research","url":"https:\/\/iai.int\/en\/","logo":{"@type":"ImageObject","inLanguage":"en-US","@id":"https:\/\/iai.int\/en\/#\/schema\/logo\/image\/","url":"https:\/\/iai.int\/wp-content\/uploads\/2025\/11\/IAI-logo-English-scaled.png","contentUrl":"https:\/\/iai.int\/wp-content\/uploads\/2025\/11\/IAI-logo-English-scaled.png","width":2560,"height":985,"caption":"IAI - Inter-American Institute for Global Change Research"},"image":{"@id":"https:\/\/iai.int\/en\/#\/schema\/logo\/image\/"}}]}},"uagb_featured_image_src":{"full":false,"thumbnail":false,"medium":false,"medium_large":false,"large":false,"1536x1536":false,"2048x2048":false},"uagb_author_info":{"display_name":"admin","author_link":"https:\/\/iai.int\/en\/author\/admin\/"},"uagb_comment_info":0,"uagb_excerpt":"Shallow groundwater and agricultural land management in the Pampas. This figure shows annual transpiration rates in the Argentinean Pampas (circles and lines) under two land uses: perennial alfalfa pasture, widespread until the early nineties, and annual wheat-soybean-maize rotations, the dominant land use today. Transpiration rates (right-hand axis) are higher under pastures than under annual crops&hellip;","_links":{"self":[{"href":"https:\/\/iai.int\/en\/wp-json\/wp\/v2\/pages\/1615","targetHints":{"allow":["GET"]}}],"collection":[{"href":"https:\/\/iai.int\/en\/wp-json\/wp\/v2\/pages"}],"about":[{"href":"https:\/\/iai.int\/en\/wp-json\/wp\/v2\/types\/page"}],"author":[{"embeddable":true,"href":"https:\/\/iai.int\/en\/wp-json\/wp\/v2\/users\/1"}],"replies":[{"embeddable":true,"href":"https:\/\/iai.int\/en\/wp-json\/wp\/v2\/comments?post=1615"}],"version-history":[{"count":3,"href":"https:\/\/iai.int\/en\/wp-json\/wp\/v2\/pages\/1615\/revisions"}],"predecessor-version":[{"id":6175,"href":"https:\/\/iai.int\/en\/wp-json\/wp\/v2\/pages\/1615\/revisions\/6175"}],"wp:attachment":[{"href":"https:\/\/iai.int\/en\/wp-json\/wp\/v2\/media?parent=1615"}],"curies":[{"name":"wp","href":"https:\/\/api.w.org\/{rel}","templated":true}]}}