{"id":1606,"date":"2024-10-08T00:11:39","date_gmt":"2024-10-08T03:11:39","guid":{"rendered":"https:\/\/iai.int\/riego-con-agua-subterranea-y-sobreexplotacion-de-acuiferos\/"},"modified":"2024-10-08T00:11:39","modified_gmt":"2024-10-08T03:11:39","slug":"riego-con-agua-subterranea-y-sobreexplotacion-de-acuiferos","status":"publish","type":"page","link":"https:\/\/iai.int\/en\/riego-con-agua-subterranea-y-sobreexplotacion-de-acuiferos\/","title":{"rendered":"Riego con agua subterr\u00e1nea y sobreexplotaci\u00f3n de acu\u00edferos"},"content":{"rendered":"\n<h4 class=\"wp-block-heading\">Riego con agua subterr\u00e1nea y sobreexplotaci\u00f3n de acu\u00edferos<\/h4>\n\n\n\n<p>Manejo local del agua en M\u00e9xico para mitigar el cambio global<\/p>\n\n\n\n<figure class=\"wp-block-image\"><a href=\"https:\/\/iai.int\/admin\/site\/sites\/default\/files\/figure1.jpg\" target=\"_blank\" rel=\"noreferrer noopener\"><img decoding=\"async\" src=\"https:\/\/iai.int\/admin\/site\/sites\/default\/files\/uploads\/2014\/06\/figure_sp.jpg\" alt=\"figure_sp\"\/><\/a><\/figure>\n\n\n\n<p>Foto derecha: Volumen de las concesiones de agua subterr\u00e1nea para uso agr\u00edcola en los municipios de M\u00e9xico.<\/p>\n\n\n\n<p>Foto izquierda: Comparaci\u00f3n de la proporci\u00f3n de uso de aguas subterr\u00e1neas y superficiales para agricultura por municipio, agrupado con sus diez vecinos m\u00e1s cercanos.<\/p>\n\n\n\n<p>En el mapa de M\u00e9xico (arriba) con sus 2.429 municipios se ve que hay grandes t\u00edtulos de agua en el norte y centro del pa\u00eds, especialmente alrededor del Mar de Cort\u00e9s, la pen\u00ednsula de Baja California y las mesetas norcentrales. El mapa inferior compara la relaci\u00f3n entre el uso de aguas subterr\u00e1neas y superficiales en cada uno de los municipios con el de sus diez vecinos m\u00e1s cercanos. En las \u00e1reas rojas, tanto el municipio como sus vecinos utilizan mucha agua subterr\u00e1nea; as\u00ed, la sustituci\u00f3n regional no constituye una opci\u00f3n y el agotamiento del recurso debe administrarse reduciendo la demanda. En las \u00e1reas verdes, los municipios y sus vecinos utilizan relativamente poca agua subterr\u00e1nea y la presi\u00f3n sobre el recurso es baja. En las \u00e1reas amarillas y anaranjadas, el uso de aguas subterr\u00e1neas y superficiales entre municipios vecinos es muy diferente, por lo que hay posibilidades de administrar su provisi\u00f3n mediante transferencias o el ajuste de las asignaciones.<\/p>\n\n\n\n<p><em><strong>La informaci\u00f3n local acerca del agua subterr\u00e1nea y superficial es fundamental para la asignaci\u00f3n de los recursos h\u00eddricos. En M\u00e9xico, los t\u00edtulos de agua subterr\u00e1nea asignados por la Comisi\u00f3n Nacional del Agua son clave para garantizar la disponibilidad futura del recurso para las necesidades humanas y ecosist\u00e9micas. Las relaciones entre usos de agua subterr\u00e1nea y superficial son muy diferentes entre municipios. Datos espaciales en escala municipal permiten a los responsables de pol\u00edticas decidir si la sobreexplotaci\u00f3n del agua subterr\u00e1nea puede abordarse mediante la reasignaci\u00f3n de concesiones o si debe limitarse reduciendo la demanda. Estos mapas, resultantes de investigaciones patrocinadas por el IAI y basados en datos de recursos h\u00eddricos en escala municipal (gratuitos) combinados con otros datos sociales, econ\u00f3micos y ambientales, muestran grupos cr\u00edticos de municipios donde es necesaria una gesti\u00f3n de la demanda.<\/strong><\/em><\/p>\n\n\n\n<h4 class=\"wp-block-heading\">Instant\u00e1neas de la ciencia 9 \u2013 La historia<\/h4>\n\n\n\n<p>En el Norte \u00e1rido y semi\u00e1rido de M\u00e9xico donde la agricultura comercial est\u00e1 generalizada, el agua es escasa y se asignan a los usuarios t\u00edtulos por grandes vol\u00famenes de ese recurso. Se usa cada vez m\u00e1s agua subterr\u00e1nea para compensar la variabilidad en los caudales en superficie causada por el clima y como una fuente a demanda para el riego de cultivos de gran valor para los mercados de EE.UU. y el mundo. En la actualidad, M\u00e9xico utiliza 29 km3 de agua subterr\u00e1nea por a\u00f1o, de los cuales m\u00e1s de dos tercios son para agricultura. El agua subterr\u00e1nea provee dos tercios del agua que utilizan las poblaciones urbanas, la mitad del agua que utiliza la industria y un tercio del agua para agricultura en M\u00e9xico. En algunas partes del pa\u00eds, los recursos h\u00eddricos est\u00e1n severamente sobre-asignados, con el resultante agotamiento de los acu\u00edferos, la degradaci\u00f3n a menudo irreversible de la calidad del agua, la captura de flujos superficiales someros que sostienen h\u00e1bitats ribere\u00f1os y el colapso del recurso, que puede perjudicar a las generaciones futuras.<\/p>\n\n\n\n<p>La Comisi\u00f3n Nacional del Agua actualmente administra los recursos de aguas subterr\u00e1neas utilizando balances entre la provisi\u00f3n (recarga) y la demanda (bombeo) en grandes escalas, de cuencas fluviales y acu\u00edferos. En las mucho m\u00e1s peque\u00f1as escalas de los municipios que forman parte de la cuenca, los mapas muestran grandes diferencias en el nivel de explotaci\u00f3n de aguas subterr\u00e1neas y superficiales. Es decir que los riesgos de sobreexplotaci\u00f3n del agua subterr\u00e1nea y las intervenciones en la gesti\u00f3n var\u00edan entre municipios, por lo que los datos deben brindarse en esa escala. Los investigadores patrocinados por el IAI, Christopher A. Scott y Sandy Dall\u2019erba de la Universidad de Arizona junto con Rolando D\u00edaz Caravantes de la Universidad Aut\u00f3noma de Ciudad J\u00faarez realizaron an\u00e1lisis espaciales de bajo costo utilizando datos en escala municipal, disponibles al p\u00fablico.<\/p>\n\n\n\n<p>El an\u00e1lisis de las cantidades de agua subterr\u00e1nea y superficial utilizadas por si solo no explica por qu\u00e9 los recursos h\u00eddricos se agotan en algunos municipios y no en otros. Sin embargo, cuando se analiza el consumo agr\u00edcola de agua subterr\u00e1nea y superficial en conexi\u00f3n con el volumen y ubicaci\u00f3n de los t\u00edtulos de concesi\u00f3n sobre la base de datos en escala municipal, se identifican lugares espec\u00edficos donde puede gestionarse el uso de aguas superficiales para complementar o sustituir el agua subterr\u00e1nea. Los mapas 1 y 2 muestran esta situaci\u00f3n para los recursos de agua subterr\u00e1nea. Se dispone de mapas similares para aguas superficiales. Las implicaciones para el uso no agr\u00edcola del agua en la actualidad y en el futuro son tambi\u00e9n importantes para la equidad intergeneracional.<\/p>\n\n\n\n<h4 class=\"wp-block-heading\">Lectura adicional<\/h4>\n\n\n\n<p>Christopher A. Scott, Sandy Dall\u2019erba, and Rolando D\u00edaz Caravantes (2010). Groundwater rights in Mexican agriculture: spatial distribution and demographic determinants. The Professional Geographer 62(1): 1-15. Link to this article: <a href=\"http:\/\/dx.doi.org\/10.1080\/00330120903375837\" target=\"_blank\" rel=\"noreferrer noopener\"><strong>http:\/\/dx.doi.org\/10.1080\/00330120903375837<\/strong><\/a><\/p>\n\n\n\n<p><br>Las Instant\u00e1neas de la Ciencia del Cambio Global tienen por objeto informar a las personas relacionadas con el IAI y al p\u00fablico interesado acerca de resultados<br>importantes de investigaciones internacionales realizadas con el auspicio del Instituto.<br>Panel editorial: Christopher Martius, Ione Anderson, Paula Richter, Holm Thiessen<br>Dise\u00f1o: Shadi Ardalan<br>Citar como: IAI (2011): Riego con agua subterr\u00e1nea y sobreexplotaci\u00f3n de acu\u00edferos: Manejo local del agua en M\u00e9xico para amortiguar el cambio global. Instant\u00e1neas de la Ciencia 9<br>Financiado por el IAI, NSF bajo&nbsp;<strong><a href=\"https:\/\/iai.int\/es\/flujo-de-informacion-y-politica-uso-de-diagnosticos-climaticos-y-pronosticos-de-ciclones-para-el-manejo-adaptativo-de-los-recursos-hidricos-ante-incertidumbres-climaticas-en-el-oeste-de-america-del-n\/\" data-type=\"page\" data-id=\"872\">SGP-HD 005<\/a><\/strong><\/p>\n\n\n\n<p><a href=\"http:\/\/udallcenter.arizona.edu\/iai\/espanol.php\" target=\"_blank\" rel=\"noreferrer noopener\"><strong>P\u00e1gina web del proyecto<\/strong><\/a><br><a href=\"https:\/\/iai.int\/admin\/site\/sites\/default\/files\/snapshot9_SP.pdf\" target=\"_blank\" rel=\"noreferrer noopener\"><strong>Bajar PDF<\/strong><\/a><br><a href=\"https:\/\/iai.int\/admin\/site\/sites\/default\/files\/snapshot9_EN.pdf\" target=\"_blank\" rel=\"noreferrer noopener\"><strong>Bajar PDF en ingl\u00e9s<\/strong><\/a><\/p>\n","protected":false},"excerpt":{"rendered":"<p>Riego con agua subterr\u00e1nea y sobreexplotaci\u00f3n de acu\u00edferos Manejo local del agua en M\u00e9xico para mitigar el cambio global Foto derecha: Volumen de las concesiones de agua subterr\u00e1nea para uso agr\u00edcola en los municipios de M\u00e9xico. Foto izquierda: Comparaci\u00f3n de la proporci\u00f3n de uso de aguas subterr\u00e1neas y superficiales para agricultura por municipio, agrupado con [&hellip;]<\/p>\n","protected":false},"author":1,"featured_media":0,"parent":0,"menu_order":0,"comment_status":"closed","ping_status":"closed","template":"","meta":{"_acf_changed":false,"_uag_custom_page_level_css":"","footnotes":""},"class_list":["post-1606","page","type-page","status-publish","hentry"],"acf":[],"yoast_head":"<!-- This site is optimized with the Yoast SEO plugin v27.3 - https:\/\/yoast.com\/product\/yoast-seo-wordpress\/ -->\n<title>Riego con agua subterr\u00e1nea y sobreexplotaci\u00f3n de acu\u00edferos - IAI - Inter-American Institute for Global Change Research<\/title>\n<meta name=\"robots\" content=\"index, follow, max-snippet:-1, max-image-preview:large, max-video-preview:-1\" \/>\n<link rel=\"canonical\" href=\"https:\/\/iai.int\/en\/riego-con-agua-subterranea-y-sobreexplotacion-de-acuiferos\/\" \/>\n<meta property=\"og:locale\" content=\"en_US\" \/>\n<meta property=\"og:type\" content=\"article\" \/>\n<meta property=\"og:title\" content=\"Riego con agua subterr\u00e1nea y sobreexplotaci\u00f3n de acu\u00edferos - IAI - Inter-American Institute for Global Change Research\" \/>\n<meta property=\"og:description\" content=\"Riego con agua subterr\u00e1nea y sobreexplotaci\u00f3n de acu\u00edferos Manejo local del agua en M\u00e9xico para mitigar el cambio global Foto derecha: Volumen de las concesiones de agua subterr\u00e1nea para uso agr\u00edcola en los municipios de M\u00e9xico. Foto izquierda: Comparaci\u00f3n de la proporci\u00f3n de uso de aguas subterr\u00e1neas y superficiales para agricultura por municipio, agrupado con [&hellip;]\" \/>\n<meta property=\"og:url\" content=\"https:\/\/iai.int\/en\/riego-con-agua-subterranea-y-sobreexplotacion-de-acuiferos\/\" \/>\n<meta property=\"og:site_name\" content=\"IAI - Inter-American Institute for Global Change Research\" \/>\n<meta property=\"og:image\" content=\"https:\/\/iai.int\/admin\/site\/sites\/default\/files\/uploads\/2014\/06\/figure_sp.jpg\" \/>\n<meta name=\"twitter:card\" content=\"summary_large_image\" \/>\n<meta name=\"twitter:label1\" content=\"Est. reading time\" \/>\n\t<meta name=\"twitter:data1\" content=\"5 minutes\" \/>\n<script type=\"application\/ld+json\" class=\"yoast-schema-graph\">{\"@context\":\"https:\\\/\\\/schema.org\",\"@graph\":[{\"@type\":\"WebPage\",\"@id\":\"https:\\\/\\\/iai.int\\\/en\\\/riego-con-agua-subterranea-y-sobreexplotacion-de-acuiferos\\\/\",\"url\":\"https:\\\/\\\/iai.int\\\/en\\\/riego-con-agua-subterranea-y-sobreexplotacion-de-acuiferos\\\/\",\"name\":\"Riego con agua subterr\u00e1nea y sobreexplotaci\u00f3n de acu\u00edferos - IAI - Inter-American Institute for Global Change Research\",\"isPartOf\":{\"@id\":\"https:\\\/\\\/iai.int\\\/en\\\/#website\"},\"primaryImageOfPage\":{\"@id\":\"https:\\\/\\\/iai.int\\\/en\\\/riego-con-agua-subterranea-y-sobreexplotacion-de-acuiferos\\\/#primaryimage\"},\"image\":{\"@id\":\"https:\\\/\\\/iai.int\\\/en\\\/riego-con-agua-subterranea-y-sobreexplotacion-de-acuiferos\\\/#primaryimage\"},\"thumbnailUrl\":\"https:\\\/\\\/iai.int\\\/admin\\\/site\\\/sites\\\/default\\\/files\\\/uploads\\\/2014\\\/06\\\/figure_sp.jpg\",\"datePublished\":\"2024-10-08T03:11:39+00:00\",\"breadcrumb\":{\"@id\":\"https:\\\/\\\/iai.int\\\/en\\\/riego-con-agua-subterranea-y-sobreexplotacion-de-acuiferos\\\/#breadcrumb\"},\"inLanguage\":\"en-US\",\"potentialAction\":[{\"@type\":\"ReadAction\",\"target\":[\"https:\\\/\\\/iai.int\\\/en\\\/riego-con-agua-subterranea-y-sobreexplotacion-de-acuiferos\\\/\"]}]},{\"@type\":\"ImageObject\",\"inLanguage\":\"en-US\",\"@id\":\"https:\\\/\\\/iai.int\\\/en\\\/riego-con-agua-subterranea-y-sobreexplotacion-de-acuiferos\\\/#primaryimage\",\"url\":\"https:\\\/\\\/iai.int\\\/admin\\\/site\\\/sites\\\/default\\\/files\\\/uploads\\\/2014\\\/06\\\/figure_sp.jpg\",\"contentUrl\":\"https:\\\/\\\/iai.int\\\/admin\\\/site\\\/sites\\\/default\\\/files\\\/uploads\\\/2014\\\/06\\\/figure_sp.jpg\"},{\"@type\":\"BreadcrumbList\",\"@id\":\"https:\\\/\\\/iai.int\\\/en\\\/riego-con-agua-subterranea-y-sobreexplotacion-de-acuiferos\\\/#breadcrumb\",\"itemListElement\":[{\"@type\":\"ListItem\",\"position\":1,\"name\":\"Portada\",\"item\":\"https:\\\/\\\/iai.int\\\/en\\\/\"},{\"@type\":\"ListItem\",\"position\":2,\"name\":\"Riego con agua subterr\u00e1nea y sobreexplotaci\u00f3n de acu\u00edferos\"}]},{\"@type\":\"WebSite\",\"@id\":\"https:\\\/\\\/iai.int\\\/en\\\/#website\",\"url\":\"https:\\\/\\\/iai.int\\\/en\\\/\",\"name\":\"IAI - Inter-American Institute for Global Change Research\",\"description\":\"\",\"publisher\":{\"@id\":\"https:\\\/\\\/iai.int\\\/en\\\/#organization\"},\"potentialAction\":[{\"@type\":\"SearchAction\",\"target\":{\"@type\":\"EntryPoint\",\"urlTemplate\":\"https:\\\/\\\/iai.int\\\/en\\\/?s={search_term_string}\"},\"query-input\":{\"@type\":\"PropertyValueSpecification\",\"valueRequired\":true,\"valueName\":\"search_term_string\"}}],\"inLanguage\":\"en-US\"},{\"@type\":\"Organization\",\"@id\":\"https:\\\/\\\/iai.int\\\/en\\\/#organization\",\"name\":\"IAI - Inter-American Institute for Global Change Research\",\"url\":\"https:\\\/\\\/iai.int\\\/en\\\/\",\"logo\":{\"@type\":\"ImageObject\",\"inLanguage\":\"en-US\",\"@id\":\"https:\\\/\\\/iai.int\\\/en\\\/#\\\/schema\\\/logo\\\/image\\\/\",\"url\":\"https:\\\/\\\/iai.int\\\/wp-content\\\/uploads\\\/2025\\\/11\\\/IAI-logo-English-scaled.png\",\"contentUrl\":\"https:\\\/\\\/iai.int\\\/wp-content\\\/uploads\\\/2025\\\/11\\\/IAI-logo-English-scaled.png\",\"width\":2560,\"height\":985,\"caption\":\"IAI - Inter-American Institute for Global Change Research\"},\"image\":{\"@id\":\"https:\\\/\\\/iai.int\\\/en\\\/#\\\/schema\\\/logo\\\/image\\\/\"}}]}<\/script>\n<!-- \/ Yoast SEO plugin. -->","yoast_head_json":{"title":"Riego con agua subterr\u00e1nea y sobreexplotaci\u00f3n de acu\u00edferos - IAI - Inter-American Institute for Global Change Research","robots":{"index":"index","follow":"follow","max-snippet":"max-snippet:-1","max-image-preview":"max-image-preview:large","max-video-preview":"max-video-preview:-1"},"canonical":"https:\/\/iai.int\/en\/riego-con-agua-subterranea-y-sobreexplotacion-de-acuiferos\/","og_locale":"en_US","og_type":"article","og_title":"Riego con agua subterr\u00e1nea y sobreexplotaci\u00f3n de acu\u00edferos - IAI - Inter-American Institute for Global Change Research","og_description":"Riego con agua subterr\u00e1nea y sobreexplotaci\u00f3n de acu\u00edferos Manejo local del agua en M\u00e9xico para mitigar el cambio global Foto derecha: Volumen de las concesiones de agua subterr\u00e1nea para uso agr\u00edcola en los municipios de M\u00e9xico. Foto izquierda: Comparaci\u00f3n de la proporci\u00f3n de uso de aguas subterr\u00e1neas y superficiales para agricultura por municipio, agrupado con [&hellip;]","og_url":"https:\/\/iai.int\/en\/riego-con-agua-subterranea-y-sobreexplotacion-de-acuiferos\/","og_site_name":"IAI - Inter-American Institute for Global Change Research","og_image":[{"url":"https:\/\/iai.int\/admin\/site\/sites\/default\/files\/uploads\/2014\/06\/figure_sp.jpg","type":"","width":"","height":""}],"twitter_card":"summary_large_image","twitter_misc":{"Est. reading time":"5 minutes"},"schema":{"@context":"https:\/\/schema.org","@graph":[{"@type":"WebPage","@id":"https:\/\/iai.int\/en\/riego-con-agua-subterranea-y-sobreexplotacion-de-acuiferos\/","url":"https:\/\/iai.int\/en\/riego-con-agua-subterranea-y-sobreexplotacion-de-acuiferos\/","name":"Riego con agua subterr\u00e1nea y sobreexplotaci\u00f3n de acu\u00edferos - IAI - Inter-American Institute for Global Change Research","isPartOf":{"@id":"https:\/\/iai.int\/en\/#website"},"primaryImageOfPage":{"@id":"https:\/\/iai.int\/en\/riego-con-agua-subterranea-y-sobreexplotacion-de-acuiferos\/#primaryimage"},"image":{"@id":"https:\/\/iai.int\/en\/riego-con-agua-subterranea-y-sobreexplotacion-de-acuiferos\/#primaryimage"},"thumbnailUrl":"https:\/\/iai.int\/admin\/site\/sites\/default\/files\/uploads\/2014\/06\/figure_sp.jpg","datePublished":"2024-10-08T03:11:39+00:00","breadcrumb":{"@id":"https:\/\/iai.int\/en\/riego-con-agua-subterranea-y-sobreexplotacion-de-acuiferos\/#breadcrumb"},"inLanguage":"en-US","potentialAction":[{"@type":"ReadAction","target":["https:\/\/iai.int\/en\/riego-con-agua-subterranea-y-sobreexplotacion-de-acuiferos\/"]}]},{"@type":"ImageObject","inLanguage":"en-US","@id":"https:\/\/iai.int\/en\/riego-con-agua-subterranea-y-sobreexplotacion-de-acuiferos\/#primaryimage","url":"https:\/\/iai.int\/admin\/site\/sites\/default\/files\/uploads\/2014\/06\/figure_sp.jpg","contentUrl":"https:\/\/iai.int\/admin\/site\/sites\/default\/files\/uploads\/2014\/06\/figure_sp.jpg"},{"@type":"BreadcrumbList","@id":"https:\/\/iai.int\/en\/riego-con-agua-subterranea-y-sobreexplotacion-de-acuiferos\/#breadcrumb","itemListElement":[{"@type":"ListItem","position":1,"name":"Portada","item":"https:\/\/iai.int\/en\/"},{"@type":"ListItem","position":2,"name":"Riego con agua subterr\u00e1nea y sobreexplotaci\u00f3n de acu\u00edferos"}]},{"@type":"WebSite","@id":"https:\/\/iai.int\/en\/#website","url":"https:\/\/iai.int\/en\/","name":"IAI - Inter-American Institute for Global Change Research","description":"","publisher":{"@id":"https:\/\/iai.int\/en\/#organization"},"potentialAction":[{"@type":"SearchAction","target":{"@type":"EntryPoint","urlTemplate":"https:\/\/iai.int\/en\/?s={search_term_string}"},"query-input":{"@type":"PropertyValueSpecification","valueRequired":true,"valueName":"search_term_string"}}],"inLanguage":"en-US"},{"@type":"Organization","@id":"https:\/\/iai.int\/en\/#organization","name":"IAI - Inter-American Institute for Global Change Research","url":"https:\/\/iai.int\/en\/","logo":{"@type":"ImageObject","inLanguage":"en-US","@id":"https:\/\/iai.int\/en\/#\/schema\/logo\/image\/","url":"https:\/\/iai.int\/wp-content\/uploads\/2025\/11\/IAI-logo-English-scaled.png","contentUrl":"https:\/\/iai.int\/wp-content\/uploads\/2025\/11\/IAI-logo-English-scaled.png","width":2560,"height":985,"caption":"IAI - Inter-American Institute for Global Change Research"},"image":{"@id":"https:\/\/iai.int\/en\/#\/schema\/logo\/image\/"}}]}},"uagb_featured_image_src":{"full":false,"thumbnail":false,"medium":false,"medium_large":false,"large":false,"1536x1536":false,"2048x2048":false},"uagb_author_info":{"display_name":"admin","author_link":"https:\/\/iai.int\/en\/author\/admin\/"},"uagb_comment_info":0,"uagb_excerpt":"Riego con agua subterr\u00e1nea y sobreexplotaci\u00f3n de acu\u00edferos Manejo local del agua en M\u00e9xico para mitigar el cambio global Foto derecha: Volumen de las concesiones de agua subterr\u00e1nea para uso agr\u00edcola en los municipios de M\u00e9xico. Foto izquierda: Comparaci\u00f3n de la proporci\u00f3n de uso de aguas subterr\u00e1neas y superficiales para agricultura por municipio, agrupado con&hellip;","_links":{"self":[{"href":"https:\/\/iai.int\/en\/wp-json\/wp\/v2\/pages\/1606","targetHints":{"allow":["GET"]}}],"collection":[{"href":"https:\/\/iai.int\/en\/wp-json\/wp\/v2\/pages"}],"about":[{"href":"https:\/\/iai.int\/en\/wp-json\/wp\/v2\/types\/page"}],"author":[{"embeddable":true,"href":"https:\/\/iai.int\/en\/wp-json\/wp\/v2\/users\/1"}],"replies":[{"embeddable":true,"href":"https:\/\/iai.int\/en\/wp-json\/wp\/v2\/comments?post=1606"}],"version-history":[{"count":0,"href":"https:\/\/iai.int\/en\/wp-json\/wp\/v2\/pages\/1606\/revisions"}],"wp:attachment":[{"href":"https:\/\/iai.int\/en\/wp-json\/wp\/v2\/media?parent=1606"}],"curies":[{"name":"wp","href":"https:\/\/api.w.org\/{rel}","templated":true}]}}