{"id":12797,"date":"2026-01-08T10:03:12","date_gmt":"2026-01-08T15:03:12","guid":{"rendered":"https:\/\/iai.int\/?page_id=12797"},"modified":"2026-01-08T10:57:18","modified_gmt":"2026-01-08T15:57:18","slug":"10th-meeting-of-the-conference-of-the-parties","status":"publish","type":"page","link":"https:\/\/iai.int\/en\/10th-meeting-of-the-conference-of-the-parties\/","title":{"rendered":"10th meeting of the Conference of the Parties"},"content":{"rendered":"\n<p>Financial Statement EC-16 (<a href=\"https:\/\/archive.iai.int\/admin\/site\/sites\/default\/files\/10_FinStatapEC16.pdf\" target=\"_blank\" rel=\"noreferrer noopener\">ingl\u00e9s<\/a>)<br>Programa anual (<a href=\"https:\/\/archive.iai.int\/admin\/site\/sites\/default\/files\/11_AnnProg_SP_Ap.pdf\" target=\"_blank\" rel=\"noreferrer noopener\">espa\u00f1ol<\/a>\u00a0\u2013\u00a0<a href=\"https:\/\/archive.iai.int\/admin\/site\/sites\/default\/files\/11_AnnProg_Ap.pdf\" target=\"_blank\" rel=\"noreferrer noopener\">ingl\u00e9s<\/a>)<br>SCRP (<a href=\"https:\/\/archive.iai.int\/admin\/site\/sites\/default\/files\/12_SCRP_Ap_SP.pdf\" target=\"_blank\" rel=\"noreferrer noopener\">espa\u00f1ol<\/a>\u00a0\u2013\u00a0<a href=\"https:\/\/archive.iai.int\/admin\/site\/sites\/default\/files\/12_SCRP_AP.pdf\" target=\"_blank\" rel=\"noreferrer noopener\">ingl\u00e9s<\/a>)<br>Addendum 1 Document 13 (<a href=\"https:\/\/archive.iai.int\/admin\/site\/sites\/default\/files\/13_FAWG-addendum_1_AP_SP.pdf\" target=\"_blank\" rel=\"noreferrer noopener\">espa\u00f1ol<\/a>\u00a0\u2013\u00a0<a href=\"https:\/\/archive.iai.int\/admin\/site\/sites\/default\/files\/13_FAWG-addendum_1_AP.pdf\" target=\"_blank\" rel=\"noreferrer noopener\">ingl\u00e9s<\/a>)<br>Addendum 2 Document 13 (<a href=\"https:\/\/archive.iai.int\/admin\/site\/sites\/default\/files\/13_FAWG-addendum_2_SP.pdf\" target=\"_blank\" rel=\"noreferrer noopener\">espa\u00f1ol<\/a>\u00a0\u2013\u00a0<a href=\"https:\/\/archive.iai.int\/admin\/site\/sites\/default\/files\/13_FAWG-addendum_2.pdf\" target=\"_blank\" rel=\"noreferrer noopener\">ingl\u00e9s<\/a>)<br>CE-17 &amp; CoP-10 (<a href=\"https:\/\/archive.iai.int\/admin\/site\/sites\/default\/files\/14_ECBureau-SP_notAP.pdf\" target=\"_blank\" rel=\"noreferrer noopener\">espa\u00f1ol<\/a>\u00a0\u2013\u00a0<a href=\"https:\/\/archive.iai.int\/admin\/site\/sites\/default\/files\/14_ECBureau_notAP_.pdf\" target=\"_blank\" rel=\"noreferrer noopener\">ingl\u00e9s<\/a>)<br>Agenda del CE (<a href=\"https:\/\/archive.iai.int\/admin\/site\/sites\/default\/files\/1_ECAgenda_Ap_SP.pdf\" target=\"_blank\" rel=\"noreferrer noopener\">espa\u00f1ol<\/a>\u00a0\u2013<a href=\"https:\/\/archive.iai.int\/admin\/site\/sites\/default\/files\/1_ECAgenda_Ap.pdf\" target=\"_blank\" rel=\"noreferrer noopener\">ingl\u00e9s<\/a>)<br>Agenda de la CoP (<a href=\"https:\/\/archive.iai.int\/admin\/site\/sites\/default\/files\/2_CoPAgenda_Ap_SP.pdf\" target=\"_blank\" rel=\"noreferrer noopener\">espa\u00f1ol<\/a>\u00a0\u2013\u00a0<a href=\"https:\/\/archive.iai.int\/admin\/site\/sites\/default\/files\/2_CoPAgenda_Ap.pdf\" target=\"_blank\" rel=\"noreferrer noopener\">ingl\u00e9s<\/a>)<br>CE-16 (<a href=\"https:\/\/archive.iai.int\/admin\/site\/sites\/default\/files\/3_EC16_Ap_Sp.pdf\" target=\"_blank\" rel=\"noreferrer noopener\">espa\u00f1ol<\/a>\u00a0\u2013\u00a0<a href=\"https:\/\/archive.iai.int\/admin\/site\/sites\/default\/files\/3_EC16_Ap.pdf\" target=\"_blank\" rel=\"noreferrer noopener\">ingl\u00e9s<\/a>)<br>CoP-9<br>CE-17 &amp; CoP-10 June 2-5, 2003 Boulder, USA (<a href=\"https:\/\/archive.iai.int\/admin\/site\/sites\/default\/files\/6_DirRep-SP.pdf\" target=\"_blank\" rel=\"noreferrer noopener\">espa\u00f1ol<\/a>\u00a0\u2013\u00a0<a href=\"https:\/\/archive.iai.int\/admin\/site\/sites\/default\/files\/6_DirRep-2.pdf\" target=\"_blank\" rel=\"noreferrer noopener\">ingl\u00e9s<\/a>)<br>Addendum (<a href=\"https:\/\/archive.iai.int\/admin\/site\/sites\/default\/files\/6_addendum.pdf\" target=\"_blank\" rel=\"noreferrer noopener\">ingl\u00e9s<\/a>)<br>SAC-18 (<a href=\"https:\/\/archive.iai.int\/admin\/site\/sites\/default\/files\/7_SACXVIII.pdf\" target=\"_blank\" rel=\"noreferrer noopener\">ingl\u00e9s<\/a>\u00a0\u2013\u00a0<a href=\"https:\/\/archive.iai.int\/admin\/site\/sites\/default\/files\/7_SACXVIII-SP.pdf\" target=\"_blank\" rel=\"noreferrer noopener\">espa\u00f1ol<\/a>)<br>Addendum (<a href=\"https:\/\/archive.iai.int\/admin\/site\/sites\/default\/files\/7_addendum-SP_AP.pdf\" target=\"_blank\" rel=\"noreferrer noopener\">espa\u00f1ol<\/a>\u00a0\u2013\u00a0<a href=\"https:\/\/archive.iai.int\/admin\/site\/sites\/default\/files\/7_addendum_AP.pdf\" target=\"_blank\" rel=\"noreferrer noopener\">ingl\u00e9s<\/a>)<br>CRN (<a href=\"https:\/\/archive.iai.int\/admin\/site\/sites\/default\/files\/8_CRN.pdf\" target=\"_blank\" rel=\"noreferrer noopener\">ingl\u00e9s<\/a>)<br>Core Budget Request (<a href=\"https:\/\/archive.iai.int\/admin\/site\/sites\/default\/files\/9_CoreBudgetRequest_SP_AP.pdf\" target=\"_blank\" rel=\"noreferrer noopener\">espa\u00f1ol<\/a>\u00a0\u2013\u00a0<a href=\"https:\/\/archive.iai.int\/admin\/site\/sites\/default\/files\/9_CoreBudgetRequest_AP.pdf\" target=\"_blank\" rel=\"noreferrer noopener\">ingl\u00e9s<\/a>)<br>Addendum (<a href=\"https:\/\/archive.iai.int\/admin\/site\/sites\/default\/files\/9_addendum.pdf\" target=\"_blank\" rel=\"noreferrer noopener\">ingl\u00e9s<\/a>)<br>Draft Agenda (<a href=\"https:\/\/archive.iai.int\/admin\/site\/sites\/default\/files\/9th-Draft-Agenda.rtf.pdf\" target=\"_blank\" rel=\"noreferrer noopener\">ingl\u00e9s<\/a>)<\/p>\n","protected":false},"excerpt":{"rendered":"<p>Financial Statement EC-16 (ingl\u00e9s)Programa anual (espa\u00f1ol\u00a0\u2013\u00a0ingl\u00e9s)SCRP (espa\u00f1ol\u00a0\u2013\u00a0ingl\u00e9s)Addendum 1 Document 13 (espa\u00f1ol\u00a0\u2013\u00a0ingl\u00e9s)Addendum 2 Document 13 (espa\u00f1ol\u00a0\u2013\u00a0ingl\u00e9s)CE-17 &amp; CoP-10 (espa\u00f1ol\u00a0\u2013\u00a0ingl\u00e9s)Agenda del CE (espa\u00f1ol\u00a0\u2013ingl\u00e9s)Agenda de la CoP (espa\u00f1ol\u00a0\u2013\u00a0ingl\u00e9s)CE-16 (espa\u00f1ol\u00a0\u2013\u00a0ingl\u00e9s)CoP-9CE-17 &amp; CoP-10 June 2-5, 2003 Boulder, USA (espa\u00f1ol\u00a0\u2013\u00a0ingl\u00e9s)Addendum (ingl\u00e9s)SAC-18 (ingl\u00e9s\u00a0\u2013\u00a0espa\u00f1ol)Addendum (espa\u00f1ol\u00a0\u2013\u00a0ingl\u00e9s)CRN (ingl\u00e9s)Core Budget Request (espa\u00f1ol\u00a0\u2013\u00a0ingl\u00e9s)Addendum (ingl\u00e9s)Draft Agenda (ingl\u00e9s)<\/p>\n","protected":false},"author":9,"featured_media":12448,"parent":0,"menu_order":0,"comment_status":"closed","ping_status":"closed","template":"","meta":{"_acf_changed":false,"_uag_custom_page_level_css":"","footnotes":""},"class_list":["post-12797","page","type-page","status-publish","has-post-thumbnail","hentry"],"acf":[],"yoast_head":"<!-- This site is optimized with the Yoast SEO plugin v27.3 - https:\/\/yoast.com\/product\/yoast-seo-wordpress\/ -->\n<title>10th meeting of the Conference of the Parties - IAI - Inter-American Institute for Global Change Research<\/title>\n<meta name=\"robots\" content=\"index, follow, max-snippet:-1, max-image-preview:large, max-video-preview:-1\" \/>\n<link rel=\"canonical\" href=\"https:\/\/iai.int\/en\/10th-meeting-of-the-conference-of-the-parties\/\" \/>\n<meta property=\"og:locale\" content=\"en_US\" \/>\n<meta property=\"og:type\" content=\"article\" \/>\n<meta property=\"og:title\" content=\"10th meeting of the Conference of the Parties - IAI - Inter-American Institute for Global Change Research\" \/>\n<meta property=\"og:description\" content=\"Financial Statement EC-16 (ingl\u00e9s)Programa anual (espa\u00f1ol\u00a0\u2013\u00a0ingl\u00e9s)SCRP (espa\u00f1ol\u00a0\u2013\u00a0ingl\u00e9s)Addendum 1 Document 13 (espa\u00f1ol\u00a0\u2013\u00a0ingl\u00e9s)Addendum 2 Document 13 (espa\u00f1ol\u00a0\u2013\u00a0ingl\u00e9s)CE-17 &amp; CoP-10 (espa\u00f1ol\u00a0\u2013\u00a0ingl\u00e9s)Agenda del CE (espa\u00f1ol\u00a0\u2013ingl\u00e9s)Agenda de la CoP (espa\u00f1ol\u00a0\u2013\u00a0ingl\u00e9s)CE-16 (espa\u00f1ol\u00a0\u2013\u00a0ingl\u00e9s)CoP-9CE-17 &amp; CoP-10 June 2-5, 2003 Boulder, USA (espa\u00f1ol\u00a0\u2013\u00a0ingl\u00e9s)Addendum (ingl\u00e9s)SAC-18 (ingl\u00e9s\u00a0\u2013\u00a0espa\u00f1ol)Addendum (espa\u00f1ol\u00a0\u2013\u00a0ingl\u00e9s)CRN (ingl\u00e9s)Core Budget Request (espa\u00f1ol\u00a0\u2013\u00a0ingl\u00e9s)Addendum (ingl\u00e9s)Draft Agenda (ingl\u00e9s)\" \/>\n<meta property=\"og:url\" content=\"https:\/\/iai.int\/en\/10th-meeting-of-the-conference-of-the-parties\/\" \/>\n<meta property=\"og:site_name\" content=\"IAI - Inter-American Institute for Global Change Research\" \/>\n<meta property=\"article:modified_time\" content=\"2026-01-08T15:57:18+00:00\" \/>\n<meta property=\"og:image\" content=\"https:\/\/iai.int\/wp-content\/uploads\/2026\/01\/14.png\" \/>\n\t<meta property=\"og:image:width\" content=\"1772\" \/>\n\t<meta property=\"og:image:height\" content=\"551\" \/>\n\t<meta property=\"og:image:type\" content=\"image\/png\" \/>\n<meta name=\"twitter:card\" content=\"summary_large_image\" \/>\n<script type=\"application\/ld+json\" class=\"yoast-schema-graph\">{\"@context\":\"https:\\\/\\\/schema.org\",\"@graph\":[{\"@type\":\"WebPage\",\"@id\":\"https:\\\/\\\/iai.int\\\/en\\\/10th-meeting-of-the-conference-of-the-parties\\\/\",\"url\":\"https:\\\/\\\/iai.int\\\/en\\\/10th-meeting-of-the-conference-of-the-parties\\\/\",\"name\":\"10th meeting of the Conference of the Parties - IAI - Inter-American Institute for Global Change Research\",\"isPartOf\":{\"@id\":\"https:\\\/\\\/iai.int\\\/en\\\/#website\"},\"primaryImageOfPage\":{\"@id\":\"https:\\\/\\\/iai.int\\\/en\\\/10th-meeting-of-the-conference-of-the-parties\\\/#primaryimage\"},\"image\":{\"@id\":\"https:\\\/\\\/iai.int\\\/en\\\/10th-meeting-of-the-conference-of-the-parties\\\/#primaryimage\"},\"thumbnailUrl\":\"https:\\\/\\\/iai.int\\\/wp-content\\\/uploads\\\/2026\\\/01\\\/14.png\",\"datePublished\":\"2026-01-08T15:03:12+00:00\",\"dateModified\":\"2026-01-08T15:57:18+00:00\",\"breadcrumb\":{\"@id\":\"https:\\\/\\\/iai.int\\\/en\\\/10th-meeting-of-the-conference-of-the-parties\\\/#breadcrumb\"},\"inLanguage\":\"en-US\",\"potentialAction\":[{\"@type\":\"ReadAction\",\"target\":[\"https:\\\/\\\/iai.int\\\/en\\\/10th-meeting-of-the-conference-of-the-parties\\\/\"]}]},{\"@type\":\"ImageObject\",\"inLanguage\":\"en-US\",\"@id\":\"https:\\\/\\\/iai.int\\\/en\\\/10th-meeting-of-the-conference-of-the-parties\\\/#primaryimage\",\"url\":\"https:\\\/\\\/iai.int\\\/wp-content\\\/uploads\\\/2026\\\/01\\\/14.png\",\"contentUrl\":\"https:\\\/\\\/iai.int\\\/wp-content\\\/uploads\\\/2026\\\/01\\\/14.png\",\"width\":1772,\"height\":551},{\"@type\":\"BreadcrumbList\",\"@id\":\"https:\\\/\\\/iai.int\\\/en\\\/10th-meeting-of-the-conference-of-the-parties\\\/#breadcrumb\",\"itemListElement\":[{\"@type\":\"ListItem\",\"position\":1,\"name\":\"Portada\",\"item\":\"https:\\\/\\\/iai.int\\\/en\\\/\"},{\"@type\":\"ListItem\",\"position\":2,\"name\":\"10th meeting of the Conference of the Parties\"}]},{\"@type\":\"WebSite\",\"@id\":\"https:\\\/\\\/iai.int\\\/en\\\/#website\",\"url\":\"https:\\\/\\\/iai.int\\\/en\\\/\",\"name\":\"IAI - Inter-American Institute for Global Change Research\",\"description\":\"\",\"publisher\":{\"@id\":\"https:\\\/\\\/iai.int\\\/en\\\/#organization\"},\"potentialAction\":[{\"@type\":\"SearchAction\",\"target\":{\"@type\":\"EntryPoint\",\"urlTemplate\":\"https:\\\/\\\/iai.int\\\/en\\\/?s={search_term_string}\"},\"query-input\":{\"@type\":\"PropertyValueSpecification\",\"valueRequired\":true,\"valueName\":\"search_term_string\"}}],\"inLanguage\":\"en-US\"},{\"@type\":\"Organization\",\"@id\":\"https:\\\/\\\/iai.int\\\/en\\\/#organization\",\"name\":\"IAI - Inter-American Institute for Global Change Research\",\"url\":\"https:\\\/\\\/iai.int\\\/en\\\/\",\"logo\":{\"@type\":\"ImageObject\",\"inLanguage\":\"en-US\",\"@id\":\"https:\\\/\\\/iai.int\\\/en\\\/#\\\/schema\\\/logo\\\/image\\\/\",\"url\":\"https:\\\/\\\/iai.int\\\/wp-content\\\/uploads\\\/2025\\\/11\\\/IAI-logo-English-scaled.png\",\"contentUrl\":\"https:\\\/\\\/iai.int\\\/wp-content\\\/uploads\\\/2025\\\/11\\\/IAI-logo-English-scaled.png\",\"width\":2560,\"height\":985,\"caption\":\"IAI - Inter-American Institute for Global Change Research\"},\"image\":{\"@id\":\"https:\\\/\\\/iai.int\\\/en\\\/#\\\/schema\\\/logo\\\/image\\\/\"}}]}<\/script>\n<!-- \/ Yoast SEO plugin. -->","yoast_head_json":{"title":"10th meeting of the Conference of the Parties - IAI - Inter-American Institute for Global Change Research","robots":{"index":"index","follow":"follow","max-snippet":"max-snippet:-1","max-image-preview":"max-image-preview:large","max-video-preview":"max-video-preview:-1"},"canonical":"https:\/\/iai.int\/en\/10th-meeting-of-the-conference-of-the-parties\/","og_locale":"en_US","og_type":"article","og_title":"10th meeting of the Conference of the Parties - IAI - Inter-American Institute for Global Change Research","og_description":"Financial Statement EC-16 (ingl\u00e9s)Programa anual (espa\u00f1ol\u00a0\u2013\u00a0ingl\u00e9s)SCRP (espa\u00f1ol\u00a0\u2013\u00a0ingl\u00e9s)Addendum 1 Document 13 (espa\u00f1ol\u00a0\u2013\u00a0ingl\u00e9s)Addendum 2 Document 13 (espa\u00f1ol\u00a0\u2013\u00a0ingl\u00e9s)CE-17 &amp; CoP-10 (espa\u00f1ol\u00a0\u2013\u00a0ingl\u00e9s)Agenda del CE (espa\u00f1ol\u00a0\u2013ingl\u00e9s)Agenda de la CoP (espa\u00f1ol\u00a0\u2013\u00a0ingl\u00e9s)CE-16 (espa\u00f1ol\u00a0\u2013\u00a0ingl\u00e9s)CoP-9CE-17 &amp; CoP-10 June 2-5, 2003 Boulder, USA (espa\u00f1ol\u00a0\u2013\u00a0ingl\u00e9s)Addendum (ingl\u00e9s)SAC-18 (ingl\u00e9s\u00a0\u2013\u00a0espa\u00f1ol)Addendum (espa\u00f1ol\u00a0\u2013\u00a0ingl\u00e9s)CRN (ingl\u00e9s)Core Budget Request (espa\u00f1ol\u00a0\u2013\u00a0ingl\u00e9s)Addendum (ingl\u00e9s)Draft Agenda (ingl\u00e9s)","og_url":"https:\/\/iai.int\/en\/10th-meeting-of-the-conference-of-the-parties\/","og_site_name":"IAI - Inter-American Institute for Global Change Research","article_modified_time":"2026-01-08T15:57:18+00:00","og_image":[{"width":1772,"height":551,"url":"https:\/\/iai.int\/wp-content\/uploads\/2026\/01\/14.png","type":"image\/png"}],"twitter_card":"summary_large_image","schema":{"@context":"https:\/\/schema.org","@graph":[{"@type":"WebPage","@id":"https:\/\/iai.int\/en\/10th-meeting-of-the-conference-of-the-parties\/","url":"https:\/\/iai.int\/en\/10th-meeting-of-the-conference-of-the-parties\/","name":"10th meeting of the Conference of the Parties - IAI - Inter-American Institute for Global Change Research","isPartOf":{"@id":"https:\/\/iai.int\/en\/#website"},"primaryImageOfPage":{"@id":"https:\/\/iai.int\/en\/10th-meeting-of-the-conference-of-the-parties\/#primaryimage"},"image":{"@id":"https:\/\/iai.int\/en\/10th-meeting-of-the-conference-of-the-parties\/#primaryimage"},"thumbnailUrl":"https:\/\/iai.int\/wp-content\/uploads\/2026\/01\/14.png","datePublished":"2026-01-08T15:03:12+00:00","dateModified":"2026-01-08T15:57:18+00:00","breadcrumb":{"@id":"https:\/\/iai.int\/en\/10th-meeting-of-the-conference-of-the-parties\/#breadcrumb"},"inLanguage":"en-US","potentialAction":[{"@type":"ReadAction","target":["https:\/\/iai.int\/en\/10th-meeting-of-the-conference-of-the-parties\/"]}]},{"@type":"ImageObject","inLanguage":"en-US","@id":"https:\/\/iai.int\/en\/10th-meeting-of-the-conference-of-the-parties\/#primaryimage","url":"https:\/\/iai.int\/wp-content\/uploads\/2026\/01\/14.png","contentUrl":"https:\/\/iai.int\/wp-content\/uploads\/2026\/01\/14.png","width":1772,"height":551},{"@type":"BreadcrumbList","@id":"https:\/\/iai.int\/en\/10th-meeting-of-the-conference-of-the-parties\/#breadcrumb","itemListElement":[{"@type":"ListItem","position":1,"name":"Portada","item":"https:\/\/iai.int\/en\/"},{"@type":"ListItem","position":2,"name":"10th meeting of the Conference of the Parties"}]},{"@type":"WebSite","@id":"https:\/\/iai.int\/en\/#website","url":"https:\/\/iai.int\/en\/","name":"IAI - Inter-American Institute for Global Change Research","description":"","publisher":{"@id":"https:\/\/iai.int\/en\/#organization"},"potentialAction":[{"@type":"SearchAction","target":{"@type":"EntryPoint","urlTemplate":"https:\/\/iai.int\/en\/?s={search_term_string}"},"query-input":{"@type":"PropertyValueSpecification","valueRequired":true,"valueName":"search_term_string"}}],"inLanguage":"en-US"},{"@type":"Organization","@id":"https:\/\/iai.int\/en\/#organization","name":"IAI - Inter-American Institute for Global Change Research","url":"https:\/\/iai.int\/en\/","logo":{"@type":"ImageObject","inLanguage":"en-US","@id":"https:\/\/iai.int\/en\/#\/schema\/logo\/image\/","url":"https:\/\/iai.int\/wp-content\/uploads\/2025\/11\/IAI-logo-English-scaled.png","contentUrl":"https:\/\/iai.int\/wp-content\/uploads\/2025\/11\/IAI-logo-English-scaled.png","width":2560,"height":985,"caption":"IAI - Inter-American Institute for Global Change Research"},"image":{"@id":"https:\/\/iai.int\/en\/#\/schema\/logo\/image\/"}}]}},"uagb_featured_image_src":{"full":["https:\/\/iai.int\/wp-content\/uploads\/2026\/01\/14.png",1772,551,false],"thumbnail":["https:\/\/iai.int\/wp-content\/uploads\/2026\/01\/14-150x150.png",150,150,true],"medium":["https:\/\/iai.int\/wp-content\/uploads\/2026\/01\/14-300x93.png",300,93,true],"medium_large":["https:\/\/iai.int\/wp-content\/uploads\/2026\/01\/14-768x239.png",768,239,true],"large":["https:\/\/iai.int\/wp-content\/uploads\/2026\/01\/14-1024x318.png",800,248,true],"1536x1536":["https:\/\/iai.int\/wp-content\/uploads\/2026\/01\/14-1536x478.png",1536,478,true],"2048x2048":["https:\/\/iai.int\/wp-content\/uploads\/2026\/01\/14.png",1772,551,false]},"uagb_author_info":{"display_name":"IAI Communication","author_link":"https:\/\/iai.int\/en\/author\/iai-communication\/"},"uagb_comment_info":0,"uagb_excerpt":"Financial Statement EC-16 (ingl\u00e9s)Programa anual (espa\u00f1ol\u00a0\u2013\u00a0ingl\u00e9s)SCRP (espa\u00f1ol\u00a0\u2013\u00a0ingl\u00e9s)Addendum 1 Document 13 (espa\u00f1ol\u00a0\u2013\u00a0ingl\u00e9s)Addendum 2 Document 13 (espa\u00f1ol\u00a0\u2013\u00a0ingl\u00e9s)CE-17 &amp; CoP-10 (espa\u00f1ol\u00a0\u2013\u00a0ingl\u00e9s)Agenda del CE (espa\u00f1ol\u00a0\u2013ingl\u00e9s)Agenda de la CoP (espa\u00f1ol\u00a0\u2013\u00a0ingl\u00e9s)CE-16 (espa\u00f1ol\u00a0\u2013\u00a0ingl\u00e9s)CoP-9CE-17 &amp; CoP-10 June 2-5, 2003 Boulder, USA (espa\u00f1ol\u00a0\u2013\u00a0ingl\u00e9s)Addendum (ingl\u00e9s)SAC-18 (ingl\u00e9s\u00a0\u2013\u00a0espa\u00f1ol)Addendum (espa\u00f1ol\u00a0\u2013\u00a0ingl\u00e9s)CRN (ingl\u00e9s)Core Budget Request (espa\u00f1ol\u00a0\u2013\u00a0ingl\u00e9s)Addendum (ingl\u00e9s)Draft Agenda (ingl\u00e9s)","_links":{"self":[{"href":"https:\/\/iai.int\/en\/wp-json\/wp\/v2\/pages\/12797","targetHints":{"allow":["GET"]}}],"collection":[{"href":"https:\/\/iai.int\/en\/wp-json\/wp\/v2\/pages"}],"about":[{"href":"https:\/\/iai.int\/en\/wp-json\/wp\/v2\/types\/page"}],"author":[{"embeddable":true,"href":"https:\/\/iai.int\/en\/wp-json\/wp\/v2\/users\/9"}],"replies":[{"embeddable":true,"href":"https:\/\/iai.int\/en\/wp-json\/wp\/v2\/comments?post=12797"}],"version-history":[{"count":2,"href":"https:\/\/iai.int\/en\/wp-json\/wp\/v2\/pages\/12797\/revisions"}],"predecessor-version":[{"id":12815,"href":"https:\/\/iai.int\/en\/wp-json\/wp\/v2\/pages\/12797\/revisions\/12815"}],"wp:featuredmedia":[{"embeddable":true,"href":"https:\/\/iai.int\/en\/wp-json\/wp\/v2\/media\/12448"}],"wp:attachment":[{"href":"https:\/\/iai.int\/en\/wp-json\/wp\/v2\/media?parent=12797"}],"curies":[{"name":"wp","href":"https:\/\/api.w.org\/{rel}","templated":true}]}}