{"id":11302,"date":"2025-11-13T16:00:30","date_gmt":"2025-11-13T21:00:30","guid":{"rendered":"https:\/\/iai.int\/?page_id=11302"},"modified":"2025-11-13T17:17:37","modified_gmt":"2025-11-13T22:17:37","slug":"step-news","status":"publish","type":"page","link":"https:\/\/iai.int\/en\/step-fellowship\/step-news\/","title":{"rendered":"Cohorte Programa STeP 2025\u20132027: Biodiversidad y Bioeconom\u00eda"},"content":{"rendered":"\n<p><strong>Lanzamiento:<\/strong> 13 de noviembre de 2025<br><strong>Enfoque tem\u00e1tico:<\/strong> Biodiversidad y Bioeconom\u00eda<br><strong>Pa\u00edses representados:<\/strong> Argentina, Colombia, Panam\u00e1, Estados Unidos<br><strong>No. of fellows:<\/strong> 7<br><strong>Host institutions:<\/strong> 7<\/p>\n\n\n\n<p>El Programa de <em>Fellowship<\/em> <strong>Science, Technology and Policy (STeP)<\/strong> del IAI forma a profesionales en etapas iniciales y medias de carrera para trabajar en la intersecci\u00f3n entre ciencia y pol\u00edticas p\u00fablicas. La cohorte 2025\u20132027 es la primera con un <strong>foco tem\u00e1tico dedicado<\/strong> en <strong>biodiversidad y bioeconom\u00eda<\/strong>, en respuesta a la demanda de los gobiernos y organizaciones socias por fortalecer la asesor\u00eda cient\u00edfica en \u00e1reas de alta relevancia socioambiental.<\/p>\n\n\n\n<p>Los <em>fellows<\/em> combinan formaci\u00f3n en diplomacia cient\u00edfica, comunicaci\u00f3n de la ciencia, liderazgo y enfoques transdisciplinarios con estancias en instituciones gubernamentales y de I+D de las Am\u00e9ricas. El IAI acompa\u00f1a a las instituciones anfitrionas para alinear los proyectos con marcos nacionales e internacionales (FAO, IICA, CEPAL, IPCC), fortalecer capacidades en indicadores de bioeconom\u00eda, promover el monitoreo en la gesti\u00f3n p\u00fablica e impulsar la recolecci\u00f3n local de datos con retroalimentaci\u00f3n interactiva.<\/p>\n\n\n\n<h2 class=\"wp-block-heading\"><strong>Fellows 2025\u20132027<\/strong><\/h2>\n\n\n\n<div class=\"wp-block-media-text is-stacked-on-mobile\" style=\"grid-template-columns:19% auto\"><figure class=\"wp-block-media-text__media\"><img fetchpriority=\"high\" decoding=\"async\" width=\"1024\" height=\"1024\" src=\"https:\/\/iai.int\/wp-content\/uploads\/2025\/11\/1-2-1024x1024.png\" alt=\"\" class=\"wp-image-11309 size-full\" srcset=\"https:\/\/iai.int\/wp-content\/uploads\/2025\/11\/1-2-1024x1024.png 1024w, https:\/\/iai.int\/wp-content\/uploads\/2025\/11\/1-2-300x300.png 300w, https:\/\/iai.int\/wp-content\/uploads\/2025\/11\/1-2-150x150.png 150w, https:\/\/iai.int\/wp-content\/uploads\/2025\/11\/1-2-768x768.png 768w, https:\/\/iai.int\/wp-content\/uploads\/2025\/11\/1-2.png 1080w\" sizes=\"(max-width: 1024px) 100vw, 1024px\" \/><\/figure><div class=\"wp-block-media-text__content\">\n<p><strong>Carolina Chong Montenegro (Panam\u00e1)<\/strong><\/p>\n\n\n\n<p><strong>Instituci\u00f3n anfitriona:<\/strong> Smithsonian Tropical Research Institute (STRI)<\/p>\n\n\n\n<p><strong>Perfil:<\/strong> Ec\u00f3loga especializada en manejo de recursos marinos tropicales. Su trabajo integra ciencia y pol\u00edtica para promover la pesca sostenible, que equilibre valor ecol\u00f3gico y econ\u00f3mico, con \u00e9nfasis en especies clave y en la toma de decisiones informada por evidencia.<\/p>\n<\/div><\/div>\n\n\n\n<div class=\"wp-block-media-text is-stacked-on-mobile\" style=\"grid-template-columns:19% auto\"><figure class=\"wp-block-media-text__media\"><img decoding=\"async\" width=\"1024\" height=\"1024\" src=\"http:\/\/iai.int\/wp-content\/uploads\/2025\/11\/3-1024x1024.png\" alt=\"\" class=\"wp-image-11284 size-full\" srcset=\"https:\/\/iai.int\/wp-content\/uploads\/2025\/11\/3-1024x1024.png 1024w, https:\/\/iai.int\/wp-content\/uploads\/2025\/11\/3-300x300.png 300w, https:\/\/iai.int\/wp-content\/uploads\/2025\/11\/3-150x150.png 150w, https:\/\/iai.int\/wp-content\/uploads\/2025\/11\/3-768x768.png 768w, https:\/\/iai.int\/wp-content\/uploads\/2025\/11\/3.png 1080w\" sizes=\"(max-width: 1024px) 100vw, 1024px\" \/><\/figure><div class=\"wp-block-media-text__content\">\n<p><strong><strong>Sara Gonzalez <strong>(United States)<\/strong><\/strong><\/strong><\/p>\n\n\n\n<p><strong>Instituci\u00f3n anfitriona:<\/strong> AAAS \/ U.S. Department of Energy (DOE)<br><strong>Perfil:<\/strong> AAAS Science &amp; Technology Policy Fellow con doctorado en ecolog\u00eda y evoluci\u00f3n. Experiencia en gobernanza de datos, biodiversidad y servicios ecosist\u00e9micos, as\u00ed como v\u00ednculos acad\u00e9micos con Am\u00e9rica Latina (ex becaria Fulbright en Chile). Inter\u00e9s en pol\u00edticas p\u00fablicas basadas en evidencia y ciencia de datos para decisiones ambientales.<\/p>\n<\/div><\/div>\n\n\n\n<div class=\"wp-block-media-text is-stacked-on-mobile\" style=\"grid-template-columns:19% auto\"><figure class=\"wp-block-media-text__media\"><img decoding=\"async\" width=\"1024\" height=\"1024\" src=\"http:\/\/iai.int\/wp-content\/uploads\/2025\/11\/2-1024x1024.png\" alt=\"\" class=\"wp-image-11286 size-full\" srcset=\"https:\/\/iai.int\/wp-content\/uploads\/2025\/11\/2-1024x1024.png 1024w, https:\/\/iai.int\/wp-content\/uploads\/2025\/11\/2-300x300.png 300w, https:\/\/iai.int\/wp-content\/uploads\/2025\/11\/2-150x150.png 150w, https:\/\/iai.int\/wp-content\/uploads\/2025\/11\/2-768x768.png 768w, https:\/\/iai.int\/wp-content\/uploads\/2025\/11\/2.png 1080w\" sizes=\"(max-width: 1024px) 100vw, 1024px\" \/><\/figure><div class=\"wp-block-media-text__content\">\n<p><strong><strong>Aymer Andr\u00e9s V\u00e1squez Ord\u00f3\u00f1ez (Argentina)<\/strong><\/strong><\/p>\n\n\n\n<p><strong>Instituci\u00f3n anfitriona:<\/strong> Instituto de Ecolog\u00eda Regional (IER) UNT-CONICET y CREA<\/p>\n\n\n\n<p><strong>Perfil:<\/strong> Bi\u00f3logo, PhD en Ciencias Biol\u00f3gicas. Investiga biodiversidad y servicios ecosist\u00e9micos aplicados a manejo y conservaci\u00f3n. Experiencia en trabajo de campo, publicaciones cient\u00edficas, divulgaci\u00f3n y articulaci\u00f3n con el sector productivo para soluciones basadas en la naturaleza.<\/p>\n<\/div><\/div>\n\n\n\n<div class=\"wp-block-media-text is-stacked-on-mobile\" style=\"grid-template-columns:19% auto\"><figure class=\"wp-block-media-text__media\"><img loading=\"lazy\" decoding=\"async\" width=\"1080\" height=\"1080\" src=\"http:\/\/iai.int\/wp-content\/uploads\/2025\/11\/4-1024x1024.png\" alt=\"\" class=\"wp-image-11288 size-full\" srcset=\"https:\/\/iai.int\/wp-content\/uploads\/2025\/11\/4-1024x1024.png 1024w, https:\/\/iai.int\/wp-content\/uploads\/2025\/11\/4-300x300.png 300w, https:\/\/iai.int\/wp-content\/uploads\/2025\/11\/4-150x150.png 150w, https:\/\/iai.int\/wp-content\/uploads\/2025\/11\/4-768x768.png 768w, https:\/\/iai.int\/wp-content\/uploads\/2025\/11\/4.png 1080w\" sizes=\"(max-width: 1080px) 100vw, 1080px\" \/><\/figure><div class=\"wp-block-media-text__content\">\n<p><strong><strong>Manuela Montoya Castrill\u00f3n (Colombia)<\/strong><\/strong><\/p>\n\n\n\n<p><strong>Instituci\u00f3n anfitriona:<\/strong> Instituto de Investigaci\u00f3n de Recursos Biol\u00f3gicos Alexander von Humboldt (IAvH)<\/p>\n\n\n\n<p><strong>Perfil:<\/strong> Ingeniera bioqu\u00edmica con maestr\u00eda en procesos y productos sostenibles. Experiencia en bioeconom\u00eda, gesti\u00f3n de proyectos e integraci\u00f3n de actores del ecosistema de ciencia, tecnolog\u00eda e innovaci\u00f3n (CTI). Enfoque en el dise\u00f1o de pol\u00edticas y herramientas para el uso sostenible de la biodiversidad.<\/p>\n<\/div><\/div>\n\n\n\n<div class=\"wp-block-media-text is-stacked-on-mobile\" style=\"grid-template-columns:19% auto\"><figure class=\"wp-block-media-text__media\"><img loading=\"lazy\" decoding=\"async\" width=\"1024\" height=\"1024\" src=\"http:\/\/iai.int\/wp-content\/uploads\/2025\/11\/5-1024x1024.png\" alt=\"\" class=\"wp-image-11290 size-full\" srcset=\"https:\/\/iai.int\/wp-content\/uploads\/2025\/11\/5-1024x1024.png 1024w, https:\/\/iai.int\/wp-content\/uploads\/2025\/11\/5-300x300.png 300w, https:\/\/iai.int\/wp-content\/uploads\/2025\/11\/5-150x150.png 150w, https:\/\/iai.int\/wp-content\/uploads\/2025\/11\/5-768x768.png 768w, https:\/\/iai.int\/wp-content\/uploads\/2025\/11\/5.png 1080w\" sizes=\"(max-width: 1024px) 100vw, 1024px\" \/><\/figure><div class=\"wp-block-media-text__content\">\n<p><strong><strong>Gonzalo Mart\u00edn Rivelli (Argentina)<\/strong><\/strong><\/p>\n\n\n\n<p><strong>Instituci\u00f3n anfitriona:<\/strong> CREA-CONICET y FAUBA<\/p>\n\n\n\n<p><strong>Perfil:<\/strong> Ingeniero agr\u00f3nomo (FAUBA) con trayectoria en eco-fisiolog\u00eda de cultivos y manejo sustentable. Experiencia posdoctoral cofinanciada por CONICET y CREA. Inter\u00e9s en indicadores y m\u00e9tricas para bioeconom\u00eda agropecuaria y evaluaci\u00f3n del impacto de pr\u00e1cticas de manejo en distintos ambientes.<\/p>\n<\/div><\/div>\n\n\n\n<div class=\"wp-block-media-text is-stacked-on-mobile\" style=\"grid-template-columns:19% auto\"><figure class=\"wp-block-media-text__media\"><img loading=\"lazy\" decoding=\"async\" width=\"1024\" height=\"1024\" src=\"http:\/\/iai.int\/wp-content\/uploads\/2025\/11\/6-1024x1024.png\" alt=\"\" class=\"wp-image-11292 size-full\" srcset=\"https:\/\/iai.int\/wp-content\/uploads\/2025\/11\/6-1024x1024.png 1024w, https:\/\/iai.int\/wp-content\/uploads\/2025\/11\/6-300x300.png 300w, https:\/\/iai.int\/wp-content\/uploads\/2025\/11\/6-150x150.png 150w, https:\/\/iai.int\/wp-content\/uploads\/2025\/11\/6-768x768.png 768w, https:\/\/iai.int\/wp-content\/uploads\/2025\/11\/6.png 1080w\" sizes=\"(max-width: 1024px) 100vw, 1024px\" \/><\/figure><div class=\"wp-block-media-text__content\">\n<p><strong><strong>Mar\u00eda Agustina Iglesias (Argentina)<\/strong><\/strong><\/p>\n\n\n\n<p><strong>Instituci\u00f3n anfitriona:<\/strong> CONICET-CREA<\/p>\n\n\n\n<p><strong>Perfil:<\/strong> Ingeniera agr\u00f3noma y doctora en ciencias agropecuarias. Investiga agricultura resiliente al clima, con experiencia en d\u00e9ficit h\u00eddrico y calentamiento en cultivos le\u00f1osos (p. ej., olivo). Aporta una mirada de adaptaci\u00f3n al cambio clim\u00e1tico y eficiencia en el uso de recursos h\u00eddricos.<\/p>\n<\/div><\/div>\n\n\n\n<div class=\"wp-block-media-text is-stacked-on-mobile\" style=\"grid-template-columns:19% auto\"><figure class=\"wp-block-media-text__media\"><img loading=\"lazy\" decoding=\"async\" width=\"1024\" height=\"1024\" src=\"http:\/\/iai.int\/wp-content\/uploads\/2025\/11\/7-1024x1024.png\" alt=\"\" class=\"wp-image-11294 size-full\" srcset=\"https:\/\/iai.int\/wp-content\/uploads\/2025\/11\/7-1024x1024.png 1024w, https:\/\/iai.int\/wp-content\/uploads\/2025\/11\/7-300x300.png 300w, https:\/\/iai.int\/wp-content\/uploads\/2025\/11\/7-150x150.png 150w, https:\/\/iai.int\/wp-content\/uploads\/2025\/11\/7-768x768.png 768w, https:\/\/iai.int\/wp-content\/uploads\/2025\/11\/7.png 1080w\" sizes=\"(max-width: 1024px) 100vw, 1024px\" \/><\/figure><div class=\"wp-block-media-text__content\">\n<p><strong><strong>Benjamin Gerstner <strong><strong>(Estados Unidos)<\/strong><\/strong><\/strong><\/strong><\/p>\n\n\n\n<p><strong>Instituci\u00f3n anfitriona:<\/strong> American Association for the Advancement of Science (AAAS)<\/p>\n\n\n\n<p><strong>Perfil:<\/strong> AAAS Science &amp; Technology Policy Fellow con formaci\u00f3n en ecolog\u00eda y biolog\u00eda evolutiva, y trayectoria en neurociencia y ciencia de datos. Trabaja en pol\u00edticas cient\u00edficas basadas en evidencia, integraci\u00f3n de datos y s\u00edntesis de conocimiento para fortalecer la toma de decisiones.<\/p>\n<\/div><\/div>\n\n\n\n<h2 class=\"wp-block-heading\"><strong>Mentores de la cohorte<\/strong><\/h2>\n\n\n\n<ul class=\"wp-block-list\">\n<li><strong>Ediner Fuentes<\/strong> \u2014 SENACYT Panam\u00e1 \u00a0<br><\/li>\n\n\n\n<li><strong>Pilar Useche<\/strong> \u2014 University of Florida, Center for Latin American Studies, Tropical Conservation &amp; Development Program \u00a0<br><\/li>\n\n\n\n<li><strong>Carlos Joly<\/strong> \u2014 UNICAMP (Brasil), Brazilian Platform on Biodiversity and Ecosystem Services (BPBES) \u00a0<br><\/li>\n\n\n\n<li><strong>Sebasti\u00e1n Riera<\/strong> \u2014 INTA (Argentina)\u00a0<br><\/li>\n\n\n\n<li><strong>Red LATAM de Bioeconom\u00eda<\/strong> \u2014 <a href=\"https:\/\/bioeconomialatam.net\/\">https:\/\/bioeconomialatam.net\/<br><\/a><\/li>\n<\/ul>\n\n\n\n<h2 class=\"wp-block-heading\"><strong>L\u00edneas de trabajo de la cohorte<\/strong><\/h2>\n\n\n\n<ul class=\"wp-block-list\">\n<li><strong>Biodiversidad para pol\u00edticas p\u00fablicas:<\/strong> monitoreo, indicadores e integraci\u00f3n de evidencia en instrumentos de gesti\u00f3n.<br><\/li>\n\n\n\n<li><strong>Bioeconom\u00eda con enfoque territorial:<\/strong> cadenas de valor sostenibles, innovaci\u00f3n y agregaci\u00f3n de valor basada en biodiversidad.<br><\/li>\n\n\n\n<li><strong>Ciencia de datos para la decisi\u00f3n:<\/strong> gobernanza, interoperabilidad y uso responsable de datos ambientales.<br><\/li>\n\n\n\n<li><strong>Articulaci\u00f3n ciencia-pol\u00edticas-sociedad:<\/strong> diplomacia cient\u00edfica, comunicaci\u00f3n p\u00fablica y cocreaci\u00f3n con actores locales.<br><\/li>\n<\/ul>\n\n\n\n<h2 class=\"wp-block-heading\"><strong>Instituciones anfitrionas<\/strong><\/h2>\n\n\n\n<ul class=\"wp-block-list\">\n<li>Instituto Smithsoniano de Investigaciones Tropicales (STRI) \u2013 Panam\u00e1<br><\/li>\n\n\n\n<li>Asociaci\u00f3n Estadounidense para el Avance de la Ciencia (AAAS) \/ Departamento de Energ\u00eda (DOE) \u2013 Estados Unidos<br><\/li>\n\n\n\n<li>Instituto de Ecolog\u00eda Regional (IER) UNT-CONICET y CREA \u2013 Argentina<br><\/li>\n\n\n\n<li>Instituto de Investigaci\u00f3n de Recursos Biol\u00f3gicos Alexander von Humboldt (IAvH) \u2013 Colombia<br><\/li>\n\n\n\n<li>CREA-CONICET y FAUBA \u2013 Argentina<br><\/li>\n\n\n\n<li>CONICET-CREA \u2013 Argentina<br><\/li>\n<\/ul>\n\n\n\n<h3 class=\"wp-block-heading\"><strong>Contacto<\/strong><\/h3>\n\n\n\n<p>Escriba a <a href=\"mailto:step@dir.iai.int\">step@dir.iai.int<\/a> si necesita m\u00e1s informaci\u00f3n.<\/p>\n","protected":false},"excerpt":{"rendered":"<p>Lanzamiento: 13 de noviembre de 2025Enfoque tem\u00e1tico: Biodiversidad y Bioeconom\u00edaPa\u00edses representados: Argentina, Colombia, Panam\u00e1, Estados UnidosNo. of fellows: 7Host institutions: 7 El Programa de Fellowship Science, Technology and Policy (STeP) del IAI forma a profesionales en etapas iniciales y medias de carrera para trabajar en la intersecci\u00f3n entre ciencia y pol\u00edticas p\u00fablicas. La cohorte 2025\u20132027 [&hellip;]<\/p>\n","protected":false},"author":9,"featured_media":11306,"parent":1733,"menu_order":0,"comment_status":"closed","ping_status":"closed","template":"","meta":{"_acf_changed":false,"_uag_custom_page_level_css":"","footnotes":""},"class_list":["post-11302","page","type-page","status-publish","has-post-thumbnail","hentry"],"acf":[],"yoast_head":"<!-- This site is optimized with the Yoast SEO plugin v27.3 - https:\/\/yoast.com\/product\/yoast-seo-wordpress\/ -->\n<title>Cohorte Programa STeP 2025\u20132027: Biodiversidad y Bioeconom\u00eda - IAI - Inter-American Institute for Global Change Research<\/title>\n<meta name=\"robots\" content=\"index, follow, max-snippet:-1, max-image-preview:large, max-video-preview:-1\" \/>\n<link rel=\"canonical\" href=\"https:\/\/iai.int\/en\/step-fellowship\/step-news\/\" \/>\n<meta property=\"og:locale\" content=\"en_US\" \/>\n<meta property=\"og:type\" content=\"article\" \/>\n<meta property=\"og:title\" content=\"Cohorte Programa STeP 2025\u20132027: Biodiversidad y Bioeconom\u00eda - IAI - Inter-American Institute for Global Change Research\" \/>\n<meta property=\"og:description\" content=\"Lanzamiento: 13 de noviembre de 2025Enfoque tem\u00e1tico: Biodiversidad y Bioeconom\u00edaPa\u00edses representados: Argentina, Colombia, Panam\u00e1, Estados UnidosNo. of fellows: 7Host institutions: 7 El Programa de Fellowship Science, Technology and Policy (STeP) del IAI forma a profesionales en etapas iniciales y medias de carrera para trabajar en la intersecci\u00f3n entre ciencia y pol\u00edticas p\u00fablicas. La cohorte 2025\u20132027 [&hellip;]\" \/>\n<meta property=\"og:url\" content=\"https:\/\/iai.int\/en\/step-fellowship\/step-news\/\" \/>\n<meta property=\"og:site_name\" content=\"IAI - Inter-American Institute for Global Change Research\" \/>\n<meta property=\"article:modified_time\" content=\"2025-11-13T22:17:37+00:00\" \/>\n<meta property=\"og:image\" content=\"https:\/\/iai.int\/wp-content\/uploads\/2025\/11\/NEW-New-STeP-Fellowship-Cohort.png\" \/>\n\t<meta property=\"og:image:width\" content=\"1772\" \/>\n\t<meta property=\"og:image:height\" content=\"551\" \/>\n\t<meta property=\"og:image:type\" content=\"image\/png\" \/>\n<meta name=\"twitter:card\" content=\"summary_large_image\" \/>\n<meta name=\"twitter:label1\" content=\"Est. reading time\" \/>\n\t<meta name=\"twitter:data1\" content=\"4 minutes\" \/>\n<script type=\"application\/ld+json\" class=\"yoast-schema-graph\">{\"@context\":\"https:\\\/\\\/schema.org\",\"@graph\":[{\"@type\":\"WebPage\",\"@id\":\"https:\\\/\\\/iai.int\\\/en\\\/step-fellowship\\\/step-news\\\/\",\"url\":\"https:\\\/\\\/iai.int\\\/en\\\/step-fellowship\\\/step-news\\\/\",\"name\":\"Cohorte Programa STeP 2025\u20132027: Biodiversidad y Bioeconom\u00eda - IAI - Inter-American Institute for Global Change Research\",\"isPartOf\":{\"@id\":\"https:\\\/\\\/iai.int\\\/en\\\/#website\"},\"primaryImageOfPage\":{\"@id\":\"https:\\\/\\\/iai.int\\\/en\\\/step-fellowship\\\/step-news\\\/#primaryimage\"},\"image\":{\"@id\":\"https:\\\/\\\/iai.int\\\/en\\\/step-fellowship\\\/step-news\\\/#primaryimage\"},\"thumbnailUrl\":\"https:\\\/\\\/iai.int\\\/wp-content\\\/uploads\\\/2025\\\/11\\\/NEW-New-STeP-Fellowship-Cohort.png\",\"datePublished\":\"2025-11-13T21:00:30+00:00\",\"dateModified\":\"2025-11-13T22:17:37+00:00\",\"breadcrumb\":{\"@id\":\"https:\\\/\\\/iai.int\\\/en\\\/step-fellowship\\\/step-news\\\/#breadcrumb\"},\"inLanguage\":\"en-US\",\"potentialAction\":[{\"@type\":\"ReadAction\",\"target\":[\"https:\\\/\\\/iai.int\\\/en\\\/step-fellowship\\\/step-news\\\/\"]}]},{\"@type\":\"ImageObject\",\"inLanguage\":\"en-US\",\"@id\":\"https:\\\/\\\/iai.int\\\/en\\\/step-fellowship\\\/step-news\\\/#primaryimage\",\"url\":\"https:\\\/\\\/iai.int\\\/wp-content\\\/uploads\\\/2025\\\/11\\\/NEW-New-STeP-Fellowship-Cohort.png\",\"contentUrl\":\"https:\\\/\\\/iai.int\\\/wp-content\\\/uploads\\\/2025\\\/11\\\/NEW-New-STeP-Fellowship-Cohort.png\",\"width\":1772,\"height\":551},{\"@type\":\"BreadcrumbList\",\"@id\":\"https:\\\/\\\/iai.int\\\/en\\\/step-fellowship\\\/step-news\\\/#breadcrumb\",\"itemListElement\":[{\"@type\":\"ListItem\",\"position\":1,\"name\":\"Portada\",\"item\":\"https:\\\/\\\/iai.int\\\/en\\\/\"},{\"@type\":\"ListItem\",\"position\":2,\"name\":\"STeP Fellowship\",\"item\":\"https:\\\/\\\/iai.int\\\/en\\\/step-fellowship\\\/\"},{\"@type\":\"ListItem\",\"position\":3,\"name\":\"Cohorte Programa STeP 2025\u20132027: Biodiversidad y Bioeconom\u00eda\"}]},{\"@type\":\"WebSite\",\"@id\":\"https:\\\/\\\/iai.int\\\/en\\\/#website\",\"url\":\"https:\\\/\\\/iai.int\\\/en\\\/\",\"name\":\"IAI - Inter-American Institute for Global Change Research\",\"description\":\"\",\"publisher\":{\"@id\":\"https:\\\/\\\/iai.int\\\/en\\\/#organization\"},\"potentialAction\":[{\"@type\":\"SearchAction\",\"target\":{\"@type\":\"EntryPoint\",\"urlTemplate\":\"https:\\\/\\\/iai.int\\\/en\\\/?s={search_term_string}\"},\"query-input\":{\"@type\":\"PropertyValueSpecification\",\"valueRequired\":true,\"valueName\":\"search_term_string\"}}],\"inLanguage\":\"en-US\"},{\"@type\":\"Organization\",\"@id\":\"https:\\\/\\\/iai.int\\\/en\\\/#organization\",\"name\":\"IAI - Inter-American Institute for Global Change Research\",\"url\":\"https:\\\/\\\/iai.int\\\/en\\\/\",\"logo\":{\"@type\":\"ImageObject\",\"inLanguage\":\"en-US\",\"@id\":\"https:\\\/\\\/iai.int\\\/en\\\/#\\\/schema\\\/logo\\\/image\\\/\",\"url\":\"https:\\\/\\\/iai.int\\\/wp-content\\\/uploads\\\/2025\\\/11\\\/IAI-logo-English-scaled.png\",\"contentUrl\":\"https:\\\/\\\/iai.int\\\/wp-content\\\/uploads\\\/2025\\\/11\\\/IAI-logo-English-scaled.png\",\"width\":2560,\"height\":985,\"caption\":\"IAI - Inter-American Institute for Global Change Research\"},\"image\":{\"@id\":\"https:\\\/\\\/iai.int\\\/en\\\/#\\\/schema\\\/logo\\\/image\\\/\"}}]}<\/script>\n<!-- \/ Yoast SEO plugin. -->","yoast_head_json":{"title":"Cohorte Programa STeP 2025\u20132027: Biodiversidad y Bioeconom\u00eda - IAI - Inter-American Institute for Global Change Research","robots":{"index":"index","follow":"follow","max-snippet":"max-snippet:-1","max-image-preview":"max-image-preview:large","max-video-preview":"max-video-preview:-1"},"canonical":"https:\/\/iai.int\/en\/step-fellowship\/step-news\/","og_locale":"en_US","og_type":"article","og_title":"Cohorte Programa STeP 2025\u20132027: Biodiversidad y Bioeconom\u00eda - IAI - Inter-American Institute for Global Change Research","og_description":"Lanzamiento: 13 de noviembre de 2025Enfoque tem\u00e1tico: Biodiversidad y Bioeconom\u00edaPa\u00edses representados: Argentina, Colombia, Panam\u00e1, Estados UnidosNo. of fellows: 7Host institutions: 7 El Programa de Fellowship Science, Technology and Policy (STeP) del IAI forma a profesionales en etapas iniciales y medias de carrera para trabajar en la intersecci\u00f3n entre ciencia y pol\u00edticas p\u00fablicas. La cohorte 2025\u20132027 [&hellip;]","og_url":"https:\/\/iai.int\/en\/step-fellowship\/step-news\/","og_site_name":"IAI - Inter-American Institute for Global Change Research","article_modified_time":"2025-11-13T22:17:37+00:00","og_image":[{"width":1772,"height":551,"url":"https:\/\/iai.int\/wp-content\/uploads\/2025\/11\/NEW-New-STeP-Fellowship-Cohort.png","type":"image\/png"}],"twitter_card":"summary_large_image","twitter_misc":{"Est. reading time":"4 minutes"},"schema":{"@context":"https:\/\/schema.org","@graph":[{"@type":"WebPage","@id":"https:\/\/iai.int\/en\/step-fellowship\/step-news\/","url":"https:\/\/iai.int\/en\/step-fellowship\/step-news\/","name":"Cohorte Programa STeP 2025\u20132027: Biodiversidad y Bioeconom\u00eda - IAI - Inter-American Institute for Global Change Research","isPartOf":{"@id":"https:\/\/iai.int\/en\/#website"},"primaryImageOfPage":{"@id":"https:\/\/iai.int\/en\/step-fellowship\/step-news\/#primaryimage"},"image":{"@id":"https:\/\/iai.int\/en\/step-fellowship\/step-news\/#primaryimage"},"thumbnailUrl":"https:\/\/iai.int\/wp-content\/uploads\/2025\/11\/NEW-New-STeP-Fellowship-Cohort.png","datePublished":"2025-11-13T21:00:30+00:00","dateModified":"2025-11-13T22:17:37+00:00","breadcrumb":{"@id":"https:\/\/iai.int\/en\/step-fellowship\/step-news\/#breadcrumb"},"inLanguage":"en-US","potentialAction":[{"@type":"ReadAction","target":["https:\/\/iai.int\/en\/step-fellowship\/step-news\/"]}]},{"@type":"ImageObject","inLanguage":"en-US","@id":"https:\/\/iai.int\/en\/step-fellowship\/step-news\/#primaryimage","url":"https:\/\/iai.int\/wp-content\/uploads\/2025\/11\/NEW-New-STeP-Fellowship-Cohort.png","contentUrl":"https:\/\/iai.int\/wp-content\/uploads\/2025\/11\/NEW-New-STeP-Fellowship-Cohort.png","width":1772,"height":551},{"@type":"BreadcrumbList","@id":"https:\/\/iai.int\/en\/step-fellowship\/step-news\/#breadcrumb","itemListElement":[{"@type":"ListItem","position":1,"name":"Portada","item":"https:\/\/iai.int\/en\/"},{"@type":"ListItem","position":2,"name":"STeP Fellowship","item":"https:\/\/iai.int\/en\/step-fellowship\/"},{"@type":"ListItem","position":3,"name":"Cohorte Programa STeP 2025\u20132027: Biodiversidad y Bioeconom\u00eda"}]},{"@type":"WebSite","@id":"https:\/\/iai.int\/en\/#website","url":"https:\/\/iai.int\/en\/","name":"IAI - Inter-American Institute for Global Change Research","description":"","publisher":{"@id":"https:\/\/iai.int\/en\/#organization"},"potentialAction":[{"@type":"SearchAction","target":{"@type":"EntryPoint","urlTemplate":"https:\/\/iai.int\/en\/?s={search_term_string}"},"query-input":{"@type":"PropertyValueSpecification","valueRequired":true,"valueName":"search_term_string"}}],"inLanguage":"en-US"},{"@type":"Organization","@id":"https:\/\/iai.int\/en\/#organization","name":"IAI - Inter-American Institute for Global Change Research","url":"https:\/\/iai.int\/en\/","logo":{"@type":"ImageObject","inLanguage":"en-US","@id":"https:\/\/iai.int\/en\/#\/schema\/logo\/image\/","url":"https:\/\/iai.int\/wp-content\/uploads\/2025\/11\/IAI-logo-English-scaled.png","contentUrl":"https:\/\/iai.int\/wp-content\/uploads\/2025\/11\/IAI-logo-English-scaled.png","width":2560,"height":985,"caption":"IAI - Inter-American Institute for Global Change Research"},"image":{"@id":"https:\/\/iai.int\/en\/#\/schema\/logo\/image\/"}}]}},"uagb_featured_image_src":{"full":["https:\/\/iai.int\/wp-content\/uploads\/2025\/11\/NEW-New-STeP-Fellowship-Cohort.png",1772,551,false],"thumbnail":["https:\/\/iai.int\/wp-content\/uploads\/2025\/11\/NEW-New-STeP-Fellowship-Cohort-150x150.png",150,150,true],"medium":["https:\/\/iai.int\/wp-content\/uploads\/2025\/11\/NEW-New-STeP-Fellowship-Cohort-300x93.png",300,93,true],"medium_large":["https:\/\/iai.int\/wp-content\/uploads\/2025\/11\/NEW-New-STeP-Fellowship-Cohort-768x239.png",768,239,true],"large":["https:\/\/iai.int\/wp-content\/uploads\/2025\/11\/NEW-New-STeP-Fellowship-Cohort-1024x318.png",800,248,true],"1536x1536":["https:\/\/iai.int\/wp-content\/uploads\/2025\/11\/NEW-New-STeP-Fellowship-Cohort-1536x478.png",1536,478,true],"2048x2048":["https:\/\/iai.int\/wp-content\/uploads\/2025\/11\/NEW-New-STeP-Fellowship-Cohort.png",1772,551,false]},"uagb_author_info":{"display_name":"IAI Communication","author_link":"https:\/\/iai.int\/en\/author\/iai-communication\/"},"uagb_comment_info":0,"uagb_excerpt":"Lanzamiento: 13 de noviembre de 2025Enfoque tem\u00e1tico: Biodiversidad y Bioeconom\u00edaPa\u00edses representados: Argentina, Colombia, Panam\u00e1, Estados UnidosNo. of fellows: 7Host institutions: 7 El Programa de Fellowship Science, Technology and Policy (STeP) del IAI forma a profesionales en etapas iniciales y medias de carrera para trabajar en la intersecci\u00f3n entre ciencia y pol\u00edticas p\u00fablicas. La cohorte 2025\u20132027&hellip;","_links":{"self":[{"href":"https:\/\/iai.int\/en\/wp-json\/wp\/v2\/pages\/11302","targetHints":{"allow":["GET"]}}],"collection":[{"href":"https:\/\/iai.int\/en\/wp-json\/wp\/v2\/pages"}],"about":[{"href":"https:\/\/iai.int\/en\/wp-json\/wp\/v2\/types\/page"}],"author":[{"embeddable":true,"href":"https:\/\/iai.int\/en\/wp-json\/wp\/v2\/users\/9"}],"replies":[{"embeddable":true,"href":"https:\/\/iai.int\/en\/wp-json\/wp\/v2\/comments?post=11302"}],"version-history":[{"count":15,"href":"https:\/\/iai.int\/en\/wp-json\/wp\/v2\/pages\/11302\/revisions"}],"predecessor-version":[{"id":11335,"href":"https:\/\/iai.int\/en\/wp-json\/wp\/v2\/pages\/11302\/revisions\/11335"}],"up":[{"embeddable":true,"href":"https:\/\/iai.int\/en\/wp-json\/wp\/v2\/pages\/1733"}],"wp:featuredmedia":[{"embeddable":true,"href":"https:\/\/iai.int\/en\/wp-json\/wp\/v2\/media\/11306"}],"wp:attachment":[{"href":"https:\/\/iai.int\/en\/wp-json\/wp\/v2\/media?parent=11302"}],"curies":[{"name":"wp","href":"https:\/\/api.w.org\/{rel}","templated":true}]}}