{"id":10342,"date":"2025-10-31T21:21:45","date_gmt":"2025-11-01T02:21:45","guid":{"rendered":"https:\/\/iai.int\/centro-de-diplomacia-cientifica\/sdc-publicaciones\/"},"modified":"2026-01-15T12:47:27","modified_gmt":"2026-01-15T17:47:27","slug":"sdc-publicaciones","status":"publish","type":"page","link":"https:\/\/iai.int\/en\/centro-de-diplomacia-cientifica\/sdc-publicaciones\/","title":{"rendered":"SDC: Publications"},"content":{"rendered":"\n<h2 class=\"wp-block-heading\"><strong>Recommendations for the Conservation of Estuaries and Restoration of Mangroves in Central and South America<\/strong><\/h2>\n\n\n\n<p>Edgardo D\u00edaz-Ferguson, Luisa F. Echeverria-King, Branislav Pantovi\u0107, Johanna Segovia, Yani Aranguren, Ernesto Brugnoli, Pablo Muniz, Andrea Weiler, Eric Flores de Gracia, \u00c1lvaro Morales Ram\u00edrez, Eloisa Lasso, Joel S\u00e1nchez-Gallego, Karly Urriola-Garcia, Rodrigo Sant Ana, Sof\u00eda Zapata, Andrea Cancela da Cruz, Anabella V\u00e1squez F\u00e1brega, Claudia Alarc\u00f3n-L\u00f3pez, Marcella Ohira<\/p>\n\n\n\n<div class=\"wp-block-media-text is-stacked-on-mobile\" style=\"grid-template-columns:35% auto\"><figure class=\"wp-block-media-text__media\"><img fetchpriority=\"high\" decoding=\"async\" width=\"791\" height=\"1024\" src=\"http:\/\/iai.int\/wp-content\/uploads\/2025\/01\/EN-1-791x1024.png\" alt=\"\" class=\"wp-image-13523 size-full\" srcset=\"https:\/\/iai.int\/wp-content\/uploads\/2025\/01\/EN-1-791x1024.png 791w, https:\/\/iai.int\/wp-content\/uploads\/2025\/01\/EN-1-232x300.png 232w, https:\/\/iai.int\/wp-content\/uploads\/2025\/01\/EN-1-768x994.png 768w, https:\/\/iai.int\/wp-content\/uploads\/2025\/01\/EN-1-1187x1536.png 1187w, https:\/\/iai.int\/wp-content\/uploads\/2025\/01\/EN-1.png 1545w\" sizes=\"(max-width: 791px) 100vw, 791px\" \/><\/figure><div class=\"wp-block-media-text__content\">\n<p><br>This white paper highlights the critical importance of estuaries and mangroves in Central and South America, emphasizing their role in biodiversity, climate regulation, and coastal protection. These ecosystems, which are essential for carbon capture and climate change mitigation, face threats such as climate change, pollution, and urbanization. <\/p>\n\n\n\n<p>Based on a science diplomacy workshop held in Panama in 2024, recommendations are offered for public policies focused on the conservation and restoration of these habitats. It proposes implementing programs for conservation, biodiversity monitoring, water management, pollution reduction, and protection of vulnerable species. <\/p>\n\n\n\n<p>In addition, it highlights the need for sustainable activities, investment in research, public education, and inclusive governance, as well as cross-border cooperation and the active participation of local communities.<\/p>\n\n\n\n<p><strong>Download the document <\/strong><a href=\"https:\/\/iai.int\/en\/reportes\/recommendations-for-theconservation-of-estuaries-and-restoration-of-mangroves-in-central-and-south-america\/\"><strong>here<\/strong><\/a><\/p>\n<\/div><\/div>\n\n\n\n<div style=\"height:35px\" aria-hidden=\"true\" class=\"wp-block-spacer\"><\/div>\n\n\n\n<h2 class=\"wp-block-heading\"><strong>Recommendations for a science diplomacy strategy for the safeguarding of the Amazon<\/strong><\/h2>\n\n\n\n<p>Julian Prieto, Luz Milbeth Cumba Garcia, Luisa F. Echeverr\u00eda-King, Claudia Alarc\u00f3n-L\u00f3pez, Susan Benavides<\/p>\n\n\n\n<div class=\"wp-block-media-text is-stacked-on-mobile\" style=\"grid-template-columns:35% auto\"><figure class=\"wp-block-media-text__media\"><img decoding=\"async\" width=\"724\" height=\"1024\" src=\"http:\/\/iai.int\/wp-content\/uploads\/2026\/01\/EN-DIPLO-724x1024.png\" alt=\"\" class=\"wp-image-13492 size-full\" srcset=\"https:\/\/iai.int\/wp-content\/uploads\/2026\/01\/EN-DIPLO-724x1024.png 724w, https:\/\/iai.int\/wp-content\/uploads\/2026\/01\/EN-DIPLO-212x300.png 212w, https:\/\/iai.int\/wp-content\/uploads\/2026\/01\/EN-DIPLO-768x1086.png 768w, https:\/\/iai.int\/wp-content\/uploads\/2026\/01\/EN-DIPLO-1086x1536.png 1086w, https:\/\/iai.int\/wp-content\/uploads\/2026\/01\/EN-DIPLO.png 1414w\" sizes=\"(max-width: 724px) 100vw, 724px\" \/><\/figure><div class=\"wp-block-media-text__content\">\n<p>The present white paper outlines a comprehensive strategy for the conservation of the Amazon through science diplomacy and innovation diplomacy. It addresses the critical situation of this vital region, highlighting its ecological and cultural importance. <\/p>\n\n\n\n<p>This document is the result of a methodology based on two participatory processes, the first being a collaborative exercise within the Sustainability Research and Innovation Congress (SRI) and the second a focus group with experts in scientific diplomacy from Latin America, along with literature analysis. <\/p>\n\n\n\n<p>As a result, they propose a series of practical and feasible recommendations grouped into four categories: 1) transboundary cooperation, 2) strengthening a joint monitoring platform, 3) establishing a Science-Policy Hub, and 4) capacity development.<\/p>\n\n\n\n<p><strong>Download the document <\/strong><a href=\"https:\/\/iai.int\/en\/reportes\/recommendations-for-a-science-diplomacy-strategy-for-the-safeguarding-of-the-amazon\/\"><strong>here<\/strong><\/a><\/p>\n<\/div><\/div>\n\n\n\n<div style=\"height:35px\" aria-hidden=\"true\" class=\"wp-block-spacer\"><\/div>\n\n\n\n<h2 class=\"wp-block-heading\"><strong>Science Diplomacy and Global Environmental Change in Latin America and the Caribbean<\/strong><\/h2>\n\n\n\n<div class=\"wp-block-media-text is-stacked-on-mobile\" style=\"grid-template-columns:35% auto\"><figure class=\"wp-block-media-text__media\"><img decoding=\"async\" width=\"682\" height=\"1024\" src=\"http:\/\/iai.int\/wp-content\/uploads\/2026\/01\/IAI_SciDip_CaseStudiesBooklet_Complete_FV-1_page-0001-682x1024.jpg\" alt=\"\" class=\"wp-image-13493 size-full\" srcset=\"https:\/\/iai.int\/wp-content\/uploads\/2026\/01\/IAI_SciDip_CaseStudiesBooklet_Complete_FV-1_page-0001-682x1024.jpg 682w, https:\/\/iai.int\/wp-content\/uploads\/2026\/01\/IAI_SciDip_CaseStudiesBooklet_Complete_FV-1_page-0001-200x300.jpg 200w, https:\/\/iai.int\/wp-content\/uploads\/2026\/01\/IAI_SciDip_CaseStudiesBooklet_Complete_FV-1_page-0001-768x1152.jpg 768w, https:\/\/iai.int\/wp-content\/uploads\/2026\/01\/IAI_SciDip_CaseStudiesBooklet_Complete_FV-1_page-0001.jpg 945w\" sizes=\"(max-width: 682px) 100vw, 682px\" \/><\/figure><div class=\"wp-block-media-text__content\">\n<p>This publication is the result of a collaboration between the Inter-American Institute for Global Change Research (IAI) and the Center for Studies in International Negotiations (CAENI) at the University of S\u00e3o Paulo, and a training material of the IAI\u2019s Science Diplomacy Center. The book brings together 17 pioneering case studies that illustrate how science diplomacy can address urgent socio-environmental challenges in Latin America and the Caribbean.&nbsp;&nbsp;<\/p>\n\n\n\n<p>The editorial coordination was led by Marcella Ohira, Director of the Science Diplomacy Center. The research team is based at the University of S\u00e3o Paulo and includes Am\u00e2ncio Jorge de Oliveira, Janina Onuki, Gabriela Ferreira, Rodrigo Lyra, Romeu Bonk, Andr\u00e9 Bafti, and Fl\u00e1via Loss.&nbsp;&nbsp;<\/p>\n\n\n\n<p><strong>Download the document <\/strong><a href=\"https:\/\/iai.int\/en\/science-diplomacy-and-global-environmental-change-in-latin-america-and-the-caribbean-2\/\" data-type=\"link\" data-id=\"https:\/\/iai.int\/en\/science-diplomacy-and-global-environmental-change-in-latin-america-and-the-caribbean-2\/\"><strong>here<\/strong><\/a><\/p>\n<\/div><\/div>\n\n\n\n<div style=\"height:64px\" aria-hidden=\"true\" class=\"wp-block-spacer\"><\/div>\n","protected":false},"excerpt":{"rendered":"<p>Recommendations for the Conservation of Estuaries and Restoration of Mangroves in Central and South America Edgardo D\u00edaz-Ferguson, Luisa F. Echeverria-King, Branislav Pantovi\u0107, Johanna Segovia, Yani Aranguren, Ernesto Brugnoli, Pablo Muniz, Andrea Weiler, Eric Flores de Gracia, \u00c1lvaro Morales Ram\u00edrez, Eloisa Lasso, Joel S\u00e1nchez-Gallego, Karly Urriola-Garcia, Rodrigo Sant Ana, Sof\u00eda Zapata, Andrea Cancela da Cruz, Anabella [&hellip;]<\/p>\n","protected":false},"author":1,"featured_media":10982,"parent":1734,"menu_order":0,"comment_status":"closed","ping_status":"closed","template":"","meta":{"_acf_changed":false,"_uag_custom_page_level_css":"","footnotes":""},"class_list":["post-10342","page","type-page","status-publish","has-post-thumbnail","hentry"],"acf":[],"yoast_head":"<!-- This site is optimized with the Yoast SEO plugin v27.3 - https:\/\/yoast.com\/product\/yoast-seo-wordpress\/ -->\n<title>SDC: Publications - IAI - Inter-American Institute for Global Change Research<\/title>\n<meta name=\"robots\" content=\"index, follow, max-snippet:-1, max-image-preview:large, max-video-preview:-1\" \/>\n<link rel=\"canonical\" href=\"https:\/\/iai.int\/en\/centro-de-diplomacia-cientifica\/sdc-publicaciones\/\" \/>\n<meta property=\"og:locale\" content=\"en_US\" \/>\n<meta property=\"og:type\" content=\"article\" \/>\n<meta property=\"og:title\" content=\"SDC: Publications - IAI - Inter-American Institute for Global Change Research\" \/>\n<meta property=\"og:description\" content=\"Recommendations for the Conservation of Estuaries and Restoration of Mangroves in Central and South America Edgardo D\u00edaz-Ferguson, Luisa F. Echeverria-King, Branislav Pantovi\u0107, Johanna Segovia, Yani Aranguren, Ernesto Brugnoli, Pablo Muniz, Andrea Weiler, Eric Flores de Gracia, \u00c1lvaro Morales Ram\u00edrez, Eloisa Lasso, Joel S\u00e1nchez-Gallego, Karly Urriola-Garcia, Rodrigo Sant Ana, Sof\u00eda Zapata, Andrea Cancela da Cruz, Anabella [&hellip;]\" \/>\n<meta property=\"og:url\" content=\"https:\/\/iai.int\/en\/centro-de-diplomacia-cientifica\/sdc-publicaciones\/\" \/>\n<meta property=\"og:site_name\" content=\"IAI - Inter-American Institute for Global Change Research\" \/>\n<meta property=\"article:modified_time\" content=\"2026-01-15T17:47:27+00:00\" \/>\n<meta property=\"og:image\" content=\"https:\/\/iai.int\/wp-content\/uploads\/2025\/11\/SDC-16.png\" \/>\n\t<meta property=\"og:image:width\" content=\"1772\" \/>\n\t<meta property=\"og:image:height\" content=\"551\" \/>\n\t<meta property=\"og:image:type\" content=\"image\/png\" \/>\n<meta name=\"twitter:card\" content=\"summary_large_image\" \/>\n<meta name=\"twitter:label1\" content=\"Est. reading time\" \/>\n\t<meta name=\"twitter:data1\" content=\"2 minutes\" \/>\n<script type=\"application\/ld+json\" class=\"yoast-schema-graph\">{\"@context\":\"https:\\\/\\\/schema.org\",\"@graph\":[{\"@type\":\"WebPage\",\"@id\":\"https:\\\/\\\/iai.int\\\/en\\\/centro-de-diplomacia-cientifica\\\/sdc-publicaciones\\\/\",\"url\":\"https:\\\/\\\/iai.int\\\/en\\\/centro-de-diplomacia-cientifica\\\/sdc-publicaciones\\\/\",\"name\":\"SDC: Publications - IAI - Inter-American Institute for Global Change Research\",\"isPartOf\":{\"@id\":\"https:\\\/\\\/iai.int\\\/en\\\/#website\"},\"primaryImageOfPage\":{\"@id\":\"https:\\\/\\\/iai.int\\\/en\\\/centro-de-diplomacia-cientifica\\\/sdc-publicaciones\\\/#primaryimage\"},\"image\":{\"@id\":\"https:\\\/\\\/iai.int\\\/en\\\/centro-de-diplomacia-cientifica\\\/sdc-publicaciones\\\/#primaryimage\"},\"thumbnailUrl\":\"https:\\\/\\\/iai.int\\\/wp-content\\\/uploads\\\/2025\\\/11\\\/SDC-16.png\",\"datePublished\":\"2025-11-01T02:21:45+00:00\",\"dateModified\":\"2026-01-15T17:47:27+00:00\",\"breadcrumb\":{\"@id\":\"https:\\\/\\\/iai.int\\\/en\\\/centro-de-diplomacia-cientifica\\\/sdc-publicaciones\\\/#breadcrumb\"},\"inLanguage\":\"en-US\",\"potentialAction\":[{\"@type\":\"ReadAction\",\"target\":[\"https:\\\/\\\/iai.int\\\/en\\\/centro-de-diplomacia-cientifica\\\/sdc-publicaciones\\\/\"]}]},{\"@type\":\"ImageObject\",\"inLanguage\":\"en-US\",\"@id\":\"https:\\\/\\\/iai.int\\\/en\\\/centro-de-diplomacia-cientifica\\\/sdc-publicaciones\\\/#primaryimage\",\"url\":\"https:\\\/\\\/iai.int\\\/wp-content\\\/uploads\\\/2025\\\/11\\\/SDC-16.png\",\"contentUrl\":\"https:\\\/\\\/iai.int\\\/wp-content\\\/uploads\\\/2025\\\/11\\\/SDC-16.png\",\"width\":1772,\"height\":551},{\"@type\":\"BreadcrumbList\",\"@id\":\"https:\\\/\\\/iai.int\\\/en\\\/centro-de-diplomacia-cientifica\\\/sdc-publicaciones\\\/#breadcrumb\",\"itemListElement\":[{\"@type\":\"ListItem\",\"position\":1,\"name\":\"Portada\",\"item\":\"https:\\\/\\\/iai.int\\\/en\\\/\"},{\"@type\":\"ListItem\",\"position\":2,\"name\":\"Science Diplomacy Center\",\"item\":\"https:\\\/\\\/iai.int\\\/en\\\/centro-de-diplomacia-cientifica\\\/\"},{\"@type\":\"ListItem\",\"position\":3,\"name\":\"SDC: Publications\"}]},{\"@type\":\"WebSite\",\"@id\":\"https:\\\/\\\/iai.int\\\/en\\\/#website\",\"url\":\"https:\\\/\\\/iai.int\\\/en\\\/\",\"name\":\"IAI - Inter-American Institute for Global Change Research\",\"description\":\"\",\"publisher\":{\"@id\":\"https:\\\/\\\/iai.int\\\/en\\\/#organization\"},\"potentialAction\":[{\"@type\":\"SearchAction\",\"target\":{\"@type\":\"EntryPoint\",\"urlTemplate\":\"https:\\\/\\\/iai.int\\\/en\\\/?s={search_term_string}\"},\"query-input\":{\"@type\":\"PropertyValueSpecification\",\"valueRequired\":true,\"valueName\":\"search_term_string\"}}],\"inLanguage\":\"en-US\"},{\"@type\":\"Organization\",\"@id\":\"https:\\\/\\\/iai.int\\\/en\\\/#organization\",\"name\":\"IAI - Inter-American Institute for Global Change Research\",\"url\":\"https:\\\/\\\/iai.int\\\/en\\\/\",\"logo\":{\"@type\":\"ImageObject\",\"inLanguage\":\"en-US\",\"@id\":\"https:\\\/\\\/iai.int\\\/en\\\/#\\\/schema\\\/logo\\\/image\\\/\",\"url\":\"https:\\\/\\\/iai.int\\\/wp-content\\\/uploads\\\/2025\\\/11\\\/IAI-logo-English-scaled.png\",\"contentUrl\":\"https:\\\/\\\/iai.int\\\/wp-content\\\/uploads\\\/2025\\\/11\\\/IAI-logo-English-scaled.png\",\"width\":2560,\"height\":985,\"caption\":\"IAI - Inter-American Institute for Global Change Research\"},\"image\":{\"@id\":\"https:\\\/\\\/iai.int\\\/en\\\/#\\\/schema\\\/logo\\\/image\\\/\"}}]}<\/script>\n<!-- \/ Yoast SEO plugin. -->","yoast_head_json":{"title":"SDC: Publications - IAI - Inter-American Institute for Global Change Research","robots":{"index":"index","follow":"follow","max-snippet":"max-snippet:-1","max-image-preview":"max-image-preview:large","max-video-preview":"max-video-preview:-1"},"canonical":"https:\/\/iai.int\/en\/centro-de-diplomacia-cientifica\/sdc-publicaciones\/","og_locale":"en_US","og_type":"article","og_title":"SDC: Publications - IAI - Inter-American Institute for Global Change Research","og_description":"Recommendations for the Conservation of Estuaries and Restoration of Mangroves in Central and South America Edgardo D\u00edaz-Ferguson, Luisa F. Echeverria-King, Branislav Pantovi\u0107, Johanna Segovia, Yani Aranguren, Ernesto Brugnoli, Pablo Muniz, Andrea Weiler, Eric Flores de Gracia, \u00c1lvaro Morales Ram\u00edrez, Eloisa Lasso, Joel S\u00e1nchez-Gallego, Karly Urriola-Garcia, Rodrigo Sant Ana, Sof\u00eda Zapata, Andrea Cancela da Cruz, Anabella [&hellip;]","og_url":"https:\/\/iai.int\/en\/centro-de-diplomacia-cientifica\/sdc-publicaciones\/","og_site_name":"IAI - Inter-American Institute for Global Change Research","article_modified_time":"2026-01-15T17:47:27+00:00","og_image":[{"width":1772,"height":551,"url":"https:\/\/iai.int\/wp-content\/uploads\/2025\/11\/SDC-16.png","type":"image\/png"}],"twitter_card":"summary_large_image","twitter_misc":{"Est. reading time":"2 minutes"},"schema":{"@context":"https:\/\/schema.org","@graph":[{"@type":"WebPage","@id":"https:\/\/iai.int\/en\/centro-de-diplomacia-cientifica\/sdc-publicaciones\/","url":"https:\/\/iai.int\/en\/centro-de-diplomacia-cientifica\/sdc-publicaciones\/","name":"SDC: Publications - IAI - Inter-American Institute for Global Change Research","isPartOf":{"@id":"https:\/\/iai.int\/en\/#website"},"primaryImageOfPage":{"@id":"https:\/\/iai.int\/en\/centro-de-diplomacia-cientifica\/sdc-publicaciones\/#primaryimage"},"image":{"@id":"https:\/\/iai.int\/en\/centro-de-diplomacia-cientifica\/sdc-publicaciones\/#primaryimage"},"thumbnailUrl":"https:\/\/iai.int\/wp-content\/uploads\/2025\/11\/SDC-16.png","datePublished":"2025-11-01T02:21:45+00:00","dateModified":"2026-01-15T17:47:27+00:00","breadcrumb":{"@id":"https:\/\/iai.int\/en\/centro-de-diplomacia-cientifica\/sdc-publicaciones\/#breadcrumb"},"inLanguage":"en-US","potentialAction":[{"@type":"ReadAction","target":["https:\/\/iai.int\/en\/centro-de-diplomacia-cientifica\/sdc-publicaciones\/"]}]},{"@type":"ImageObject","inLanguage":"en-US","@id":"https:\/\/iai.int\/en\/centro-de-diplomacia-cientifica\/sdc-publicaciones\/#primaryimage","url":"https:\/\/iai.int\/wp-content\/uploads\/2025\/11\/SDC-16.png","contentUrl":"https:\/\/iai.int\/wp-content\/uploads\/2025\/11\/SDC-16.png","width":1772,"height":551},{"@type":"BreadcrumbList","@id":"https:\/\/iai.int\/en\/centro-de-diplomacia-cientifica\/sdc-publicaciones\/#breadcrumb","itemListElement":[{"@type":"ListItem","position":1,"name":"Portada","item":"https:\/\/iai.int\/en\/"},{"@type":"ListItem","position":2,"name":"Science Diplomacy Center","item":"https:\/\/iai.int\/en\/centro-de-diplomacia-cientifica\/"},{"@type":"ListItem","position":3,"name":"SDC: Publications"}]},{"@type":"WebSite","@id":"https:\/\/iai.int\/en\/#website","url":"https:\/\/iai.int\/en\/","name":"IAI - Inter-American Institute for Global Change Research","description":"","publisher":{"@id":"https:\/\/iai.int\/en\/#organization"},"potentialAction":[{"@type":"SearchAction","target":{"@type":"EntryPoint","urlTemplate":"https:\/\/iai.int\/en\/?s={search_term_string}"},"query-input":{"@type":"PropertyValueSpecification","valueRequired":true,"valueName":"search_term_string"}}],"inLanguage":"en-US"},{"@type":"Organization","@id":"https:\/\/iai.int\/en\/#organization","name":"IAI - Inter-American Institute for Global Change Research","url":"https:\/\/iai.int\/en\/","logo":{"@type":"ImageObject","inLanguage":"en-US","@id":"https:\/\/iai.int\/en\/#\/schema\/logo\/image\/","url":"https:\/\/iai.int\/wp-content\/uploads\/2025\/11\/IAI-logo-English-scaled.png","contentUrl":"https:\/\/iai.int\/wp-content\/uploads\/2025\/11\/IAI-logo-English-scaled.png","width":2560,"height":985,"caption":"IAI - Inter-American Institute for Global Change Research"},"image":{"@id":"https:\/\/iai.int\/en\/#\/schema\/logo\/image\/"}}]}},"uagb_featured_image_src":{"full":["https:\/\/iai.int\/wp-content\/uploads\/2025\/11\/SDC-16.png",1772,551,false],"thumbnail":["https:\/\/iai.int\/wp-content\/uploads\/2025\/11\/SDC-16-150x150.png",150,150,true],"medium":["https:\/\/iai.int\/wp-content\/uploads\/2025\/11\/SDC-16-300x93.png",300,93,true],"medium_large":["https:\/\/iai.int\/wp-content\/uploads\/2025\/11\/SDC-16-768x239.png",768,239,true],"large":["https:\/\/iai.int\/wp-content\/uploads\/2025\/11\/SDC-16-1024x318.png",800,248,true],"1536x1536":["https:\/\/iai.int\/wp-content\/uploads\/2025\/11\/SDC-16-1536x478.png",1536,478,true],"2048x2048":["https:\/\/iai.int\/wp-content\/uploads\/2025\/11\/SDC-16.png",1772,551,false]},"uagb_author_info":{"display_name":"admin","author_link":"https:\/\/iai.int\/en\/author\/admin\/"},"uagb_comment_info":0,"uagb_excerpt":"Recommendations for the Conservation of Estuaries and Restoration of Mangroves in Central and South America Edgardo D\u00edaz-Ferguson, Luisa F. Echeverria-King, Branislav Pantovi\u0107, Johanna Segovia, Yani Aranguren, Ernesto Brugnoli, Pablo Muniz, Andrea Weiler, Eric Flores de Gracia, \u00c1lvaro Morales Ram\u00edrez, Eloisa Lasso, Joel S\u00e1nchez-Gallego, Karly Urriola-Garcia, Rodrigo Sant Ana, Sof\u00eda Zapata, Andrea Cancela da Cruz, Anabella&hellip;","_links":{"self":[{"href":"https:\/\/iai.int\/en\/wp-json\/wp\/v2\/pages\/10342","targetHints":{"allow":["GET"]}}],"collection":[{"href":"https:\/\/iai.int\/en\/wp-json\/wp\/v2\/pages"}],"about":[{"href":"https:\/\/iai.int\/en\/wp-json\/wp\/v2\/types\/page"}],"author":[{"embeddable":true,"href":"https:\/\/iai.int\/en\/wp-json\/wp\/v2\/users\/1"}],"replies":[{"embeddable":true,"href":"https:\/\/iai.int\/en\/wp-json\/wp\/v2\/comments?post=10342"}],"version-history":[{"count":11,"href":"https:\/\/iai.int\/en\/wp-json\/wp\/v2\/pages\/10342\/revisions"}],"predecessor-version":[{"id":13647,"href":"https:\/\/iai.int\/en\/wp-json\/wp\/v2\/pages\/10342\/revisions\/13647"}],"up":[{"embeddable":true,"href":"https:\/\/iai.int\/en\/wp-json\/wp\/v2\/pages\/1734"}],"wp:featuredmedia":[{"embeddable":true,"href":"https:\/\/iai.int\/en\/wp-json\/wp\/v2\/media\/10982"}],"wp:attachment":[{"href":"https:\/\/iai.int\/en\/wp-json\/wp\/v2\/media?parent=10342"}],"curies":[{"name":"wp","href":"https:\/\/api.w.org\/{rel}","templated":true}]}}